{"id":6780,"date":"2025-04-18T14:54:16","date_gmt":"2025-04-18T14:54:16","guid":{"rendered":"https:\/\/phipower.org\/?post_type=product&#038;p=6780"},"modified":"2026-04-16T14:17:31","modified_gmt":"2026-04-16T14:17:31","slug":"huevo-de-agravio-huevo-energetico-compacto-para-la-proteccion-personal-y-la-vitalizacion-kopie-kopie","status":"publish","type":"product","link":"https:\/\/phipower.org\/es\/producto\/huevo-de-agravio-huevo-energetico-compacto-para-la-proteccion-personal-y-la-vitalizacion-kopie-kopie\/","title":{"rendered":"Huevo Energ\u00e9tico Tierra Azul Peque\u00f1o &#8211; Purifica tu Campo Energ\u00e9tico y tus Espacios | Phipower"},"content":{"rendered":"<header>\n<h1>Huevo Energ\u00e9tico Tierra Azul &#8211; Peque\u00f1o<\/h1>\n<\/header>\n<section id=\"intro\">\n<p>Descubre el poder de la energ\u00eda vital pura con el <strong>Huevo Energ\u00e9tico Tierra Azul &#8211; Peque\u00f1o<\/strong>. Este huevo energ\u00e9tico compacto tiene un impresionante <strong>valor Bovis de unos 1.450.000 Bovis<\/strong>, lo que le permite emitir una energ\u00eda potente y armonizadora. El efecto puede sentirse en un radio de <strong>7 metros<\/strong>, con un alcance m\u00e1ximo de hasta <strong>60 metros<\/strong>. Perfecto para quienes desean purificar, proteger y reforzar energ\u00e9ticamente su espacio vital, de trabajo o de meditaci\u00f3n.   <\/p>\n<p>Consulta el informe de medici\u00f3n independiente al final de esta p\u00e1gina para obtener m\u00e1s informaci\u00f3n sobre el funcionamiento y la potencia del Huevo Energ\u00e9tico &#8211; Peque\u00f1o.<\/p>\n<\/section>\n<section id=\"wat-is-ei\">\n<h2>\u00bfQu\u00e9 es el Huevo Energ\u00e9tico de la Tierra Azul &#8211; Peque\u00f1o?<\/h2>\n<div class=\"features\">\n<ul>\n<li><strong>Material:<\/strong> Huevo de pato relleno de elixir energ\u00e9tico de la Tierra Azul.<\/li>\n<li><strong>El agua como portadora de informaci\u00f3n:<\/strong> El Elixir almacena alta energ\u00eda vital y la irradia continuamente.<\/li>\n<li><strong>Hecho a mano:<\/strong> Capa protectora de arcilla y lino, aplicada a mano.<\/li>\n<li>Soporte de <strong>madera incluido:<\/strong> elegante soporte de asiento incluido.<\/li>\n<\/ul>\n<p>El proceso artesanal conserva la alta frecuencia energ\u00e9tica durante mucho tiempo.<\/p>\n<\/p><\/div>\n<\/section>\n<section id=\"werking\">\n<h2>Funcionamiento del Huevo Energ\u00e9tico &#8211; Peque\u00f1o<\/h2>\n<div class=\"features\">\n<ul>\n<li>Aumenta la energ\u00eda vital natural<\/li>\n<li>Estimula la capacidad de autocuraci\u00f3n y el sistema inmunitario<\/li>\n<li>Neutraliza las radiaciones nocivas (por ejemplo, Wi-Fi y electrodom\u00e9sticos)<\/li>\n<li>Aumenta la energ\u00eda y la fluidez en los espacios de vida y de trabajo<\/li>\n<li>Te recuerda tu conciencia original<\/li>\n<li>Aporta calma, relajaci\u00f3n y armon\u00eda interior<\/li>\n<\/ul>\n<p>El agua -principal componente del Elixir- es un excelente portador de informaci\u00f3n. Gracias a nuestro tratamiento especial, su valor energ\u00e9tico se mantiene potente durante mucho tiempo. <\/p>\n<\/p><\/div>\n<\/section>\n<section id=\"variaties\">\n<h2>Variaciones dentro de la gama de productos Tierra Azul<\/h2>\n<table>\n<thead>\n<tr>\n<th>Producto<\/th>\n<th>Adecuado para<\/th>\n<th>Detalles<\/th>\n<\/tr>\n<\/thead>\n<tbody>\n<tr>\n<td>Huevo Energ\u00e9tico Tierra Azul &#8211; Peque\u00f1o<\/td>\n<td>Espacios peque\u00f1os, lugares de trabajo<\/td>\n<td>Campo de energ\u00eda compacto y potente de hasta 60 metros<\/td>\n<\/tr>\n<tr>\n<td>Huevo Energ\u00e9tico Tierra Azul &#8211; Grande<\/td>\n<td>Casas enteras, espacios grandes<\/td>\n<td>M\u00e1ximo rendimiento energ\u00e9tico hasta 66 metros<\/td>\n<\/tr>\n<tr>\n<td>Vita Tierra<\/td>\n<td>Agricultura y jardiner\u00eda<\/td>\n<td>Especialmente para la toma de tierra y la mejora del suelo<\/td>\n<\/tr>\n<tr>\n<td>Lumi&#8217;Sa<\/td>\n<td>Uso interior y exterior<\/td>\n<td>Extra robusto y vers\u00e1til<\/td>\n<\/tr>\n<tr>\n<td>Huevo de tortuga<\/td>\n<td>Uso personal, sobre la marcha<\/td>\n<td>Amplificaci\u00f3n port\u00e1til de energ\u00eda<\/td>\n<\/tr>\n<\/tbody>\n<\/table>\n<\/section>\n<section id=\"productieproces\">\n<h2>Proceso de producci\u00f3n<\/h2>\n<div class=\"process\">\n<ol>\n<li>Selecci\u00f3n y preparaci\u00f3n de aut\u00e9nticos huevos de pato.<\/li>\n<li>Rellena con nuestro Elixir de Tierra Azul especialmente tratado.<\/li>\n<li>Impermeabilizaci\u00f3n y m\u00faltiples capas de arcilla y lino.<\/li>\n<li>Reparaci\u00f3n manual de grietas naturales despu\u00e9s del secado.<\/li>\n<li>Capa exterior de cer\u00e1mica para mayor durabilidad.<\/li>\n<\/ol>\n<p>Debido a los materiales naturales y al trabajo manual, cada Huevo puede variar de color y forma, lo que hace que cada uno sea \u00fanico.<\/p>\n<\/p><\/div>\n<\/section>\n<section id=\"rapport\">\n<h2>Informe energ\u00e9tico independiente: V\u00f3rtice Vitalis<\/h2>\n<p>El poder energ\u00e9tico del Huevo Energ\u00e9tico de la Tierra Azul &#8211; Peque\u00f1o ha sido confirmado de forma independiente por Vortex Vitalis en su informe del <time datetime=\"2025-03-05\">5 de marzo de 2025<\/time>. <a href=\"https:\/\/drive.google.com\/file\/d\/19sbyBIXydYBayj6jLN4ZIYYFYiAMkgdA\/view?usp=sharing\" target=\"_blank\" rel=\"noopener\">Consulta el informe completo (PDF) para ver los resultados detallados de las mediciones aqu\u00ed<\/a>.<\/p>\n<\/section>\n<h2>Encarga tu Huevo energ\u00e9tico de la Tierra Azul &#8211; Peque\u00f1o<\/h2>\n<p>\u00bfQuieres purificar tu espacio vital, reforzar tu energ\u00eda personal y protegerte de las radiaciones? \u00a1Haz tu pedido ahora y experimenta a diario el poder del aumento de la energ\u00eda vital! <\/p>\n","protected":false},"excerpt":{"rendered":"<p>\u2714 Crea un potente campo energ\u00e9tico protector contra las influencias externas<br \/>\n\u2714 Mejora la concentraci\u00f3n, la atenci\u00f3n y la paz interior<br \/>\n\u2714 Favorece una conexi\u00f3n armoniosa entre el cuerpo, la mente y el entorno<br \/>\n\u2714 Tama\u00f1o compacto, ideal para casa, el trabajo o para llevar.<\/p>\n","protected":false},"featured_media":6798,"comment_status":"open","ping_status":"closed","template":"","meta":[],"product_brand":[],"product_cat":[954,951],"product_tag":[],"class_list":{"0":"post-6780","1":"product","2":"type-product","3":"status-publish","4":"has-post-thumbnail","6":"product_cat-frecuencias","7":"product_cat-productos","9":"first","10":"instock","11":"taxable","12":"shipping-taxable","13":"purchasable","14":"product-type-simple"},"yoast_head":"<!-- This site is optimized with the Yoast SEO Premium plugin v23.6 (Yoast SEO v27.2) - https:\/\/yoast.com\/product\/yoast-seo-premium-wordpress\/ -->\n<title>Huevo Energ\u00e9tico Tierra Azul Grande - Aumenta tu Energ\u00eda Vital | Phipower<\/title>\n<meta name=\"description\" content=\"Meta Descripci\u00f3n:Aumenta tu energ\u00eda vital y protege tu espacio con el Huevo Energ\u00e9tico Peque\u00f1o Tierra Azul. Compacto, potente y hecho a mano. \u00a1Ahora disponible en Phipower!\" \/>\n<meta name=\"robots\" content=\"index, follow, max-snippet:-1, max-image-preview:large, max-video-preview:-1\" \/>\n<link rel=\"canonical\" href=\"https:\/\/phipower.org\/es\/producto\/huevo-de-agravio-huevo-energetico-compacto-para-la-proteccion-personal-y-la-vitalizacion-kopie-kopie\/\" \/>\n<meta property=\"og:locale\" content=\"es_ES\" \/>\n<meta property=\"og:type\" content=\"article\" \/>\n<meta property=\"og:title\" content=\"Huevo Energ\u00e9tico Tierra Azul Peque\u00f1o - Purifica tu Campo Energ\u00e9tico y tus Espacios | Phipower\" \/>\n<meta property=\"og:description\" content=\"Meta Descripci\u00f3n:Aumenta tu energ\u00eda vital y protege tu espacio con el Huevo Energ\u00e9tico Peque\u00f1o Tierra Azul. Compacto, potente y hecho a mano. \u00a1Ahora disponible en Phipower!\" \/>\n<meta property=\"og:url\" content=\"https:\/\/phipower.org\/es\/producto\/huevo-de-agravio-huevo-energetico-compacto-para-la-proteccion-personal-y-la-vitalizacion-kopie-kopie\/\" \/>\n<meta property=\"og:site_name\" content=\"Phipower\" \/>\n<meta property=\"article:publisher\" content=\"https:\/\/www.facebook.com\/phipowertools\/\" \/>\n<meta property=\"article:modified_time\" content=\"2026-04-16T14:17:31+00:00\" \/>\n<meta property=\"og:image\" content=\"https:\/\/phipower.org\/wp-content\/uploads\/2018\/09\/photo-1-36-1.jpg\" \/>\n\t<meta property=\"og:image:width\" content=\"750\" \/>\n\t<meta property=\"og:image:height\" content=\"750\" \/>\n\t<meta property=\"og:image:type\" content=\"image\/jpeg\" \/>\n<meta name=\"twitter:card\" content=\"summary_large_image\" \/>\n<meta name=\"twitter:site\" content=\"@phipower1\" \/>\n<meta name=\"twitter:label1\" content=\"Precio\" \/>\n\t<meta name=\"twitter:data1\" content=\"&euro;196,00\" \/>\n\t<meta name=\"twitter:label2\" content=\"Disponibilidad\" \/>\n\t<meta name=\"twitter:data2\" content=\"Disponible\" \/>\n<script type=\"application\/ld+json\" class=\"yoast-schema-graph\">{\"@context\":\"https:\/\/schema.org\",\"@graph\":[{\"@type\":\"WebPage\",\"@id\":\"https:\/\/phipower.org\/es\/producto\/huevo-de-agravio-huevo-energetico-compacto-para-la-proteccion-personal-y-la-vitalizacion-kopie-kopie\/\",\"url\":\"https:\/\/phipower.org\/es\/producto\/huevo-de-agravio-huevo-energetico-compacto-para-la-proteccion-personal-y-la-vitalizacion-kopie-kopie\/\",\"name\":\"Huevo Energ\u00e9tico Tierra Azul Grande - Aumenta tu Energ\u00eda Vital | Phipower\",\"isPartOf\":{\"@id\":\"https:\/\/phipower.org\/es\/#website\"},\"primaryImageOfPage\":{\"@id\":\"https:\/\/phipower.org\/es\/producto\/huevo-de-agravio-huevo-energetico-compacto-para-la-proteccion-personal-y-la-vitalizacion-kopie-kopie\/#primaryimage\"},\"image\":{\"@id\":\"https:\/\/phipower.org\/es\/producto\/huevo-de-agravio-huevo-energetico-compacto-para-la-proteccion-personal-y-la-vitalizacion-kopie-kopie\/#primaryimage\"},\"thumbnailUrl\":\"https:\/\/phipower.org\/wp-content\/uploads\/2025\/04\/blue-earth-klein-energie-ei.jpg\",\"datePublished\":\"2025-04-18T14:54:16+00:00\",\"dateModified\":\"2026-04-16T14:17:31+00:00\",\"description\":\"Meta Descripci\u00f3n:Aumenta tu energ\u00eda vital y protege tu espacio con el Huevo Energ\u00e9tico Peque\u00f1o Tierra Azul. Compacto, potente y hecho a mano. \u00a1Ahora disponible en Phipower!\",\"breadcrumb\":{\"@id\":\"https:\/\/phipower.org\/es\/producto\/huevo-de-agravio-huevo-energetico-compacto-para-la-proteccion-personal-y-la-vitalizacion-kopie-kopie\/#breadcrumb\"},\"inLanguage\":\"es\",\"potentialAction\":[{\"@type\":\"ReadAction\",\"target\":[\"https:\/\/phipower.org\/es\/producto\/huevo-de-agravio-huevo-energetico-compacto-para-la-proteccion-personal-y-la-vitalizacion-kopie-kopie\/\"]}]},{\"@type\":\"ImageObject\",\"inLanguage\":\"es\",\"@id\":\"https:\/\/phipower.org\/es\/producto\/huevo-de-agravio-huevo-energetico-compacto-para-la-proteccion-personal-y-la-vitalizacion-kopie-kopie\/#primaryimage\",\"url\":\"https:\/\/phipower.org\/wp-content\/uploads\/2025\/04\/blue-earth-klein-energie-ei.jpg\",\"contentUrl\":\"https:\/\/phipower.org\/wp-content\/uploads\/2025\/04\/blue-earth-klein-energie-ei.jpg\",\"width\":600,\"height\":600},{\"@type\":\"BreadcrumbList\",\"@id\":\"https:\/\/phipower.org\/es\/producto\/huevo-de-agravio-huevo-energetico-compacto-para-la-proteccion-personal-y-la-vitalizacion-kopie-kopie\/#breadcrumb\",\"itemListElement\":[{\"@type\":\"ListItem\",\"position\":1,\"name\":\"Home\",\"item\":\"https:\/\/phipower.org\/es\/\"},{\"@type\":\"ListItem\",\"position\":2,\"name\":\"Shop\",\"item\":\"https:\/\/phipower.org\/shop\/\"},{\"@type\":\"ListItem\",\"position\":3,\"name\":\"Huevo Energ\u00e9tico Tierra Azul Peque\u00f1o &#8211; Purifica tu Campo Energ\u00e9tico y tus Espacios | Phipower\"}]},{\"@type\":\"WebSite\",\"@id\":\"https:\/\/phipower.org\/es\/#website\",\"url\":\"https:\/\/phipower.org\/es\/\",\"name\":\"Phipower: innovatieve gezondheidsproducten\",\"description\":\"innovatieve gezondheidsproducten\",\"publisher\":{\"@id\":\"https:\/\/phipower.org\/es\/#organization\"},\"potentialAction\":[{\"@type\":\"SearchAction\",\"target\":{\"@type\":\"EntryPoint\",\"urlTemplate\":\"https:\/\/phipower.org\/es\/?s={search_term_string}\"},\"query-input\":{\"@type\":\"PropertyValueSpecification\",\"valueRequired\":true,\"valueName\":\"search_term_string\"}}],\"inLanguage\":\"es\"},{\"@type\":\"Organization\",\"@id\":\"https:\/\/phipower.org\/es\/#organization\",\"name\":\"Phipower\",\"url\":\"https:\/\/phipower.org\/es\/\",\"logo\":{\"@type\":\"ImageObject\",\"inLanguage\":\"es\",\"@id\":\"https:\/\/phipower.org\/es\/#\/schema\/logo\/image\/\",\"url\":\"https:\/\/phipower.org\/wp-content\/uploads\/2019\/06\/z-logo-RGB-wit-power.png\",\"contentUrl\":\"https:\/\/phipower.org\/wp-content\/uploads\/2019\/06\/z-logo-RGB-wit-power.png\",\"width\":3273,\"height\":1389,\"caption\":\"Phipower\"},\"image\":{\"@id\":\"https:\/\/phipower.org\/es\/#\/schema\/logo\/image\/\"},\"sameAs\":[\"https:\/\/www.facebook.com\/phipowertools\/\",\"https:\/\/x.com\/phipower1\",\"https:\/\/www.tiktok.com\/@phipowerhealth\"]}]}<\/script>\n<meta property=\"product:price:amount\" content=\"196.00\" \/>\n<meta property=\"product:price:currency\" content=\"EUR\" \/>\n<meta property=\"og:availability\" content=\"instock\" \/>\n<meta property=\"product:availability\" content=\"instock\" \/>\n<meta property=\"product:retailer_item_id\" content=\"7806140071701\" \/>\n<meta property=\"product:condition\" content=\"new\" \/>\n<!-- \/ Yoast SEO Premium plugin. -->","yoast_head_json":{"title":"Huevo Energ\u00e9tico Tierra Azul Grande - Aumenta tu Energ\u00eda Vital | Phipower","description":"Meta Descripci\u00f3n:Aumenta tu energ\u00eda vital y protege tu espacio con el Huevo Energ\u00e9tico Peque\u00f1o Tierra Azul. Compacto, potente y hecho a mano. \u00a1Ahora disponible en Phipower!","robots":{"index":"index","follow":"follow","max-snippet":"max-snippet:-1","max-image-preview":"max-image-preview:large","max-video-preview":"max-video-preview:-1"},"canonical":"https:\/\/phipower.org\/es\/producto\/huevo-de-agravio-huevo-energetico-compacto-para-la-proteccion-personal-y-la-vitalizacion-kopie-kopie\/","og_locale":"es_ES","og_type":"article","og_title":"Huevo Energ\u00e9tico Tierra Azul Peque\u00f1o - Purifica tu Campo Energ\u00e9tico y tus Espacios | Phipower","og_description":"Meta Descripci\u00f3n:Aumenta tu energ\u00eda vital y protege tu espacio con el Huevo Energ\u00e9tico Peque\u00f1o Tierra Azul. Compacto, potente y hecho a mano. \u00a1Ahora disponible en Phipower!","og_url":"https:\/\/phipower.org\/es\/producto\/huevo-de-agravio-huevo-energetico-compacto-para-la-proteccion-personal-y-la-vitalizacion-kopie-kopie\/","og_site_name":"Phipower","article_publisher":"https:\/\/www.facebook.com\/phipowertools\/","article_modified_time":"2026-04-16T14:17:31+00:00","og_image":[{"width":750,"height":750,"url":"https:\/\/phipower.org\/wp-content\/uploads\/2018\/09\/photo-1-36-1.jpg","type":"image\/jpeg"}],"twitter_card":"summary_large_image","twitter_site":"@phipower1","twitter_misc":{"Precio":"&euro;196,00","Disponibilidad":"Disponible"},"schema":{"@context":"https:\/\/schema.org","@graph":[{"@type":"WebPage","@id":"https:\/\/phipower.org\/es\/producto\/huevo-de-agravio-huevo-energetico-compacto-para-la-proteccion-personal-y-la-vitalizacion-kopie-kopie\/","url":"https:\/\/phipower.org\/es\/producto\/huevo-de-agravio-huevo-energetico-compacto-para-la-proteccion-personal-y-la-vitalizacion-kopie-kopie\/","name":"Huevo Energ\u00e9tico Tierra Azul Grande - Aumenta tu Energ\u00eda Vital | Phipower","isPartOf":{"@id":"https:\/\/phipower.org\/es\/#website"},"primaryImageOfPage":{"@id":"https:\/\/phipower.org\/es\/producto\/huevo-de-agravio-huevo-energetico-compacto-para-la-proteccion-personal-y-la-vitalizacion-kopie-kopie\/#primaryimage"},"image":{"@id":"https:\/\/phipower.org\/es\/producto\/huevo-de-agravio-huevo-energetico-compacto-para-la-proteccion-personal-y-la-vitalizacion-kopie-kopie\/#primaryimage"},"thumbnailUrl":"https:\/\/phipower.org\/wp-content\/uploads\/2025\/04\/blue-earth-klein-energie-ei.jpg","datePublished":"2025-04-18T14:54:16+00:00","dateModified":"2026-04-16T14:17:31+00:00","description":"Meta Descripci\u00f3n:Aumenta tu energ\u00eda vital y protege tu espacio con el Huevo Energ\u00e9tico Peque\u00f1o Tierra Azul. Compacto, potente y hecho a mano. \u00a1Ahora disponible en Phipower!","breadcrumb":{"@id":"https:\/\/phipower.org\/es\/producto\/huevo-de-agravio-huevo-energetico-compacto-para-la-proteccion-personal-y-la-vitalizacion-kopie-kopie\/#breadcrumb"},"inLanguage":"es","potentialAction":[{"@type":"ReadAction","target":["https:\/\/phipower.org\/es\/producto\/huevo-de-agravio-huevo-energetico-compacto-para-la-proteccion-personal-y-la-vitalizacion-kopie-kopie\/"]}]},{"@type":"ImageObject","inLanguage":"es","@id":"https:\/\/phipower.org\/es\/producto\/huevo-de-agravio-huevo-energetico-compacto-para-la-proteccion-personal-y-la-vitalizacion-kopie-kopie\/#primaryimage","url":"https:\/\/phipower.org\/wp-content\/uploads\/2025\/04\/blue-earth-klein-energie-ei.jpg","contentUrl":"https:\/\/phipower.org\/wp-content\/uploads\/2025\/04\/blue-earth-klein-energie-ei.jpg","width":600,"height":600},{"@type":"BreadcrumbList","@id":"https:\/\/phipower.org\/es\/producto\/huevo-de-agravio-huevo-energetico-compacto-para-la-proteccion-personal-y-la-vitalizacion-kopie-kopie\/#breadcrumb","itemListElement":[{"@type":"ListItem","position":1,"name":"Home","item":"https:\/\/phipower.org\/es\/"},{"@type":"ListItem","position":2,"name":"Shop","item":"https:\/\/phipower.org\/shop\/"},{"@type":"ListItem","position":3,"name":"Huevo Energ\u00e9tico Tierra Azul Peque\u00f1o &#8211; Purifica tu Campo Energ\u00e9tico y tus Espacios | Phipower"}]},{"@type":"WebSite","@id":"https:\/\/phipower.org\/es\/#website","url":"https:\/\/phipower.org\/es\/","name":"Phipower: innovatieve gezondheidsproducten","description":"innovatieve gezondheidsproducten","publisher":{"@id":"https:\/\/phipower.org\/es\/#organization"},"potentialAction":[{"@type":"SearchAction","target":{"@type":"EntryPoint","urlTemplate":"https:\/\/phipower.org\/es\/?s={search_term_string}"},"query-input":{"@type":"PropertyValueSpecification","valueRequired":true,"valueName":"search_term_string"}}],"inLanguage":"es"},{"@type":"Organization","@id":"https:\/\/phipower.org\/es\/#organization","name":"Phipower","url":"https:\/\/phipower.org\/es\/","logo":{"@type":"ImageObject","inLanguage":"es","@id":"https:\/\/phipower.org\/es\/#\/schema\/logo\/image\/","url":"https:\/\/phipower.org\/wp-content\/uploads\/2019\/06\/z-logo-RGB-wit-power.png","contentUrl":"https:\/\/phipower.org\/wp-content\/uploads\/2019\/06\/z-logo-RGB-wit-power.png","width":3273,"height":1389,"caption":"Phipower"},"image":{"@id":"https:\/\/phipower.org\/es\/#\/schema\/logo\/image\/"},"sameAs":["https:\/\/www.facebook.com\/phipowertools\/","https:\/\/x.com\/phipower1","https:\/\/www.tiktok.com\/@phipowerhealth"]}]},"product_price_amount":"196.00","product_price_currency":"EUR","og_availability":"instock","product_availability":"instock","product_retailer_item_id":"7806140071701","product_condition":"new"},"_links":{"self":[{"href":"https:\/\/phipower.org\/es\/wp-json\/wp\/v2\/product\/6780","targetHints":{"allow":["GET"]}}],"collection":[{"href":"https:\/\/phipower.org\/es\/wp-json\/wp\/v2\/product"}],"about":[{"href":"https:\/\/phipower.org\/es\/wp-json\/wp\/v2\/types\/product"}],"replies":[{"embeddable":true,"href":"https:\/\/phipower.org\/es\/wp-json\/wp\/v2\/comments?post=6780"}],"wp:featuredmedia":[{"embeddable":true,"href":"https:\/\/phipower.org\/es\/wp-json\/wp\/v2\/media\/6798"}],"wp:attachment":[{"href":"https:\/\/phipower.org\/es\/wp-json\/wp\/v2\/media?parent=6780"}],"wp:term":[{"taxonomy":"product_brand","embeddable":true,"href":"https:\/\/phipower.org\/es\/wp-json\/wp\/v2\/product_brand?post=6780"},{"taxonomy":"product_cat","embeddable":true,"href":"https:\/\/phipower.org\/es\/wp-json\/wp\/v2\/product_cat?post=6780"},{"taxonomy":"product_tag","embeddable":true,"href":"https:\/\/phipower.org\/es\/wp-json\/wp\/v2\/product_tag?post=6780"}],"curies":[{"name":"wp","href":"https:\/\/api.w.org\/{rel}","templated":true}]}}