{"id":6597,"date":"2025-03-09T09:42:02","date_gmt":"2025-03-09T09:42:02","guid":{"rendered":"https:\/\/phipower.org\/?post_type=product&#038;p=6597"},"modified":"2025-04-30T22:08:03","modified_gmt":"2025-04-30T22:08:03","slug":"lumisa-huevo-de-energia-de-la-tierra-azul-para-la-vitalizacion-y-la-armonizacion-kopie","status":"publish","type":"product","link":"https:\/\/phipower.org\/es\/producto\/lumisa-huevo-de-energia-de-la-tierra-azul-para-la-vitalizacion-y-la-armonizacion-kopie\/","title":{"rendered":"Huevo de agravio | Huevo energ\u00e9tico compacto | Para la protecci\u00f3n personal y la vitalizaci\u00f3n|"},"content":{"rendered":"<div class=\"container\">\n<header><span style=\"color: #333333; font-size: 23.04px;\">Descripci\u00f3n Huevo de tortuga Tierra Azul<\/span><\/header>\n<section id=\"omschrijving\">El Huevo de Tortuga Tierra Azul est\u00e1 dise\u00f1ado para la protecci\u00f3n personal y el fortalecimiento de tu campo energ\u00e9tico. Gracias a su potente efecto en un radio de 2 metros, este peque\u00f1o huevo energ\u00e9tico ofrece un apoyo \u00f3ptimo para hacer frente a los est\u00edmulos, las emociones y las energ\u00edas externas. El elevado valor Bovis de aproximadamente 384.000 Bovis garantiza un notable fortalecimiento de tu poder y bienestar personales.  <\/section>\n<section id=\"eigenschappen\">\n<h2>Caracter\u00edsticas del huevo de agravio de la Tierra Azul<\/h2>\n<ul>\n<li><strong>Material:<\/strong> Cuarto de huevo relleno de Elixir de la Tierra Azul<\/li>\n<li><strong>Dimensiones:<\/strong> 3 cm (ancho) x 4 cm (alto)<\/li>\n<li><strong>Peso:<\/strong> 37 gramos<\/li>\n<li><strong>Protecci\u00f3n:<\/strong> Con revestimiento de resina s\u00f3lida (impermeable y resistente a los golpes)<\/li>\n<li><strong>Uso:<\/strong> Compacto y port\u00e1til, ideal para el bolsillo del pantal\u00f3n, el bolsillo de la chaqueta, junto al PC o debajo de la almohada<\/li>\n<\/ul>\n<\/section>\n<section id=\"geschikt-voor\">\n<h2>\u00bfPara qui\u00e9n es adecuado el huevo de agravio de la Tierra Azul?<\/h2>\n<p>El huevo Tortuga es perfecto para cualquier persona sensible a los est\u00edmulos y energ\u00edas de los dem\u00e1s.<\/p>\n<h3>Adecuado para:<\/h3>\n<ul>\n<li>Personas que se sobreestimulan f\u00e1cilmente<\/li>\n<li>Personas que sienten intensamente las emociones de los dem\u00e1s<\/li>\n<li>Quien busque una protecci\u00f3n m\u00e1s en\u00e9rgica<\/li>\n<li>Ni\u00f1os que tienen dificultades para concentrarse o se distraen f\u00e1cilmente<\/li>\n<\/ul>\n<p>Te ayuda a sentirte m\u00e1s seguro y tranquilo, para que puedas estar mejor contigo mismo.<\/p>\n<\/section>\n<section id=\"voordelen\">\n<h2>\u00bfPor qu\u00e9 elegir el huevo de agravio de la Tierra Azul?<\/h2>\n<ul>\n<li>Refuerza tu energ\u00eda personal y protege tu campo energ\u00e9tico<\/li>\n<li>Fomenta la fuerza interior y el equilibrio emocional<\/li>\n<li>Port\u00e1til, compacto y duradero<\/li>\n<li>Adecuado para adultos y ni\u00f1os<\/li>\n<\/ul>\n<\/section>\n<section id=\"productreeks\">\n<h2>Conoce la gama de productos Tierra Azul<\/h2>\n<p>El Huevo Tortuga pertenece a la gama especial de Huevos Energ\u00e9ticos Tierra Azul. Adem\u00e1s de este huevo port\u00e1til, tambi\u00e9n ofrecemos huevos energ\u00e9ticos m\u00e1s grandes, adecuados para su uso en el hogar. El Lumi&#8217;Sa tambi\u00e9n forma parte de nuestra gama y, gracias a un revestimiento protector especial, ofrece usos vers\u00e1tiles, como energizar el agua.  <\/p>\n<p>Mira tambi\u00e9n nuestro v\u00eddeo informativo para obtener una explicaci\u00f3n detallada del funcionamiento y las ventajas de nuestros productos Blue Earth.<\/p>\n<\/section>\n<section id=\"klantbeoordelingen\">\n<h2>Experiencias de los clientes<\/h2>\n<p>Nos gustar\u00eda conocer tu experiencia con el huevo de tortuga Tierra Azul. \u00a1Comparte tu opini\u00f3n y ayuda a otros a elegir! <\/p>\n<\/section>\n<footer><strong>\u00a1Pide ahora tu huevo de agravio personal de la Tierra Azul y experimenta la energ\u00eda positiva inmediatamente!<\/strong><\/footer>\n<\/div>\n<p>&nbsp;<\/p>\n","protected":false},"excerpt":{"rendered":"<p>\u2714 Refuerza tu campo energ\u00e9tico personal<br \/>\n\u2714 Protege contra las influencias y radiaciones negativas<br \/>\n\u2714 Favorece el equilibrio y la claridad interiores<br \/>\n\u2714 Compacto, duradero y siempre a mano<\/p>\n","protected":false},"featured_media":6614,"comment_status":"open","ping_status":"closed","template":"","meta":[],"product_brand":[],"product_cat":[954,951],"product_tag":[],"class_list":{"0":"post-6597","1":"product","2":"type-product","3":"status-publish","4":"has-post-thumbnail","6":"product_cat-frecuencias","7":"product_cat-productos","9":"first","10":"outofstock","11":"taxable","12":"shipping-taxable","13":"purchasable","14":"product-type-simple"},"yoast_head":"<!-- This site is optimized with the Yoast SEO Premium plugin v23.6 (Yoast SEO v27.2) - https:\/\/yoast.com\/product\/yoast-seo-premium-wordpress\/ -->\n<title>Huevo de Tortuga de la Tierra Azul - Protecci\u00f3n personal y refuerzo energ\u00e9tico<\/title>\n<meta name=\"description\" content=\"Descubre el huevo Tort Tierra Azul: amplificaci\u00f3n energ\u00e9tica port\u00e1til y protecci\u00f3n frente a est\u00edmulos y energ\u00edas externas. \u00a1Ideal para adultos y ni\u00f1os!\" \/>\n<meta name=\"robots\" content=\"index, follow, max-snippet:-1, max-image-preview:large, max-video-preview:-1\" \/>\n<link rel=\"canonical\" href=\"https:\/\/phipower.org\/es\/producto\/lumisa-huevo-de-energia-de-la-tierra-azul-para-la-vitalizacion-y-la-armonizacion-kopie\/\" \/>\n<meta property=\"og:locale\" content=\"es_ES\" \/>\n<meta property=\"og:type\" content=\"article\" \/>\n<meta property=\"og:title\" content=\"Huevo de agravio | Huevo energ\u00e9tico compacto | Para la protecci\u00f3n personal y la vitalizaci\u00f3n|\" \/>\n<meta property=\"og:description\" content=\"Descubre el huevo Tort Tierra Azul: amplificaci\u00f3n energ\u00e9tica port\u00e1til y protecci\u00f3n frente a est\u00edmulos y energ\u00edas externas. \u00a1Ideal para adultos y ni\u00f1os!\" \/>\n<meta property=\"og:url\" content=\"https:\/\/phipower.org\/es\/producto\/lumisa-huevo-de-energia-de-la-tierra-azul-para-la-vitalizacion-y-la-armonizacion-kopie\/\" \/>\n<meta property=\"og:site_name\" content=\"Phipower\" \/>\n<meta property=\"article:publisher\" content=\"https:\/\/www.facebook.com\/phipowertools\/\" \/>\n<meta property=\"article:modified_time\" content=\"2025-04-30T22:08:03+00:00\" \/>\n<meta property=\"og:image\" content=\"https:\/\/phipower.org\/wp-content\/uploads\/2018\/09\/photo-1-36-1.jpg\" \/>\n\t<meta property=\"og:image:width\" content=\"750\" \/>\n\t<meta property=\"og:image:height\" content=\"750\" \/>\n\t<meta property=\"og:image:type\" content=\"image\/jpeg\" \/>\n<meta name=\"twitter:card\" content=\"summary_large_image\" \/>\n<meta name=\"twitter:site\" content=\"@phipower1\" \/>\n<meta name=\"twitter:label1\" content=\"Precio\" \/>\n\t<meta name=\"twitter:data1\" content=\"&euro;48,00\" \/>\n\t<meta name=\"twitter:label2\" content=\"Disponibilidad\" \/>\n\t<meta name=\"twitter:data2\" content=\"Sin existencias\" \/>\n<script type=\"application\/ld+json\" class=\"yoast-schema-graph\">{\"@context\":\"https:\/\/schema.org\",\"@graph\":[{\"@type\":\"WebPage\",\"@id\":\"https:\/\/phipower.org\/es\/producto\/lumisa-huevo-de-energia-de-la-tierra-azul-para-la-vitalizacion-y-la-armonizacion-kopie\/\",\"url\":\"https:\/\/phipower.org\/es\/producto\/lumisa-huevo-de-energia-de-la-tierra-azul-para-la-vitalizacion-y-la-armonizacion-kopie\/\",\"name\":\"Huevo de Tortuga de la Tierra Azul - Protecci\u00f3n personal y refuerzo energ\u00e9tico\",\"isPartOf\":{\"@id\":\"https:\/\/phipower.org\/es\/#website\"},\"primaryImageOfPage\":{\"@id\":\"https:\/\/phipower.org\/es\/producto\/lumisa-huevo-de-energia-de-la-tierra-azul-para-la-vitalizacion-y-la-armonizacion-kopie\/#primaryimage\"},\"image\":{\"@id\":\"https:\/\/phipower.org\/es\/producto\/lumisa-huevo-de-energia-de-la-tierra-azul-para-la-vitalizacion-y-la-armonizacion-kopie\/#primaryimage\"},\"thumbnailUrl\":\"https:\/\/phipower.org\/wp-content\/uploads\/2025\/03\/Tortelei-energie-ei-blue-earth-phipower.jpg\",\"datePublished\":\"2025-03-09T09:42:02+00:00\",\"dateModified\":\"2025-04-30T22:08:03+00:00\",\"description\":\"Descubre el huevo Tort Tierra Azul: amplificaci\u00f3n energ\u00e9tica port\u00e1til y protecci\u00f3n frente a est\u00edmulos y energ\u00edas externas. \u00a1Ideal para adultos y ni\u00f1os!\",\"breadcrumb\":{\"@id\":\"https:\/\/phipower.org\/es\/producto\/lumisa-huevo-de-energia-de-la-tierra-azul-para-la-vitalizacion-y-la-armonizacion-kopie\/#breadcrumb\"},\"inLanguage\":\"es\",\"potentialAction\":[{\"@type\":\"ReadAction\",\"target\":[\"https:\/\/phipower.org\/es\/producto\/lumisa-huevo-de-energia-de-la-tierra-azul-para-la-vitalizacion-y-la-armonizacion-kopie\/\"]}]},{\"@type\":\"ImageObject\",\"inLanguage\":\"es\",\"@id\":\"https:\/\/phipower.org\/es\/producto\/lumisa-huevo-de-energia-de-la-tierra-azul-para-la-vitalizacion-y-la-armonizacion-kopie\/#primaryimage\",\"url\":\"https:\/\/phipower.org\/wp-content\/uploads\/2025\/03\/Tortelei-energie-ei-blue-earth-phipower.jpg\",\"contentUrl\":\"https:\/\/phipower.org\/wp-content\/uploads\/2025\/03\/Tortelei-energie-ei-blue-earth-phipower.jpg\",\"width\":600,\"height\":400},{\"@type\":\"BreadcrumbList\",\"@id\":\"https:\/\/phipower.org\/es\/producto\/lumisa-huevo-de-energia-de-la-tierra-azul-para-la-vitalizacion-y-la-armonizacion-kopie\/#breadcrumb\",\"itemListElement\":[{\"@type\":\"ListItem\",\"position\":1,\"name\":\"Home\",\"item\":\"https:\/\/phipower.org\/es\/\"},{\"@type\":\"ListItem\",\"position\":2,\"name\":\"Shop\",\"item\":\"https:\/\/phipower.org\/shop\/\"},{\"@type\":\"ListItem\",\"position\":3,\"name\":\"Huevo de agravio | Huevo energ\u00e9tico compacto | Para la protecci\u00f3n personal y la vitalizaci\u00f3n|\"}]},{\"@type\":\"WebSite\",\"@id\":\"https:\/\/phipower.org\/es\/#website\",\"url\":\"https:\/\/phipower.org\/es\/\",\"name\":\"Phipower: innovatieve gezondheidsproducten\",\"description\":\"innovatieve gezondheidsproducten\",\"publisher\":{\"@id\":\"https:\/\/phipower.org\/es\/#organization\"},\"potentialAction\":[{\"@type\":\"SearchAction\",\"target\":{\"@type\":\"EntryPoint\",\"urlTemplate\":\"https:\/\/phipower.org\/es\/?s={search_term_string}\"},\"query-input\":{\"@type\":\"PropertyValueSpecification\",\"valueRequired\":true,\"valueName\":\"search_term_string\"}}],\"inLanguage\":\"es\"},{\"@type\":\"Organization\",\"@id\":\"https:\/\/phipower.org\/es\/#organization\",\"name\":\"Phipower\",\"url\":\"https:\/\/phipower.org\/es\/\",\"logo\":{\"@type\":\"ImageObject\",\"inLanguage\":\"es\",\"@id\":\"https:\/\/phipower.org\/es\/#\/schema\/logo\/image\/\",\"url\":\"https:\/\/phipower.org\/wp-content\/uploads\/2019\/06\/z-logo-RGB-wit-power.png\",\"contentUrl\":\"https:\/\/phipower.org\/wp-content\/uploads\/2019\/06\/z-logo-RGB-wit-power.png\",\"width\":3273,\"height\":1389,\"caption\":\"Phipower\"},\"image\":{\"@id\":\"https:\/\/phipower.org\/es\/#\/schema\/logo\/image\/\"},\"sameAs\":[\"https:\/\/www.facebook.com\/phipowertools\/\",\"https:\/\/x.com\/phipower1\",\"https:\/\/www.tiktok.com\/@phipowerhealth\"]}]}<\/script>\n<meta property=\"product:price:amount\" content=\"48.00\" \/>\n<meta property=\"product:price:currency\" content=\"EUR\" \/>\n<meta property=\"og:availability\" content=\"out of stock\" \/>\n<meta property=\"product:availability\" content=\"out of stock\" \/>\n<meta property=\"product:retailer_item_id\" content=\"7806140071657\" \/>\n<meta property=\"product:condition\" content=\"new\" \/>\n<!-- \/ Yoast SEO Premium plugin. -->","yoast_head_json":{"title":"Huevo de Tortuga de la Tierra Azul - Protecci\u00f3n personal y refuerzo energ\u00e9tico","description":"Descubre el huevo Tort Tierra Azul: amplificaci\u00f3n energ\u00e9tica port\u00e1til y protecci\u00f3n frente a est\u00edmulos y energ\u00edas externas. \u00a1Ideal para adultos y ni\u00f1os!","robots":{"index":"index","follow":"follow","max-snippet":"max-snippet:-1","max-image-preview":"max-image-preview:large","max-video-preview":"max-video-preview:-1"},"canonical":"https:\/\/phipower.org\/es\/producto\/lumisa-huevo-de-energia-de-la-tierra-azul-para-la-vitalizacion-y-la-armonizacion-kopie\/","og_locale":"es_ES","og_type":"article","og_title":"Huevo de agravio | Huevo energ\u00e9tico compacto | Para la protecci\u00f3n personal y la vitalizaci\u00f3n|","og_description":"Descubre el huevo Tort Tierra Azul: amplificaci\u00f3n energ\u00e9tica port\u00e1til y protecci\u00f3n frente a est\u00edmulos y energ\u00edas externas. \u00a1Ideal para adultos y ni\u00f1os!","og_url":"https:\/\/phipower.org\/es\/producto\/lumisa-huevo-de-energia-de-la-tierra-azul-para-la-vitalizacion-y-la-armonizacion-kopie\/","og_site_name":"Phipower","article_publisher":"https:\/\/www.facebook.com\/phipowertools\/","article_modified_time":"2025-04-30T22:08:03+00:00","og_image":[{"width":750,"height":750,"url":"https:\/\/phipower.org\/wp-content\/uploads\/2018\/09\/photo-1-36-1.jpg","type":"image\/jpeg"}],"twitter_card":"summary_large_image","twitter_site":"@phipower1","twitter_misc":{"Precio":"&euro;48,00","Disponibilidad":"Sin existencias"},"schema":{"@context":"https:\/\/schema.org","@graph":[{"@type":"WebPage","@id":"https:\/\/phipower.org\/es\/producto\/lumisa-huevo-de-energia-de-la-tierra-azul-para-la-vitalizacion-y-la-armonizacion-kopie\/","url":"https:\/\/phipower.org\/es\/producto\/lumisa-huevo-de-energia-de-la-tierra-azul-para-la-vitalizacion-y-la-armonizacion-kopie\/","name":"Huevo de Tortuga de la Tierra Azul - Protecci\u00f3n personal y refuerzo energ\u00e9tico","isPartOf":{"@id":"https:\/\/phipower.org\/es\/#website"},"primaryImageOfPage":{"@id":"https:\/\/phipower.org\/es\/producto\/lumisa-huevo-de-energia-de-la-tierra-azul-para-la-vitalizacion-y-la-armonizacion-kopie\/#primaryimage"},"image":{"@id":"https:\/\/phipower.org\/es\/producto\/lumisa-huevo-de-energia-de-la-tierra-azul-para-la-vitalizacion-y-la-armonizacion-kopie\/#primaryimage"},"thumbnailUrl":"https:\/\/phipower.org\/wp-content\/uploads\/2025\/03\/Tortelei-energie-ei-blue-earth-phipower.jpg","datePublished":"2025-03-09T09:42:02+00:00","dateModified":"2025-04-30T22:08:03+00:00","description":"Descubre el huevo Tort Tierra Azul: amplificaci\u00f3n energ\u00e9tica port\u00e1til y protecci\u00f3n frente a est\u00edmulos y energ\u00edas externas. \u00a1Ideal para adultos y ni\u00f1os!","breadcrumb":{"@id":"https:\/\/phipower.org\/es\/producto\/lumisa-huevo-de-energia-de-la-tierra-azul-para-la-vitalizacion-y-la-armonizacion-kopie\/#breadcrumb"},"inLanguage":"es","potentialAction":[{"@type":"ReadAction","target":["https:\/\/phipower.org\/es\/producto\/lumisa-huevo-de-energia-de-la-tierra-azul-para-la-vitalizacion-y-la-armonizacion-kopie\/"]}]},{"@type":"ImageObject","inLanguage":"es","@id":"https:\/\/phipower.org\/es\/producto\/lumisa-huevo-de-energia-de-la-tierra-azul-para-la-vitalizacion-y-la-armonizacion-kopie\/#primaryimage","url":"https:\/\/phipower.org\/wp-content\/uploads\/2025\/03\/Tortelei-energie-ei-blue-earth-phipower.jpg","contentUrl":"https:\/\/phipower.org\/wp-content\/uploads\/2025\/03\/Tortelei-energie-ei-blue-earth-phipower.jpg","width":600,"height":400},{"@type":"BreadcrumbList","@id":"https:\/\/phipower.org\/es\/producto\/lumisa-huevo-de-energia-de-la-tierra-azul-para-la-vitalizacion-y-la-armonizacion-kopie\/#breadcrumb","itemListElement":[{"@type":"ListItem","position":1,"name":"Home","item":"https:\/\/phipower.org\/es\/"},{"@type":"ListItem","position":2,"name":"Shop","item":"https:\/\/phipower.org\/shop\/"},{"@type":"ListItem","position":3,"name":"Huevo de agravio | Huevo energ\u00e9tico compacto | Para la protecci\u00f3n personal y la vitalizaci\u00f3n|"}]},{"@type":"WebSite","@id":"https:\/\/phipower.org\/es\/#website","url":"https:\/\/phipower.org\/es\/","name":"Phipower: innovatieve gezondheidsproducten","description":"innovatieve gezondheidsproducten","publisher":{"@id":"https:\/\/phipower.org\/es\/#organization"},"potentialAction":[{"@type":"SearchAction","target":{"@type":"EntryPoint","urlTemplate":"https:\/\/phipower.org\/es\/?s={search_term_string}"},"query-input":{"@type":"PropertyValueSpecification","valueRequired":true,"valueName":"search_term_string"}}],"inLanguage":"es"},{"@type":"Organization","@id":"https:\/\/phipower.org\/es\/#organization","name":"Phipower","url":"https:\/\/phipower.org\/es\/","logo":{"@type":"ImageObject","inLanguage":"es","@id":"https:\/\/phipower.org\/es\/#\/schema\/logo\/image\/","url":"https:\/\/phipower.org\/wp-content\/uploads\/2019\/06\/z-logo-RGB-wit-power.png","contentUrl":"https:\/\/phipower.org\/wp-content\/uploads\/2019\/06\/z-logo-RGB-wit-power.png","width":3273,"height":1389,"caption":"Phipower"},"image":{"@id":"https:\/\/phipower.org\/es\/#\/schema\/logo\/image\/"},"sameAs":["https:\/\/www.facebook.com\/phipowertools\/","https:\/\/x.com\/phipower1","https:\/\/www.tiktok.com\/@phipowerhealth"]}]},"product_price_amount":"48.00","product_price_currency":"EUR","og_availability":"out of stock","product_availability":"out of stock","product_retailer_item_id":"7806140071657","product_condition":"new"},"_links":{"self":[{"href":"https:\/\/phipower.org\/es\/wp-json\/wp\/v2\/product\/6597","targetHints":{"allow":["GET"]}}],"collection":[{"href":"https:\/\/phipower.org\/es\/wp-json\/wp\/v2\/product"}],"about":[{"href":"https:\/\/phipower.org\/es\/wp-json\/wp\/v2\/types\/product"}],"replies":[{"embeddable":true,"href":"https:\/\/phipower.org\/es\/wp-json\/wp\/v2\/comments?post=6597"}],"wp:featuredmedia":[{"embeddable":true,"href":"https:\/\/phipower.org\/es\/wp-json\/wp\/v2\/media\/6614"}],"wp:attachment":[{"href":"https:\/\/phipower.org\/es\/wp-json\/wp\/v2\/media?parent=6597"}],"wp:term":[{"taxonomy":"product_brand","embeddable":true,"href":"https:\/\/phipower.org\/es\/wp-json\/wp\/v2\/product_brand?post=6597"},{"taxonomy":"product_cat","embeddable":true,"href":"https:\/\/phipower.org\/es\/wp-json\/wp\/v2\/product_cat?post=6597"},{"taxonomy":"product_tag","embeddable":true,"href":"https:\/\/phipower.org\/es\/wp-json\/wp\/v2\/product_tag?post=6597"}],"curies":[{"name":"wp","href":"https:\/\/api.w.org\/{rel}","templated":true}]}}