{"id":6471,"date":"2025-03-06T12:33:22","date_gmt":"2025-03-06T12:33:22","guid":{"rendered":"https:\/\/phipower.org\/?post_type=product&#038;p=6471"},"modified":"2026-04-16T14:18:17","modified_gmt":"2026-04-16T14:18:17","slug":"botella-de-remolino-de-agua-para-vitalizar-y-estructurar-el-agua-phipower-kopie","status":"publish","type":"product","link":"https:\/\/phipower.org\/es\/producto\/botella-de-remolino-de-agua-para-vitalizar-y-estructurar-el-agua-phipower-kopie\/","title":{"rendered":"Lumi&#8217;Sa | Huevo energ\u00e9tico de la Tierra Azul | Para la vitalizaci\u00f3n y la armonizaci\u00f3n"},"content":{"rendered":"<p>&nbsp;<\/p>\n<header>\n<h1>Huevo Energ\u00e9tico Lumi&#8217;Sa &#8211; Aumenta tu energ\u00eda y bienestar<\/h1>\n<\/header>\n<p>&nbsp;<\/p>\n<article>\n<section>\n<h2>\u00bfQu\u00e9 es el Huevo Energ\u00e9tico Lumi&#8217;Sa?<\/h2>\n<p>El Huevo Energ\u00e9tico Lumi&#8217;Sa es una herramienta poderosa y amorosa, cuidadosamente dise\u00f1ada para amplificar tu energ\u00eda original y ayudarte a recordar qui\u00e9n eres realmente. Este huevo energ\u00e9tico \u00fanico contiene agua del Elixir de la Tierra Azul en forma natural, encerrada en resina protectora. <\/p>\n<p>El huevo mide unos 10 cm de alto y se basa en la geometr\u00eda sagrada, el arquetipo creativo universal que ofrece protecci\u00f3n y vitalidad. La energ\u00eda del huevo irradia amor y gratitud, lo que tiene efectos positivos en el cuerpo, la mente y el entorno. <\/p>\n<\/section>\n<section>\n<h2>Ventajas y usos del Huevo Lumi&#8217;Sa<\/h2>\n<article>\n<h3>Autocuraci\u00f3n y meditaci\u00f3n<\/h3>\n<p>Utiliza el Huevo Lumi&#8217;Sa durante la meditaci\u00f3n o la sanaci\u00f3n para reforzar tu propio campo energ\u00e9tico y volverte m\u00e1s resistente a los est\u00edmulos externos. Esto te ayuda a permanecer m\u00e1s cerca de ti mismo y m\u00e1s equilibrado. <\/p>\n<\/article>\n<article>\n<h3>Protecci\u00f3n contra las radiaciones<\/h3>\n<p>A medida que tu propio campo energ\u00e9tico se hace m\u00e1s fuerte y completo, el Huevo Lumi&#8217;Sa ayuda a aumentar tu resistencia a las radiaciones y a la energ\u00eda negativa.<\/p>\n<\/article>\n<article>\n<h3>Armon\u00eda en casa y en la oficina<\/h3>\n<p>Coloca el huevo energ\u00e9tico en casa o en la oficina para dinamizar los espacios. El Huevo Lumi&#8217;Sa funciona eficazmente en un radio de unos 20 metros, favorece la armon\u00eda, la claridad y la comunicaci\u00f3n amorosa. <\/p>\n<\/article>\n<article>\n<h3>Alimentos y agua vitalizantes<\/h3>\n<p>Coloca el Huevo Lumi&#8217;Sa junto a tus alimentos, bebidas, hierbas y medicinas para vitalizarlos. Tambi\u00e9n es ideal para cargar y limpiar gemas y cristales. <\/p>\n<\/article>\n<article>\n<h3>F\u00e1cil de transportar<\/h3>\n<p>El Huevo Lumi&#8217;Sa puede colocarse con seguridad en una jarra de agua para vitalizar sutilmente el agua que bebes, y puede viajar f\u00e1cilmente contigo gracias a su robusta carcasa exterior.<\/p>\n<\/article>\n<\/section>\n<section>\n<h2>Mantenimiento y precauciones<\/h2>\n<ul>\n<li>No pongas el huevo a temperaturas extremas (fr\u00edo o calor) durante periodos prolongados.<\/li>\n<li>Evita la exposici\u00f3n prolongada a la luz solar directa para evitar que se agriete.<\/li>\n<li>No pongas el huevo contra la pared trasera del frigor\u00edfico para evitar que se congele.<\/li>\n<li>No introduzcas nunca el huevo en agua caliente o hirviendo.<\/li>\n<\/ul>\n<\/section>\n<section>\n<h2>Detalles t\u00e9cnicos y durabilidad<\/h2>\n<ul>\n<li><strong>Tama\u00f1o:<\/strong> aproximadamente 10 cm de alto<\/li>\n<li><strong>Material:<\/strong> Huevo de pato natural relleno de agua sellada Elixir de la Tierra Azul, encerrado en resina protectora.<\/li>\n<li>El sellado garantiza la conservaci\u00f3n de la informaci\u00f3n energ\u00e9tica durante a\u00f1os (hasta 8 a\u00f1os o m\u00e1s).<\/li>\n<li>La resina se eligi\u00f3 por sus propiedades neutras, que mantienen la energ\u00eda fluyendo de forma \u00f3ptima.<\/li>\n<\/ul>\n<\/section>\n<section>Pide ahora el Huevo Energ\u00e9tico Lumi&#8217;Sa y experimenta la energ\u00eda poderosa y amorosa que te apoya en tu bienestar, vitalidad y crecimiento personal.<\/section>\n<\/article>\n<p>&nbsp;<\/p>\n<footer>2025 Lumi&#8217;Sa Energ\u00eda. Todos los derechos reservados. <\/footer>\n<p>&nbsp;<\/p>\n","protected":false},"excerpt":{"rendered":"<p>\u2714 Te ayuda a estar m\u00e1s cerca de ti mismo<br \/>\n\u2714 Refuerza tu campo energ\u00e9tico personal<br \/>\n\u2714 Protege contra las influencias y radiaciones negativas<br \/>\n\u2714 Aporta armon\u00eda y claridad en la comunicaci\u00f3n<br \/>\n\u2714 Vitaliza los alimentos, el agua y los medicamentos<\/p>\n","protected":false},"featured_media":6544,"comment_status":"open","ping_status":"closed","template":"","meta":[],"product_brand":[],"product_cat":[967,963],"product_tag":[],"class_list":{"0":"post-6471","1":"product","2":"type-product","3":"status-publish","4":"has-post-thumbnail","6":"product_cat-frequences","7":"product_cat-produits","8":"product_shipping_class-0-2-kg","10":"first","11":"instock","12":"taxable","13":"shipping-taxable","14":"purchasable","15":"product-type-simple"},"yoast_head":"<!-- This site is optimized with the Yoast SEO Premium plugin v23.6 (Yoast SEO v27.2) - https:\/\/yoast.com\/product\/yoast-seo-premium-wordpress\/ -->\n<title>Huevo Energ\u00e9tico Lumi&#039;Sa - Vital\u00edzate y Prot\u00e9gete con el Huevo Energ\u00e9tico Lumi&#039;Sa<\/title>\n<meta name=\"description\" content=\"La botella de remolino de agua, junto con el agitador magn\u00e9tico, genera un v\u00f3rtice\/torbellino creando agua vital y texturizada.Refuerza tu energ\u00eda y bienestar con el exclusivo Huevo Energ\u00e9tico Lumi&#039;Sa. Ideal para la meditaci\u00f3n, la autocuraci\u00f3n, la protecci\u00f3n contra las radiaciones y la creaci\u00f3n de un entorno armonioso. \u00a1P\u00eddelo ahora y experimenta su poderosa energ\u00eda!\" \/>\n<meta name=\"robots\" content=\"index, follow, max-snippet:-1, max-image-preview:large, max-video-preview:-1\" \/>\n<link rel=\"canonical\" href=\"https:\/\/phipower.org\/es\/producto\/botella-de-remolino-de-agua-para-vitalizar-y-estructurar-el-agua-phipower-kopie\/\" \/>\n<meta property=\"og:locale\" content=\"es_ES\" \/>\n<meta property=\"og:type\" content=\"article\" \/>\n<meta property=\"og:title\" content=\"Lumi&#039;Sa | Huevo energ\u00e9tico de la Tierra Azul | Para la vitalizaci\u00f3n y la armonizaci\u00f3n\" \/>\n<meta property=\"og:description\" content=\"La botella de remolino de agua, junto con el agitador magn\u00e9tico, genera un v\u00f3rtice\/torbellino creando agua vital y texturizada.Refuerza tu energ\u00eda y bienestar con el exclusivo Huevo Energ\u00e9tico Lumi&#039;Sa. Ideal para la meditaci\u00f3n, la autocuraci\u00f3n, la protecci\u00f3n contra las radiaciones y la creaci\u00f3n de un entorno armonioso. \u00a1P\u00eddelo ahora y experimenta su poderosa energ\u00eda!\" \/>\n<meta property=\"og:url\" content=\"https:\/\/phipower.org\/es\/producto\/botella-de-remolino-de-agua-para-vitalizar-y-estructurar-el-agua-phipower-kopie\/\" \/>\n<meta property=\"og:site_name\" content=\"Phipower\" \/>\n<meta property=\"article:publisher\" content=\"https:\/\/www.facebook.com\/phipowertools\/\" \/>\n<meta property=\"article:modified_time\" content=\"2026-04-16T14:18:17+00:00\" \/>\n<meta property=\"og:image\" content=\"https:\/\/phipower.org\/wp-content\/uploads\/2018\/09\/photo-1-36-1.jpg\" \/>\n\t<meta property=\"og:image:width\" content=\"750\" \/>\n\t<meta property=\"og:image:height\" content=\"750\" \/>\n\t<meta property=\"og:image:type\" content=\"image\/jpeg\" \/>\n<meta name=\"twitter:card\" content=\"summary_large_image\" \/>\n<meta name=\"twitter:site\" content=\"@phipower1\" \/>\n<meta name=\"twitter:label1\" content=\"Precio\" \/>\n\t<meta name=\"twitter:data1\" content=\"&euro;179,00\" \/>\n\t<meta name=\"twitter:label2\" content=\"Disponibilidad\" \/>\n\t<meta name=\"twitter:data2\" content=\"Disponible\" \/>\n<script type=\"application\/ld+json\" class=\"yoast-schema-graph\">{\"@context\":\"https:\/\/schema.org\",\"@graph\":[{\"@type\":\"WebPage\",\"@id\":\"https:\/\/phipower.org\/es\/producto\/botella-de-remolino-de-agua-para-vitalizar-y-estructurar-el-agua-phipower-kopie\/\",\"url\":\"https:\/\/phipower.org\/es\/producto\/botella-de-remolino-de-agua-para-vitalizar-y-estructurar-el-agua-phipower-kopie\/\",\"name\":\"Huevo Energ\u00e9tico Lumi'Sa - Vital\u00edzate y Prot\u00e9gete con el Huevo Energ\u00e9tico Lumi'Sa\",\"isPartOf\":{\"@id\":\"https:\/\/phipower.org\/es\/#website\"},\"primaryImageOfPage\":{\"@id\":\"https:\/\/phipower.org\/es\/producto\/botella-de-remolino-de-agua-para-vitalizar-y-estructurar-el-agua-phipower-kopie\/#primaryimage\"},\"image\":{\"@id\":\"https:\/\/phipower.org\/es\/producto\/botella-de-remolino-de-agua-para-vitalizar-y-estructurar-el-agua-phipower-kopie\/#primaryimage\"},\"thumbnailUrl\":\"https:\/\/phipower.org\/wp-content\/uploads\/2025\/03\/energie-ei-blue-earth-lumisa-zijaanzicht-vierkant-600x600-1.jpg\",\"datePublished\":\"2025-03-06T12:33:22+00:00\",\"dateModified\":\"2026-04-16T14:18:17+00:00\",\"description\":\"La botella de remolino de agua, junto con el agitador magn\u00e9tico, genera un v\u00f3rtice\/torbellino creando agua vital y texturizada.Refuerza tu energ\u00eda y bienestar con el exclusivo Huevo Energ\u00e9tico Lumi'Sa. Ideal para la meditaci\u00f3n, la autocuraci\u00f3n, la protecci\u00f3n contra las radiaciones y la creaci\u00f3n de un entorno armonioso. \u00a1P\u00eddelo ahora y experimenta su poderosa energ\u00eda!\",\"breadcrumb\":{\"@id\":\"https:\/\/phipower.org\/es\/producto\/botella-de-remolino-de-agua-para-vitalizar-y-estructurar-el-agua-phipower-kopie\/#breadcrumb\"},\"inLanguage\":\"es\",\"potentialAction\":[{\"@type\":\"ReadAction\",\"target\":[\"https:\/\/phipower.org\/es\/producto\/botella-de-remolino-de-agua-para-vitalizar-y-estructurar-el-agua-phipower-kopie\/\"]}]},{\"@type\":\"ImageObject\",\"inLanguage\":\"es\",\"@id\":\"https:\/\/phipower.org\/es\/producto\/botella-de-remolino-de-agua-para-vitalizar-y-estructurar-el-agua-phipower-kopie\/#primaryimage\",\"url\":\"https:\/\/phipower.org\/wp-content\/uploads\/2025\/03\/energie-ei-blue-earth-lumisa-zijaanzicht-vierkant-600x600-1.jpg\",\"contentUrl\":\"https:\/\/phipower.org\/wp-content\/uploads\/2025\/03\/energie-ei-blue-earth-lumisa-zijaanzicht-vierkant-600x600-1.jpg\",\"width\":600,\"height\":600},{\"@type\":\"BreadcrumbList\",\"@id\":\"https:\/\/phipower.org\/es\/producto\/botella-de-remolino-de-agua-para-vitalizar-y-estructurar-el-agua-phipower-kopie\/#breadcrumb\",\"itemListElement\":[{\"@type\":\"ListItem\",\"position\":1,\"name\":\"Home\",\"item\":\"https:\/\/phipower.org\/es\/\"},{\"@type\":\"ListItem\",\"position\":2,\"name\":\"Tienda\",\"item\":\"https:\/\/phipower.org\/es\/tienda\/\"},{\"@type\":\"ListItem\",\"position\":3,\"name\":\"Lumi&#8217;Sa | Huevo energ\u00e9tico de la Tierra Azul | Para la vitalizaci\u00f3n y la armonizaci\u00f3n\"}]},{\"@type\":\"WebSite\",\"@id\":\"https:\/\/phipower.org\/es\/#website\",\"url\":\"https:\/\/phipower.org\/es\/\",\"name\":\"Phipower: innovatieve gezondheidsproducten\",\"description\":\"innovatieve gezondheidsproducten\",\"publisher\":{\"@id\":\"https:\/\/phipower.org\/es\/#organization\"},\"potentialAction\":[{\"@type\":\"SearchAction\",\"target\":{\"@type\":\"EntryPoint\",\"urlTemplate\":\"https:\/\/phipower.org\/es\/?s={search_term_string}\"},\"query-input\":{\"@type\":\"PropertyValueSpecification\",\"valueRequired\":true,\"valueName\":\"search_term_string\"}}],\"inLanguage\":\"es\"},{\"@type\":\"Organization\",\"@id\":\"https:\/\/phipower.org\/es\/#organization\",\"name\":\"Phipower\",\"url\":\"https:\/\/phipower.org\/es\/\",\"logo\":{\"@type\":\"ImageObject\",\"inLanguage\":\"es\",\"@id\":\"https:\/\/phipower.org\/es\/#\/schema\/logo\/image\/\",\"url\":\"https:\/\/phipower.org\/wp-content\/uploads\/2019\/06\/z-logo-RGB-wit-power.png\",\"contentUrl\":\"https:\/\/phipower.org\/wp-content\/uploads\/2019\/06\/z-logo-RGB-wit-power.png\",\"width\":3273,\"height\":1389,\"caption\":\"Phipower\"},\"image\":{\"@id\":\"https:\/\/phipower.org\/es\/#\/schema\/logo\/image\/\"},\"sameAs\":[\"https:\/\/www.facebook.com\/phipowertools\/\",\"https:\/\/x.com\/phipower1\",\"https:\/\/www.tiktok.com\/@phipowerhealth\"]}]}<\/script>\n<meta property=\"product:price:amount\" content=\"179.00\" \/>\n<meta property=\"product:price:currency\" content=\"EUR\" \/>\n<meta property=\"og:availability\" content=\"instock\" \/>\n<meta property=\"product:availability\" content=\"instock\" \/>\n<meta property=\"product:retailer_item_id\" content=\"7806140071640\" \/>\n<meta property=\"product:condition\" content=\"new\" \/>\n<!-- \/ Yoast SEO Premium plugin. -->","yoast_head_json":{"title":"Huevo Energ\u00e9tico Lumi'Sa - Vital\u00edzate y Prot\u00e9gete con el Huevo Energ\u00e9tico Lumi'Sa","description":"La botella de remolino de agua, junto con el agitador magn\u00e9tico, genera un v\u00f3rtice\/torbellino creando agua vital y texturizada.Refuerza tu energ\u00eda y bienestar con el exclusivo Huevo Energ\u00e9tico Lumi'Sa. Ideal para la meditaci\u00f3n, la autocuraci\u00f3n, la protecci\u00f3n contra las radiaciones y la creaci\u00f3n de un entorno armonioso. \u00a1P\u00eddelo ahora y experimenta su poderosa energ\u00eda!","robots":{"index":"index","follow":"follow","max-snippet":"max-snippet:-1","max-image-preview":"max-image-preview:large","max-video-preview":"max-video-preview:-1"},"canonical":"https:\/\/phipower.org\/es\/producto\/botella-de-remolino-de-agua-para-vitalizar-y-estructurar-el-agua-phipower-kopie\/","og_locale":"es_ES","og_type":"article","og_title":"Lumi'Sa | Huevo energ\u00e9tico de la Tierra Azul | Para la vitalizaci\u00f3n y la armonizaci\u00f3n","og_description":"La botella de remolino de agua, junto con el agitador magn\u00e9tico, genera un v\u00f3rtice\/torbellino creando agua vital y texturizada.Refuerza tu energ\u00eda y bienestar con el exclusivo Huevo Energ\u00e9tico Lumi'Sa. Ideal para la meditaci\u00f3n, la autocuraci\u00f3n, la protecci\u00f3n contra las radiaciones y la creaci\u00f3n de un entorno armonioso. \u00a1P\u00eddelo ahora y experimenta su poderosa energ\u00eda!","og_url":"https:\/\/phipower.org\/es\/producto\/botella-de-remolino-de-agua-para-vitalizar-y-estructurar-el-agua-phipower-kopie\/","og_site_name":"Phipower","article_publisher":"https:\/\/www.facebook.com\/phipowertools\/","article_modified_time":"2026-04-16T14:18:17+00:00","og_image":[{"width":750,"height":750,"url":"https:\/\/phipower.org\/wp-content\/uploads\/2018\/09\/photo-1-36-1.jpg","type":"image\/jpeg"}],"twitter_card":"summary_large_image","twitter_site":"@phipower1","twitter_misc":{"Precio":"&euro;179,00","Disponibilidad":"Disponible"},"schema":{"@context":"https:\/\/schema.org","@graph":[{"@type":"WebPage","@id":"https:\/\/phipower.org\/es\/producto\/botella-de-remolino-de-agua-para-vitalizar-y-estructurar-el-agua-phipower-kopie\/","url":"https:\/\/phipower.org\/es\/producto\/botella-de-remolino-de-agua-para-vitalizar-y-estructurar-el-agua-phipower-kopie\/","name":"Huevo Energ\u00e9tico Lumi'Sa - Vital\u00edzate y Prot\u00e9gete con el Huevo Energ\u00e9tico Lumi'Sa","isPartOf":{"@id":"https:\/\/phipower.org\/es\/#website"},"primaryImageOfPage":{"@id":"https:\/\/phipower.org\/es\/producto\/botella-de-remolino-de-agua-para-vitalizar-y-estructurar-el-agua-phipower-kopie\/#primaryimage"},"image":{"@id":"https:\/\/phipower.org\/es\/producto\/botella-de-remolino-de-agua-para-vitalizar-y-estructurar-el-agua-phipower-kopie\/#primaryimage"},"thumbnailUrl":"https:\/\/phipower.org\/wp-content\/uploads\/2025\/03\/energie-ei-blue-earth-lumisa-zijaanzicht-vierkant-600x600-1.jpg","datePublished":"2025-03-06T12:33:22+00:00","dateModified":"2026-04-16T14:18:17+00:00","description":"La botella de remolino de agua, junto con el agitador magn\u00e9tico, genera un v\u00f3rtice\/torbellino creando agua vital y texturizada.Refuerza tu energ\u00eda y bienestar con el exclusivo Huevo Energ\u00e9tico Lumi'Sa. Ideal para la meditaci\u00f3n, la autocuraci\u00f3n, la protecci\u00f3n contra las radiaciones y la creaci\u00f3n de un entorno armonioso. \u00a1P\u00eddelo ahora y experimenta su poderosa energ\u00eda!","breadcrumb":{"@id":"https:\/\/phipower.org\/es\/producto\/botella-de-remolino-de-agua-para-vitalizar-y-estructurar-el-agua-phipower-kopie\/#breadcrumb"},"inLanguage":"es","potentialAction":[{"@type":"ReadAction","target":["https:\/\/phipower.org\/es\/producto\/botella-de-remolino-de-agua-para-vitalizar-y-estructurar-el-agua-phipower-kopie\/"]}]},{"@type":"ImageObject","inLanguage":"es","@id":"https:\/\/phipower.org\/es\/producto\/botella-de-remolino-de-agua-para-vitalizar-y-estructurar-el-agua-phipower-kopie\/#primaryimage","url":"https:\/\/phipower.org\/wp-content\/uploads\/2025\/03\/energie-ei-blue-earth-lumisa-zijaanzicht-vierkant-600x600-1.jpg","contentUrl":"https:\/\/phipower.org\/wp-content\/uploads\/2025\/03\/energie-ei-blue-earth-lumisa-zijaanzicht-vierkant-600x600-1.jpg","width":600,"height":600},{"@type":"BreadcrumbList","@id":"https:\/\/phipower.org\/es\/producto\/botella-de-remolino-de-agua-para-vitalizar-y-estructurar-el-agua-phipower-kopie\/#breadcrumb","itemListElement":[{"@type":"ListItem","position":1,"name":"Home","item":"https:\/\/phipower.org\/es\/"},{"@type":"ListItem","position":2,"name":"Tienda","item":"https:\/\/phipower.org\/es\/tienda\/"},{"@type":"ListItem","position":3,"name":"Lumi&#8217;Sa | Huevo energ\u00e9tico de la Tierra Azul | Para la vitalizaci\u00f3n y la armonizaci\u00f3n"}]},{"@type":"WebSite","@id":"https:\/\/phipower.org\/es\/#website","url":"https:\/\/phipower.org\/es\/","name":"Phipower: innovatieve gezondheidsproducten","description":"innovatieve gezondheidsproducten","publisher":{"@id":"https:\/\/phipower.org\/es\/#organization"},"potentialAction":[{"@type":"SearchAction","target":{"@type":"EntryPoint","urlTemplate":"https:\/\/phipower.org\/es\/?s={search_term_string}"},"query-input":{"@type":"PropertyValueSpecification","valueRequired":true,"valueName":"search_term_string"}}],"inLanguage":"es"},{"@type":"Organization","@id":"https:\/\/phipower.org\/es\/#organization","name":"Phipower","url":"https:\/\/phipower.org\/es\/","logo":{"@type":"ImageObject","inLanguage":"es","@id":"https:\/\/phipower.org\/es\/#\/schema\/logo\/image\/","url":"https:\/\/phipower.org\/wp-content\/uploads\/2019\/06\/z-logo-RGB-wit-power.png","contentUrl":"https:\/\/phipower.org\/wp-content\/uploads\/2019\/06\/z-logo-RGB-wit-power.png","width":3273,"height":1389,"caption":"Phipower"},"image":{"@id":"https:\/\/phipower.org\/es\/#\/schema\/logo\/image\/"},"sameAs":["https:\/\/www.facebook.com\/phipowertools\/","https:\/\/x.com\/phipower1","https:\/\/www.tiktok.com\/@phipowerhealth"]}]},"product_price_amount":"179.00","product_price_currency":"EUR","og_availability":"instock","product_availability":"instock","product_retailer_item_id":"7806140071640","product_condition":"new"},"_links":{"self":[{"href":"https:\/\/phipower.org\/es\/wp-json\/wp\/v2\/product\/6471","targetHints":{"allow":["GET"]}}],"collection":[{"href":"https:\/\/phipower.org\/es\/wp-json\/wp\/v2\/product"}],"about":[{"href":"https:\/\/phipower.org\/es\/wp-json\/wp\/v2\/types\/product"}],"replies":[{"embeddable":true,"href":"https:\/\/phipower.org\/es\/wp-json\/wp\/v2\/comments?post=6471"}],"wp:featuredmedia":[{"embeddable":true,"href":"https:\/\/phipower.org\/es\/wp-json\/wp\/v2\/media\/6544"}],"wp:attachment":[{"href":"https:\/\/phipower.org\/es\/wp-json\/wp\/v2\/media?parent=6471"}],"wp:term":[{"taxonomy":"product_brand","embeddable":true,"href":"https:\/\/phipower.org\/es\/wp-json\/wp\/v2\/product_brand?post=6471"},{"taxonomy":"product_cat","embeddable":true,"href":"https:\/\/phipower.org\/es\/wp-json\/wp\/v2\/product_cat?post=6471"},{"taxonomy":"product_tag","embeddable":true,"href":"https:\/\/phipower.org\/es\/wp-json\/wp\/v2\/product_tag?post=6471"}],"curies":[{"name":"wp","href":"https:\/\/api.w.org\/{rel}","templated":true}]}}