{"id":5097,"date":"2024-02-12T17:48:54","date_gmt":"2024-02-12T17:48:54","guid":{"rendered":"https:\/\/phipower.org\/?post_type=product&#038;p=5097"},"modified":"2026-04-16T14:19:16","modified_gmt":"2026-04-16T14:19:16","slug":"botella-de-agua-remolino-para-vitalizar-y-estructurar-el-agua-phipower","status":"publish","type":"product","link":"https:\/\/phipower.org\/es\/product\/botella-de-agua-remolino-para-vitalizar-y-estructurar-el-agua-phipower\/","title":{"rendered":"Botella de remolino de agua | Para vitalizar y estructurar el agua | Phipower"},"content":{"rendered":"<h1>Crea ahora agua estructurada y vitalizada con la botella de remolino de agua de Phipower<\/h1>\n<h2>Descubre el poder del agua vitalizante natural<\/h2>\n<p>Experimenta las propiedades revitalizantes del agua estructurada con nuestra botella de remolino de agua.<\/p>\n<p>Esta innovadora botella, en combinaci\u00f3n con el <a href=\"https:\/\/phipower.org\/product\/magneet-roerder-magnetic-strirrer-voor-vitaliseren-en-structureren-van-water-phipower\/\">agitador magn\u00e9tico<\/a>, transforma el agua del grifo com\u00fan en una bebida din\u00e1mica y refrescante, lista para nutrir e hidratar tu cuerpo.<\/p>\n<p>Pide ahora el <a href=\"https:\/\/phipower.org\/product\/bundel-water-wervel-fles-magneetroerder-golden-triange-voor-vitaliseren-en-structureren-van-water-phipower\/\">pack completo de botella de remolino de agua<\/a>, agitador magn\u00e9tico y <a href=\"https:\/\/phipower.org\/es\/product\/triangulo-de-oro-amatista-cristal-de-montana-cuarzo-rosa-para-vitalizar-y-estructurar-fuerza-agua\/\">cristales del tri\u00e1ngulo dorado<\/a>: la <a href=\"https:\/\/phipower.org\/product\/bundel-water-wervel-fles-magneetroerder-golden-triange-voor-vitaliseren-en-structureren-van-water-phipower\/\">soluci\u00f3n<\/a> completa para generar agua estructurada.<\/p>\n<p>ATENCI\u00d3N: esto es solo la botella. Para obtener el paquete completo para hacer agua vitalizada y texturizada, haz clic <strong><br \/>\n  <a href=\"https:\/\/phipower.org\/product\/bundel-water-wervel-fles-magneetroerder-golden-triange-voor-vitaliseren-en-structureren-van-water-phipower\/\">aqu\u00ed<\/a><br \/>\n<\/strong><\/p>\n<h2>Dise\u00f1o sostenible para el uso diario<\/h2>\n<p>La botella de remolino de agua viene con una pr\u00e1ctica tapa de vertido, lo que facilita verter agua directamente en la botella mientras se airea simult\u00e1neamente para un sabor refrescante.<\/p>\n<p>Fabricada en vidrio soplado a mano, cada botella presenta caracter\u00edsticas \u00fanicas, siendo delicada pero duradera para el uso diario.<\/p>\n<h2>Tri\u00e1ngulo Dorado: Amatista, Cuarzo Cristal y Cuarzo Rosa<\/h2>\n<p>A\u00f1ade opcionalmente esferas de cristal de <a href=\"https:\/\/phipower.org\/es\/product\/triangulo-de-oro-amatista-cristal-de-montana-cuarzo-rosa-para-vitalizar-y-estructurar-fuerza-agua\/\">amatista, cuarzo cristal y cuarzo rosa<\/a> para obtener energ\u00eda y armon\u00eda extra. Las energ\u00edas armoniosas de la amatista, el cuarzo rosa y el cuarzo cristal se ven reforzadas por el movimiento del v\u00f3rtice, lo que resulta en una experiencia de bebida refrescante y vitalizante.<\/p>\n<h2>Se recomienda precauci\u00f3n<\/h2>\n<p>Introduce las esferas de cristal con cuidado en la botella usando una cuchara para evitar que se da\u00f1en la botella o los cristales. Al verter, aseg\u00farate de que la boquilla de vertido est\u00e9 firmemente sujeta a la botella.<\/p>\n<h2>Limpieza sencilla para un disfrute duradero<\/h2>\n<p>Nuestra botella de remolino de agua es apta para lavavajillas, aunque se recomienda el lavado a mano para una vida \u00fatil m\u00e1s larga. Limpia a fondo antes del primer uso con agua tibia y jab\u00f3n, y evita productos qu\u00edmicos agresivos para mantener la integridad natural del vidrio.<\/p>\n<h2>Servicio al cliente y garant\u00eda<\/h2>\n<p>Respaldamos la calidad de nuestros productos y ofrecemos una garant\u00eda de 12 meses. No dudes en contactarnos en info@phipower.kinsta.cloud para cualquier pregunta o problema. Descarga aqu\u00ed el <a href=\"https:\/\/drive.google.com\/file\/d\/1gSt_OzJ-dRBmQMXMQ1p6w9zKDQDQ_Z_M\/view?usp=sharing\">manual<\/a>.<\/p>\n<h2>Transforma tu experiencia de hidrataci\u00f3n con nuestra pr\u00e1ctica botella de remolino de agua<\/h2>\n<p>P\u00eddela hoy mismo y disfruta de los beneficios del agua vital y estructurada en cualquier lugar. Redescubre el poder de la hidrataci\u00f3n con nuestra pr\u00e1ctica y eficaz botella de remolino de agua.<\/p>\n","protected":false},"excerpt":{"rendered":"<p><strong>\u2714 botella de remolino de agua para generar agua estructurada<\/strong><br \/>\n<strong>\u2714 crea un v\u00f3rtice natural en el agua junto con el agitador magn\u00e9tico<\/strong><br \/>\n<strong>\u2714 estructura y vitaliza el agua<\/strong><br \/>\n<strong>\u2714 pide el <a href=\"https:\/\/phipower.org\/product\/bundel-water-wervel-fles-magneetroerder-golden-triange-voor-vitaliseren-en-structureren-van-water-phipower\/\">pack de producto completo aqu\u00ed<\/a><\/strong><\/p>\n","protected":false},"featured_media":5114,"comment_status":"open","ping_status":"closed","template":"","meta":[],"product_brand":[],"product_cat":[951,953],"product_tag":[],"class_list":{"0":"post-5097","1":"product","2":"type-product","3":"status-publish","4":"has-post-thumbnail","6":"product_cat-productos","7":"product_cat-tratamiento-del-agua","8":"product_shipping_class-0-2-kg","10":"first","11":"instock","12":"taxable","13":"shipping-taxable","14":"purchasable","15":"product-type-simple"},"yoast_head":"<!-- This site is optimized with the Yoast SEO Premium plugin v23.6 (Yoast SEO v27.2) - https:\/\/yoast.com\/product\/yoast-seo-premium-wordpress\/ -->\n<title>Botella de remolino de agua Phipower | Vitalizaci\u00f3n y estructuraci\u00f3n de agua<\/title>\n<meta name=\"description\" content=\"La botella de remolino de agua genera, junto con el agitador magn\u00e9tico, un v\u00f3rtice que crea agua vital y estructurada.\" \/>\n<meta name=\"robots\" content=\"index, follow, max-snippet:-1, max-image-preview:large, max-video-preview:-1\" \/>\n<link rel=\"canonical\" href=\"https:\/\/phipower.org\/es\/product\/botella-de-agua-remolino-para-vitalizar-y-estructurar-el-agua-phipower\/\" \/>\n<meta property=\"og:locale\" content=\"es_ES\" \/>\n<meta property=\"og:type\" content=\"article\" \/>\n<meta property=\"og:title\" content=\"Botella de remolino de agua | Para vitalizar y estructurar el agua | Phipower\" \/>\n<meta property=\"og:description\" content=\"La botella de remolino de agua genera, junto con el agitador magn\u00e9tico, un v\u00f3rtice que crea agua vital y estructurada.\" \/>\n<meta property=\"og:url\" content=\"https:\/\/phipower.org\/es\/product\/botella-de-agua-remolino-para-vitalizar-y-estructurar-el-agua-phipower\/\" \/>\n<meta property=\"og:site_name\" content=\"Phipower\" \/>\n<meta property=\"article:publisher\" content=\"https:\/\/www.facebook.com\/phipowertools\/\" \/>\n<meta property=\"article:modified_time\" content=\"2026-04-16T14:19:16+00:00\" \/>\n<meta property=\"og:image\" content=\"https:\/\/phipower.org\/wp-content\/uploads\/2018\/09\/photo-1-36-1.jpg\" \/>\n\t<meta property=\"og:image:width\" content=\"750\" \/>\n\t<meta property=\"og:image:height\" content=\"750\" \/>\n\t<meta property=\"og:image:type\" content=\"image\/jpeg\" \/>\n<meta name=\"twitter:card\" content=\"summary_large_image\" \/>\n<meta name=\"twitter:site\" content=\"@phipower1\" \/>\n<meta name=\"twitter:label1\" content=\"Precio\" \/>\n\t<meta name=\"twitter:data1\" content=\"&euro;59,00\" \/>\n\t<meta name=\"twitter:label2\" content=\"Disponibilidad\" \/>\n\t<meta name=\"twitter:data2\" content=\"Disponible\" \/>\n<script type=\"application\/ld+json\" class=\"yoast-schema-graph\">{\"@context\":\"https:\/\/schema.org\",\"@graph\":[{\"@type\":\"WebPage\",\"@id\":\"https:\/\/phipower.org\/es\/product\/botella-de-agua-remolino-para-vitalizar-y-estructurar-el-agua-phipower\/\",\"url\":\"https:\/\/phipower.org\/es\/product\/botella-de-agua-remolino-para-vitalizar-y-estructurar-el-agua-phipower\/\",\"name\":\"Botella de remolino de agua Phipower | Vitalizaci\u00f3n y estructuraci\u00f3n de agua\",\"isPartOf\":{\"@id\":\"https:\/\/phipower.org\/es\/#website\"},\"primaryImageOfPage\":{\"@id\":\"https:\/\/phipower.org\/es\/product\/botella-de-agua-remolino-para-vitalizar-y-estructurar-el-agua-phipower\/#primaryimage\"},\"image\":{\"@id\":\"https:\/\/phipower.org\/es\/product\/botella-de-agua-remolino-para-vitalizar-y-estructurar-el-agua-phipower\/#primaryimage\"},\"thumbnailUrl\":\"https:\/\/phipower.org\/wp-content\/uploads\/2024\/02\/water-wervel-fles-phipower-voor-gestructureerd-en-gevitaliseerd-water-zijkant.jpg\",\"datePublished\":\"2024-02-12T17:48:54+00:00\",\"dateModified\":\"2026-04-16T14:19:16+00:00\",\"description\":\"La botella de remolino de agua genera, junto con el agitador magn\u00e9tico, un v\u00f3rtice que crea agua vital y estructurada.\",\"breadcrumb\":{\"@id\":\"https:\/\/phipower.org\/es\/product\/botella-de-agua-remolino-para-vitalizar-y-estructurar-el-agua-phipower\/#breadcrumb\"},\"inLanguage\":\"es\",\"potentialAction\":[{\"@type\":\"ReadAction\",\"target\":[\"https:\/\/phipower.org\/es\/product\/botella-de-agua-remolino-para-vitalizar-y-estructurar-el-agua-phipower\/\"]}]},{\"@type\":\"ImageObject\",\"inLanguage\":\"es\",\"@id\":\"https:\/\/phipower.org\/es\/product\/botella-de-agua-remolino-para-vitalizar-y-estructurar-el-agua-phipower\/#primaryimage\",\"url\":\"https:\/\/phipower.org\/wp-content\/uploads\/2024\/02\/water-wervel-fles-phipower-voor-gestructureerd-en-gevitaliseerd-water-zijkant.jpg\",\"contentUrl\":\"https:\/\/phipower.org\/wp-content\/uploads\/2024\/02\/water-wervel-fles-phipower-voor-gestructureerd-en-gevitaliseerd-water-zijkant.jpg\",\"width\":1000,\"height\":1000},{\"@type\":\"BreadcrumbList\",\"@id\":\"https:\/\/phipower.org\/es\/product\/botella-de-agua-remolino-para-vitalizar-y-estructurar-el-agua-phipower\/#breadcrumb\",\"itemListElement\":[{\"@type\":\"ListItem\",\"position\":1,\"name\":\"Home\",\"item\":\"https:\/\/phipower.org\/es\/\"},{\"@type\":\"ListItem\",\"position\":2,\"name\":\"Tienda\",\"item\":\"https:\/\/phipower.org\/es\/tienda\/\"},{\"@type\":\"ListItem\",\"position\":3,\"name\":\"Botella de remolino de agua | Para vitalizar y estructurar el agua | Phipower\"}]},{\"@type\":\"WebSite\",\"@id\":\"https:\/\/phipower.org\/es\/#website\",\"url\":\"https:\/\/phipower.org\/es\/\",\"name\":\"Phipower: innovatieve gezondheidsproducten\",\"description\":\"innovatieve gezondheidsproducten\",\"publisher\":{\"@id\":\"https:\/\/phipower.org\/es\/#organization\"},\"potentialAction\":[{\"@type\":\"SearchAction\",\"target\":{\"@type\":\"EntryPoint\",\"urlTemplate\":\"https:\/\/phipower.org\/es\/?s={search_term_string}\"},\"query-input\":{\"@type\":\"PropertyValueSpecification\",\"valueRequired\":true,\"valueName\":\"search_term_string\"}}],\"inLanguage\":\"es\"},{\"@type\":\"Organization\",\"@id\":\"https:\/\/phipower.org\/es\/#organization\",\"name\":\"Phipower\",\"url\":\"https:\/\/phipower.org\/es\/\",\"logo\":{\"@type\":\"ImageObject\",\"inLanguage\":\"es\",\"@id\":\"https:\/\/phipower.org\/es\/#\/schema\/logo\/image\/\",\"url\":\"https:\/\/phipower.org\/wp-content\/uploads\/2019\/06\/z-logo-RGB-wit-power.png\",\"contentUrl\":\"https:\/\/phipower.org\/wp-content\/uploads\/2019\/06\/z-logo-RGB-wit-power.png\",\"width\":3273,\"height\":1389,\"caption\":\"Phipower\"},\"image\":{\"@id\":\"https:\/\/phipower.org\/es\/#\/schema\/logo\/image\/\"},\"sameAs\":[\"https:\/\/www.facebook.com\/phipowertools\/\",\"https:\/\/x.com\/phipower1\",\"https:\/\/www.tiktok.com\/@phipowerhealth\"]}]}<\/script>\n<meta property=\"product:price:amount\" content=\"59.00\" \/>\n<meta property=\"product:price:currency\" content=\"EUR\" \/>\n<meta property=\"og:availability\" content=\"instock\" \/>\n<meta property=\"product:availability\" content=\"instock\" \/>\n<meta property=\"product:retailer_item_id\" content=\"7806140071466\" \/>\n<meta property=\"product:condition\" content=\"new\" \/>\n<!-- \/ Yoast SEO Premium plugin. -->","yoast_head_json":{"title":"Botella de remolino de agua Phipower | Vitalizaci\u00f3n y estructuraci\u00f3n de agua","description":"La botella de remolino de agua genera, junto con el agitador magn\u00e9tico, un v\u00f3rtice que crea agua vital y estructurada.","robots":{"index":"index","follow":"follow","max-snippet":"max-snippet:-1","max-image-preview":"max-image-preview:large","max-video-preview":"max-video-preview:-1"},"canonical":"https:\/\/phipower.org\/es\/product\/botella-de-agua-remolino-para-vitalizar-y-estructurar-el-agua-phipower\/","og_locale":"es_ES","og_type":"article","og_title":"Botella de remolino de agua | Para vitalizar y estructurar el agua | Phipower","og_description":"La botella de remolino de agua genera, junto con el agitador magn\u00e9tico, un v\u00f3rtice que crea agua vital y estructurada.","og_url":"https:\/\/phipower.org\/es\/product\/botella-de-agua-remolino-para-vitalizar-y-estructurar-el-agua-phipower\/","og_site_name":"Phipower","article_publisher":"https:\/\/www.facebook.com\/phipowertools\/","article_modified_time":"2026-04-16T14:19:16+00:00","og_image":[{"width":750,"height":750,"url":"https:\/\/phipower.org\/wp-content\/uploads\/2018\/09\/photo-1-36-1.jpg","type":"image\/jpeg"}],"twitter_card":"summary_large_image","twitter_site":"@phipower1","twitter_misc":{"Precio":"&euro;59,00","Disponibilidad":"Disponible"},"schema":{"@context":"https:\/\/schema.org","@graph":[{"@type":"WebPage","@id":"https:\/\/phipower.org\/es\/product\/botella-de-agua-remolino-para-vitalizar-y-estructurar-el-agua-phipower\/","url":"https:\/\/phipower.org\/es\/product\/botella-de-agua-remolino-para-vitalizar-y-estructurar-el-agua-phipower\/","name":"Botella de remolino de agua Phipower | Vitalizaci\u00f3n y estructuraci\u00f3n de agua","isPartOf":{"@id":"https:\/\/phipower.org\/es\/#website"},"primaryImageOfPage":{"@id":"https:\/\/phipower.org\/es\/product\/botella-de-agua-remolino-para-vitalizar-y-estructurar-el-agua-phipower\/#primaryimage"},"image":{"@id":"https:\/\/phipower.org\/es\/product\/botella-de-agua-remolino-para-vitalizar-y-estructurar-el-agua-phipower\/#primaryimage"},"thumbnailUrl":"https:\/\/phipower.org\/wp-content\/uploads\/2024\/02\/water-wervel-fles-phipower-voor-gestructureerd-en-gevitaliseerd-water-zijkant.jpg","datePublished":"2024-02-12T17:48:54+00:00","dateModified":"2026-04-16T14:19:16+00:00","description":"La botella de remolino de agua genera, junto con el agitador magn\u00e9tico, un v\u00f3rtice que crea agua vital y estructurada.","breadcrumb":{"@id":"https:\/\/phipower.org\/es\/product\/botella-de-agua-remolino-para-vitalizar-y-estructurar-el-agua-phipower\/#breadcrumb"},"inLanguage":"es","potentialAction":[{"@type":"ReadAction","target":["https:\/\/phipower.org\/es\/product\/botella-de-agua-remolino-para-vitalizar-y-estructurar-el-agua-phipower\/"]}]},{"@type":"ImageObject","inLanguage":"es","@id":"https:\/\/phipower.org\/es\/product\/botella-de-agua-remolino-para-vitalizar-y-estructurar-el-agua-phipower\/#primaryimage","url":"https:\/\/phipower.org\/wp-content\/uploads\/2024\/02\/water-wervel-fles-phipower-voor-gestructureerd-en-gevitaliseerd-water-zijkant.jpg","contentUrl":"https:\/\/phipower.org\/wp-content\/uploads\/2024\/02\/water-wervel-fles-phipower-voor-gestructureerd-en-gevitaliseerd-water-zijkant.jpg","width":1000,"height":1000},{"@type":"BreadcrumbList","@id":"https:\/\/phipower.org\/es\/product\/botella-de-agua-remolino-para-vitalizar-y-estructurar-el-agua-phipower\/#breadcrumb","itemListElement":[{"@type":"ListItem","position":1,"name":"Home","item":"https:\/\/phipower.org\/es\/"},{"@type":"ListItem","position":2,"name":"Tienda","item":"https:\/\/phipower.org\/es\/tienda\/"},{"@type":"ListItem","position":3,"name":"Botella de remolino de agua | Para vitalizar y estructurar el agua | Phipower"}]},{"@type":"WebSite","@id":"https:\/\/phipower.org\/es\/#website","url":"https:\/\/phipower.org\/es\/","name":"Phipower: innovatieve gezondheidsproducten","description":"innovatieve gezondheidsproducten","publisher":{"@id":"https:\/\/phipower.org\/es\/#organization"},"potentialAction":[{"@type":"SearchAction","target":{"@type":"EntryPoint","urlTemplate":"https:\/\/phipower.org\/es\/?s={search_term_string}"},"query-input":{"@type":"PropertyValueSpecification","valueRequired":true,"valueName":"search_term_string"}}],"inLanguage":"es"},{"@type":"Organization","@id":"https:\/\/phipower.org\/es\/#organization","name":"Phipower","url":"https:\/\/phipower.org\/es\/","logo":{"@type":"ImageObject","inLanguage":"es","@id":"https:\/\/phipower.org\/es\/#\/schema\/logo\/image\/","url":"https:\/\/phipower.org\/wp-content\/uploads\/2019\/06\/z-logo-RGB-wit-power.png","contentUrl":"https:\/\/phipower.org\/wp-content\/uploads\/2019\/06\/z-logo-RGB-wit-power.png","width":3273,"height":1389,"caption":"Phipower"},"image":{"@id":"https:\/\/phipower.org\/es\/#\/schema\/logo\/image\/"},"sameAs":["https:\/\/www.facebook.com\/phipowertools\/","https:\/\/x.com\/phipower1","https:\/\/www.tiktok.com\/@phipowerhealth"]}]},"product_price_amount":"59.00","product_price_currency":"EUR","og_availability":"instock","product_availability":"instock","product_retailer_item_id":"7806140071466","product_condition":"new"},"_links":{"self":[{"href":"https:\/\/phipower.org\/es\/wp-json\/wp\/v2\/product\/5097","targetHints":{"allow":["GET"]}}],"collection":[{"href":"https:\/\/phipower.org\/es\/wp-json\/wp\/v2\/product"}],"about":[{"href":"https:\/\/phipower.org\/es\/wp-json\/wp\/v2\/types\/product"}],"replies":[{"embeddable":true,"href":"https:\/\/phipower.org\/es\/wp-json\/wp\/v2\/comments?post=5097"}],"wp:featuredmedia":[{"embeddable":true,"href":"https:\/\/phipower.org\/es\/wp-json\/wp\/v2\/media\/5114"}],"wp:attachment":[{"href":"https:\/\/phipower.org\/es\/wp-json\/wp\/v2\/media?parent=5097"}],"wp:term":[{"taxonomy":"product_brand","embeddable":true,"href":"https:\/\/phipower.org\/es\/wp-json\/wp\/v2\/product_brand?post=5097"},{"taxonomy":"product_cat","embeddable":true,"href":"https:\/\/phipower.org\/es\/wp-json\/wp\/v2\/product_cat?post=5097"},{"taxonomy":"product_tag","embeddable":true,"href":"https:\/\/phipower.org\/es\/wp-json\/wp\/v2\/product_tag?post=5097"}],"curies":[{"name":"wp","href":"https:\/\/api.w.org\/{rel}","templated":true}]}}