{"id":4579,"date":"2023-11-14T23:00:32","date_gmt":"2023-11-14T23:00:32","guid":{"rendered":"https:\/\/phipower.org\/?post_type=product&#038;p=4579"},"modified":"2026-04-16T14:19:10","modified_gmt":"2026-04-16T14:19:10","slug":"amatista-orgon-ball-phipower","status":"publish","type":"product","link":"https:\/\/phipower.org\/es\/producto\/amatista-orgon-ball-phipower\/","title":{"rendered":"Bola de Orgonita rellena de Amatista | Phipower"},"content":{"rendered":"<h1>La magia de la energ\u00eda org\u00f3n: el trasfondo de la bola de orgonita rellena de amatista de Phipower<\/h1>\n<p>En el mundo de la medicina alternativa y la sanaci\u00f3n energ\u00e9tica, la bola de orgonita es un producto extraordinario. Con un di\u00e1metro de 6 cm, un peso de 230 gramos y una composici\u00f3n de piedras de amatista, una espiral de cobre y polvo met\u00e1lico, esta peque\u00f1a esfera promete interesantes efectos sobre el bienestar del usuario. Pero, \u00bfqu\u00e9 hace tan especial a esta bola de orgonita y c\u00f3mo se integra en el mundo meditativo, especialmente bajo la sombra protectora de la pir\u00e1mide de meditaci\u00f3n Phipower?<\/p>\n<h2>La esencia de la energ\u00eda org\u00f3nica<\/h2>\n<p>La bola de orgonita tiene su origen en los trabajos de Wilhelm Reich, psiquiatra y psicoanalista austriaco-estadounidense. Reich desarroll\u00f3 el concepto de energ\u00eda org\u00f3nica, una hipot\u00e9tica fuerza vital sutil supuestamente presente en toda la naturaleza. Seg\u00fan Reich, la manipulaci\u00f3n de esta energ\u00eda puede tener un impacto positivo en la salud f\u00edsica y mental de las personas.<\/p>\n<h2>El poder de la amatista<\/h2>\n<p>La elecci\u00f3n de piedras de amatista en la bola de orgonita a\u00f1ade una dimensi\u00f3n extra a la mezcla energ\u00e9tica general. La amatista es conocida por sus propiedades calmantes y se asocia a menudo con el crecimiento espiritual y la perspicacia. La adici\u00f3n de esta gema a la bola de orgonita crea un efecto sin\u00e9rgico que permite a los usuarios alcanzar una experiencia meditativa m\u00e1s profunda y equilibrada.<\/p>\n<h2>El papel de la espiral de cobre<\/h2>\n<p>En el coraz\u00f3n de la bola de orgonita hay una espiral de cobre, que desempe\u00f1a un papel crucial en la conducci\u00f3n y amplificaci\u00f3n de las corrientes energ\u00e9ticas. El cobre es conocido por sus propiedades conductoras y se utiliza a menudo en pr\u00e1cticas espirituales para canalizar la energ\u00eda. La espiral de la bola de orgonita intensifica la energ\u00eda org\u00f3nica y crea un flujo constante de vibraciones positivas.<\/p>\n<h2>El misterio del polvo met\u00e1lico<\/h2>\n<p>A\u00f1adir polvo met\u00e1lico a la bola de orgonita aumenta sus propiedades protectoras. El metal es conocido por su capacidad para repeler las energ\u00edas negativas y, combinado con los dem\u00e1s elementos de la bola de orgonita, crea un poderoso escudo contra la contaminaci\u00f3n energ\u00e9tica.<\/p>\n<h2>En todas partes y bajo la pir\u00e1mide: una aplicaci\u00f3n universal<\/h2>\n<p>El anillo integrado permite colgar la bola de orgonita en cualquier lugar, difundiendo su energ\u00eda positiva en cualquier espacio. Adem\u00e1s, la bola de orgonita puede acoplarse f\u00e1cilmente bajo la pir\u00e1mide de meditaci\u00f3n de Phipower, combinando los beneficios de ambas herramientas. Este d\u00fao de energ\u00edas curativas promete una meditaci\u00f3n m\u00e1s profunda y una mayor sensaci\u00f3n de bienestar.<\/p>\n<h2>Conclusi\u00f3n<\/h2>\n<p>La bola de orgonita rellena de amatista es m\u00e1s que un simple objeto decorativo; es una poderosa herramienta para quienes buscan el equilibrio, el bienestar y el crecimiento espiritual. La combinaci\u00f3n de piedras preciosas, espirales de cobre y polvo met\u00e1lico en una forma port\u00e1til hace de esta bola de orgonita una herramienta vers\u00e1til para la curaci\u00f3n energ\u00e9tica. Y cuando se combina con la pir\u00e1mide de meditaci\u00f3n Phipower, abre las puertas a una comprensi\u00f3n m\u00e1s profunda de la armon\u00eda entre cuerpo, mente y esp\u00edritu.<\/p>\n","protected":false},"excerpt":{"rendered":"<p><strong>\u2714 Genera equilibrio, bienestar y crecimiento espiritual<\/strong><br \/>\n<strong>Con relleno de Amatista<\/strong><br \/>\n<strong>\u2714 Tambi\u00e9n viene con la pir\u00e1mide de meditaci\u00f3n Phipower<\/strong><\/p>\n","protected":false},"featured_media":4662,"comment_status":"open","ping_status":"closed","template":"","meta":[],"product_brand":[],"product_cat":[954,1035,951],"product_tag":[],"class_list":{"0":"post-4579","1":"product","2":"type-product","3":"status-publish","4":"has-post-thumbnail","6":"product_cat-frecuencias","7":"product_cat-piramide-de-meditacion","8":"product_cat-productos","9":"product_shipping_class-0-2-kg","11":"first","12":"instock","13":"taxable","14":"shipping-taxable","15":"purchasable","16":"product-type-simple"},"yoast_head":"<!-- This site is optimized with the Yoast SEO Premium plugin v23.6 (Yoast SEO v27.2) - https:\/\/yoast.com\/product\/yoast-seo-premium-wordpress\/ -->\n<title>Bola de Orgonita rellena de Amatista | Phipower<\/title>\n<meta name=\"description\" content=\"Genera equilibrio, bienestar y crecimiento espiritual. El relleno de amatista convierte a la bola org\u00f3nica en una herramienta de sanaci\u00f3n energ\u00e9tica. F\u00e1cil de colgar.\" \/>\n<meta name=\"robots\" content=\"index, follow, max-snippet:-1, max-image-preview:large, max-video-preview:-1\" \/>\n<link rel=\"canonical\" href=\"https:\/\/phipower.org\/es\/producto\/amatista-orgon-ball-phipower\/\" \/>\n<meta property=\"og:locale\" content=\"es_ES\" \/>\n<meta property=\"og:type\" content=\"article\" \/>\n<meta property=\"og:title\" content=\"Bola de Orgonita rellena de Amatista | Phipower\" \/>\n<meta property=\"og:description\" content=\"Genera equilibrio, bienestar y crecimiento espiritual. El relleno de amatista convierte a la bola org\u00f3nica en una herramienta de sanaci\u00f3n energ\u00e9tica. F\u00e1cil de colgar.\" \/>\n<meta property=\"og:url\" content=\"https:\/\/phipower.org\/es\/producto\/amatista-orgon-ball-phipower\/\" \/>\n<meta property=\"og:site_name\" content=\"Phipower\" \/>\n<meta property=\"article:publisher\" content=\"https:\/\/www.facebook.com\/phipowertools\/\" \/>\n<meta property=\"article:modified_time\" content=\"2026-04-16T14:19:10+00:00\" \/>\n<meta property=\"og:image\" content=\"https:\/\/phipower.org\/wp-content\/uploads\/2018\/09\/photo-1-36-1.jpg\" \/>\n\t<meta property=\"og:image:width\" content=\"750\" \/>\n\t<meta property=\"og:image:height\" content=\"750\" \/>\n\t<meta property=\"og:image:type\" content=\"image\/jpeg\" \/>\n<meta name=\"twitter:card\" content=\"summary_large_image\" \/>\n<meta name=\"twitter:site\" content=\"@phipower1\" \/>\n<meta name=\"twitter:label1\" content=\"Precio\" \/>\n\t<meta name=\"twitter:data1\" content=\"&euro;39,00\" \/>\n\t<meta name=\"twitter:label2\" content=\"Disponibilidad\" \/>\n\t<meta name=\"twitter:data2\" content=\"Disponible\" \/>\n<script type=\"application\/ld+json\" class=\"yoast-schema-graph\">{\"@context\":\"https:\/\/schema.org\",\"@graph\":[{\"@type\":\"WebPage\",\"@id\":\"https:\/\/phipower.org\/es\/producto\/amatista-orgon-ball-phipower\/\",\"url\":\"https:\/\/phipower.org\/es\/producto\/amatista-orgon-ball-phipower\/\",\"name\":\"Bola de Orgonita rellena de Amatista | Phipower\",\"isPartOf\":{\"@id\":\"https:\/\/phipower.org\/es\/#website\"},\"primaryImageOfPage\":{\"@id\":\"https:\/\/phipower.org\/es\/producto\/amatista-orgon-ball-phipower\/#primaryimage\"},\"image\":{\"@id\":\"https:\/\/phipower.org\/es\/producto\/amatista-orgon-ball-phipower\/#primaryimage\"},\"thumbnailUrl\":\"https:\/\/phipower.org\/wp-content\/uploads\/2023\/11\/Amethist-gevulde-Orgoniet-Bal-voorkant-6cm-diameter-230-gram.jpg\",\"datePublished\":\"2023-11-14T23:00:32+00:00\",\"dateModified\":\"2026-04-16T14:19:10+00:00\",\"description\":\"Genera equilibrio, bienestar y crecimiento espiritual. El relleno de amatista convierte a la bola org\u00f3nica en una herramienta de sanaci\u00f3n energ\u00e9tica. F\u00e1cil de colgar.\",\"breadcrumb\":{\"@id\":\"https:\/\/phipower.org\/es\/producto\/amatista-orgon-ball-phipower\/#breadcrumb\"},\"inLanguage\":\"es\",\"potentialAction\":[{\"@type\":\"ReadAction\",\"target\":[\"https:\/\/phipower.org\/es\/producto\/amatista-orgon-ball-phipower\/\"]}]},{\"@type\":\"ImageObject\",\"inLanguage\":\"es\",\"@id\":\"https:\/\/phipower.org\/es\/producto\/amatista-orgon-ball-phipower\/#primaryimage\",\"url\":\"https:\/\/phipower.org\/wp-content\/uploads\/2023\/11\/Amethist-gevulde-Orgoniet-Bal-voorkant-6cm-diameter-230-gram.jpg\",\"contentUrl\":\"https:\/\/phipower.org\/wp-content\/uploads\/2023\/11\/Amethist-gevulde-Orgoniet-Bal-voorkant-6cm-diameter-230-gram.jpg\",\"width\":1200,\"height\":1200},{\"@type\":\"BreadcrumbList\",\"@id\":\"https:\/\/phipower.org\/es\/producto\/amatista-orgon-ball-phipower\/#breadcrumb\",\"itemListElement\":[{\"@type\":\"ListItem\",\"position\":1,\"name\":\"Home\",\"item\":\"https:\/\/phipower.org\/es\/\"},{\"@type\":\"ListItem\",\"position\":2,\"name\":\"Tienda\",\"item\":\"https:\/\/phipower.org\/es\/tienda\/\"},{\"@type\":\"ListItem\",\"position\":3,\"name\":\"Bola de Orgonita rellena de Amatista | Phipower\"}]},{\"@type\":\"WebSite\",\"@id\":\"https:\/\/phipower.org\/es\/#website\",\"url\":\"https:\/\/phipower.org\/es\/\",\"name\":\"Phipower: innovatieve gezondheidsproducten\",\"description\":\"innovatieve gezondheidsproducten\",\"publisher\":{\"@id\":\"https:\/\/phipower.org\/es\/#organization\"},\"potentialAction\":[{\"@type\":\"SearchAction\",\"target\":{\"@type\":\"EntryPoint\",\"urlTemplate\":\"https:\/\/phipower.org\/es\/?s={search_term_string}\"},\"query-input\":{\"@type\":\"PropertyValueSpecification\",\"valueRequired\":true,\"valueName\":\"search_term_string\"}}],\"inLanguage\":\"es\"},{\"@type\":\"Organization\",\"@id\":\"https:\/\/phipower.org\/es\/#organization\",\"name\":\"Phipower\",\"url\":\"https:\/\/phipower.org\/es\/\",\"logo\":{\"@type\":\"ImageObject\",\"inLanguage\":\"es\",\"@id\":\"https:\/\/phipower.org\/es\/#\/schema\/logo\/image\/\",\"url\":\"https:\/\/phipower.org\/wp-content\/uploads\/2019\/06\/z-logo-RGB-wit-power.png\",\"contentUrl\":\"https:\/\/phipower.org\/wp-content\/uploads\/2019\/06\/z-logo-RGB-wit-power.png\",\"width\":3273,\"height\":1389,\"caption\":\"Phipower\"},\"image\":{\"@id\":\"https:\/\/phipower.org\/es\/#\/schema\/logo\/image\/\"},\"sameAs\":[\"https:\/\/www.facebook.com\/phipowertools\/\",\"https:\/\/x.com\/phipower1\",\"https:\/\/www.tiktok.com\/@phipowerhealth\"]}]}<\/script>\n<meta property=\"product:price:amount\" content=\"39.00\" \/>\n<meta property=\"product:price:currency\" content=\"EUR\" \/>\n<meta property=\"og:availability\" content=\"instock\" \/>\n<meta property=\"product:availability\" content=\"instock\" \/>\n<meta property=\"product:retailer_item_id\" content=\"7806140071480\" \/>\n<meta property=\"product:condition\" content=\"new\" \/>\n<!-- \/ Yoast SEO Premium plugin. -->","yoast_head_json":{"title":"Bola de Orgonita rellena de Amatista | Phipower","description":"Genera equilibrio, bienestar y crecimiento espiritual. El relleno de amatista convierte a la bola org\u00f3nica en una herramienta de sanaci\u00f3n energ\u00e9tica. F\u00e1cil de colgar.","robots":{"index":"index","follow":"follow","max-snippet":"max-snippet:-1","max-image-preview":"max-image-preview:large","max-video-preview":"max-video-preview:-1"},"canonical":"https:\/\/phipower.org\/es\/producto\/amatista-orgon-ball-phipower\/","og_locale":"es_ES","og_type":"article","og_title":"Bola de Orgonita rellena de Amatista | Phipower","og_description":"Genera equilibrio, bienestar y crecimiento espiritual. El relleno de amatista convierte a la bola org\u00f3nica en una herramienta de sanaci\u00f3n energ\u00e9tica. F\u00e1cil de colgar.","og_url":"https:\/\/phipower.org\/es\/producto\/amatista-orgon-ball-phipower\/","og_site_name":"Phipower","article_publisher":"https:\/\/www.facebook.com\/phipowertools\/","article_modified_time":"2026-04-16T14:19:10+00:00","og_image":[{"width":750,"height":750,"url":"https:\/\/phipower.org\/wp-content\/uploads\/2018\/09\/photo-1-36-1.jpg","type":"image\/jpeg"}],"twitter_card":"summary_large_image","twitter_site":"@phipower1","twitter_misc":{"Precio":"&euro;39,00","Disponibilidad":"Disponible"},"schema":{"@context":"https:\/\/schema.org","@graph":[{"@type":"WebPage","@id":"https:\/\/phipower.org\/es\/producto\/amatista-orgon-ball-phipower\/","url":"https:\/\/phipower.org\/es\/producto\/amatista-orgon-ball-phipower\/","name":"Bola de Orgonita rellena de Amatista | Phipower","isPartOf":{"@id":"https:\/\/phipower.org\/es\/#website"},"primaryImageOfPage":{"@id":"https:\/\/phipower.org\/es\/producto\/amatista-orgon-ball-phipower\/#primaryimage"},"image":{"@id":"https:\/\/phipower.org\/es\/producto\/amatista-orgon-ball-phipower\/#primaryimage"},"thumbnailUrl":"https:\/\/phipower.org\/wp-content\/uploads\/2023\/11\/Amethist-gevulde-Orgoniet-Bal-voorkant-6cm-diameter-230-gram.jpg","datePublished":"2023-11-14T23:00:32+00:00","dateModified":"2026-04-16T14:19:10+00:00","description":"Genera equilibrio, bienestar y crecimiento espiritual. El relleno de amatista convierte a la bola org\u00f3nica en una herramienta de sanaci\u00f3n energ\u00e9tica. F\u00e1cil de colgar.","breadcrumb":{"@id":"https:\/\/phipower.org\/es\/producto\/amatista-orgon-ball-phipower\/#breadcrumb"},"inLanguage":"es","potentialAction":[{"@type":"ReadAction","target":["https:\/\/phipower.org\/es\/producto\/amatista-orgon-ball-phipower\/"]}]},{"@type":"ImageObject","inLanguage":"es","@id":"https:\/\/phipower.org\/es\/producto\/amatista-orgon-ball-phipower\/#primaryimage","url":"https:\/\/phipower.org\/wp-content\/uploads\/2023\/11\/Amethist-gevulde-Orgoniet-Bal-voorkant-6cm-diameter-230-gram.jpg","contentUrl":"https:\/\/phipower.org\/wp-content\/uploads\/2023\/11\/Amethist-gevulde-Orgoniet-Bal-voorkant-6cm-diameter-230-gram.jpg","width":1200,"height":1200},{"@type":"BreadcrumbList","@id":"https:\/\/phipower.org\/es\/producto\/amatista-orgon-ball-phipower\/#breadcrumb","itemListElement":[{"@type":"ListItem","position":1,"name":"Home","item":"https:\/\/phipower.org\/es\/"},{"@type":"ListItem","position":2,"name":"Tienda","item":"https:\/\/phipower.org\/es\/tienda\/"},{"@type":"ListItem","position":3,"name":"Bola de Orgonita rellena de Amatista | Phipower"}]},{"@type":"WebSite","@id":"https:\/\/phipower.org\/es\/#website","url":"https:\/\/phipower.org\/es\/","name":"Phipower: innovatieve gezondheidsproducten","description":"innovatieve gezondheidsproducten","publisher":{"@id":"https:\/\/phipower.org\/es\/#organization"},"potentialAction":[{"@type":"SearchAction","target":{"@type":"EntryPoint","urlTemplate":"https:\/\/phipower.org\/es\/?s={search_term_string}"},"query-input":{"@type":"PropertyValueSpecification","valueRequired":true,"valueName":"search_term_string"}}],"inLanguage":"es"},{"@type":"Organization","@id":"https:\/\/phipower.org\/es\/#organization","name":"Phipower","url":"https:\/\/phipower.org\/es\/","logo":{"@type":"ImageObject","inLanguage":"es","@id":"https:\/\/phipower.org\/es\/#\/schema\/logo\/image\/","url":"https:\/\/phipower.org\/wp-content\/uploads\/2019\/06\/z-logo-RGB-wit-power.png","contentUrl":"https:\/\/phipower.org\/wp-content\/uploads\/2019\/06\/z-logo-RGB-wit-power.png","width":3273,"height":1389,"caption":"Phipower"},"image":{"@id":"https:\/\/phipower.org\/es\/#\/schema\/logo\/image\/"},"sameAs":["https:\/\/www.facebook.com\/phipowertools\/","https:\/\/x.com\/phipower1","https:\/\/www.tiktok.com\/@phipowerhealth"]}]},"product_price_amount":"39.00","product_price_currency":"EUR","og_availability":"instock","product_availability":"instock","product_retailer_item_id":"7806140071480","product_condition":"new"},"_links":{"self":[{"href":"https:\/\/phipower.org\/es\/wp-json\/wp\/v2\/product\/4579","targetHints":{"allow":["GET"]}}],"collection":[{"href":"https:\/\/phipower.org\/es\/wp-json\/wp\/v2\/product"}],"about":[{"href":"https:\/\/phipower.org\/es\/wp-json\/wp\/v2\/types\/product"}],"replies":[{"embeddable":true,"href":"https:\/\/phipower.org\/es\/wp-json\/wp\/v2\/comments?post=4579"}],"wp:featuredmedia":[{"embeddable":true,"href":"https:\/\/phipower.org\/es\/wp-json\/wp\/v2\/media\/4662"}],"wp:attachment":[{"href":"https:\/\/phipower.org\/es\/wp-json\/wp\/v2\/media?parent=4579"}],"wp:term":[{"taxonomy":"product_brand","embeddable":true,"href":"https:\/\/phipower.org\/es\/wp-json\/wp\/v2\/product_brand?post=4579"},{"taxonomy":"product_cat","embeddable":true,"href":"https:\/\/phipower.org\/es\/wp-json\/wp\/v2\/product_cat?post=4579"},{"taxonomy":"product_tag","embeddable":true,"href":"https:\/\/phipower.org\/es\/wp-json\/wp\/v2\/product_tag?post=4579"}],"curies":[{"name":"wp","href":"https:\/\/api.w.org\/{rel}","templated":true}]}}