{"id":4427,"date":"2023-10-20T13:51:59","date_gmt":"2023-10-20T13:51:59","guid":{"rendered":"https:\/\/phipower.org\/?post_type=product&#038;p=4427"},"modified":"2026-04-21T12:33:31","modified_gmt":"2026-04-21T12:33:31","slug":"piramide-de-meditacion","status":"publish","type":"product","link":"https:\/\/phipower.org\/es\/producto\/piramide-de-meditacion\/","title":{"rendered":"Pir\u00e1mide de meditaci\u00f3n | Aumenta tu bienestar y energ\u00eda | Phipower"},"content":{"rendered":"<div class=\"video video-fit mb\" style=\"padding-top:56.25%;\"><p><iframe title=\"Phipower meditation pyramid installation instruction\" width=\"1020\" height=\"574\" src=\"https:\/\/www.youtube.com\/embed\/Hmy-DXmY0-w?feature=oembed&#038;enablejsapi=1&#038;origin=https:\/\/phipower.org\" frameborder=\"0\" allow=\"accelerometer; autoplay; clipboard-write; encrypted-media; gyroscope; picture-in-picture; web-share\" referrerpolicy=\"strict-origin-when-cross-origin\" allowfullscreen><\/iframe><\/p>\n<\/div>\n<div class=\"video video-fit mb\" style=\"padding-top:56.25%;\"><p><iframe title=\"Meditation Pyramid Phipower\" width=\"1020\" height=\"574\" src=\"https:\/\/www.youtube.com\/embed\/jDYovFC892k?feature=oembed\" frameborder=\"0\" allow=\"accelerometer; autoplay; clipboard-write; encrypted-media; gyroscope; picture-in-picture; web-share\" referrerpolicy=\"strict-origin-when-cross-origin\" allowfullscreen><\/iframe><\/p>\n<\/div>\n<div class=\"video video-fit mb\" style=\"padding-top:56.25%;\"><p><iframe title=\"????Phipower Medium Pyramid for charging water, fruits and for pets????\" width=\"1020\" height=\"574\" src=\"https:\/\/www.youtube.com\/embed\/OZnXoE81lYY?feature=oembed\" frameborder=\"0\" allow=\"accelerometer; autoplay; clipboard-write; encrypted-media; gyroscope; picture-in-picture; web-share\" referrerpolicy=\"strict-origin-when-cross-origin\" allowfullscreen><\/iframe><\/p>\n<\/div>\n<h1>Pir\u00e1mide de meditaci\u00f3n | 140 cm de altura | Para m\u00e1s energ\u00eda y bienestar<\/h1>\n<p><strong>\u2714 promueve meditaciones m\u00e1s profundas<\/strong><br \/>\n<strong>\u2714 refuerza el campo magn\u00e9tico de la Tierra<\/strong><br \/>\n<strong>\u2714 efectos percibidos: relajaci\u00f3n, equilibrio, calma, protecci\u00f3n y bienestar<\/strong><br \/>\n<strong>\u2714 otras sensaciones: ligero hormigueo, calor, ausencia de est\u00edmulos externos y mayores niveles de energ\u00eda.<\/strong><br \/>\n<strong>\u2714 dise\u00f1ado seg\u00fan las dimensiones de Cheops (efecto de resonancia)<\/strong><br \/>\n<strong>\u2714 completo con tubos, conectores y herramientas de instalaci\u00f3n<\/strong><br \/>\n<strong>\u2714 f\u00e1cil de montar<\/strong><br \/>\n<strong>\u2714 incluida la pir\u00e1mide superior compacta<\/strong><br \/>\n<strong>\u2714 versi\u00f3n ligera (port\u00e1til)<\/strong><br \/>\n<strong>\u2714 se puede montar en 2 tama\u00f1os: mediano (77 cm de altura, superficie de suelo 121 x 121 cm) y grande (140 cm de altura, superficie de suelo 220 x 220 cm)<\/strong><br \/>\n<strong>\u2714 Bola de org\u00f3n con cristales de amatista encerrados.<\/strong><br \/>\n<strong>\u2714 completamente hecho a mano<\/strong><br \/>\n<strong>\u2714 Material de la base: aluminio con conectores de lat\u00f3n<\/strong><br \/>\n<strong>\u2714 resistente a la intemperie: no se decolora al aire libre como el cobre<\/strong><br \/>\n<strong>\u2714 caja de transporte compacta<\/strong><br \/>\n<strong>\u2714 posibilidad de env\u00edo a todo el mundo<\/strong><\/p>\n<h2>Descripci\u00f3n:<\/h2>\n<p>Las pir\u00e1mides irradian un poder armonizador y ordenador. La forma piramidal favorece la meditaci\u00f3n al concentrar esta energ\u00eda armoniosa.<\/p>\n<p>Pir\u00e1mide significa literalmente \u00abfuego\u00bb en el \u00abcentro\u00bb, lo que significa que la energ\u00eda del centro de la pir\u00e1mide es la m\u00e1s fuerte.<\/p>\n<p>Como la forma de la pir\u00e1mide coincide con la de la Gran Pir\u00e1mide de Keops, los n\u00fameros m\u00e1gicos pi, phi y la velocidad de la luz convergen dentro de la pir\u00e1mide de la meditaci\u00f3n.<\/p>\n<p>Para un rendimiento \u00f3ptimo, es importante alinear la pir\u00e1mide de modo que el lado de la pir\u00e1mide se alinee con el norte magn\u00e9tico.<\/p>\n<p>Al meditar bajo la pir\u00e1mide, se pueden experimentar las siguientes sensaciones: protecci\u00f3n, calor, paz y relajaci\u00f3n, ligero hormigueo, ausencia de est\u00edmulos externos, meditaciones m\u00e1s profundas, niveles de energ\u00eda m\u00e1s elevados. Para m\u00e1s informaci\u00f3n, consulte este <a href=\"https:\/\/www.wanttoknow.nl\/hoofdartikelen\/mysterieuze-krachten-van-piramide-structuren\/\">art\u00edculo<\/a>.<\/p>\n<p>En cuanto a su forma, la pir\u00e1mide de la meditaci\u00f3n es una r\u00e9plica exacta de la Gran Pir\u00e1mide de Giza, con una inclinaci\u00f3n de 51,83\u00b0.<\/p>\n<p><a href=\"https:\/\/phipower.org\/es\/producto\/amatista-orgon-ball-phipower\/\">La bola de orgonita incluida<\/a> para fijar en la parte superior se compone de material org\u00e1nico, resina, polvo met\u00e1lico, una espiral de cobre y piedras semipreciosas de amatista para un efecto armonizador adicional.<\/p>\n<p>Mediante la simbiosis de la resonancia energ\u00e9tica y la conexi\u00f3n c\u00f3smica, esta bola de <a href=\"https:\/\/phipower.org\/es\/producto\/amatista-orgon-ball-phipower\/\">orgonita<\/a> potencia el poder curativo de la pir\u00e1mide.<\/p>\n<p>La pir\u00e1mide es port\u00e1til y puede colocarse en interiores o exteriores para relajarse y meditar.<\/p>\n<p>Fabricada con materiales ligeros que no se oxidan, la pir\u00e1mide se integra armoniosamente en cualquier espacio.<\/p>\n<h2>Dimensiones y construcci\u00f3n<\/h2>\n<p>La pir\u00e1mide de meditaci\u00f3n Phipower tiene una superficie de 220 cm x 220 cm y una altura de 140 cm.<\/p>\n<p>El kit tambi\u00e9n puede convertirse en una pir\u00e1mide m\u00e1s peque\u00f1a con una superficie de 121 x 121 cm y una altura de 77 cm.<\/p>\n<p>El montaje es un ritual en s\u00ed mismo, una danza de conexi\u00f3n de tubos y conectores.<\/p>\n<p><a href=\"https:\/\/drive.google.com\/file\/d\/1YpC2HFKyWBXUvzjVJUbfqLCL-ZvlfqI4\/view?usp=sharing\">El manual<\/a> te gu\u00eda a trav\u00e9s de este proceso de creaci\u00f3n y conexi\u00f3n.<\/p>\n<h2>Posici\u00f3n, energ\u00eda e impacto<\/h2>\n<p>Oriente la pir\u00e1mide de meditaci\u00f3n cuidadosamente hacia el norte magn\u00e9tico para una eficacia \u00f3ptima.<\/p>\n<p>Aqu\u00ed comienza la interacci\u00f3n entre forma y energ\u00eda.<\/p>\n<p>Bajo la pir\u00e1mide de meditaci\u00f3n, se despliega una paleta de sensaciones: protecci\u00f3n, calor, tranquilidad, hormigueo.<\/p>\n<p>Un oasis de silencio donde los est\u00edmulos externos se desvanecen y la meditaci\u00f3n se sumerge m\u00e1s profundamente, anclada en niveles energ\u00e9ticos superiores.<\/p>\n<p>Pi\u00e9rdete en el abrazo protector, sintiendo c\u00f3mo la energ\u00eda sutil impregna la calma y la relajaci\u00f3n se manifiestan como suaves olas.<\/p>\n<h2>El paquete consta de:<\/h2>\n<ul>\n<li>8 tubos de conexi\u00f3n b\u00e1sicos (largos)<\/li>\n<li>8 x tubos de conexi\u00f3n oblicuos\/diagonales (m\u00e1s cortos)<\/li>\n<li>4 conectores b\u00e1sicos (esquineros)<\/li>\n<li>1 x conector superior<\/li>\n<li>1 bola de org\u00f3n con gemas de amatista<\/li>\n<li>24 conectores de tubo<\/li>\n<li>2 llaves para el montaje<\/li>\n<li>1 manual<\/li>\n<\/ul>\n<h2>Especificaciones:<\/h2>\n<ul>\n<li>Superficie pir\u00e1mide de meditaci\u00f3n: 220 cm x 220 cm, altura: 140 cm<\/li>\n<li>Superficie pir\u00e1mide peque\u00f1a: 121 cm x 121 cm, altura: 77 cm<\/li>\n<li>Dimensiones de la caja de env\u00edo: 135 x 22 x 15 cm (largo x ancho x alto), peso: 10 kg.<\/li>\n<\/ul>\n<p><span style=\"font-size: 23.04px; color: #333333;\">Instrucciones de montaje de la gran pir\u00e1mide de meditaci\u00f3n:<\/span><\/p>\n<ol>\n<li>coloca los 8 tubos de uni\u00f3n m\u00e1s largos en el suelo para formar una superficie cuadrada (nota: utiliza s\u00f3lo los tubos de uni\u00f3n m\u00e1s largos para esto)<\/li>\n<li>conecte firmemente los 8 tubos de conexi\u00f3n m\u00e1s largos mediante los conectores de tubos utilizando las 2 llaves<\/li>\n<li>Esto crea 4 tubos de conexi\u00f3n b\u00e1sicos<\/li>\n<li>conecte los 4 tubos de conexi\u00f3n b\u00e1sicos a las 4 piezas angulares mediante los conectores de tubo utilizando las 2 llaves<\/li>\n<li>Conecte 2 tubos cortos cada uno mediante los conectores de tubos utilizando las 2 llaves<\/li>\n<li>Esto crea 4 tubos diagonales de conexi\u00f3n<\/li>\n<li>conecte los 4 tubos de conexi\u00f3n diagonal al conector superior a trav\u00e9s de los conectores de tubo, utilizando las 2 llaves<\/li>\n<li>coloca la pir\u00e1mide perfilada en el suelo y f\u00edjala con los 4 conectores de base a trav\u00e9s de los conectores de tubo, utilizando las 2 llaves inglesas<\/li>\n<li>fijar la bola org\u00f3nica en la parte inferior del gancho superior<\/li>\n<li>coloca la tapa superior sobre la pir\u00e1mide<\/li>\n<\/ol>\n<h2>Manual<\/h2>\n<p>Descarga <a href=\"https:\/\/drive.google.com\/file\/d\/1YpC2HFKyWBXUvzjVJUbfqLCL-ZvlfqI4\/view?usp=sharing\">el manual aqu\u00ed<\/a>.<\/p>\n<h2>Hecho a mano<\/h2>\n<p>La pir\u00e1mide de meditaci\u00f3n est\u00e1 hecha a mano, por lo que son posibles peque\u00f1as desviaciones de tama\u00f1o. Como resultado, es posible que los tubos de conexi\u00f3n no se deslicen tan f\u00e1cilmente en los conectores. En este caso, es aconsejable presionar los tubos en los conectores lo m\u00e1s profundamente posible con un movimiento giratorio. La pir\u00e1mide est\u00e1 dise\u00f1ada para que todos los tubos de conexi\u00f3n puedan encajar perfectamente en las piezas de las esquinas y en la pieza superior.<\/p>\n","protected":false},"excerpt":{"rendered":"<p><strong>\u2714 pir\u00e1mide de meditaci\u00f3n completa de 140 cm de altura<\/strong><br \/>\n<strong>\u2714 promueve meditaciones m\u00e1s profundas<\/strong><br \/>\n<strong>\u2714 refuerza el campo magn\u00e9tico de la Tierra<\/strong><br \/>\n<strong>\u2714 efectos percibidos: relajaci\u00f3n, equilibrio, calma, protecci\u00f3n y bienestar<\/strong><br \/>\n<strong>\u2714 otras sensaciones: ligero hormigueo, calor, ausencia de est\u00edmulos externos y mayores niveles de energ\u00eda.<\/strong><br \/>\n<strong>\u2714 dise\u00f1ado seg\u00fan las dimensiones de Cheops (efecto de resonancia)<\/strong><br \/>\n<strong>\u2714 completo con tubos, conectores y herramientas de instalaci\u00f3n<\/strong><br \/>\n<strong>\u2714 se puede montar en 2 tama\u00f1os: mediano (77 cm de altura, superficie de suelo 121 x 121 cm) y grande (140 cm de altura, superficie de suelo 220 x 220 cm)<\/strong><br \/>\n<strong>\u2714 f\u00e1cil de montar<\/strong><br \/>\n<strong>\u2714 incluida la pir\u00e1mide superior compacta y la bola org\u00f3nica<\/strong><\/p>\n","protected":false},"featured_media":5746,"comment_status":"open","ping_status":"closed","template":"","meta":[],"product_brand":[],"product_cat":[954,1035,951],"product_tag":[],"class_list":{"0":"post-4427","1":"product","2":"type-product","3":"status-publish","4":"has-post-thumbnail","6":"product_cat-frecuencias","7":"product_cat-piramide-de-meditacion","8":"product_cat-productos","10":"first","11":"instock","12":"taxable","13":"shipping-taxable","14":"purchasable","15":"product-type-simple"},"yoast_head":"<!-- This site is optimized with the Yoast SEO Premium plugin v23.6 (Yoast SEO v27.2) - https:\/\/yoast.com\/product\/yoast-seo-premium-wordpress\/ -->\n<title>Pir\u00e1mide de meditaci\u00f3n | Aumenta tu bienestar y energ\u00eda | Phipower - Phipower<\/title>\n<meta name=\"description\" content=\"\u2714 pir\u00e1mide de meditaci\u00f3n completa \u2714 promueve meditaciones m\u00e1s profundas \u2714 refuerza el campo magn\u00e9tico terrestre \u2714 genera relajaci\u00f3n, equilibrio, tranquilidad y bienestar\" \/>\n<meta name=\"robots\" content=\"index, follow, max-snippet:-1, max-image-preview:large, max-video-preview:-1\" \/>\n<link rel=\"canonical\" href=\"https:\/\/phipower.org\/es\/producto\/piramide-de-meditacion\/\" \/>\n<meta property=\"og:locale\" content=\"es_ES\" \/>\n<meta property=\"og:type\" content=\"article\" \/>\n<meta property=\"og:title\" content=\"Pir\u00e1mide de meditaci\u00f3n | Aumenta tu bienestar y energ\u00eda | Phipower\" \/>\n<meta property=\"og:description\" content=\"\u2714 pir\u00e1mide de meditaci\u00f3n completa \u2714 promueve meditaciones m\u00e1s profundas \u2714 refuerza el campo magn\u00e9tico terrestre \u2714 genera relajaci\u00f3n, equilibrio, tranquilidad y bienestar\" \/>\n<meta property=\"og:url\" content=\"https:\/\/phipower.org\/es\/producto\/piramide-de-meditacion\/\" \/>\n<meta property=\"og:site_name\" content=\"Phipower\" \/>\n<meta property=\"article:publisher\" content=\"https:\/\/www.facebook.com\/phipowertools\/\" \/>\n<meta property=\"article:modified_time\" content=\"2026-04-21T12:33:31+00:00\" \/>\n<meta property=\"og:image\" content=\"https:\/\/phipower.org\/wp-content\/uploads\/2018\/09\/photo-1-36-1.jpg\" \/>\n\t<meta property=\"og:image:width\" content=\"750\" \/>\n\t<meta property=\"og:image:height\" content=\"750\" \/>\n\t<meta property=\"og:image:type\" content=\"image\/jpeg\" \/>\n<meta name=\"twitter:card\" content=\"summary_large_image\" \/>\n<meta name=\"twitter:site\" content=\"@phipower1\" \/>\n<meta name=\"twitter:label1\" content=\"Precio\" \/>\n\t<meta name=\"twitter:data1\" content=\"&euro;299,00\" \/>\n\t<meta name=\"twitter:label2\" content=\"Disponibilidad\" \/>\n\t<meta name=\"twitter:data2\" content=\"Disponible\" \/>\n<script type=\"application\/ld+json\" class=\"yoast-schema-graph\">{\"@context\":\"https:\/\/schema.org\",\"@graph\":[{\"@type\":\"WebPage\",\"@id\":\"https:\/\/phipower.org\/es\/producto\/piramide-de-meditacion\/\",\"url\":\"https:\/\/phipower.org\/es\/producto\/piramide-de-meditacion\/\",\"name\":\"Pir\u00e1mide de meditaci\u00f3n | Aumenta tu bienestar y energ\u00eda | Phipower - Phipower\",\"isPartOf\":{\"@id\":\"https:\/\/phipower.org\/es\/#website\"},\"primaryImageOfPage\":{\"@id\":\"https:\/\/phipower.org\/es\/producto\/piramide-de-meditacion\/#primaryimage\"},\"image\":{\"@id\":\"https:\/\/phipower.org\/es\/producto\/piramide-de-meditacion\/#primaryimage\"},\"thumbnailUrl\":\"https:\/\/phipower.org\/wp-content\/uploads\/2023\/10\/tijn-touber-onder-meditatie-piramide-phipower-2.jpg\",\"datePublished\":\"2023-10-20T13:51:59+00:00\",\"dateModified\":\"2026-04-21T12:33:31+00:00\",\"description\":\"\u2714 pir\u00e1mide de meditaci\u00f3n completa \u2714 promueve meditaciones m\u00e1s profundas \u2714 refuerza el campo magn\u00e9tico terrestre \u2714 genera relajaci\u00f3n, equilibrio, tranquilidad y bienestar\",\"breadcrumb\":{\"@id\":\"https:\/\/phipower.org\/es\/producto\/piramide-de-meditacion\/#breadcrumb\"},\"inLanguage\":\"es\",\"potentialAction\":[{\"@type\":\"ReadAction\",\"target\":[\"https:\/\/phipower.org\/es\/producto\/piramide-de-meditacion\/\"]}]},{\"@type\":\"ImageObject\",\"inLanguage\":\"es\",\"@id\":\"https:\/\/phipower.org\/es\/producto\/piramide-de-meditacion\/#primaryimage\",\"url\":\"https:\/\/phipower.org\/wp-content\/uploads\/2023\/10\/tijn-touber-onder-meditatie-piramide-phipower-2.jpg\",\"contentUrl\":\"https:\/\/phipower.org\/wp-content\/uploads\/2023\/10\/tijn-touber-onder-meditatie-piramide-phipower-2.jpg\",\"width\":1200,\"height\":1600},{\"@type\":\"BreadcrumbList\",\"@id\":\"https:\/\/phipower.org\/es\/producto\/piramide-de-meditacion\/#breadcrumb\",\"itemListElement\":[{\"@type\":\"ListItem\",\"position\":1,\"name\":\"Home\",\"item\":\"https:\/\/phipower.org\/es\/\"},{\"@type\":\"ListItem\",\"position\":2,\"name\":\"Shop\",\"item\":\"https:\/\/phipower.org\/shop\/\"},{\"@type\":\"ListItem\",\"position\":3,\"name\":\"Pir\u00e1mide de meditaci\u00f3n | Aumenta tu bienestar y energ\u00eda | Phipower\"}]},{\"@type\":\"WebSite\",\"@id\":\"https:\/\/phipower.org\/es\/#website\",\"url\":\"https:\/\/phipower.org\/es\/\",\"name\":\"Phipower: innovatieve gezondheidsproducten\",\"description\":\"innovatieve gezondheidsproducten\",\"publisher\":{\"@id\":\"https:\/\/phipower.org\/es\/#organization\"},\"potentialAction\":[{\"@type\":\"SearchAction\",\"target\":{\"@type\":\"EntryPoint\",\"urlTemplate\":\"https:\/\/phipower.org\/es\/?s={search_term_string}\"},\"query-input\":{\"@type\":\"PropertyValueSpecification\",\"valueRequired\":true,\"valueName\":\"search_term_string\"}}],\"inLanguage\":\"es\"},{\"@type\":\"Organization\",\"@id\":\"https:\/\/phipower.org\/es\/#organization\",\"name\":\"Phipower\",\"url\":\"https:\/\/phipower.org\/es\/\",\"logo\":{\"@type\":\"ImageObject\",\"inLanguage\":\"es\",\"@id\":\"https:\/\/phipower.org\/es\/#\/schema\/logo\/image\/\",\"url\":\"https:\/\/phipower.org\/wp-content\/uploads\/2019\/06\/z-logo-RGB-wit-power.png\",\"contentUrl\":\"https:\/\/phipower.org\/wp-content\/uploads\/2019\/06\/z-logo-RGB-wit-power.png\",\"width\":3273,\"height\":1389,\"caption\":\"Phipower\"},\"image\":{\"@id\":\"https:\/\/phipower.org\/es\/#\/schema\/logo\/image\/\"},\"sameAs\":[\"https:\/\/www.facebook.com\/phipowertools\/\",\"https:\/\/x.com\/phipower1\",\"https:\/\/www.tiktok.com\/@phipowerhealth\"]}]}<\/script>\n<meta property=\"product:price:amount\" content=\"299.00\" \/>\n<meta property=\"product:price:currency\" content=\"EUR\" \/>\n<meta property=\"og:availability\" content=\"instock\" \/>\n<meta property=\"product:availability\" content=\"instock\" \/>\n<meta property=\"product:retailer_item_id\" content=\"7806140071381\" \/>\n<meta property=\"product:condition\" content=\"new\" \/>\n<!-- \/ Yoast SEO Premium plugin. -->","yoast_head_json":{"title":"Pir\u00e1mide de meditaci\u00f3n | Aumenta tu bienestar y energ\u00eda | Phipower - Phipower","description":"\u2714 pir\u00e1mide de meditaci\u00f3n completa \u2714 promueve meditaciones m\u00e1s profundas \u2714 refuerza el campo magn\u00e9tico terrestre \u2714 genera relajaci\u00f3n, equilibrio, tranquilidad y bienestar","robots":{"index":"index","follow":"follow","max-snippet":"max-snippet:-1","max-image-preview":"max-image-preview:large","max-video-preview":"max-video-preview:-1"},"canonical":"https:\/\/phipower.org\/es\/producto\/piramide-de-meditacion\/","og_locale":"es_ES","og_type":"article","og_title":"Pir\u00e1mide de meditaci\u00f3n | Aumenta tu bienestar y energ\u00eda | Phipower","og_description":"\u2714 pir\u00e1mide de meditaci\u00f3n completa \u2714 promueve meditaciones m\u00e1s profundas \u2714 refuerza el campo magn\u00e9tico terrestre \u2714 genera relajaci\u00f3n, equilibrio, tranquilidad y bienestar","og_url":"https:\/\/phipower.org\/es\/producto\/piramide-de-meditacion\/","og_site_name":"Phipower","article_publisher":"https:\/\/www.facebook.com\/phipowertools\/","article_modified_time":"2026-04-21T12:33:31+00:00","og_image":[{"width":750,"height":750,"url":"https:\/\/phipower.org\/wp-content\/uploads\/2018\/09\/photo-1-36-1.jpg","type":"image\/jpeg"}],"twitter_card":"summary_large_image","twitter_site":"@phipower1","twitter_misc":{"Precio":"&euro;299,00","Disponibilidad":"Disponible"},"schema":{"@context":"https:\/\/schema.org","@graph":[{"@type":"WebPage","@id":"https:\/\/phipower.org\/es\/producto\/piramide-de-meditacion\/","url":"https:\/\/phipower.org\/es\/producto\/piramide-de-meditacion\/","name":"Pir\u00e1mide de meditaci\u00f3n | Aumenta tu bienestar y energ\u00eda | Phipower - Phipower","isPartOf":{"@id":"https:\/\/phipower.org\/es\/#website"},"primaryImageOfPage":{"@id":"https:\/\/phipower.org\/es\/producto\/piramide-de-meditacion\/#primaryimage"},"image":{"@id":"https:\/\/phipower.org\/es\/producto\/piramide-de-meditacion\/#primaryimage"},"thumbnailUrl":"https:\/\/phipower.org\/wp-content\/uploads\/2023\/10\/tijn-touber-onder-meditatie-piramide-phipower-2.jpg","datePublished":"2023-10-20T13:51:59+00:00","dateModified":"2026-04-21T12:33:31+00:00","description":"\u2714 pir\u00e1mide de meditaci\u00f3n completa \u2714 promueve meditaciones m\u00e1s profundas \u2714 refuerza el campo magn\u00e9tico terrestre \u2714 genera relajaci\u00f3n, equilibrio, tranquilidad y bienestar","breadcrumb":{"@id":"https:\/\/phipower.org\/es\/producto\/piramide-de-meditacion\/#breadcrumb"},"inLanguage":"es","potentialAction":[{"@type":"ReadAction","target":["https:\/\/phipower.org\/es\/producto\/piramide-de-meditacion\/"]}]},{"@type":"ImageObject","inLanguage":"es","@id":"https:\/\/phipower.org\/es\/producto\/piramide-de-meditacion\/#primaryimage","url":"https:\/\/phipower.org\/wp-content\/uploads\/2023\/10\/tijn-touber-onder-meditatie-piramide-phipower-2.jpg","contentUrl":"https:\/\/phipower.org\/wp-content\/uploads\/2023\/10\/tijn-touber-onder-meditatie-piramide-phipower-2.jpg","width":1200,"height":1600},{"@type":"BreadcrumbList","@id":"https:\/\/phipower.org\/es\/producto\/piramide-de-meditacion\/#breadcrumb","itemListElement":[{"@type":"ListItem","position":1,"name":"Home","item":"https:\/\/phipower.org\/es\/"},{"@type":"ListItem","position":2,"name":"Shop","item":"https:\/\/phipower.org\/shop\/"},{"@type":"ListItem","position":3,"name":"Pir\u00e1mide de meditaci\u00f3n | Aumenta tu bienestar y energ\u00eda | Phipower"}]},{"@type":"WebSite","@id":"https:\/\/phipower.org\/es\/#website","url":"https:\/\/phipower.org\/es\/","name":"Phipower: innovatieve gezondheidsproducten","description":"innovatieve gezondheidsproducten","publisher":{"@id":"https:\/\/phipower.org\/es\/#organization"},"potentialAction":[{"@type":"SearchAction","target":{"@type":"EntryPoint","urlTemplate":"https:\/\/phipower.org\/es\/?s={search_term_string}"},"query-input":{"@type":"PropertyValueSpecification","valueRequired":true,"valueName":"search_term_string"}}],"inLanguage":"es"},{"@type":"Organization","@id":"https:\/\/phipower.org\/es\/#organization","name":"Phipower","url":"https:\/\/phipower.org\/es\/","logo":{"@type":"ImageObject","inLanguage":"es","@id":"https:\/\/phipower.org\/es\/#\/schema\/logo\/image\/","url":"https:\/\/phipower.org\/wp-content\/uploads\/2019\/06\/z-logo-RGB-wit-power.png","contentUrl":"https:\/\/phipower.org\/wp-content\/uploads\/2019\/06\/z-logo-RGB-wit-power.png","width":3273,"height":1389,"caption":"Phipower"},"image":{"@id":"https:\/\/phipower.org\/es\/#\/schema\/logo\/image\/"},"sameAs":["https:\/\/www.facebook.com\/phipowertools\/","https:\/\/x.com\/phipower1","https:\/\/www.tiktok.com\/@phipowerhealth"]}]},"product_price_amount":"299.00","product_price_currency":"EUR","og_availability":"instock","product_availability":"instock","product_retailer_item_id":"7806140071381","product_condition":"new"},"_links":{"self":[{"href":"https:\/\/phipower.org\/es\/wp-json\/wp\/v2\/product\/4427","targetHints":{"allow":["GET"]}}],"collection":[{"href":"https:\/\/phipower.org\/es\/wp-json\/wp\/v2\/product"}],"about":[{"href":"https:\/\/phipower.org\/es\/wp-json\/wp\/v2\/types\/product"}],"replies":[{"embeddable":true,"href":"https:\/\/phipower.org\/es\/wp-json\/wp\/v2\/comments?post=4427"}],"wp:featuredmedia":[{"embeddable":true,"href":"https:\/\/phipower.org\/es\/wp-json\/wp\/v2\/media\/5746"}],"wp:attachment":[{"href":"https:\/\/phipower.org\/es\/wp-json\/wp\/v2\/media?parent=4427"}],"wp:term":[{"taxonomy":"product_brand","embeddable":true,"href":"https:\/\/phipower.org\/es\/wp-json\/wp\/v2\/product_brand?post=4427"},{"taxonomy":"product_cat","embeddable":true,"href":"https:\/\/phipower.org\/es\/wp-json\/wp\/v2\/product_cat?post=4427"},{"taxonomy":"product_tag","embeddable":true,"href":"https:\/\/phipower.org\/es\/wp-json\/wp\/v2\/product_tag?post=4427"}],"curies":[{"name":"wp","href":"https:\/\/api.w.org\/{rel}","templated":true}]}}