{"id":3400,"date":"2023-02-21T17:46:49","date_gmt":"2023-02-21T17:46:49","guid":{"rendered":"https:\/\/phipower.org\/product\/canula-nasal-para-inhalador-de-gas-hidrogeno-h2-300-ml-min-phipower\/"},"modified":"2026-04-16T14:19:47","modified_gmt":"2026-04-16T14:19:47","slug":"canula-nasal-para-inhalador-de-gas-hidrogeno-h2-300-ml-min-phipower","status":"publish","type":"product","link":"https:\/\/phipower.org\/es\/product\/canula-nasal-para-inhalador-de-gas-hidrogeno-h2-300-ml-min-phipower\/","title":{"rendered":"C\u00e1nula nasal para inhalador o generador de gas hidr\u00f3geno H2 | Phipower"},"content":{"rendered":"<h1>C\u00e1nula nasal para inhalador o generador de gas hidr\u00f3geno H2<\/h1>\n<p><strong>\u2714 c\u00e1nula nasal de hidr\u00f3geno (H2 ) gaseoso con colector de agua<\/strong><br \/>\n<strong>\u2714 se conecta f\u00e1cilmente a una de las dos salidas de H2 o a la salida de O2 <a href=\"https:\/\/phipower.org\/es\/?post_type=product&#038;p=3349\">del inhalador de gas hidr\u00f3geno Phipower<\/a><\/strong><br \/>\n<strong>\u2714 tambi\u00e9n puede utilizarse como m\u00f3dulo de inhalaci\u00f3n para el<a href=\"https:\/\/phipower.org\/product\/h2-waterstofgas-generator-inclusief-inhaleer-module-phipower\/\"> generador de gas hidr\u00f3geno Phipower<\/a>.<\/strong><\/p>\n<p><strong>Descripci\u00f3n:<\/strong><br \/>\nEl Hidr\u00f3geno Molecular es el antioxidante m\u00e1s potente del mundo.<\/p>\n<p>El gas hidr\u00f3geno se absorbe f\u00e1cilmente en el organismo, estimula el metabolismo y aumenta la microcirculaci\u00f3n del cuerpo.<\/p>\n<p><a href=\"https:\/\/phipower.org\/h2-waterstofgas-inhalator-phipower\/\">El inhalador de gas hidr\u00f3geno Phipower H2<\/a> dispone de 2 salidas\/canales de gas hidr\u00f3geno, cada uno de los cuales suministra hasta 150 ml de H2 puro (gas hidr\u00f3geno) por minuto.<\/p>\n<p>Esto permite que 2 personas utilicen el inhalador de hidr\u00f3geno gaseoso al mismo tiempo.<\/p>\n<p>Mediante la pieza en Y y las mangueras de acoplamiento suministradas, tambi\u00e9n es posible unir las dos salidas de gas hidr\u00f3geno en un canal. Esto permite aumentar la salida de gas hidr\u00f3geno para una persona individual a 300 ml por minuto.<\/p>\n<p>Adem\u00e1s, hay una salida\/canal independiente para ox\u00edgeno puro (O2) de hasta 150 ml por minuto.<\/p>\n<p>La c\u00e1nula nasal de gas hidr\u00f3geno (H2 ) con colector de agua se conecta f\u00e1cilmente a una de las dos salidas de H2 (hidr\u00f3geno) o a la salida de O2 (ox\u00edgeno) del <a href=\"https:\/\/phipower.org\/h2-waterstofgas-inhalator-phipower\/\">inhalador de gas hidr\u00f3geno Phipower<\/a>.<\/p>\n<p>Adem\u00e1s, la c\u00e1nula nasal tambi\u00e9n puede utilizarse para acoplarse al <a href=\"https:\/\/phipower.org\/product\/h2-waterstofgas-generator-inclusief-inhaleer-module-phipower\/\">generador de gas hidr\u00f3geno Phipower<\/a>, que tambi\u00e9n tiene capacidad de inhalaci\u00f3n.<\/p>\n<p><strong>Mantenimiento:<\/strong><br \/>\nSustituye la c\u00e1nula nasal tras aprox. 6-12 meses de uso<\/p>\n<p><strong>Manual:<\/strong><\/p>\n<p>Descargar <strong><a href=\"https:\/\/drive.google.com\/file\/d\/1SrhM46BOpZAWFCvnT3g3A_dRkqHLPqLf\/view?usp=sharing\">aqu\u00ed<\/a> <\/strong>el manual.<\/p>\n<p>Para m\u00e1s informaci\u00f3n sobre el potencial del hidr\u00f3geno molecular, consulte <a href=\"https:\/\/www.ncbi.nlm.nih.gov\/pmc\/articles\/PMC3257754\/\">este enlace web<\/a>.<\/p>\n","protected":false},"excerpt":{"rendered":"<p><strong>\u2714 c\u00e1nula nasal para gas hidr\u00f3geno (H2) con colector de agua<\/strong><br \/>\n<strong>\u2714 f\u00e1cil de conectar a una de las dos salidas de H2 del inhalador de hidr\u00f3geno<\/strong><\/p>\n","protected":false},"featured_media":3401,"comment_status":"open","ping_status":"closed","template":"","meta":[],"product_brand":[],"product_cat":[957,952,951,953],"product_tag":[],"class_list":{"0":"post-3400","1":"product","2":"type-product","3":"status-publish","4":"has-post-thumbnail","6":"product_cat-generador-de-gas-hidrogeno","7":"product_cat-inhalador-de-gas-hidrogeno","8":"product_cat-productos","9":"product_cat-tratamiento-del-agua","10":"product_shipping_class-0-2-kg","12":"first","13":"instock","14":"taxable","15":"shipping-taxable","16":"purchasable","17":"product-type-simple"},"yoast_head":"<!-- This site is optimized with the Yoast SEO Premium plugin v23.6 (Yoast SEO v27.2) - https:\/\/yoast.com\/product\/yoast-seo-premium-wordpress\/ -->\n<title>C\u00e1nula nasal para inhalador o generador de gas hidr\u00f3geno H2 | Phipower - Phipower<\/title>\n<meta name=\"description\" content=\"\u2714 c\u00e1nula nasal para inhalador de gas hidr\u00f3geno H2 de Phipower \u2714 el hidr\u00f3geno es un potente antioxidante \u2714 nutre el cuerpo a nivel celular \u2714 da m\u00e1s energ\u00eda\" \/>\n<meta name=\"robots\" content=\"index, follow, max-snippet:-1, max-image-preview:large, max-video-preview:-1\" \/>\n<link rel=\"canonical\" href=\"https:\/\/phipower.org\/es\/product\/canula-nasal-para-inhalador-de-gas-hidrogeno-h2-300-ml-min-phipower\/\" \/>\n<meta property=\"og:locale\" content=\"es_ES\" \/>\n<meta property=\"og:type\" content=\"article\" \/>\n<meta property=\"og:title\" content=\"C\u00e1nula nasal para inhalador o generador de gas hidr\u00f3geno H2 | Phipower\" \/>\n<meta property=\"og:description\" content=\"\u2714 c\u00e1nula nasal para inhalador de gas hidr\u00f3geno H2 de Phipower \u2714 el hidr\u00f3geno es un potente antioxidante \u2714 nutre el cuerpo a nivel celular \u2714 da m\u00e1s energ\u00eda\" \/>\n<meta property=\"og:url\" content=\"https:\/\/phipower.org\/es\/product\/canula-nasal-para-inhalador-de-gas-hidrogeno-h2-300-ml-min-phipower\/\" \/>\n<meta property=\"og:site_name\" content=\"Phipower\" \/>\n<meta property=\"article:publisher\" content=\"https:\/\/www.facebook.com\/phipowertools\/\" \/>\n<meta property=\"article:modified_time\" content=\"2026-04-16T14:19:47+00:00\" \/>\n<meta property=\"og:image\" content=\"https:\/\/phipower.org\/wp-content\/uploads\/2021\/09\/waterstofgas-inhaler-inhalator-H2-O2-300ml-H2-generator-medisch-apparaat-phipower-zijkant-1.jpg\" \/>\n\t<meta property=\"og:image:width\" content=\"1200\" \/>\n\t<meta property=\"og:image:height\" content=\"1200\" \/>\n\t<meta property=\"og:image:type\" content=\"image\/jpeg\" \/>\n<meta name=\"twitter:card\" content=\"summary_large_image\" \/>\n<meta name=\"twitter:site\" content=\"@phipower1\" \/>\n<meta name=\"twitter:label1\" content=\"Precio\" \/>\n\t<meta name=\"twitter:data1\" content=\"&euro;29,00\" \/>\n\t<meta name=\"twitter:label2\" content=\"Disponibilidad\" \/>\n\t<meta name=\"twitter:data2\" content=\"Disponible\" \/>\n<script type=\"application\/ld+json\" class=\"yoast-schema-graph\">{\"@context\":\"https:\/\/schema.org\",\"@graph\":[{\"@type\":\"WebPage\",\"@id\":\"https:\/\/phipower.org\/es\/product\/canula-nasal-para-inhalador-de-gas-hidrogeno-h2-300-ml-min-phipower\/\",\"url\":\"https:\/\/phipower.org\/es\/product\/canula-nasal-para-inhalador-de-gas-hidrogeno-h2-300-ml-min-phipower\/\",\"name\":\"C\u00e1nula nasal para inhalador o generador de gas hidr\u00f3geno H2 | Phipower - Phipower\",\"isPartOf\":{\"@id\":\"https:\/\/phipower.org\/es\/#website\"},\"primaryImageOfPage\":{\"@id\":\"https:\/\/phipower.org\/es\/product\/canula-nasal-para-inhalador-de-gas-hidrogeno-h2-300-ml-min-phipower\/#primaryimage\"},\"image\":{\"@id\":\"https:\/\/phipower.org\/es\/product\/canula-nasal-para-inhalador-de-gas-hidrogeno-h2-300-ml-min-phipower\/#primaryimage\"},\"thumbnailUrl\":\"https:\/\/phipower.org\/wp-content\/uploads\/2023\/02\/Neus-canule-waterstof-gas-inhalator-inhaleren-slang-neus.jpg\",\"datePublished\":\"2023-02-21T17:46:49+00:00\",\"dateModified\":\"2026-04-16T14:19:47+00:00\",\"description\":\"\u2714 c\u00e1nula nasal para inhalador de gas hidr\u00f3geno H2 de Phipower \u2714 el hidr\u00f3geno es un potente antioxidante \u2714 nutre el cuerpo a nivel celular \u2714 da m\u00e1s energ\u00eda\",\"breadcrumb\":{\"@id\":\"https:\/\/phipower.org\/es\/product\/canula-nasal-para-inhalador-de-gas-hidrogeno-h2-300-ml-min-phipower\/#breadcrumb\"},\"inLanguage\":\"es\",\"potentialAction\":[{\"@type\":\"ReadAction\",\"target\":[\"https:\/\/phipower.org\/es\/product\/canula-nasal-para-inhalador-de-gas-hidrogeno-h2-300-ml-min-phipower\/\"]}]},{\"@type\":\"ImageObject\",\"inLanguage\":\"es\",\"@id\":\"https:\/\/phipower.org\/es\/product\/canula-nasal-para-inhalador-de-gas-hidrogeno-h2-300-ml-min-phipower\/#primaryimage\",\"url\":\"https:\/\/phipower.org\/wp-content\/uploads\/2023\/02\/Neus-canule-waterstof-gas-inhalator-inhaleren-slang-neus.jpg\",\"contentUrl\":\"https:\/\/phipower.org\/wp-content\/uploads\/2023\/02\/Neus-canule-waterstof-gas-inhalator-inhaleren-slang-neus.jpg\",\"width\":1200,\"height\":1200},{\"@type\":\"BreadcrumbList\",\"@id\":\"https:\/\/phipower.org\/es\/product\/canula-nasal-para-inhalador-de-gas-hidrogeno-h2-300-ml-min-phipower\/#breadcrumb\",\"itemListElement\":[{\"@type\":\"ListItem\",\"position\":1,\"name\":\"Home\",\"item\":\"https:\/\/phipower.org\/es\/\"},{\"@type\":\"ListItem\",\"position\":2,\"name\":\"Tienda\",\"item\":\"https:\/\/phipower.org\/es\/tienda\/\"},{\"@type\":\"ListItem\",\"position\":3,\"name\":\"C\u00e1nula nasal para inhalador o generador de gas hidr\u00f3geno H2 | Phipower\"}]},{\"@type\":\"WebSite\",\"@id\":\"https:\/\/phipower.org\/es\/#website\",\"url\":\"https:\/\/phipower.org\/es\/\",\"name\":\"Phipower: innovatieve gezondheidsproducten\",\"description\":\"innovatieve gezondheidsproducten\",\"publisher\":{\"@id\":\"https:\/\/phipower.org\/es\/#organization\"},\"potentialAction\":[{\"@type\":\"SearchAction\",\"target\":{\"@type\":\"EntryPoint\",\"urlTemplate\":\"https:\/\/phipower.org\/es\/?s={search_term_string}\"},\"query-input\":{\"@type\":\"PropertyValueSpecification\",\"valueRequired\":true,\"valueName\":\"search_term_string\"}}],\"inLanguage\":\"es\"},{\"@type\":\"Organization\",\"@id\":\"https:\/\/phipower.org\/es\/#organization\",\"name\":\"Phipower\",\"url\":\"https:\/\/phipower.org\/es\/\",\"logo\":{\"@type\":\"ImageObject\",\"inLanguage\":\"es\",\"@id\":\"https:\/\/phipower.org\/es\/#\/schema\/logo\/image\/\",\"url\":\"https:\/\/phipower.org\/wp-content\/uploads\/2019\/06\/z-logo-RGB-wit-power.png\",\"contentUrl\":\"https:\/\/phipower.org\/wp-content\/uploads\/2019\/06\/z-logo-RGB-wit-power.png\",\"width\":3273,\"height\":1389,\"caption\":\"Phipower\"},\"image\":{\"@id\":\"https:\/\/phipower.org\/es\/#\/schema\/logo\/image\/\"},\"sameAs\":[\"https:\/\/www.facebook.com\/phipowertools\/\",\"https:\/\/x.com\/phipower1\",\"https:\/\/www.tiktok.com\/@phipowerhealth\"]}]}<\/script>\n<meta property=\"product:price:amount\" content=\"29.00\" \/>\n<meta property=\"product:price:currency\" content=\"EUR\" \/>\n<meta property=\"og:availability\" content=\"instock\" \/>\n<meta property=\"product:availability\" content=\"instock\" \/>\n<meta property=\"product:retailer_item_id\" content=\"8719324436854\" \/>\n<meta property=\"product:condition\" content=\"new\" \/>\n<!-- \/ Yoast SEO Premium plugin. -->","yoast_head_json":{"title":"C\u00e1nula nasal para inhalador o generador de gas hidr\u00f3geno H2 | Phipower - Phipower","description":"\u2714 c\u00e1nula nasal para inhalador de gas hidr\u00f3geno H2 de Phipower \u2714 el hidr\u00f3geno es un potente antioxidante \u2714 nutre el cuerpo a nivel celular \u2714 da m\u00e1s energ\u00eda","robots":{"index":"index","follow":"follow","max-snippet":"max-snippet:-1","max-image-preview":"max-image-preview:large","max-video-preview":"max-video-preview:-1"},"canonical":"https:\/\/phipower.org\/es\/product\/canula-nasal-para-inhalador-de-gas-hidrogeno-h2-300-ml-min-phipower\/","og_locale":"es_ES","og_type":"article","og_title":"C\u00e1nula nasal para inhalador o generador de gas hidr\u00f3geno H2 | Phipower","og_description":"\u2714 c\u00e1nula nasal para inhalador de gas hidr\u00f3geno H2 de Phipower \u2714 el hidr\u00f3geno es un potente antioxidante \u2714 nutre el cuerpo a nivel celular \u2714 da m\u00e1s energ\u00eda","og_url":"https:\/\/phipower.org\/es\/product\/canula-nasal-para-inhalador-de-gas-hidrogeno-h2-300-ml-min-phipower\/","og_site_name":"Phipower","article_publisher":"https:\/\/www.facebook.com\/phipowertools\/","article_modified_time":"2026-04-16T14:19:47+00:00","og_image":[{"width":1200,"height":1200,"url":"https:\/\/phipower.org\/wp-content\/uploads\/2021\/09\/waterstofgas-inhaler-inhalator-H2-O2-300ml-H2-generator-medisch-apparaat-phipower-zijkant-1.jpg","type":"image\/jpeg"}],"twitter_card":"summary_large_image","twitter_site":"@phipower1","twitter_misc":{"Precio":"&euro;29,00","Disponibilidad":"Disponible"},"schema":{"@context":"https:\/\/schema.org","@graph":[{"@type":"WebPage","@id":"https:\/\/phipower.org\/es\/product\/canula-nasal-para-inhalador-de-gas-hidrogeno-h2-300-ml-min-phipower\/","url":"https:\/\/phipower.org\/es\/product\/canula-nasal-para-inhalador-de-gas-hidrogeno-h2-300-ml-min-phipower\/","name":"C\u00e1nula nasal para inhalador o generador de gas hidr\u00f3geno H2 | Phipower - Phipower","isPartOf":{"@id":"https:\/\/phipower.org\/es\/#website"},"primaryImageOfPage":{"@id":"https:\/\/phipower.org\/es\/product\/canula-nasal-para-inhalador-de-gas-hidrogeno-h2-300-ml-min-phipower\/#primaryimage"},"image":{"@id":"https:\/\/phipower.org\/es\/product\/canula-nasal-para-inhalador-de-gas-hidrogeno-h2-300-ml-min-phipower\/#primaryimage"},"thumbnailUrl":"https:\/\/phipower.org\/wp-content\/uploads\/2023\/02\/Neus-canule-waterstof-gas-inhalator-inhaleren-slang-neus.jpg","datePublished":"2023-02-21T17:46:49+00:00","dateModified":"2026-04-16T14:19:47+00:00","description":"\u2714 c\u00e1nula nasal para inhalador de gas hidr\u00f3geno H2 de Phipower \u2714 el hidr\u00f3geno es un potente antioxidante \u2714 nutre el cuerpo a nivel celular \u2714 da m\u00e1s energ\u00eda","breadcrumb":{"@id":"https:\/\/phipower.org\/es\/product\/canula-nasal-para-inhalador-de-gas-hidrogeno-h2-300-ml-min-phipower\/#breadcrumb"},"inLanguage":"es","potentialAction":[{"@type":"ReadAction","target":["https:\/\/phipower.org\/es\/product\/canula-nasal-para-inhalador-de-gas-hidrogeno-h2-300-ml-min-phipower\/"]}]},{"@type":"ImageObject","inLanguage":"es","@id":"https:\/\/phipower.org\/es\/product\/canula-nasal-para-inhalador-de-gas-hidrogeno-h2-300-ml-min-phipower\/#primaryimage","url":"https:\/\/phipower.org\/wp-content\/uploads\/2023\/02\/Neus-canule-waterstof-gas-inhalator-inhaleren-slang-neus.jpg","contentUrl":"https:\/\/phipower.org\/wp-content\/uploads\/2023\/02\/Neus-canule-waterstof-gas-inhalator-inhaleren-slang-neus.jpg","width":1200,"height":1200},{"@type":"BreadcrumbList","@id":"https:\/\/phipower.org\/es\/product\/canula-nasal-para-inhalador-de-gas-hidrogeno-h2-300-ml-min-phipower\/#breadcrumb","itemListElement":[{"@type":"ListItem","position":1,"name":"Home","item":"https:\/\/phipower.org\/es\/"},{"@type":"ListItem","position":2,"name":"Tienda","item":"https:\/\/phipower.org\/es\/tienda\/"},{"@type":"ListItem","position":3,"name":"C\u00e1nula nasal para inhalador o generador de gas hidr\u00f3geno H2 | Phipower"}]},{"@type":"WebSite","@id":"https:\/\/phipower.org\/es\/#website","url":"https:\/\/phipower.org\/es\/","name":"Phipower: innovatieve gezondheidsproducten","description":"innovatieve gezondheidsproducten","publisher":{"@id":"https:\/\/phipower.org\/es\/#organization"},"potentialAction":[{"@type":"SearchAction","target":{"@type":"EntryPoint","urlTemplate":"https:\/\/phipower.org\/es\/?s={search_term_string}"},"query-input":{"@type":"PropertyValueSpecification","valueRequired":true,"valueName":"search_term_string"}}],"inLanguage":"es"},{"@type":"Organization","@id":"https:\/\/phipower.org\/es\/#organization","name":"Phipower","url":"https:\/\/phipower.org\/es\/","logo":{"@type":"ImageObject","inLanguage":"es","@id":"https:\/\/phipower.org\/es\/#\/schema\/logo\/image\/","url":"https:\/\/phipower.org\/wp-content\/uploads\/2019\/06\/z-logo-RGB-wit-power.png","contentUrl":"https:\/\/phipower.org\/wp-content\/uploads\/2019\/06\/z-logo-RGB-wit-power.png","width":3273,"height":1389,"caption":"Phipower"},"image":{"@id":"https:\/\/phipower.org\/es\/#\/schema\/logo\/image\/"},"sameAs":["https:\/\/www.facebook.com\/phipowertools\/","https:\/\/x.com\/phipower1","https:\/\/www.tiktok.com\/@phipowerhealth"]}]},"product_price_amount":"29.00","product_price_currency":"EUR","og_availability":"instock","product_availability":"instock","product_retailer_item_id":"8719324436854","product_condition":"new"},"_links":{"self":[{"href":"https:\/\/phipower.org\/es\/wp-json\/wp\/v2\/product\/3400","targetHints":{"allow":["GET"]}}],"collection":[{"href":"https:\/\/phipower.org\/es\/wp-json\/wp\/v2\/product"}],"about":[{"href":"https:\/\/phipower.org\/es\/wp-json\/wp\/v2\/types\/product"}],"replies":[{"embeddable":true,"href":"https:\/\/phipower.org\/es\/wp-json\/wp\/v2\/comments?post=3400"}],"wp:featuredmedia":[{"embeddable":true,"href":"https:\/\/phipower.org\/es\/wp-json\/wp\/v2\/media\/3401"}],"wp:attachment":[{"href":"https:\/\/phipower.org\/es\/wp-json\/wp\/v2\/media?parent=3400"}],"wp:term":[{"taxonomy":"product_brand","embeddable":true,"href":"https:\/\/phipower.org\/es\/wp-json\/wp\/v2\/product_brand?post=3400"},{"taxonomy":"product_cat","embeddable":true,"href":"https:\/\/phipower.org\/es\/wp-json\/wp\/v2\/product_cat?post=3400"},{"taxonomy":"product_tag","embeddable":true,"href":"https:\/\/phipower.org\/es\/wp-json\/wp\/v2\/product_tag?post=3400"}],"curies":[{"name":"wp","href":"https:\/\/api.w.org\/{rel}","templated":true}]}}