{"id":3398,"date":"2023-02-20T23:00:07","date_gmt":"2023-02-20T23:00:07","guid":{"rendered":"https:\/\/phipower.org\/product\/filtro-para-generador-de-agua-alcalina-filtro-de-carbon-activo-phipower\/"},"modified":"2026-04-16T14:20:14","modified_gmt":"2026-04-16T14:20:14","slug":"filtro-para-generador-de-agua-basico-filtro-activo-de-carbono-phipower","status":"publish","type":"product","link":"https:\/\/phipower.org\/es\/producto\/filtro-para-generador-de-agua-basico-filtro-activo-de-carbono-phipower\/","title":{"rendered":"Filtro para generador de agua alcalina | Filtro de carb\u00f3n activo | Phipower"},"content":{"rendered":"<h1>Filtro para generador de agua alcalina | Filtro de carb\u00f3n activo | Phipower<\/h1>\n<p><strong>\u2714 filtro de carb\u00f3n activado para generador de agua alcalina<\/strong><br \/>\n<strong>\u2714 eliminaci\u00f3n eficaz de residuos no deseados en el agua del grifo<\/strong><br \/>\n<strong>\u2714 bueno para 6.000 litros de agua pura<\/strong><br \/>\n<strong>\u2714 f\u00e1cil de conectar<\/strong><\/p>\n<p><strong>Descripci\u00f3n<\/strong><br \/>\nCon este filtro para el <a href=\"https:\/\/phipower.org\/basisch-water-generator-water-ionisator-en-filter-phipower\/\">generador\/ionizador de agua alcalina Phipower<\/a> se pueden filtrar y purificar hasta 6.000 litros de agua del grifo.<\/p>\n<p>El filtro es f\u00e1cil de sustituir y colocar.<\/p>\n<p>El filtro est\u00e1 compuesto por carb\u00f3n activo de alta calidad y, no obstante, garantiza un caudal excelente.<\/p>\n<p>El filtro es resistente a los productos qu\u00edmicos y elimina eficazmente la contaminaci\u00f3n org\u00e1nica, los residuos de cloro y otras sustancias no deseadas del agua del grifo.<\/p>\n<p>Consulte las instrucciones siguientes para fijar el filtro en el <a href=\"https:\/\/phipower.org\/basisch-water-generator-water-ionisator-en-filter-phipower\/\">generador de agua alcalina Phipower.<\/a><\/p>\n<p><strong>Manual:<\/strong><br \/>\n<a href=\"https:\/\/drive.google.com\/file\/d\/1LgJxYq90kNtR8mVIcBDpfvjp4uzo5-n2\/view?usp=sharing\">Descargue el manual aqu\u00ed<\/a><\/p>\n","protected":false},"excerpt":{"rendered":"<p><strong>\u2714 filtro de carb\u00f3n activo para <a href=\"https:\/\/phipower.org\/basisch-water-generator-water-ionisator-en-filter-phipower\/\">generador de agua alcalina<\/a><\/strong><br \/>\n<strong>\u2714 eliminaci\u00f3n eficaz de residuos no deseados en el agua del grifo<\/strong><br \/>\n<strong>\u2714 apto para 6.000 litros de agua pura<\/strong><br \/>\n<strong>\u2714 f\u00e1cil de conectar<\/strong><\/p>\n","protected":false},"featured_media":3399,"comment_status":"open","ping_status":"closed","template":"","meta":[],"product_brand":[],"product_cat":[956,951,953],"product_tag":[],"class_list":{"0":"post-3398","1":"product","2":"type-product","3":"status-publish","4":"has-post-thumbnail","6":"product_cat-generador-de-agua-alcalina","7":"product_cat-productos","8":"product_cat-tratamiento-del-agua","9":"product_shipping_class-0-2-kg","11":"first","12":"instock","13":"taxable","14":"shipping-taxable","15":"purchasable","16":"product-type-simple"},"yoast_head":"<!-- This site is optimized with the Yoast SEO Premium plugin v23.6 (Yoast SEO v27.2) - https:\/\/yoast.com\/product\/yoast-seo-premium-wordpress\/ -->\n<title>Filtro para generador de agua alcalina | Filtro de carb\u00f3n activo | Phipower - Phipower<\/title>\n<meta name=\"description\" content=\"\u2714filtro de carb\u00f3n activo para generador de agua alcalina \u2714eliminaci\u00f3n eficaz de residuos no deseados en el agua del grifo \u2714bueno para 6.000 litros de agua purificada\" \/>\n<meta name=\"robots\" content=\"index, follow, max-snippet:-1, max-image-preview:large, max-video-preview:-1\" \/>\n<link rel=\"canonical\" href=\"https:\/\/phipower.org\/es\/producto\/filtro-para-generador-de-agua-basico-filtro-activo-de-carbono-phipower\/\" \/>\n<meta property=\"og:locale\" content=\"es_ES\" \/>\n<meta property=\"og:type\" content=\"article\" \/>\n<meta property=\"og:title\" content=\"Filtro para generador de agua alcalina | Filtro de carb\u00f3n activo | Phipower\" \/>\n<meta property=\"og:description\" content=\"\u2714filtro de carb\u00f3n activo para generador de agua alcalina \u2714eliminaci\u00f3n eficaz de residuos no deseados en el agua del grifo \u2714bueno para 6.000 litros de agua purificada\" \/>\n<meta property=\"og:url\" content=\"https:\/\/phipower.org\/es\/producto\/filtro-para-generador-de-agua-basico-filtro-activo-de-carbono-phipower\/\" \/>\n<meta property=\"og:site_name\" content=\"Phipower\" \/>\n<meta property=\"article:publisher\" content=\"https:\/\/www.facebook.com\/phipowertools\/\" \/>\n<meta property=\"article:modified_time\" content=\"2026-04-16T14:20:14+00:00\" \/>\n<meta property=\"og:image\" content=\"https:\/\/phipower.org\/wp-content\/uploads\/2021\/09\/waterstofgas-inhaler-inhalator-H2-O2-300ml-H2-generator-medisch-apparaat-phipower-zijkant-1.jpg\" \/>\n\t<meta property=\"og:image:width\" content=\"1200\" \/>\n\t<meta property=\"og:image:height\" content=\"1200\" \/>\n\t<meta property=\"og:image:type\" content=\"image\/jpeg\" \/>\n<meta name=\"twitter:card\" content=\"summary_large_image\" \/>\n<meta name=\"twitter:site\" content=\"@phipower1\" \/>\n<meta name=\"twitter:label1\" content=\"Precio\" \/>\n\t<meta name=\"twitter:data1\" content=\"&euro;69,00\" \/>\n\t<meta name=\"twitter:label2\" content=\"Disponibilidad\" \/>\n\t<meta name=\"twitter:data2\" content=\"Disponible\" \/>\n<script type=\"application\/ld+json\" class=\"yoast-schema-graph\">{\"@context\":\"https:\/\/schema.org\",\"@graph\":[{\"@type\":\"WebPage\",\"@id\":\"https:\/\/phipower.org\/es\/producto\/filtro-para-generador-de-agua-basico-filtro-activo-de-carbono-phipower\/\",\"url\":\"https:\/\/phipower.org\/es\/producto\/filtro-para-generador-de-agua-basico-filtro-activo-de-carbono-phipower\/\",\"name\":\"Filtro para generador de agua alcalina | Filtro de carb\u00f3n activo | Phipower - Phipower\",\"isPartOf\":{\"@id\":\"https:\/\/phipower.org\/es\/#website\"},\"primaryImageOfPage\":{\"@id\":\"https:\/\/phipower.org\/es\/producto\/filtro-para-generador-de-agua-basico-filtro-activo-de-carbono-phipower\/#primaryimage\"},\"image\":{\"@id\":\"https:\/\/phipower.org\/es\/producto\/filtro-para-generador-de-agua-basico-filtro-activo-de-carbono-phipower\/#primaryimage\"},\"thumbnailUrl\":\"https:\/\/phipower.org\/wp-content\/uploads\/2023\/02\/Filter-voor-basisch-water-generator-Actief-koolstoffilter-Phipower-voorkant.jpg\",\"datePublished\":\"2023-02-20T23:00:07+00:00\",\"dateModified\":\"2026-04-16T14:20:14+00:00\",\"description\":\"\u2714filtro de carb\u00f3n activo para generador de agua alcalina \u2714eliminaci\u00f3n eficaz de residuos no deseados en el agua del grifo \u2714bueno para 6.000 litros de agua purificada\",\"breadcrumb\":{\"@id\":\"https:\/\/phipower.org\/es\/producto\/filtro-para-generador-de-agua-basico-filtro-activo-de-carbono-phipower\/#breadcrumb\"},\"inLanguage\":\"es\",\"potentialAction\":[{\"@type\":\"ReadAction\",\"target\":[\"https:\/\/phipower.org\/es\/producto\/filtro-para-generador-de-agua-basico-filtro-activo-de-carbono-phipower\/\"]}]},{\"@type\":\"ImageObject\",\"inLanguage\":\"es\",\"@id\":\"https:\/\/phipower.org\/es\/producto\/filtro-para-generador-de-agua-basico-filtro-activo-de-carbono-phipower\/#primaryimage\",\"url\":\"https:\/\/phipower.org\/wp-content\/uploads\/2023\/02\/Filter-voor-basisch-water-generator-Actief-koolstoffilter-Phipower-voorkant.jpg\",\"contentUrl\":\"https:\/\/phipower.org\/wp-content\/uploads\/2023\/02\/Filter-voor-basisch-water-generator-Actief-koolstoffilter-Phipower-voorkant.jpg\",\"width\":1200,\"height\":1200},{\"@type\":\"BreadcrumbList\",\"@id\":\"https:\/\/phipower.org\/es\/producto\/filtro-para-generador-de-agua-basico-filtro-activo-de-carbono-phipower\/#breadcrumb\",\"itemListElement\":[{\"@type\":\"ListItem\",\"position\":1,\"name\":\"Home\",\"item\":\"https:\/\/phipower.org\/es\/\"},{\"@type\":\"ListItem\",\"position\":2,\"name\":\"Tienda\",\"item\":\"https:\/\/phipower.org\/es\/tienda\/\"},{\"@type\":\"ListItem\",\"position\":3,\"name\":\"Filtro para generador de agua alcalina | Filtro de carb\u00f3n activo | Phipower\"}]},{\"@type\":\"WebSite\",\"@id\":\"https:\/\/phipower.org\/es\/#website\",\"url\":\"https:\/\/phipower.org\/es\/\",\"name\":\"Phipower: innovatieve gezondheidsproducten\",\"description\":\"innovatieve gezondheidsproducten\",\"publisher\":{\"@id\":\"https:\/\/phipower.org\/es\/#organization\"},\"potentialAction\":[{\"@type\":\"SearchAction\",\"target\":{\"@type\":\"EntryPoint\",\"urlTemplate\":\"https:\/\/phipower.org\/es\/?s={search_term_string}\"},\"query-input\":{\"@type\":\"PropertyValueSpecification\",\"valueRequired\":true,\"valueName\":\"search_term_string\"}}],\"inLanguage\":\"es\"},{\"@type\":\"Organization\",\"@id\":\"https:\/\/phipower.org\/es\/#organization\",\"name\":\"Phipower\",\"url\":\"https:\/\/phipower.org\/es\/\",\"logo\":{\"@type\":\"ImageObject\",\"inLanguage\":\"es\",\"@id\":\"https:\/\/phipower.org\/es\/#\/schema\/logo\/image\/\",\"url\":\"https:\/\/phipower.org\/wp-content\/uploads\/2019\/06\/z-logo-RGB-wit-power.png\",\"contentUrl\":\"https:\/\/phipower.org\/wp-content\/uploads\/2019\/06\/z-logo-RGB-wit-power.png\",\"width\":3273,\"height\":1389,\"caption\":\"Phipower\"},\"image\":{\"@id\":\"https:\/\/phipower.org\/es\/#\/schema\/logo\/image\/\"},\"sameAs\":[\"https:\/\/www.facebook.com\/phipowertools\/\",\"https:\/\/x.com\/phipower1\",\"https:\/\/www.tiktok.com\/@phipowerhealth\"]}]}<\/script>\n<meta property=\"product:price:amount\" content=\"69.00\" \/>\n<meta property=\"product:price:currency\" content=\"EUR\" \/>\n<meta property=\"og:availability\" content=\"instock\" \/>\n<meta property=\"product:availability\" content=\"instock\" \/>\n<meta property=\"product:retailer_item_id\" content=\"7806140071411\" \/>\n<meta property=\"product:condition\" content=\"new\" \/>\n<!-- \/ Yoast SEO Premium plugin. -->","yoast_head_json":{"title":"Filtro para generador de agua alcalina | Filtro de carb\u00f3n activo | Phipower - Phipower","description":"\u2714filtro de carb\u00f3n activo para generador de agua alcalina \u2714eliminaci\u00f3n eficaz de residuos no deseados en el agua del grifo \u2714bueno para 6.000 litros de agua purificada","robots":{"index":"index","follow":"follow","max-snippet":"max-snippet:-1","max-image-preview":"max-image-preview:large","max-video-preview":"max-video-preview:-1"},"canonical":"https:\/\/phipower.org\/es\/producto\/filtro-para-generador-de-agua-basico-filtro-activo-de-carbono-phipower\/","og_locale":"es_ES","og_type":"article","og_title":"Filtro para generador de agua alcalina | Filtro de carb\u00f3n activo | Phipower","og_description":"\u2714filtro de carb\u00f3n activo para generador de agua alcalina \u2714eliminaci\u00f3n eficaz de residuos no deseados en el agua del grifo \u2714bueno para 6.000 litros de agua purificada","og_url":"https:\/\/phipower.org\/es\/producto\/filtro-para-generador-de-agua-basico-filtro-activo-de-carbono-phipower\/","og_site_name":"Phipower","article_publisher":"https:\/\/www.facebook.com\/phipowertools\/","article_modified_time":"2026-04-16T14:20:14+00:00","og_image":[{"width":1200,"height":1200,"url":"https:\/\/phipower.org\/wp-content\/uploads\/2021\/09\/waterstofgas-inhaler-inhalator-H2-O2-300ml-H2-generator-medisch-apparaat-phipower-zijkant-1.jpg","type":"image\/jpeg"}],"twitter_card":"summary_large_image","twitter_site":"@phipower1","twitter_misc":{"Precio":"&euro;69,00","Disponibilidad":"Disponible"},"schema":{"@context":"https:\/\/schema.org","@graph":[{"@type":"WebPage","@id":"https:\/\/phipower.org\/es\/producto\/filtro-para-generador-de-agua-basico-filtro-activo-de-carbono-phipower\/","url":"https:\/\/phipower.org\/es\/producto\/filtro-para-generador-de-agua-basico-filtro-activo-de-carbono-phipower\/","name":"Filtro para generador de agua alcalina | Filtro de carb\u00f3n activo | Phipower - Phipower","isPartOf":{"@id":"https:\/\/phipower.org\/es\/#website"},"primaryImageOfPage":{"@id":"https:\/\/phipower.org\/es\/producto\/filtro-para-generador-de-agua-basico-filtro-activo-de-carbono-phipower\/#primaryimage"},"image":{"@id":"https:\/\/phipower.org\/es\/producto\/filtro-para-generador-de-agua-basico-filtro-activo-de-carbono-phipower\/#primaryimage"},"thumbnailUrl":"https:\/\/phipower.org\/wp-content\/uploads\/2023\/02\/Filter-voor-basisch-water-generator-Actief-koolstoffilter-Phipower-voorkant.jpg","datePublished":"2023-02-20T23:00:07+00:00","dateModified":"2026-04-16T14:20:14+00:00","description":"\u2714filtro de carb\u00f3n activo para generador de agua alcalina \u2714eliminaci\u00f3n eficaz de residuos no deseados en el agua del grifo \u2714bueno para 6.000 litros de agua purificada","breadcrumb":{"@id":"https:\/\/phipower.org\/es\/producto\/filtro-para-generador-de-agua-basico-filtro-activo-de-carbono-phipower\/#breadcrumb"},"inLanguage":"es","potentialAction":[{"@type":"ReadAction","target":["https:\/\/phipower.org\/es\/producto\/filtro-para-generador-de-agua-basico-filtro-activo-de-carbono-phipower\/"]}]},{"@type":"ImageObject","inLanguage":"es","@id":"https:\/\/phipower.org\/es\/producto\/filtro-para-generador-de-agua-basico-filtro-activo-de-carbono-phipower\/#primaryimage","url":"https:\/\/phipower.org\/wp-content\/uploads\/2023\/02\/Filter-voor-basisch-water-generator-Actief-koolstoffilter-Phipower-voorkant.jpg","contentUrl":"https:\/\/phipower.org\/wp-content\/uploads\/2023\/02\/Filter-voor-basisch-water-generator-Actief-koolstoffilter-Phipower-voorkant.jpg","width":1200,"height":1200},{"@type":"BreadcrumbList","@id":"https:\/\/phipower.org\/es\/producto\/filtro-para-generador-de-agua-basico-filtro-activo-de-carbono-phipower\/#breadcrumb","itemListElement":[{"@type":"ListItem","position":1,"name":"Home","item":"https:\/\/phipower.org\/es\/"},{"@type":"ListItem","position":2,"name":"Tienda","item":"https:\/\/phipower.org\/es\/tienda\/"},{"@type":"ListItem","position":3,"name":"Filtro para generador de agua alcalina | Filtro de carb\u00f3n activo | Phipower"}]},{"@type":"WebSite","@id":"https:\/\/phipower.org\/es\/#website","url":"https:\/\/phipower.org\/es\/","name":"Phipower: innovatieve gezondheidsproducten","description":"innovatieve gezondheidsproducten","publisher":{"@id":"https:\/\/phipower.org\/es\/#organization"},"potentialAction":[{"@type":"SearchAction","target":{"@type":"EntryPoint","urlTemplate":"https:\/\/phipower.org\/es\/?s={search_term_string}"},"query-input":{"@type":"PropertyValueSpecification","valueRequired":true,"valueName":"search_term_string"}}],"inLanguage":"es"},{"@type":"Organization","@id":"https:\/\/phipower.org\/es\/#organization","name":"Phipower","url":"https:\/\/phipower.org\/es\/","logo":{"@type":"ImageObject","inLanguage":"es","@id":"https:\/\/phipower.org\/es\/#\/schema\/logo\/image\/","url":"https:\/\/phipower.org\/wp-content\/uploads\/2019\/06\/z-logo-RGB-wit-power.png","contentUrl":"https:\/\/phipower.org\/wp-content\/uploads\/2019\/06\/z-logo-RGB-wit-power.png","width":3273,"height":1389,"caption":"Phipower"},"image":{"@id":"https:\/\/phipower.org\/es\/#\/schema\/logo\/image\/"},"sameAs":["https:\/\/www.facebook.com\/phipowertools\/","https:\/\/x.com\/phipower1","https:\/\/www.tiktok.com\/@phipowerhealth"]}]},"product_price_amount":"69.00","product_price_currency":"EUR","og_availability":"instock","product_availability":"instock","product_retailer_item_id":"7806140071411","product_condition":"new"},"_links":{"self":[{"href":"https:\/\/phipower.org\/es\/wp-json\/wp\/v2\/product\/3398","targetHints":{"allow":["GET"]}}],"collection":[{"href":"https:\/\/phipower.org\/es\/wp-json\/wp\/v2\/product"}],"about":[{"href":"https:\/\/phipower.org\/es\/wp-json\/wp\/v2\/types\/product"}],"replies":[{"embeddable":true,"href":"https:\/\/phipower.org\/es\/wp-json\/wp\/v2\/comments?post=3398"}],"wp:featuredmedia":[{"embeddable":true,"href":"https:\/\/phipower.org\/es\/wp-json\/wp\/v2\/media\/3399"}],"wp:attachment":[{"href":"https:\/\/phipower.org\/es\/wp-json\/wp\/v2\/media?parent=3398"}],"wp:term":[{"taxonomy":"product_brand","embeddable":true,"href":"https:\/\/phipower.org\/es\/wp-json\/wp\/v2\/product_brand?post=3398"},{"taxonomy":"product_cat","embeddable":true,"href":"https:\/\/phipower.org\/es\/wp-json\/wp\/v2\/product_cat?post=3398"},{"taxonomy":"product_tag","embeddable":true,"href":"https:\/\/phipower.org\/es\/wp-json\/wp\/v2\/product_tag?post=3398"}],"curies":[{"name":"wp","href":"https:\/\/api.w.org\/{rel}","templated":true}]}}