{"id":3380,"date":"2022-07-14T09:43:45","date_gmt":"2022-07-14T09:43:45","guid":{"rendered":"https:\/\/phipower.org\/product\/generador-de-agua-alcalina-ionizador-y-purificador-de-agua-filtro-de-carbon-activo-phipower\/"},"modified":"2026-04-23T10:48:45","modified_gmt":"2026-04-23T10:48:45","slug":"generador-de-agua-alcalina-ionizador-y-purificador-de-agua-filtro-de-carbon-activo-phipower","status":"publish","type":"product","link":"https:\/\/phipower.org\/es\/producto\/generador-de-agua-alcalina-ionizador-y-purificador-de-agua-filtro-de-carbon-activo-phipower\/","title":{"rendered":"Generador de agua alcalina | Ionizador y purificador de agua | Filtro de carb\u00f3n activo | Phipower"},"content":{"rendered":"<div class=\"video video-fit mb\" style=\"padding-top:56.25%;\"><p><iframe title=\"PhiPower water ionizer machine Installation and review!\" width=\"1020\" height=\"574\" src=\"https:\/\/www.youtube.com\/embed\/aNatLvHHil0?feature=oembed\" frameborder=\"0\" allow=\"accelerometer; autoplay; clipboard-write; encrypted-media; gyroscope; picture-in-picture; web-share\" allowfullscreen><\/iframe><\/p>\n<\/div>\n<h1>Generador de agua alcalina | Ionizador y purificador de agua | Filtro de carb\u00f3n activo | Phipower<\/h1>\n<p><strong>\u2714 convierte el agua del grifo en agua alcalina purificada<\/strong><br \/>\n<strong>\u2714 f\u00e1cil de conectar<\/strong><br \/>\n<strong>\u2714 varias posiciones posibles<\/strong><br \/>\n<strong>\u2714 agua purificada (pH 7,0)<\/strong><br \/>\n<strong>\u2714 agua potable (pH 7,5 &#8211; 8,5)<\/strong><br \/>\n<strong>\u2714 agua de cocci\u00f3n (pH 8,0 &#8211; 9,0)<\/strong><br \/>\n<strong>\u2714 agua de limpieza (pH 9,0 &#8211; 10,5)<\/strong><br \/>\n<strong>\u2714 agua de la piel (ligeramente \u00e1cida: pH 5,0 &#8211; 6,5)<\/strong><br \/>\n<strong>\u2714 agua \u00e1cida para desinfecci\u00f3n (pH 3,5 &#8211; 5,5)<\/strong><br \/>\n<strong>\u2714 con filtro de carb\u00f3n activo para 6.000 litros de agua<\/strong><\/p>\n<p><strong>Descripci\u00f3n<\/strong><br \/>\nCon este generador\/ionizador de agua alcalina, el agua del grifo se filtra y luego se lleva al valor de pH deseado mediante electr\u00f3lisis.<\/p>\n<p>Aqu\u00ed, el flujo de agua se separa en un componente \u00e1cido y otro alcalino\/alcalino.<br \/>\nAqu\u00ed son posibles hasta 7 calidades de agua.<\/p>\n<p>Se seleccionan f\u00e1cilmente mediante las teclas t\u00e1ctiles del panel frontal.<\/p>\n<p>La pantalla muestra el valor de pH seleccionado, el caudal, el valor Redox y la vida \u00fatil restante del filtro (en litros).<\/p>\n<p>La calidad de agua deseada se dirige hacia el exterior a trav\u00e9s del ca\u00f1o flexible.<\/p>\n<p>La otra parte del agua (= agua residual) se drena a trav\u00e9s del adaptador del grifo.<\/p>\n<p>La electr\u00f3lisis se realiza a trav\u00e9s de 5 placas de titanio recubiertas de platino de alta calidad.<\/p>\n<p>Cuando el ionizador de agua se conecta al grifo, se genera agua alcalina est\u00e1ndar de nivel 2 (pH 8,0 ~ 9,0).<\/p>\n<p>A continuaci\u00f3n, se pueden seleccionar distintos modos con diferentes calidades de agua.<\/p>\n<p>Cada modo est\u00e1 apoyado por una m\u00fasica de fondo y una voz que indica qu\u00e9 calidad de agua se ha elegido.<\/p>\n<p>El ionizador de agua puede generar las siguientes calidades de agua:<\/p>\n<p><strong>Agua alcalina nivel 1 (pH 7,5 ~ 8,5)<\/strong><br \/>\nPara personas que empiezan a beber agua alcalina<br \/>\nEquilibra el pH interno y mejora la absorci\u00f3n de minerales<\/p>\n<p><strong>Agua b\u00e1sica nivel 2 (pH 8,0 ~ 9,0)<\/strong><br \/>\nPara cocer arroz y fideos, conserva el sabor natural durante m\u00e1s tiempo<br \/>\nPara beber a diario despu\u00e9s del primer uso nivel 1<br \/>\nPara preparar t\u00e9 o caf\u00e9 (reduce el amargor y mejora el sabor)<\/p>\n<p><strong>Agua b\u00e1sica de nivel 3 (pH 8,5 ~ 10,0)<\/strong><br \/>\nPara consumo diario avanzado<\/p>\n<p><strong>Agua b\u00e1sica de nivel 4 (pH 9,0 ~ 10,5)<\/strong><br \/>\nPara remojar\/enjuagar verduras\/frutas, carne y pescado<br \/>\nPara reducir los pesticidas en verduras y frutas<br \/>\nPara reducir el olor y los malos sabores en la carne y el pescado<br \/>\nPara conservar los nutrientes y el sabor al cocinar verduras<\/p>\n<p><strong>Agua purificada (pH 7,0)<\/strong><br \/>\nPurificada mediante filtro de carb\u00f3n de alta calidad<br \/>\nApta como agua para la alimentaci\u00f3n con biber\u00f3n<\/p>\n<p><strong>Nivel 1 de agua \u00e1cida (pH 5,0 ~ 6,5)<\/strong><br \/>\n<em>Nota: Sin agua potable<\/em><br \/>\nPara limpiar la cara y la piel<br \/>\nEl agua se aproxima al valor pH de la piel<br \/>\nIdeal para lavar la piel sensible<br \/>\nLimpia los poros de la piel<br \/>\nFavorece el brillo del cabello<br \/>\nAdecuado como after shave natural<\/p>\n<p><strong>Agua \u00e1cida nivel 2 (pH 3,5 ~ 5,5)<\/strong><br \/>\n<em>Nota: No contiene agua potable<\/em><br \/>\nAdecuado para limpiar platos y suelos<br \/>\nElimina los residuos de productos qu\u00edmicos en frutas y verduras<\/p>\n<p><strong>El paquete consta de:<\/strong><br \/>\n1 x Generador\/ionizador de agua b\u00e1sico<br \/>\n1 x Boquilla<br \/>\n1 x Manguera de agua<br \/>\n1 x Adaptador para grifo<br \/>\n1 x Soporte de pared<br \/>\n1 x Arandelas de goma y conector<br \/>\n1 x Cable de alimentaci\u00f3n<br \/>\n1 x Manual<\/p>\n<p><strong>Especificaciones:<\/strong><\/p>\n<ul>\n<li>5 x Electrodos de titanio con revestimiento de platino<\/li>\n<li>Consumo: de 5 a 90 W<\/li>\n<li>Consumo en espera: 1 W<\/li>\n<li>Caudal: 0,8 &#8211; 3,5 litros\/minuto<\/li>\n<li>Caudal \u00f3ptimo: 2 &#8211; 3 litros\/minuto<\/li>\n<li>Capacidad del filtro: aprox. 6000 litros<\/li>\n<li>Intervalo de pH: 3,5 &#8211; 10,5<\/li>\n<li>Rango de ORP: +60 ~ 500mV<\/li>\n<li>Temperatura del agua entrante: inferior a 45 \u00b0C<\/li>\n<li>Tama\u00f1o del producto: 25,8 x 17 x 11 cm<\/li>\n<li>Peso neto: 1,5 kg<\/li>\n<\/ul>\n<p><strong>Manual:<\/strong><br \/>\n<a href=\"https:\/\/drive.google.com\/file\/d\/1LgJxYq90kNtR8mVIcBDpfvjp4uzo5-n2\/view?usp=sharing\">Descargue el manual aqu\u00ed<\/a><\/p>\n<div class=\"video video-fit mb\" style=\"padding-top:56.25%;\"><p><iframe title=\"Why a water ionizer?\" width=\"1020\" height=\"574\" src=\"https:\/\/www.youtube.com\/embed\/PtWQMON4VM8?feature=oembed\" frameborder=\"0\" allow=\"accelerometer; autoplay; clipboard-write; encrypted-media; gyroscope; picture-in-picture; web-share\" allowfullscreen><\/iframe><\/p>\n<\/div>\n","protected":false},"excerpt":{"rendered":"<p><strong>\u2714 convierte el agua del grifo en agua alcalina purificada<\/strong><br \/>\n<strong>\u2714 f\u00e1cil de conectar<\/strong><br \/>\n<strong>\u2714 agua purificada (pH 7,0)<\/strong><br \/>\n<strong>\u2714 agua potable (pH 7,5 &#8211; 8,5)<\/strong><br \/>\n<strong>\u2714 agua de cocci\u00f3n (pH 8,0 &#8211; 9,0)<\/strong><br \/>\n<strong>\u2714 agua de limpieza (pH 9,0 &#8211; 10,5)<\/strong><br \/>\n<strong>\u2714 agua de la piel (ligeramente \u00e1cida: pH 5,0 &#8211; 6,5)<\/strong><br \/>\n<strong>\u2714 agua \u00e1cida para desinfecci\u00f3n (pH 3,5 &#8211; 5,5)<\/strong><br \/>\n<strong>\u2714 con filtro de carb\u00f3n activo para 6.000 litros de agua<\/strong><\/p>\n","protected":false},"featured_media":10425,"comment_status":"open","ping_status":"closed","template":"","meta":[],"product_brand":[],"product_cat":[956,951,953],"product_tag":[],"class_list":{"0":"post-3380","1":"product","2":"type-product","3":"status-publish","4":"has-post-thumbnail","6":"product_cat-generador-de-agua-alcalina","7":"product_cat-productos","8":"product_cat-tratamiento-del-agua","9":"product_shipping_class-2-5-kg","11":"first","12":"instock","13":"taxable","14":"shipping-taxable","15":"purchasable","16":"product-type-simple"},"yoast_head":"<!-- This site is optimized with the Yoast SEO Premium plugin v23.6 (Yoast SEO v27.2) - https:\/\/yoast.com\/product\/yoast-seo-premium-wordpress\/ -->\n<title>Generador de agua alcalina | para una hidrataci\u00f3n con pH equilibrado | Phipower<\/title>\n<meta name=\"description\" content=\"\u2714 convierte el agua del grifo en agua alcalina purificada \u2714 f\u00e1cil de conectar \u2714 varios ajustes posibles \u2714 agua purificada (pH 7,0) \u2714 agua potable (pH 7,5 - 8,5)\" \/>\n<meta name=\"robots\" content=\"index, follow, max-snippet:-1, max-image-preview:large, max-video-preview:-1\" \/>\n<link rel=\"canonical\" href=\"https:\/\/phipower.org\/es\/producto\/generador-de-agua-alcalina-ionizador-y-purificador-de-agua-filtro-de-carbon-activo-phipower\/\" \/>\n<meta property=\"og:locale\" content=\"es_ES\" \/>\n<meta property=\"og:type\" content=\"article\" \/>\n<meta property=\"og:title\" content=\"Generador de agua alcalina | Ionizador y purificador de agua | Filtro de carb\u00f3n activo | Phipower\" \/>\n<meta property=\"og:description\" content=\"\u2714 convierte el agua del grifo en agua alcalina purificada \u2714 f\u00e1cil de conectar \u2714 varios ajustes posibles \u2714 agua purificada (pH 7,0) \u2714 agua potable (pH 7,5 - 8,5)\" \/>\n<meta property=\"og:url\" content=\"https:\/\/phipower.org\/es\/producto\/generador-de-agua-alcalina-ionizador-y-purificador-de-agua-filtro-de-carbon-activo-phipower\/\" \/>\n<meta property=\"og:site_name\" content=\"Phipower\" \/>\n<meta property=\"article:publisher\" content=\"https:\/\/www.facebook.com\/phipowertools\/\" \/>\n<meta property=\"article:modified_time\" content=\"2026-04-23T10:48:45+00:00\" \/>\n<meta property=\"og:image\" content=\"https:\/\/phipower.org\/wp-content\/uploads\/2021\/09\/waterstofgas-inhaler-inhalator-H2-O2-300ml-H2-generator-medisch-apparaat-phipower-zijkant-1.jpg\" \/>\n\t<meta property=\"og:image:width\" content=\"1200\" \/>\n\t<meta property=\"og:image:height\" content=\"1200\" \/>\n\t<meta property=\"og:image:type\" content=\"image\/jpeg\" \/>\n<meta name=\"twitter:card\" content=\"summary_large_image\" \/>\n<meta name=\"twitter:site\" content=\"@phipower1\" \/>\n<meta name=\"twitter:label1\" content=\"Precio\" \/>\n\t<meta name=\"twitter:data1\" content=\"&euro;499,00\" \/>\n\t<meta name=\"twitter:label2\" content=\"Disponibilidad\" \/>\n\t<meta name=\"twitter:data2\" content=\"Disponible\" \/>\n<script type=\"application\/ld+json\" class=\"yoast-schema-graph\">{\"@context\":\"https:\/\/schema.org\",\"@graph\":[{\"@type\":\"WebPage\",\"@id\":\"https:\/\/phipower.org\/es\/producto\/generador-de-agua-alcalina-ionizador-y-purificador-de-agua-filtro-de-carbon-activo-phipower\/\",\"url\":\"https:\/\/phipower.org\/es\/producto\/generador-de-agua-alcalina-ionizador-y-purificador-de-agua-filtro-de-carbon-activo-phipower\/\",\"name\":\"Generador de agua alcalina | para una hidrataci\u00f3n con pH equilibrado | Phipower\",\"isPartOf\":{\"@id\":\"https:\/\/phipower.org\/es\/#website\"},\"primaryImageOfPage\":{\"@id\":\"https:\/\/phipower.org\/es\/producto\/generador-de-agua-alcalina-ionizador-y-purificador-de-agua-filtro-de-carbon-activo-phipower\/#primaryimage\"},\"image\":{\"@id\":\"https:\/\/phipower.org\/es\/producto\/generador-de-agua-alcalina-ionizador-y-purificador-de-agua-filtro-de-carbon-activo-phipower\/#primaryimage\"},\"thumbnailUrl\":\"https:\/\/phipower.org\/wp-content\/uploads\/2022\/07\/Basisch-water-generator-Water-ionisator-en-zuivering-Actief-koolstoffilter-Phipower.webp\",\"datePublished\":\"2022-07-14T09:43:45+00:00\",\"dateModified\":\"2026-04-23T10:48:45+00:00\",\"description\":\"\u2714 convierte el agua del grifo en agua alcalina purificada \u2714 f\u00e1cil de conectar \u2714 varios ajustes posibles \u2714 agua purificada (pH 7,0) \u2714 agua potable (pH 7,5 - 8,5)\",\"breadcrumb\":{\"@id\":\"https:\/\/phipower.org\/es\/producto\/generador-de-agua-alcalina-ionizador-y-purificador-de-agua-filtro-de-carbon-activo-phipower\/#breadcrumb\"},\"inLanguage\":\"es\",\"potentialAction\":[{\"@type\":\"ReadAction\",\"target\":[\"https:\/\/phipower.org\/es\/producto\/generador-de-agua-alcalina-ionizador-y-purificador-de-agua-filtro-de-carbon-activo-phipower\/\"]}]},{\"@type\":\"ImageObject\",\"inLanguage\":\"es\",\"@id\":\"https:\/\/phipower.org\/es\/producto\/generador-de-agua-alcalina-ionizador-y-purificador-de-agua-filtro-de-carbon-activo-phipower\/#primaryimage\",\"url\":\"https:\/\/phipower.org\/wp-content\/uploads\/2022\/07\/Basisch-water-generator-Water-ionisator-en-zuivering-Actief-koolstoffilter-Phipower.webp\",\"contentUrl\":\"https:\/\/phipower.org\/wp-content\/uploads\/2022\/07\/Basisch-water-generator-Water-ionisator-en-zuivering-Actief-koolstoffilter-Phipower.webp\",\"width\":1920,\"height\":1920},{\"@type\":\"BreadcrumbList\",\"@id\":\"https:\/\/phipower.org\/es\/producto\/generador-de-agua-alcalina-ionizador-y-purificador-de-agua-filtro-de-carbon-activo-phipower\/#breadcrumb\",\"itemListElement\":[{\"@type\":\"ListItem\",\"position\":1,\"name\":\"Home\",\"item\":\"https:\/\/phipower.org\/es\/\"},{\"@type\":\"ListItem\",\"position\":2,\"name\":\"Tienda\",\"item\":\"https:\/\/phipower.org\/es\/tienda\/\"},{\"@type\":\"ListItem\",\"position\":3,\"name\":\"Generador de agua alcalina | Ionizador y purificador de agua | Filtro de carb\u00f3n activo | Phipower\"}]},{\"@type\":\"WebSite\",\"@id\":\"https:\/\/phipower.org\/es\/#website\",\"url\":\"https:\/\/phipower.org\/es\/\",\"name\":\"Phipower: innovatieve gezondheidsproducten\",\"description\":\"innovatieve gezondheidsproducten\",\"publisher\":{\"@id\":\"https:\/\/phipower.org\/es\/#organization\"},\"potentialAction\":[{\"@type\":\"SearchAction\",\"target\":{\"@type\":\"EntryPoint\",\"urlTemplate\":\"https:\/\/phipower.org\/es\/?s={search_term_string}\"},\"query-input\":{\"@type\":\"PropertyValueSpecification\",\"valueRequired\":true,\"valueName\":\"search_term_string\"}}],\"inLanguage\":\"es\"},{\"@type\":\"Organization\",\"@id\":\"https:\/\/phipower.org\/es\/#organization\",\"name\":\"Phipower\",\"url\":\"https:\/\/phipower.org\/es\/\",\"logo\":{\"@type\":\"ImageObject\",\"inLanguage\":\"es\",\"@id\":\"https:\/\/phipower.org\/es\/#\/schema\/logo\/image\/\",\"url\":\"https:\/\/phipower.org\/wp-content\/uploads\/2019\/06\/z-logo-RGB-wit-power.png\",\"contentUrl\":\"https:\/\/phipower.org\/wp-content\/uploads\/2019\/06\/z-logo-RGB-wit-power.png\",\"width\":3273,\"height\":1389,\"caption\":\"Phipower\"},\"image\":{\"@id\":\"https:\/\/phipower.org\/es\/#\/schema\/logo\/image\/\"},\"sameAs\":[\"https:\/\/www.facebook.com\/phipowertools\/\",\"https:\/\/x.com\/phipower1\",\"https:\/\/www.tiktok.com\/@phipowerhealth\"]}]}<\/script>\n<meta property=\"product:price:amount\" content=\"499.00\" \/>\n<meta property=\"product:price:currency\" content=\"EUR\" \/>\n<meta property=\"og:availability\" content=\"instock\" \/>\n<meta property=\"product:availability\" content=\"instock\" \/>\n<meta property=\"product:retailer_item_id\" content=\"8719324436915\" \/>\n<meta property=\"product:condition\" content=\"new\" \/>\n<!-- \/ Yoast SEO Premium plugin. -->","yoast_head_json":{"title":"Generador de agua alcalina | para una hidrataci\u00f3n con pH equilibrado | Phipower","description":"\u2714 convierte el agua del grifo en agua alcalina purificada \u2714 f\u00e1cil de conectar \u2714 varios ajustes posibles \u2714 agua purificada (pH 7,0) \u2714 agua potable (pH 7,5 - 8,5)","robots":{"index":"index","follow":"follow","max-snippet":"max-snippet:-1","max-image-preview":"max-image-preview:large","max-video-preview":"max-video-preview:-1"},"canonical":"https:\/\/phipower.org\/es\/producto\/generador-de-agua-alcalina-ionizador-y-purificador-de-agua-filtro-de-carbon-activo-phipower\/","og_locale":"es_ES","og_type":"article","og_title":"Generador de agua alcalina | Ionizador y purificador de agua | Filtro de carb\u00f3n activo | Phipower","og_description":"\u2714 convierte el agua del grifo en agua alcalina purificada \u2714 f\u00e1cil de conectar \u2714 varios ajustes posibles \u2714 agua purificada (pH 7,0) \u2714 agua potable (pH 7,5 - 8,5)","og_url":"https:\/\/phipower.org\/es\/producto\/generador-de-agua-alcalina-ionizador-y-purificador-de-agua-filtro-de-carbon-activo-phipower\/","og_site_name":"Phipower","article_publisher":"https:\/\/www.facebook.com\/phipowertools\/","article_modified_time":"2026-04-23T10:48:45+00:00","og_image":[{"width":1200,"height":1200,"url":"https:\/\/phipower.org\/wp-content\/uploads\/2021\/09\/waterstofgas-inhaler-inhalator-H2-O2-300ml-H2-generator-medisch-apparaat-phipower-zijkant-1.jpg","type":"image\/jpeg"}],"twitter_card":"summary_large_image","twitter_site":"@phipower1","twitter_misc":{"Precio":"&euro;499,00","Disponibilidad":"Disponible"},"schema":{"@context":"https:\/\/schema.org","@graph":[{"@type":"WebPage","@id":"https:\/\/phipower.org\/es\/producto\/generador-de-agua-alcalina-ionizador-y-purificador-de-agua-filtro-de-carbon-activo-phipower\/","url":"https:\/\/phipower.org\/es\/producto\/generador-de-agua-alcalina-ionizador-y-purificador-de-agua-filtro-de-carbon-activo-phipower\/","name":"Generador de agua alcalina | para una hidrataci\u00f3n con pH equilibrado | Phipower","isPartOf":{"@id":"https:\/\/phipower.org\/es\/#website"},"primaryImageOfPage":{"@id":"https:\/\/phipower.org\/es\/producto\/generador-de-agua-alcalina-ionizador-y-purificador-de-agua-filtro-de-carbon-activo-phipower\/#primaryimage"},"image":{"@id":"https:\/\/phipower.org\/es\/producto\/generador-de-agua-alcalina-ionizador-y-purificador-de-agua-filtro-de-carbon-activo-phipower\/#primaryimage"},"thumbnailUrl":"https:\/\/phipower.org\/wp-content\/uploads\/2022\/07\/Basisch-water-generator-Water-ionisator-en-zuivering-Actief-koolstoffilter-Phipower.webp","datePublished":"2022-07-14T09:43:45+00:00","dateModified":"2026-04-23T10:48:45+00:00","description":"\u2714 convierte el agua del grifo en agua alcalina purificada \u2714 f\u00e1cil de conectar \u2714 varios ajustes posibles \u2714 agua purificada (pH 7,0) \u2714 agua potable (pH 7,5 - 8,5)","breadcrumb":{"@id":"https:\/\/phipower.org\/es\/producto\/generador-de-agua-alcalina-ionizador-y-purificador-de-agua-filtro-de-carbon-activo-phipower\/#breadcrumb"},"inLanguage":"es","potentialAction":[{"@type":"ReadAction","target":["https:\/\/phipower.org\/es\/producto\/generador-de-agua-alcalina-ionizador-y-purificador-de-agua-filtro-de-carbon-activo-phipower\/"]}]},{"@type":"ImageObject","inLanguage":"es","@id":"https:\/\/phipower.org\/es\/producto\/generador-de-agua-alcalina-ionizador-y-purificador-de-agua-filtro-de-carbon-activo-phipower\/#primaryimage","url":"https:\/\/phipower.org\/wp-content\/uploads\/2022\/07\/Basisch-water-generator-Water-ionisator-en-zuivering-Actief-koolstoffilter-Phipower.webp","contentUrl":"https:\/\/phipower.org\/wp-content\/uploads\/2022\/07\/Basisch-water-generator-Water-ionisator-en-zuivering-Actief-koolstoffilter-Phipower.webp","width":1920,"height":1920},{"@type":"BreadcrumbList","@id":"https:\/\/phipower.org\/es\/producto\/generador-de-agua-alcalina-ionizador-y-purificador-de-agua-filtro-de-carbon-activo-phipower\/#breadcrumb","itemListElement":[{"@type":"ListItem","position":1,"name":"Home","item":"https:\/\/phipower.org\/es\/"},{"@type":"ListItem","position":2,"name":"Tienda","item":"https:\/\/phipower.org\/es\/tienda\/"},{"@type":"ListItem","position":3,"name":"Generador de agua alcalina | Ionizador y purificador de agua | Filtro de carb\u00f3n activo | Phipower"}]},{"@type":"WebSite","@id":"https:\/\/phipower.org\/es\/#website","url":"https:\/\/phipower.org\/es\/","name":"Phipower: innovatieve gezondheidsproducten","description":"innovatieve gezondheidsproducten","publisher":{"@id":"https:\/\/phipower.org\/es\/#organization"},"potentialAction":[{"@type":"SearchAction","target":{"@type":"EntryPoint","urlTemplate":"https:\/\/phipower.org\/es\/?s={search_term_string}"},"query-input":{"@type":"PropertyValueSpecification","valueRequired":true,"valueName":"search_term_string"}}],"inLanguage":"es"},{"@type":"Organization","@id":"https:\/\/phipower.org\/es\/#organization","name":"Phipower","url":"https:\/\/phipower.org\/es\/","logo":{"@type":"ImageObject","inLanguage":"es","@id":"https:\/\/phipower.org\/es\/#\/schema\/logo\/image\/","url":"https:\/\/phipower.org\/wp-content\/uploads\/2019\/06\/z-logo-RGB-wit-power.png","contentUrl":"https:\/\/phipower.org\/wp-content\/uploads\/2019\/06\/z-logo-RGB-wit-power.png","width":3273,"height":1389,"caption":"Phipower"},"image":{"@id":"https:\/\/phipower.org\/es\/#\/schema\/logo\/image\/"},"sameAs":["https:\/\/www.facebook.com\/phipowertools\/","https:\/\/x.com\/phipower1","https:\/\/www.tiktok.com\/@phipowerhealth"]}]},"product_price_amount":"499.00","product_price_currency":"EUR","og_availability":"instock","product_availability":"instock","product_retailer_item_id":"8719324436915","product_condition":"new"},"_links":{"self":[{"href":"https:\/\/phipower.org\/es\/wp-json\/wp\/v2\/product\/3380","targetHints":{"allow":["GET"]}}],"collection":[{"href":"https:\/\/phipower.org\/es\/wp-json\/wp\/v2\/product"}],"about":[{"href":"https:\/\/phipower.org\/es\/wp-json\/wp\/v2\/types\/product"}],"replies":[{"embeddable":true,"href":"https:\/\/phipower.org\/es\/wp-json\/wp\/v2\/comments?post=3380"}],"wp:featuredmedia":[{"embeddable":true,"href":"https:\/\/phipower.org\/es\/wp-json\/wp\/v2\/media\/10425"}],"wp:attachment":[{"href":"https:\/\/phipower.org\/es\/wp-json\/wp\/v2\/media?parent=3380"}],"wp:term":[{"taxonomy":"product_brand","embeddable":true,"href":"https:\/\/phipower.org\/es\/wp-json\/wp\/v2\/product_brand?post=3380"},{"taxonomy":"product_cat","embeddable":true,"href":"https:\/\/phipower.org\/es\/wp-json\/wp\/v2\/product_cat?post=3380"},{"taxonomy":"product_tag","embeddable":true,"href":"https:\/\/phipower.org\/es\/wp-json\/wp\/v2\/product_tag?post=3380"}],"curies":[{"name":"wp","href":"https:\/\/api.w.org\/{rel}","templated":true}]}}