{"id":3350,"date":"2020-05-19T11:54:46","date_gmt":"2020-05-19T11:54:46","guid":{"rendered":"https:\/\/phipower.org\/product\/lampara-de-terapia-de-luz-roja-deep-red-nir-phipower\/"},"modified":"2026-04-03T12:43:43","modified_gmt":"2026-04-03T12:43:43","slug":"lampara-de-fototerapia-de-luz-roja","status":"publish","type":"product","link":"https:\/\/phipower.org\/es\/producto\/lampara-de-fototerapia-de-luz-roja\/","title":{"rendered":"L\u00e1mpara de Terapia de Luz Roja | Rojo Profundo\/NIR | Estimula la producci\u00f3n de col\u00e1geno | Phipower"},"content":{"rendered":"<div class=\"video video-fit mb\" style=\"padding-top:56.25%;\"><p><iframe title=\"New: Red Light Therapy Lamp | Deep Red\/NIR | Phipower\" width=\"1020\" height=\"574\" src=\"https:\/\/www.youtube.com\/embed\/CW7sz97KcRw?feature=oembed\" frameborder=\"0\" allow=\"accelerometer; autoplay; clipboard-write; encrypted-media; gyroscope; picture-in-picture; web-share\" allowfullscreen><\/iframe><\/p>\n<\/div>\n<h1>L\u00e1mpara de terapia de luz roja | Phipower<\/h1>\n<p><strong>\u2714 Favorece la capacidad reparadora de la piel<\/strong><br \/>\n<strong>\u2714 bueno para los m\u00fasculos y el tejido conjuntivo<\/strong><br \/>\n<strong>\u2714 estimula la formaci\u00f3n de col\u00e1geno<\/strong><br \/>\n<strong>\u2714 da energ\u00eda<\/strong><br \/>\n<strong>\u2714 aumenta el metabolismo<\/strong><br \/>\n<strong>\u2714 tiene un efecto positivo en el h\u00edgado<\/strong><br \/>\n<strong>\u2714 favorece el sue\u00f1o<\/strong><br \/>\n<strong>\u2714 para una mente clara<\/strong><br \/>\n<strong>\u2714 la l\u00e1mpara no se calienta<\/strong><\/p>\n<p><strong>Descripci\u00f3n:<\/strong><br \/>\nLa terapia de luz roja de Phipower utiliza un espectro beneficioso espec\u00edfico de luz infrarroja cercana (NIR) (850 nm) y luz roja profunda (660 nm).<\/p>\n<p>Las investigaciones han demostrado que la combinaci\u00f3n de estas frecuencias de luz roja es especialmente beneficiosa para el cuerpo humano.<\/p>\n<p>Las frecuencias combinadas tienen un efecto beneficioso sobre el equilibrio energ\u00e9tico de nuestras c\u00e9lulas, lo que se traduce en numerosos beneficios cl\u00ednicamente probados para la piel, el equilibrio energ\u00e9tico y el metabolismo.<\/p>\n<p>La luz roja y NIR estimula las mitocondrias celulares y reduce el estr\u00e9s oxidativo, haci\u00e9ndonos sentir con m\u00e1s energ\u00eda, m\u00e1s fuertes y recuperarnos m\u00e1s r\u00e1pidamente.<\/p>\n<p>Todas estas ventajas se re\u00fanen en una pr\u00e1ctica l\u00e1mpara con un total de 40 luces LED m\u00e9dicas (20x NIR 850nm y 20x Deep Red 660nm).<\/p>\n<p><strong>Uso:<\/strong><br \/>\nLa l\u00e1mpara es f\u00e1cil de colocar en posici\u00f3n vertical gracias al soporte integrado.<\/p>\n<p>Coloque la parte del cuerpo o la superficie de la piel a tratar delante de la l\u00e1mpara a una distancia de 0 a 60 cm (en funci\u00f3n de la intensidad deseada).<\/p>\n<p>Empieza primero a una distancia ligeramente mayor para experimentar el efecto.<\/p>\n<p>Haga clic en ROJO y NIR para activar la combinaci\u00f3n de luces y establecer el tiempo (10, 15 o 20 min).<\/p>\n<p>Cuando se ajusta una hora, la l\u00e1mpara se apaga autom\u00e1ticamente.<\/p>\n<p>Cuando no se ajusta ninguna hora, la l\u00e1mpara permanece encendida.<\/p>\n<p>Repetir el tratamiento dos veces al d\u00eda hasta obtener los resultados deseados.<\/p>\n<p>Consulte con un m\u00e9dico las contraindicaciones fisiol\u00f3gicas de su uso.<\/p>\n<p><strong>El paquete consta de:<\/strong><\/p>\n<ul>\n<li>1 x l\u00e1mpara de terapia de luz roja<\/li>\n<li>1 adaptador de corriente (110-230 V CA)<\/li>\n<li>1 manual<\/li>\n<li>1 embalaje de lujo<\/li>\n<\/ul>\n<p><strong>Especificaciones de la l\u00e1mpara de fotobiomodulaci\u00f3n LED:<\/strong><\/p>\n<ul>\n<li>dimensiones de la l\u00e1mpara: 24,7 x 14,7 x 4 cm<\/li>\n<li>dimensiones de la caja: 28 x 23 x 8 cm<\/li>\n<li>peso de la l\u00e1mpara: 1,1 kg<\/li>\n<li>peso bruto del paquete: 1,75 kg<\/li>\n<li>Potencia de los LED: 200 W<\/li>\n<li>consumo: 60 W<\/li>\n<li>40 x LED (20 x NIR 850nm + 20 x Deep RED 660nm)<\/li>\n<li>vida \u00fatil prevista: 50.000 horas<\/li>\n<li>temporizador 10\/15\/20 min<\/li>\n<\/ul>\n<p><strong>Garant\u00eda:<\/strong><br \/>\n1 a\u00f1o de garant\u00eda<\/p>\n<p><strong>Manual:<\/strong><br \/>\nHaz clic <a href=\"https:\/\/drive.google.com\/file\/d\/1CzXxkBgJU40m94I9Bch-XIV3t4OWoxAy\/view?usp=sharing\">aqu\u00ed<\/a> para consultar el <a href=\"https:\/\/drive.google.com\/file\/d\/1CzXxkBgJU40m94I9Bch-XIV3t4OWoxAy\/view?usp=sharing\">manual<\/a>.<\/p>\n<p><strong>Estudios de referencia:<\/strong><\/p>\n<p><a href=\"https:\/\/www.ncbi.nlm.nih.gov\/pmc\/articles\/PMC5523874\/\">https:\/\/www.ncbi.nlm.nih.gov\/pmc\/articles\/PMC5523874\/<\/a><\/p>\n<p><a href=\"https:\/\/www.ncbi.nlm.nih.gov\/pmc\/articles\/PMC4846838\/\">https:\/\/www.ncbi.nlm.nih.gov\/pmc\/articles\/PMC4846838\/<\/a><\/p>\n<p><a href=\"https:\/\/www.ncbi.nlm.nih.gov\/pubmed\/28265160\">https:\/\/www.ncbi.nlm.nih.gov\/pubmed\/28265160<\/a><\/p>\n<p><a href=\"https:\/\/pubmed.ncbi.nlm.nih.gov\/24049929\/\">https:\/\/pubmed.ncbi.nlm.nih.gov\/24049929\/<\/a><\/p>\n<p><a href=\"https:\/\/www.ncbi.nlm.nih.gov\/pubmed\/19587693\">https:\/\/www.ncbi.nlm.nih.gov\/pubmed\/19587693<\/a><\/p>\n<p><a href=\"https:\/\/www.ncbi.nlm.nih.gov\/pmc\/articles\/PMC4560854\/#B31\">https:\/\/www.ncbi.nlm.nih.gov\/pmc\/articles\/PMC4560854\/#B31<\/a><\/p>\n<p><a href=\"https:\/\/www.ncbi.nlm.nih.gov\/pubmed\/30706177\">https:\/\/www.ncbi.nlm.nih.gov\/pubmed\/30706177<\/a><\/p>\n<p><a href=\"https:\/\/www.cell.com\/current-biology\/fulltext\/S0960-9822(06)01781-7\">https:\/\/www.cell.com\/current-biology\/fulltext\/S0960-9822(06)01781-7<\/a><\/p>\n<p><a href=\"https:\/\/www.sciencedirect.com\/science\/article\/pii\/0307441294900590?via%3Dihub\">https:\/\/www.sciencedirect.com\/science\/article\/pii\/0307441294900590?via%3Dihub<\/a><\/p>\n<p><a href=\"https:\/\/www.abebooks.com\/Fundamentals-Biochemistry-Life-Molecular-Level-2nd\/1346355380\/bd\">https:\/\/www.abebooks.com\/Fundamentals-Biochemistry-Life-Molecular-Level-2nd\/1346355380\/bd<\/a><\/p>\n<p><a href=\"http:\/\/www.pnas.org\/content\/105\/50\/19565.long\">http:\/\/www.pnas.org\/content\/105\/50\/19565.long<\/a><\/p>\n<p><a href=\"https:\/\/www.ncbi.nlm.nih.gov\/pmc\/articles\/PMC4432802\/\">https:\/\/www.ncbi.nlm.nih.gov\/pmc\/articles\/PMC4432802\/<\/a><\/p>\n<p><a href=\"https:\/\/www.ncbi.nlm.nih.gov\/pubmed\/24363178\">https:\/\/www.ncbi.nlm.nih.gov\/pubmed\/24363178<\/a><\/p>\n<p><a href=\"https:\/\/www.ncbi.nlm.nih.gov\/books\/NBK21154\/\">https:\/\/www.ncbi.nlm.nih.gov\/books\/NBK21154\/<\/a><\/p>\n<p><a href=\"https:\/\/www.ncbi.nlm.nih.gov\/pubmed\/24429632\">https:\/\/www.ncbi.nlm.nih.gov\/pubmed\/24429632<\/a><\/p>\n<p><strong>Nota Bene:<\/strong><br \/>\n<em>Los productos de fototerapia Phipower pueden contribuir a la capacidad curativa de la piel, estimular el metabolismo y aportar m\u00e1s energ\u00eda. La informaci\u00f3n contenida en este art\u00edculo tiene \u00fanicamente fines educativos y no pretende respaldar la seguridad o eficacia de los dispositivos Phipower, ni diagnosticar, tratar, curar o prevenir ninguna enfermedad. No sustituye a una consulta personal con su profesional sanitario y no debe interpretarse como un consejo m\u00e9dico.<\/em><\/p>\n","protected":false},"excerpt":{"rendered":"<p><strong>\u2714 Reduce el dolor<\/strong><br \/>\n<strong>Estimula la formaci\u00f3n de col\u00e1geno<\/strong><br \/>\n<strong>Reduce el tejido cicatricial<\/strong><br \/>\n<strong>Favorece la <span style=\"font-size: 14.4px;\">cicatrizaci\u00f3n de las heridas<\/span><\/strong><br \/>\n<strong>Restaura el tejido muscular y conjuntivo<\/strong><br \/>\n<strong>Aporta energ\u00eda<\/strong><br \/>\n<strong>Favorece el metabolismo <\/strong> <\/p>\n","protected":false},"featured_media":10276,"comment_status":"open","ping_status":"closed","template":"","meta":[],"product_brand":[],"product_cat":[955,951],"product_tag":[],"class_list":{"0":"post-3350","1":"product","2":"type-product","3":"status-publish","4":"has-post-thumbnail","6":"product_cat-lamparas-de-terapia-de-luz-roja","7":"product_cat-productos","8":"product_shipping_class-2-5-kg","10":"first","11":"instock","12":"taxable","13":"shipping-taxable","14":"purchasable","15":"product-type-simple"},"yoast_head":"<!-- This site is optimized with the Yoast SEO Premium plugin v23.6 (Yoast SEO v27.2) - https:\/\/yoast.com\/product\/yoast-seo-premium-wordpress\/ -->\n<title>L\u00e1mpara de terapia de luz roja | Mejore su bienestar | Phipower<\/title>\n<meta name=\"description\" content=\"\u2714 reduce el dolor \u2714 estimula la formaci\u00f3n de col\u00e1geno \u2714 reduce el tejido cicatricial \u2714 favorece la cicatrizaci\u00f3n de heridas \u2714 da m\u00e1s energ\u00eda\" \/>\n<meta name=\"robots\" content=\"index, follow, max-snippet:-1, max-image-preview:large, max-video-preview:-1\" \/>\n<link rel=\"canonical\" href=\"https:\/\/phipower.org\/es\/producto\/lampara-de-fototerapia-de-luz-roja\/\" \/>\n<meta property=\"og:locale\" content=\"es_ES\" \/>\n<meta property=\"og:type\" content=\"article\" \/>\n<meta property=\"og:title\" content=\"L\u00e1mpara de Terapia de Luz Roja | Rojo Profundo\/NIR | Estimula la producci\u00f3n de col\u00e1geno | Phipower\" \/>\n<meta property=\"og:description\" content=\"\u2714 reduce el dolor \u2714 estimula la formaci\u00f3n de col\u00e1geno \u2714 reduce el tejido cicatricial \u2714 favorece la cicatrizaci\u00f3n de heridas \u2714 da m\u00e1s energ\u00eda\" \/>\n<meta property=\"og:url\" content=\"https:\/\/phipower.org\/es\/producto\/lampara-de-fototerapia-de-luz-roja\/\" \/>\n<meta property=\"og:site_name\" content=\"Phipower\" \/>\n<meta property=\"article:publisher\" content=\"https:\/\/www.facebook.com\/phipowertools\/\" \/>\n<meta property=\"article:modified_time\" content=\"2026-04-03T12:43:43+00:00\" \/>\n<meta property=\"og:image\" content=\"https:\/\/phipower.org\/wp-content\/uploads\/2020\/05\/Rood-licht-therapie-red-light-therapy-near-infrared-NIR-light-850-nm-deep-red-diep-rood-licht-660nm-side-02.jpg\" \/>\n\t<meta property=\"og:image:width\" content=\"1200\" \/>\n\t<meta property=\"og:image:height\" content=\"1200\" \/>\n\t<meta property=\"og:image:type\" content=\"image\/jpeg\" \/>\n<meta name=\"twitter:card\" content=\"summary_large_image\" \/>\n<meta name=\"twitter:image\" content=\"https:\/\/phipower.org\/wp-content\/uploads\/2020\/05\/Rood-licht-therapie-red-light-therapy-near-infrared-NIR-light-850-nm-deep-red-diep-rood-licht-660nm-side-02.jpg\" \/>\n<meta name=\"twitter:site\" content=\"@phipower1\" \/>\n<meta name=\"twitter:label1\" content=\"Precio\" \/>\n\t<meta name=\"twitter:data1\" content=\"&euro;289,00\" \/>\n\t<meta name=\"twitter:label2\" content=\"Disponibilidad\" \/>\n\t<meta name=\"twitter:data2\" content=\"Disponible\" \/>\n<script type=\"application\/ld+json\" class=\"yoast-schema-graph\">{\"@context\":\"https:\/\/schema.org\",\"@graph\":[{\"@type\":\"WebPage\",\"@id\":\"https:\/\/phipower.org\/es\/producto\/lampara-de-fototerapia-de-luz-roja\/\",\"url\":\"https:\/\/phipower.org\/es\/producto\/lampara-de-fototerapia-de-luz-roja\/\",\"name\":\"L\u00e1mpara de terapia de luz roja | Mejore su bienestar | Phipower\",\"isPartOf\":{\"@id\":\"https:\/\/phipower.org\/es\/#website\"},\"primaryImageOfPage\":{\"@id\":\"https:\/\/phipower.org\/es\/producto\/lampara-de-fototerapia-de-luz-roja\/#primaryimage\"},\"image\":{\"@id\":\"https:\/\/phipower.org\/es\/producto\/lampara-de-fototerapia-de-luz-roja\/#primaryimage\"},\"thumbnailUrl\":\"https:\/\/phipower.org\/wp-content\/uploads\/2020\/05\/Rood-licht-therapie-gezicht-energie-heling-phipower.jpg\",\"datePublished\":\"2020-05-19T11:54:46+00:00\",\"dateModified\":\"2026-04-03T12:43:43+00:00\",\"description\":\"\u2714 reduce el dolor \u2714 estimula la formaci\u00f3n de col\u00e1geno \u2714 reduce el tejido cicatricial \u2714 favorece la cicatrizaci\u00f3n de heridas \u2714 da m\u00e1s energ\u00eda\",\"breadcrumb\":{\"@id\":\"https:\/\/phipower.org\/es\/producto\/lampara-de-fototerapia-de-luz-roja\/#breadcrumb\"},\"inLanguage\":\"es\",\"potentialAction\":[{\"@type\":\"ReadAction\",\"target\":[\"https:\/\/phipower.org\/es\/producto\/lampara-de-fototerapia-de-luz-roja\/\"]}]},{\"@type\":\"ImageObject\",\"inLanguage\":\"es\",\"@id\":\"https:\/\/phipower.org\/es\/producto\/lampara-de-fototerapia-de-luz-roja\/#primaryimage\",\"url\":\"https:\/\/phipower.org\/wp-content\/uploads\/2020\/05\/Rood-licht-therapie-gezicht-energie-heling-phipower.jpg\",\"contentUrl\":\"https:\/\/phipower.org\/wp-content\/uploads\/2020\/05\/Rood-licht-therapie-gezicht-energie-heling-phipower.jpg\",\"width\":1024,\"height\":1024},{\"@type\":\"BreadcrumbList\",\"@id\":\"https:\/\/phipower.org\/es\/producto\/lampara-de-fototerapia-de-luz-roja\/#breadcrumb\",\"itemListElement\":[{\"@type\":\"ListItem\",\"position\":1,\"name\":\"Home\",\"item\":\"https:\/\/phipower.org\/es\/\"},{\"@type\":\"ListItem\",\"position\":2,\"name\":\"Tienda\",\"item\":\"https:\/\/phipower.org\/es\/tienda\/\"},{\"@type\":\"ListItem\",\"position\":3,\"name\":\"L\u00e1mpara de Terapia de Luz Roja | Rojo Profundo\/NIR | Estimula la producci\u00f3n de col\u00e1geno | Phipower\"}]},{\"@type\":\"WebSite\",\"@id\":\"https:\/\/phipower.org\/es\/#website\",\"url\":\"https:\/\/phipower.org\/es\/\",\"name\":\"Phipower: innovatieve gezondheidsproducten\",\"description\":\"innovatieve gezondheidsproducten\",\"publisher\":{\"@id\":\"https:\/\/phipower.org\/es\/#organization\"},\"potentialAction\":[{\"@type\":\"SearchAction\",\"target\":{\"@type\":\"EntryPoint\",\"urlTemplate\":\"https:\/\/phipower.org\/es\/?s={search_term_string}\"},\"query-input\":{\"@type\":\"PropertyValueSpecification\",\"valueRequired\":true,\"valueName\":\"search_term_string\"}}],\"inLanguage\":\"es\"},{\"@type\":\"Organization\",\"@id\":\"https:\/\/phipower.org\/es\/#organization\",\"name\":\"Phipower\",\"url\":\"https:\/\/phipower.org\/es\/\",\"logo\":{\"@type\":\"ImageObject\",\"inLanguage\":\"es\",\"@id\":\"https:\/\/phipower.org\/es\/#\/schema\/logo\/image\/\",\"url\":\"https:\/\/phipower.org\/wp-content\/uploads\/2019\/06\/z-logo-RGB-wit-power.png\",\"contentUrl\":\"https:\/\/phipower.org\/wp-content\/uploads\/2019\/06\/z-logo-RGB-wit-power.png\",\"width\":3273,\"height\":1389,\"caption\":\"Phipower\"},\"image\":{\"@id\":\"https:\/\/phipower.org\/es\/#\/schema\/logo\/image\/\"},\"sameAs\":[\"https:\/\/www.facebook.com\/phipowertools\/\",\"https:\/\/x.com\/phipower1\",\"https:\/\/www.tiktok.com\/@phipowerhealth\"]}]}<\/script>\n<meta property=\"product:price:amount\" content=\"289.00\" \/>\n<meta property=\"product:price:currency\" content=\"EUR\" \/>\n<meta property=\"og:availability\" content=\"instock\" \/>\n<meta property=\"product:availability\" content=\"instock\" \/>\n<meta property=\"product:retailer_item_id\" content=\"8719324436571\" \/>\n<meta property=\"product:condition\" content=\"new\" \/>\n<!-- \/ Yoast SEO Premium plugin. -->","yoast_head_json":{"title":"L\u00e1mpara de terapia de luz roja | Mejore su bienestar | Phipower","description":"\u2714 reduce el dolor \u2714 estimula la formaci\u00f3n de col\u00e1geno \u2714 reduce el tejido cicatricial \u2714 favorece la cicatrizaci\u00f3n de heridas \u2714 da m\u00e1s energ\u00eda","robots":{"index":"index","follow":"follow","max-snippet":"max-snippet:-1","max-image-preview":"max-image-preview:large","max-video-preview":"max-video-preview:-1"},"canonical":"https:\/\/phipower.org\/es\/producto\/lampara-de-fototerapia-de-luz-roja\/","og_locale":"es_ES","og_type":"article","og_title":"L\u00e1mpara de Terapia de Luz Roja | Rojo Profundo\/NIR | Estimula la producci\u00f3n de col\u00e1geno | Phipower","og_description":"\u2714 reduce el dolor \u2714 estimula la formaci\u00f3n de col\u00e1geno \u2714 reduce el tejido cicatricial \u2714 favorece la cicatrizaci\u00f3n de heridas \u2714 da m\u00e1s energ\u00eda","og_url":"https:\/\/phipower.org\/es\/producto\/lampara-de-fototerapia-de-luz-roja\/","og_site_name":"Phipower","article_publisher":"https:\/\/www.facebook.com\/phipowertools\/","article_modified_time":"2026-04-03T12:43:43+00:00","og_image":[{"width":1200,"height":1200,"url":"https:\/\/phipower.org\/wp-content\/uploads\/2020\/05\/Rood-licht-therapie-red-light-therapy-near-infrared-NIR-light-850-nm-deep-red-diep-rood-licht-660nm-side-02.jpg","type":"image\/jpeg"}],"twitter_card":"summary_large_image","twitter_image":"https:\/\/phipower.org\/wp-content\/uploads\/2020\/05\/Rood-licht-therapie-red-light-therapy-near-infrared-NIR-light-850-nm-deep-red-diep-rood-licht-660nm-side-02.jpg","twitter_site":"@phipower1","twitter_misc":{"Precio":"&euro;289,00","Disponibilidad":"Disponible"},"schema":{"@context":"https:\/\/schema.org","@graph":[{"@type":"WebPage","@id":"https:\/\/phipower.org\/es\/producto\/lampara-de-fototerapia-de-luz-roja\/","url":"https:\/\/phipower.org\/es\/producto\/lampara-de-fototerapia-de-luz-roja\/","name":"L\u00e1mpara de terapia de luz roja | Mejore su bienestar | Phipower","isPartOf":{"@id":"https:\/\/phipower.org\/es\/#website"},"primaryImageOfPage":{"@id":"https:\/\/phipower.org\/es\/producto\/lampara-de-fototerapia-de-luz-roja\/#primaryimage"},"image":{"@id":"https:\/\/phipower.org\/es\/producto\/lampara-de-fototerapia-de-luz-roja\/#primaryimage"},"thumbnailUrl":"https:\/\/phipower.org\/wp-content\/uploads\/2020\/05\/Rood-licht-therapie-gezicht-energie-heling-phipower.jpg","datePublished":"2020-05-19T11:54:46+00:00","dateModified":"2026-04-03T12:43:43+00:00","description":"\u2714 reduce el dolor \u2714 estimula la formaci\u00f3n de col\u00e1geno \u2714 reduce el tejido cicatricial \u2714 favorece la cicatrizaci\u00f3n de heridas \u2714 da m\u00e1s energ\u00eda","breadcrumb":{"@id":"https:\/\/phipower.org\/es\/producto\/lampara-de-fototerapia-de-luz-roja\/#breadcrumb"},"inLanguage":"es","potentialAction":[{"@type":"ReadAction","target":["https:\/\/phipower.org\/es\/producto\/lampara-de-fototerapia-de-luz-roja\/"]}]},{"@type":"ImageObject","inLanguage":"es","@id":"https:\/\/phipower.org\/es\/producto\/lampara-de-fototerapia-de-luz-roja\/#primaryimage","url":"https:\/\/phipower.org\/wp-content\/uploads\/2020\/05\/Rood-licht-therapie-gezicht-energie-heling-phipower.jpg","contentUrl":"https:\/\/phipower.org\/wp-content\/uploads\/2020\/05\/Rood-licht-therapie-gezicht-energie-heling-phipower.jpg","width":1024,"height":1024},{"@type":"BreadcrumbList","@id":"https:\/\/phipower.org\/es\/producto\/lampara-de-fototerapia-de-luz-roja\/#breadcrumb","itemListElement":[{"@type":"ListItem","position":1,"name":"Home","item":"https:\/\/phipower.org\/es\/"},{"@type":"ListItem","position":2,"name":"Tienda","item":"https:\/\/phipower.org\/es\/tienda\/"},{"@type":"ListItem","position":3,"name":"L\u00e1mpara de Terapia de Luz Roja | Rojo Profundo\/NIR | Estimula la producci\u00f3n de col\u00e1geno | Phipower"}]},{"@type":"WebSite","@id":"https:\/\/phipower.org\/es\/#website","url":"https:\/\/phipower.org\/es\/","name":"Phipower: innovatieve gezondheidsproducten","description":"innovatieve gezondheidsproducten","publisher":{"@id":"https:\/\/phipower.org\/es\/#organization"},"potentialAction":[{"@type":"SearchAction","target":{"@type":"EntryPoint","urlTemplate":"https:\/\/phipower.org\/es\/?s={search_term_string}"},"query-input":{"@type":"PropertyValueSpecification","valueRequired":true,"valueName":"search_term_string"}}],"inLanguage":"es"},{"@type":"Organization","@id":"https:\/\/phipower.org\/es\/#organization","name":"Phipower","url":"https:\/\/phipower.org\/es\/","logo":{"@type":"ImageObject","inLanguage":"es","@id":"https:\/\/phipower.org\/es\/#\/schema\/logo\/image\/","url":"https:\/\/phipower.org\/wp-content\/uploads\/2019\/06\/z-logo-RGB-wit-power.png","contentUrl":"https:\/\/phipower.org\/wp-content\/uploads\/2019\/06\/z-logo-RGB-wit-power.png","width":3273,"height":1389,"caption":"Phipower"},"image":{"@id":"https:\/\/phipower.org\/es\/#\/schema\/logo\/image\/"},"sameAs":["https:\/\/www.facebook.com\/phipowertools\/","https:\/\/x.com\/phipower1","https:\/\/www.tiktok.com\/@phipowerhealth"]}]},"product_price_amount":"289.00","product_price_currency":"EUR","og_availability":"instock","product_availability":"instock","product_retailer_item_id":"8719324436571","product_condition":"new"},"_links":{"self":[{"href":"https:\/\/phipower.org\/es\/wp-json\/wp\/v2\/product\/3350","targetHints":{"allow":["GET"]}}],"collection":[{"href":"https:\/\/phipower.org\/es\/wp-json\/wp\/v2\/product"}],"about":[{"href":"https:\/\/phipower.org\/es\/wp-json\/wp\/v2\/types\/product"}],"replies":[{"embeddable":true,"href":"https:\/\/phipower.org\/es\/wp-json\/wp\/v2\/comments?post=3350"}],"wp:featuredmedia":[{"embeddable":true,"href":"https:\/\/phipower.org\/es\/wp-json\/wp\/v2\/media\/10276"}],"wp:attachment":[{"href":"https:\/\/phipower.org\/es\/wp-json\/wp\/v2\/media?parent=3350"}],"wp:term":[{"taxonomy":"product_brand","embeddable":true,"href":"https:\/\/phipower.org\/es\/wp-json\/wp\/v2\/product_brand?post=3350"},{"taxonomy":"product_cat","embeddable":true,"href":"https:\/\/phipower.org\/es\/wp-json\/wp\/v2\/product_cat?post=3350"},{"taxonomy":"product_tag","embeddable":true,"href":"https:\/\/phipower.org\/es\/wp-json\/wp\/v2\/product_tag?post=3350"}],"curies":[{"name":"wp","href":"https:\/\/api.w.org\/{rel}","templated":true}]}}