{"id":11839,"date":"2026-05-11T21:49:09","date_gmt":"2026-05-11T21:49:09","guid":{"rendered":"https:\/\/phipower.org\/product\/bioarmonizador-rephiro-maquina-rife-integrada-phipower\/"},"modified":"2026-05-11T21:49:09","modified_gmt":"2026-05-11T21:49:09","slug":"bioarmonizador-rephiro-maquina-rife-integrada-phipower","status":"publish","type":"product","link":"https:\/\/phipower.org\/es\/producto\/bioarmonizador-rephiro-maquina-rife-integrada-phipower\/","title":{"rendered":"Bioarmonizador Rephiro | M\u00e1quina Rife Integrada | Phipower"},"content":{"rendered":"<h1>Bioarmonizador Rephiro \u2013 Cuando las c\u00e9lulas vuelven a aprender a cantar<\/h1>\n<p>Restaura la armon\u00eda natural de tu cuerpo<\/p>\n<p>Tu cuerpo sabe c\u00f3mo curarse a s\u00ed mismo. Solo necesita la frecuencia adecuada para restaurar su equilibrio natural. <\/p>\n<p>El Bioarmonizador Rephiro M\u00e1quina Rife es un dispositivo compacto que promueve tu salud, aumenta la vitalidad y potencia el bienestar general mediante la resonancia de frecuencias.<\/p>\n<h3>\u00bfQu\u00e9 es la M\u00e1quina Rife?<\/h3>\n<p>Basada en los descubrimientos pioneros del Dr. Royal Rife en los a\u00f1os 30, la tecnolog\u00eda Rife utiliza frecuencias espec\u00edficas para dirigir y armonizar las vibraciones celulares. Cuando las c\u00e9lulas vibran a su frecuencia \u00f3ptima, el cuerpo puede curarse y regenerarse de forma m\u00e1s eficaz. <\/p>\n<h3>\u00bfPor qu\u00e9 el Rephiro?<\/h3>\n<ul>\n<li><strong>Tecnolog\u00eda integrada:<\/strong> Combina la terapia Rife con la bioarmonizaci\u00f3n<\/li>\n<li><strong>F\u00e1cil de usar:<\/strong> Solo tienes que encenderlo y colocarlo cerca de ti<\/li>\n<li><strong>Port\u00e1til:<\/strong> \u00dasalo en cualquier lugar: casa, oficina o de viaje<\/li>\n<li><strong>Natural:<\/strong> Sin radiaciones nocivas, solo frecuencias arm\u00f3nicas<\/li>\n<\/ul>\n<p>Descubre el poder de la resonancia celular con el Bioarmonizador Rephiro.<\/p>\n","protected":false},"excerpt":{"rendered":"<p>Bioarmonizador Rephiro \u2013 Cuando las c\u00e9lulas vuelven a aprender a cantar Restaura la armon\u00eda natural de tu cuerpo Tu cuerpo sabe c\u00f3mo curarse a s\u00ed mismo. Solo necesita la frecuencia adecuada para restaurar su equilibrio natural. El Bioarmonizador Rephiro M\u00e1quina Rife es un dispositivo compacto que promueve tu salud, aumenta la vitalidad y potencia el&#8230;<\/p>\n","protected":false},"featured_media":0,"comment_status":"open","ping_status":"closed","template":"","meta":[],"product_brand":[],"product_cat":[],"product_tag":[],"class_list":{"0":"post-11839","1":"product","2":"type-product","3":"status-publish","6":"first","7":"instock","8":"taxable","9":"shipping-taxable","10":"product-type-simple"},"yoast_head":"<!-- This site is optimized with the Yoast SEO Premium plugin v23.6 (Yoast SEO v27.2) - https:\/\/yoast.com\/product\/yoast-seo-premium-wordpress\/ -->\n<title>Bioarmonizador Rephiro | M\u00e1quina Rife Integrada | Phipower - Phipower<\/title>\n<meta name=\"robots\" content=\"index, follow, max-snippet:-1, max-image-preview:large, max-video-preview:-1\" \/>\n<link rel=\"canonical\" href=\"https:\/\/phipower.org\/es\/producto\/bioarmonizador-rephiro-maquina-rife-integrada-phipower\/\" \/>\n<meta property=\"og:locale\" content=\"es_ES\" \/>\n<meta property=\"og:type\" content=\"article\" \/>\n<meta property=\"og:title\" content=\"Bioarmonizador Rephiro | M\u00e1quina Rife Integrada | Phipower\" \/>\n<meta property=\"og:description\" content=\"Bioarmonizador Rephiro \u2013 Cuando las c\u00e9lulas vuelven a aprender a cantar Restaura la armon\u00eda natural de tu cuerpo Tu cuerpo sabe c\u00f3mo curarse a s\u00ed mismo. Solo necesita la frecuencia adecuada para restaurar su equilibrio natural. El Bioarmonizador Rephiro M\u00e1quina Rife es un dispositivo compacto que promueve tu salud, aumenta la vitalidad y potencia el...\" \/>\n<meta property=\"og:url\" content=\"https:\/\/phipower.org\/es\/producto\/bioarmonizador-rephiro-maquina-rife-integrada-phipower\/\" \/>\n<meta property=\"og:site_name\" content=\"Phipower\" \/>\n<meta property=\"article:publisher\" content=\"https:\/\/www.facebook.com\/phipowertools\/\" \/>\n<meta property=\"og:image\" content=\"https:\/\/phipower.org\/wp-content\/uploads\/2019\/07\/Stroomschema-Phipower.jpg\" \/>\n\t<meta property=\"og:image:width\" content=\"1920\" \/>\n\t<meta property=\"og:image:height\" content=\"1080\" \/>\n\t<meta property=\"og:image:type\" content=\"image\/jpeg\" \/>\n<meta name=\"twitter:card\" content=\"summary_large_image\" \/>\n<meta name=\"twitter:site\" content=\"@phipower1\" \/>\n<meta name=\"twitter:label1\" content=\"Precio\" \/>\n\t<meta name=\"twitter:data1\" content=\"\" \/>\n\t<meta name=\"twitter:label2\" content=\"Disponibilidad\" \/>\n\t<meta name=\"twitter:data2\" content=\"Disponible\" \/>\n<script type=\"application\/ld+json\" class=\"yoast-schema-graph\">{\"@context\":\"https:\/\/schema.org\",\"@graph\":[{\"@type\":\"WebPage\",\"@id\":\"https:\/\/phipower.org\/es\/producto\/bioarmonizador-rephiro-maquina-rife-integrada-phipower\/\",\"url\":\"https:\/\/phipower.org\/es\/producto\/bioarmonizador-rephiro-maquina-rife-integrada-phipower\/\",\"name\":\"Bioarmonizador Rephiro | M\u00e1quina Rife Integrada | Phipower - Phipower\",\"isPartOf\":{\"@id\":\"https:\/\/phipower.org\/es\/#website\"},\"datePublished\":\"2026-05-11T21:49:09+00:00\",\"breadcrumb\":{\"@id\":\"https:\/\/phipower.org\/es\/producto\/bioarmonizador-rephiro-maquina-rife-integrada-phipower\/#breadcrumb\"},\"inLanguage\":\"es\",\"potentialAction\":[{\"@type\":\"ReadAction\",\"target\":[\"https:\/\/phipower.org\/es\/producto\/bioarmonizador-rephiro-maquina-rife-integrada-phipower\/\"]}]},{\"@type\":\"BreadcrumbList\",\"@id\":\"https:\/\/phipower.org\/es\/producto\/bioarmonizador-rephiro-maquina-rife-integrada-phipower\/#breadcrumb\",\"itemListElement\":[{\"@type\":\"ListItem\",\"position\":1,\"name\":\"Home\",\"item\":\"https:\/\/phipower.org\/es\/\"},{\"@type\":\"ListItem\",\"position\":2,\"name\":\"Shop\",\"item\":\"https:\/\/phipower.org\/shop\/\"},{\"@type\":\"ListItem\",\"position\":3,\"name\":\"Bioarmonizador Rephiro | M\u00e1quina Rife Integrada | Phipower\"}]},{\"@type\":\"WebSite\",\"@id\":\"https:\/\/phipower.org\/es\/#website\",\"url\":\"https:\/\/phipower.org\/es\/\",\"name\":\"Phipower: innovatieve gezondheidsproducten\",\"description\":\"innovatieve gezondheidsproducten\",\"publisher\":{\"@id\":\"https:\/\/phipower.org\/es\/#organization\"},\"potentialAction\":[{\"@type\":\"SearchAction\",\"target\":{\"@type\":\"EntryPoint\",\"urlTemplate\":\"https:\/\/phipower.org\/es\/?s={search_term_string}\"},\"query-input\":{\"@type\":\"PropertyValueSpecification\",\"valueRequired\":true,\"valueName\":\"search_term_string\"}}],\"inLanguage\":\"es\"},{\"@type\":\"Organization\",\"@id\":\"https:\/\/phipower.org\/es\/#organization\",\"name\":\"Phipower\",\"url\":\"https:\/\/phipower.org\/es\/\",\"logo\":{\"@type\":\"ImageObject\",\"inLanguage\":\"es\",\"@id\":\"https:\/\/phipower.org\/es\/#\/schema\/logo\/image\/\",\"url\":\"https:\/\/phipower.org\/wp-content\/uploads\/2019\/06\/z-logo-RGB-wit-power.png\",\"contentUrl\":\"https:\/\/phipower.org\/wp-content\/uploads\/2019\/06\/z-logo-RGB-wit-power.png\",\"width\":3273,\"height\":1389,\"caption\":\"Phipower\"},\"image\":{\"@id\":\"https:\/\/phipower.org\/es\/#\/schema\/logo\/image\/\"},\"sameAs\":[\"https:\/\/www.facebook.com\/phipowertools\/\",\"https:\/\/x.com\/phipower1\",\"https:\/\/www.tiktok.com\/@phipowerhealth\"]}]}<\/script>\n<meta property=\"product:price:currency\" content=\"EUR\" \/>\n<meta property=\"og:availability\" content=\"instock\" \/>\n<meta property=\"product:availability\" content=\"instock\" \/>\n<meta property=\"product:condition\" content=\"new\" \/>\n<!-- \/ Yoast SEO Premium plugin. -->","yoast_head_json":{"title":"Bioarmonizador Rephiro | M\u00e1quina Rife Integrada | Phipower - Phipower","robots":{"index":"index","follow":"follow","max-snippet":"max-snippet:-1","max-image-preview":"max-image-preview:large","max-video-preview":"max-video-preview:-1"},"canonical":"https:\/\/phipower.org\/es\/producto\/bioarmonizador-rephiro-maquina-rife-integrada-phipower\/","og_locale":"es_ES","og_type":"article","og_title":"Bioarmonizador Rephiro | M\u00e1quina Rife Integrada | Phipower","og_description":"Bioarmonizador Rephiro \u2013 Cuando las c\u00e9lulas vuelven a aprender a cantar Restaura la armon\u00eda natural de tu cuerpo Tu cuerpo sabe c\u00f3mo curarse a s\u00ed mismo. Solo necesita la frecuencia adecuada para restaurar su equilibrio natural. El Bioarmonizador Rephiro M\u00e1quina Rife es un dispositivo compacto que promueve tu salud, aumenta la vitalidad y potencia el...","og_url":"https:\/\/phipower.org\/es\/producto\/bioarmonizador-rephiro-maquina-rife-integrada-phipower\/","og_site_name":"Phipower","article_publisher":"https:\/\/www.facebook.com\/phipowertools\/","og_image":[{"width":1920,"height":1080,"url":"https:\/\/phipower.org\/wp-content\/uploads\/2019\/07\/Stroomschema-Phipower.jpg","type":"image\/jpeg"}],"twitter_card":"summary_large_image","twitter_site":"@phipower1","twitter_misc":{"Precio":"","Disponibilidad":"Disponible"},"schema":{"@context":"https:\/\/schema.org","@graph":[{"@type":"WebPage","@id":"https:\/\/phipower.org\/es\/producto\/bioarmonizador-rephiro-maquina-rife-integrada-phipower\/","url":"https:\/\/phipower.org\/es\/producto\/bioarmonizador-rephiro-maquina-rife-integrada-phipower\/","name":"Bioarmonizador Rephiro | M\u00e1quina Rife Integrada | Phipower - Phipower","isPartOf":{"@id":"https:\/\/phipower.org\/es\/#website"},"datePublished":"2026-05-11T21:49:09+00:00","breadcrumb":{"@id":"https:\/\/phipower.org\/es\/producto\/bioarmonizador-rephiro-maquina-rife-integrada-phipower\/#breadcrumb"},"inLanguage":"es","potentialAction":[{"@type":"ReadAction","target":["https:\/\/phipower.org\/es\/producto\/bioarmonizador-rephiro-maquina-rife-integrada-phipower\/"]}]},{"@type":"BreadcrumbList","@id":"https:\/\/phipower.org\/es\/producto\/bioarmonizador-rephiro-maquina-rife-integrada-phipower\/#breadcrumb","itemListElement":[{"@type":"ListItem","position":1,"name":"Home","item":"https:\/\/phipower.org\/es\/"},{"@type":"ListItem","position":2,"name":"Shop","item":"https:\/\/phipower.org\/shop\/"},{"@type":"ListItem","position":3,"name":"Bioarmonizador Rephiro | M\u00e1quina Rife Integrada | Phipower"}]},{"@type":"WebSite","@id":"https:\/\/phipower.org\/es\/#website","url":"https:\/\/phipower.org\/es\/","name":"Phipower: innovatieve gezondheidsproducten","description":"innovatieve gezondheidsproducten","publisher":{"@id":"https:\/\/phipower.org\/es\/#organization"},"potentialAction":[{"@type":"SearchAction","target":{"@type":"EntryPoint","urlTemplate":"https:\/\/phipower.org\/es\/?s={search_term_string}"},"query-input":{"@type":"PropertyValueSpecification","valueRequired":true,"valueName":"search_term_string"}}],"inLanguage":"es"},{"@type":"Organization","@id":"https:\/\/phipower.org\/es\/#organization","name":"Phipower","url":"https:\/\/phipower.org\/es\/","logo":{"@type":"ImageObject","inLanguage":"es","@id":"https:\/\/phipower.org\/es\/#\/schema\/logo\/image\/","url":"https:\/\/phipower.org\/wp-content\/uploads\/2019\/06\/z-logo-RGB-wit-power.png","contentUrl":"https:\/\/phipower.org\/wp-content\/uploads\/2019\/06\/z-logo-RGB-wit-power.png","width":3273,"height":1389,"caption":"Phipower"},"image":{"@id":"https:\/\/phipower.org\/es\/#\/schema\/logo\/image\/"},"sameAs":["https:\/\/www.facebook.com\/phipowertools\/","https:\/\/x.com\/phipower1","https:\/\/www.tiktok.com\/@phipowerhealth"]}]},"product_price_currency":"EUR","og_availability":"instock","product_availability":"instock","product_condition":"new"},"_links":{"self":[{"href":"https:\/\/phipower.org\/es\/wp-json\/wp\/v2\/product\/11839","targetHints":{"allow":["GET"]}}],"collection":[{"href":"https:\/\/phipower.org\/es\/wp-json\/wp\/v2\/product"}],"about":[{"href":"https:\/\/phipower.org\/es\/wp-json\/wp\/v2\/types\/product"}],"replies":[{"embeddable":true,"href":"https:\/\/phipower.org\/es\/wp-json\/wp\/v2\/comments?post=11839"}],"wp:attachment":[{"href":"https:\/\/phipower.org\/es\/wp-json\/wp\/v2\/media?parent=11839"}],"wp:term":[{"taxonomy":"product_brand","embeddable":true,"href":"https:\/\/phipower.org\/es\/wp-json\/wp\/v2\/product_brand?post=11839"},{"taxonomy":"product_cat","embeddable":true,"href":"https:\/\/phipower.org\/es\/wp-json\/wp\/v2\/product_cat?post=11839"},{"taxonomy":"product_tag","embeddable":true,"href":"https:\/\/phipower.org\/es\/wp-json\/wp\/v2\/product_tag?post=11839"}],"curies":[{"name":"wp","href":"https:\/\/api.w.org\/{rel}","templated":true}]}}