{"id":10582,"date":"2026-01-20T14:28:13","date_gmt":"2026-01-20T14:28:13","guid":{"rendered":"https:\/\/phipower.org\/?post_type=product&#038;p=10582"},"modified":"2026-04-16T14:16:21","modified_gmt":"2026-04-16T14:16:21","slug":"productor-de-agua-vitalizada-16-litros-para-agua-vital-y-estructurada-phipower-kopie","status":"publish","type":"product","link":"https:\/\/phipower.org\/es\/product\/productor-de-agua-vitalizada-16-litros-para-agua-vital-y-estructurada-phipower-kopie\/","title":{"rendered":"Vertedor y Soporte de Acero Inoxidable para la Varilla de Agua Analemma en el Preparador de Agua Vitalizada | Phipower"},"content":{"rendered":"<p><!-- SEO Title suggestion: RVS Schenktuit & Houder voor Analemma Waterstaaf | Phipower 1.6L Gevitaliseerd Water Maker Meta description suggestion: RVS schenktuit met houder plaatst de Analemma Waterstaaf centraal in de vortex van de Phipower 1.6L. Voor gevitaliseerd \u00e9n coherent water. --><\/p>\n<section class=\"product-content\">\n<h1>Vertedor y Soporte de Acero Inoxidable para la Varilla de Agua Analemma del Preparador de Agua Vitalizada Phipower de 1,6 Litros<\/h1>\n<p><strong>Saca el m\u00e1ximo partido a tu Productor de Agua Vitalizada Phipower<\/strong> con este elegante<br \/>\n<strong>Pitorro vertedor de acero inoxidable<\/strong> especialmente dise\u00f1ado como <strong>soporte para la varilla de agua Analemma<\/strong>.<\/p>\n<p>Este accesorio inteligente combina seguridad, est\u00e9tica y facilidad de uso en un solo dise\u00f1o.<\/p>\n<h2>Posicionamiento \u00f3ptimo en el v\u00f3rtice<\/h2>\n<p>El pico vertedor garantiza que la <strong>Varilla de Agua Analemma se coloque exactamente en el centro del v\u00f3rtice<\/strong><br \/>\ndel <strong>Preparador de Agua Vitalizada Phipower de 1,6 litros<\/strong>.<\/p>\n<p>Este posicionamiento central es esencial para una cooperaci\u00f3n \u00f3ptima entre el v\u00f3rtice del agua<br \/>\ny la acci\u00f3n de la Varilla de Agua Analemma.<\/p>\n<h2>Vitalizaci\u00f3n mientras se agita, no mientras se vierte<\/h2>\n<p>La <strong>vitalizaci\u00f3n del agua tiene lugar mientras se agita<\/strong> en el v\u00f3rtice del Preparador de Agua Vitalizada<br \/>\n. Durante esta fase, el agua se agita intensamente. <\/p>\n<p>Al colocar la Varilla de Agua Analemma de forma estable y centrada en este v\u00f3rtice, el agua se<br \/>\n<strong>adem\u00e1s de vitalizado tambi\u00e9n coherente<\/strong>.<\/p>\n<h2>Soporte seguro sin riesgo de rotura<\/h2>\n<p>La Varita de Agua Analemma es una herramienta preciosa. Este pico vertedor act\u00faa como<br \/>\n<strong>Soporte seguro y estable<\/strong>, que fija la varilla firmemente en la botella sin riesgo de rotura.<br \/>\nTambi\u00e9n durante el desplazamiento y el vertido, la varilla permanece segura en su sitio.<\/p>\n<h2>M\u00e1xima facilidad de uso<\/h2>\n<p>Gracias a su inteligente dise\u00f1o, puedes:<\/p>\n<ul>\n<li><strong>Rellenar<\/strong> la botella <strong>bajo el grifo<\/strong> sin quitar la varilla de agua<\/li>\n<li><strong>Vaciado<\/strong> mientras la barra permanece firmemente montada<\/li>\n<\/ul>\n<h2>Elegante, duradero y estanco<\/h2>\n<p>El pico vertedor es de <strong>acero inoxidable de alta calidad (RVS<\/strong> ) y confiere a la botella Phipower<br \/>\nun aspecto moderno y lujoso. Un robusto <strong>anillo de cierre de goma<\/strong> garantiza una<br \/>\n<strong>a prueba de fugas y cierre s\u00f3lido<\/strong>.<\/p>\n<h2>Por qu\u00e9 este pico vertedor es indispensable<\/h2>\n<ul>\n<li><strong>Colocaci\u00f3n exacta:<\/strong> Coloca la Varilla de Agua Analemma centrada en el v\u00f3rtice.<\/li>\n<li><strong>Agua vitalizada y coher<\/strong> ente: Vitalizaci\u00f3n durante el v\u00f3rtice, coherencia mediante la Varilla de Agua Analemma.<\/li>\n<li><strong>Seguridad:<\/strong> Protege la barra de agua para que no se rompa.<\/li>\n<li><strong>Facilidad de uso:<\/strong> llenar y verter sin desmontar.<\/li>\n<li><strong>Ajuste perfecto:<\/strong> especial para el Preparador de Agua Vitalizada Phipower de 1,6 L.<\/li>\n<li><strong>Duradero:<\/strong> dise\u00f1o de acero inoxidable con anillo de goma resistente.<\/li>\n<\/ul>\n<h2>Especificaciones<\/h2>\n<ul>\n<li><strong>Material:<\/strong> Acero inoxidable (SS)<\/li>\n<li><strong>Junta:<\/strong> Anillo de goma (a prueba de fugas)<\/li>\n<li><strong>Compatibilidad:<\/strong> Preparador de Agua Revitalizada Phipower 1,6 litros<\/li>\n<li><strong>Adecuado para:<\/strong> Varilla de agua Analemma<\/li>\n<li><strong>Funci\u00f3n:<\/strong> Ca\u00f1o y soporte central<\/li>\n<\/ul>\n<\/section>\n","protected":false},"excerpt":{"rendered":"<p><strong>\u2714 Ca\u00f1o de acero inoxidable con soporte Analemma<\/strong><br data-start=\"145\" data-end=\"148\"><strong>\u2714 posiciona la varilla de agua en el remolino<\/strong><br data-start=\"183\" data-end=\"186\"><strong>\u2714 vitalizaci\u00f3n durante el remolino de agua<\/strong><br data-start=\"222\" data-end=\"225\"><strong>\u2714 tambi\u00e9n hace que el agua sea coherente<\/strong><br data-start=\"251\" data-end=\"254\"><strong>\u2714 dise\u00f1o seguro, estable y a prueba de fugas<\/strong><\/p>\n","protected":false},"featured_media":10729,"comment_status":"open","ping_status":"closed","template":"","meta":[],"product_brand":[],"product_cat":[1080,963,965],"product_tag":[],"class_list":{"0":"post-10582","1":"product","2":"type-product","3":"status-publish","4":"has-post-thumbnail","6":"product_cat-eau-vitalisee","7":"product_cat-produits","8":"product_cat-traitement-de-leau","9":"product_shipping_class-2-5-kg","11":"first","12":"instock","13":"taxable","14":"shipping-taxable","15":"purchasable","16":"product-type-simple"},"yoast_head":"<!-- This site is optimized with the Yoast SEO Premium plugin v23.6 (Yoast SEO v27.2) - https:\/\/yoast.com\/product\/yoast-seo-premium-wordpress\/ -->\n<title>Vertedor de acero inoxidable para Analemma Water Stick | Phipower 1,6L<\/title>\n<meta name=\"description\" content=\"Vertedor de acero inoxidable con soporte para la Varilla de Agua Analemma. Coloca la varilla en el centro del v\u00f3rtice del Preparador de Agua Vitalizada Phipower 1,6 L.\" \/>\n<meta name=\"robots\" content=\"index, follow, max-snippet:-1, max-image-preview:large, max-video-preview:-1\" \/>\n<link rel=\"canonical\" href=\"https:\/\/phipower.org\/es\/product\/productor-de-agua-vitalizada-16-litros-para-agua-vital-y-estructurada-phipower-kopie\/\" \/>\n<meta property=\"og:locale\" content=\"es_ES\" \/>\n<meta property=\"og:type\" content=\"article\" \/>\n<meta property=\"og:title\" content=\"Vertedor y Soporte de Acero Inoxidable para la Varilla de Agua Analemma en el Preparador de Agua Vitalizada | Phipower\" \/>\n<meta property=\"og:description\" content=\"Vertedor de acero inoxidable con soporte para la Varilla de Agua Analemma. Coloca la varilla en el centro del v\u00f3rtice del Preparador de Agua Vitalizada Phipower 1,6 L.\" \/>\n<meta property=\"og:url\" content=\"https:\/\/phipower.org\/es\/product\/productor-de-agua-vitalizada-16-litros-para-agua-vital-y-estructurada-phipower-kopie\/\" \/>\n<meta property=\"og:site_name\" content=\"Phipower\" \/>\n<meta property=\"article:publisher\" content=\"https:\/\/www.facebook.com\/phipowertools\/\" \/>\n<meta property=\"article:modified_time\" content=\"2026-04-16T14:16:21+00:00\" \/>\n<meta property=\"og:image\" content=\"https:\/\/phipower.org\/wp-content\/uploads\/2018\/09\/photo-1-36-1.jpg\" \/>\n\t<meta property=\"og:image:width\" content=\"750\" \/>\n\t<meta property=\"og:image:height\" content=\"750\" \/>\n\t<meta property=\"og:image:type\" content=\"image\/jpeg\" \/>\n<meta name=\"twitter:card\" content=\"summary_large_image\" \/>\n<meta name=\"twitter:site\" content=\"@phipower1\" \/>\n<meta name=\"twitter:label1\" content=\"Precio\" \/>\n\t<meta name=\"twitter:data1\" content=\"&euro;39,00\" \/>\n\t<meta name=\"twitter:label2\" content=\"Disponibilidad\" \/>\n\t<meta name=\"twitter:data2\" content=\"Disponible\" \/>\n<script type=\"application\/ld+json\" class=\"yoast-schema-graph\">{\"@context\":\"https:\/\/schema.org\",\"@graph\":[{\"@type\":\"WebPage\",\"@id\":\"https:\/\/phipower.org\/es\/product\/productor-de-agua-vitalizada-16-litros-para-agua-vital-y-estructurada-phipower-kopie\/\",\"url\":\"https:\/\/phipower.org\/es\/product\/productor-de-agua-vitalizada-16-litros-para-agua-vital-y-estructurada-phipower-kopie\/\",\"name\":\"Vertedor de acero inoxidable para Analemma Water Stick | Phipower 1,6L\",\"isPartOf\":{\"@id\":\"https:\/\/phipower.org\/es\/#website\"},\"primaryImageOfPage\":{\"@id\":\"https:\/\/phipower.org\/es\/product\/productor-de-agua-vitalizada-16-litros-para-agua-vital-y-estructurada-phipower-kopie\/#primaryimage\"},\"image\":{\"@id\":\"https:\/\/phipower.org\/es\/product\/productor-de-agua-vitalizada-16-litros-para-agua-vital-y-estructurada-phipower-kopie\/#primaryimage\"},\"thumbnailUrl\":\"https:\/\/phipower.org\/wp-content\/uploads\/2026\/01\/Vitaal-water-maker-phipower-met-Analemma-schenktuit-voor-klemmen-Analemma-waterstaaf-uitschenken-in-keuken.webp\",\"datePublished\":\"2026-01-20T14:28:13+00:00\",\"dateModified\":\"2026-04-16T14:16:21+00:00\",\"description\":\"Vertedor de acero inoxidable con soporte para la Varilla de Agua Analemma. Coloca la varilla en el centro del v\u00f3rtice del Preparador de Agua Vitalizada Phipower 1,6 L.\",\"breadcrumb\":{\"@id\":\"https:\/\/phipower.org\/es\/product\/productor-de-agua-vitalizada-16-litros-para-agua-vital-y-estructurada-phipower-kopie\/#breadcrumb\"},\"inLanguage\":\"es\",\"potentialAction\":[{\"@type\":\"ReadAction\",\"target\":[\"https:\/\/phipower.org\/es\/product\/productor-de-agua-vitalizada-16-litros-para-agua-vital-y-estructurada-phipower-kopie\/\"]}]},{\"@type\":\"ImageObject\",\"inLanguage\":\"es\",\"@id\":\"https:\/\/phipower.org\/es\/product\/productor-de-agua-vitalizada-16-litros-para-agua-vital-y-estructurada-phipower-kopie\/#primaryimage\",\"url\":\"https:\/\/phipower.org\/wp-content\/uploads\/2026\/01\/Vitaal-water-maker-phipower-met-Analemma-schenktuit-voor-klemmen-Analemma-waterstaaf-uitschenken-in-keuken.webp\",\"contentUrl\":\"https:\/\/phipower.org\/wp-content\/uploads\/2026\/01\/Vitaal-water-maker-phipower-met-Analemma-schenktuit-voor-klemmen-Analemma-waterstaaf-uitschenken-in-keuken.webp\",\"width\":1920,\"height\":1920},{\"@type\":\"BreadcrumbList\",\"@id\":\"https:\/\/phipower.org\/es\/product\/productor-de-agua-vitalizada-16-litros-para-agua-vital-y-estructurada-phipower-kopie\/#breadcrumb\",\"itemListElement\":[{\"@type\":\"ListItem\",\"position\":1,\"name\":\"Home\",\"item\":\"https:\/\/phipower.org\/es\/\"},{\"@type\":\"ListItem\",\"position\":2,\"name\":\"Tienda\",\"item\":\"https:\/\/phipower.org\/es\/tienda\/\"},{\"@type\":\"ListItem\",\"position\":3,\"name\":\"Vertedor y Soporte de Acero Inoxidable para la Varilla de Agua Analemma en el Preparador de Agua Vitalizada | Phipower\"}]},{\"@type\":\"WebSite\",\"@id\":\"https:\/\/phipower.org\/es\/#website\",\"url\":\"https:\/\/phipower.org\/es\/\",\"name\":\"Phipower: innovatieve gezondheidsproducten\",\"description\":\"innovatieve gezondheidsproducten\",\"publisher\":{\"@id\":\"https:\/\/phipower.org\/es\/#organization\"},\"potentialAction\":[{\"@type\":\"SearchAction\",\"target\":{\"@type\":\"EntryPoint\",\"urlTemplate\":\"https:\/\/phipower.org\/es\/?s={search_term_string}\"},\"query-input\":{\"@type\":\"PropertyValueSpecification\",\"valueRequired\":true,\"valueName\":\"search_term_string\"}}],\"inLanguage\":\"es\"},{\"@type\":\"Organization\",\"@id\":\"https:\/\/phipower.org\/es\/#organization\",\"name\":\"Phipower\",\"url\":\"https:\/\/phipower.org\/es\/\",\"logo\":{\"@type\":\"ImageObject\",\"inLanguage\":\"es\",\"@id\":\"https:\/\/phipower.org\/es\/#\/schema\/logo\/image\/\",\"url\":\"https:\/\/phipower.org\/wp-content\/uploads\/2019\/06\/z-logo-RGB-wit-power.png\",\"contentUrl\":\"https:\/\/phipower.org\/wp-content\/uploads\/2019\/06\/z-logo-RGB-wit-power.png\",\"width\":3273,\"height\":1389,\"caption\":\"Phipower\"},\"image\":{\"@id\":\"https:\/\/phipower.org\/es\/#\/schema\/logo\/image\/\"},\"sameAs\":[\"https:\/\/www.facebook.com\/phipowertools\/\",\"https:\/\/x.com\/phipower1\",\"https:\/\/www.tiktok.com\/@phipowerhealth\"]}]}<\/script>\n<meta property=\"product:price:amount\" content=\"39.00\" \/>\n<meta property=\"product:price:currency\" content=\"EUR\" \/>\n<meta property=\"og:availability\" content=\"instock\" \/>\n<meta property=\"product:availability\" content=\"instock\" \/>\n<meta property=\"product:retailer_item_id\" content=\"7806140071794\" \/>\n<meta property=\"product:condition\" content=\"new\" \/>\n<!-- \/ Yoast SEO Premium plugin. -->","yoast_head_json":{"title":"Vertedor de acero inoxidable para Analemma Water Stick | Phipower 1,6L","description":"Vertedor de acero inoxidable con soporte para la Varilla de Agua Analemma. Coloca la varilla en el centro del v\u00f3rtice del Preparador de Agua Vitalizada Phipower 1,6 L.","robots":{"index":"index","follow":"follow","max-snippet":"max-snippet:-1","max-image-preview":"max-image-preview:large","max-video-preview":"max-video-preview:-1"},"canonical":"https:\/\/phipower.org\/es\/product\/productor-de-agua-vitalizada-16-litros-para-agua-vital-y-estructurada-phipower-kopie\/","og_locale":"es_ES","og_type":"article","og_title":"Vertedor y Soporte de Acero Inoxidable para la Varilla de Agua Analemma en el Preparador de Agua Vitalizada | Phipower","og_description":"Vertedor de acero inoxidable con soporte para la Varilla de Agua Analemma. Coloca la varilla en el centro del v\u00f3rtice del Preparador de Agua Vitalizada Phipower 1,6 L.","og_url":"https:\/\/phipower.org\/es\/product\/productor-de-agua-vitalizada-16-litros-para-agua-vital-y-estructurada-phipower-kopie\/","og_site_name":"Phipower","article_publisher":"https:\/\/www.facebook.com\/phipowertools\/","article_modified_time":"2026-04-16T14:16:21+00:00","og_image":[{"width":750,"height":750,"url":"https:\/\/phipower.org\/wp-content\/uploads\/2018\/09\/photo-1-36-1.jpg","type":"image\/jpeg"}],"twitter_card":"summary_large_image","twitter_site":"@phipower1","twitter_misc":{"Precio":"&euro;39,00","Disponibilidad":"Disponible"},"schema":{"@context":"https:\/\/schema.org","@graph":[{"@type":"WebPage","@id":"https:\/\/phipower.org\/es\/product\/productor-de-agua-vitalizada-16-litros-para-agua-vital-y-estructurada-phipower-kopie\/","url":"https:\/\/phipower.org\/es\/product\/productor-de-agua-vitalizada-16-litros-para-agua-vital-y-estructurada-phipower-kopie\/","name":"Vertedor de acero inoxidable para Analemma Water Stick | Phipower 1,6L","isPartOf":{"@id":"https:\/\/phipower.org\/es\/#website"},"primaryImageOfPage":{"@id":"https:\/\/phipower.org\/es\/product\/productor-de-agua-vitalizada-16-litros-para-agua-vital-y-estructurada-phipower-kopie\/#primaryimage"},"image":{"@id":"https:\/\/phipower.org\/es\/product\/productor-de-agua-vitalizada-16-litros-para-agua-vital-y-estructurada-phipower-kopie\/#primaryimage"},"thumbnailUrl":"https:\/\/phipower.org\/wp-content\/uploads\/2026\/01\/Vitaal-water-maker-phipower-met-Analemma-schenktuit-voor-klemmen-Analemma-waterstaaf-uitschenken-in-keuken.webp","datePublished":"2026-01-20T14:28:13+00:00","dateModified":"2026-04-16T14:16:21+00:00","description":"Vertedor de acero inoxidable con soporte para la Varilla de Agua Analemma. Coloca la varilla en el centro del v\u00f3rtice del Preparador de Agua Vitalizada Phipower 1,6 L.","breadcrumb":{"@id":"https:\/\/phipower.org\/es\/product\/productor-de-agua-vitalizada-16-litros-para-agua-vital-y-estructurada-phipower-kopie\/#breadcrumb"},"inLanguage":"es","potentialAction":[{"@type":"ReadAction","target":["https:\/\/phipower.org\/es\/product\/productor-de-agua-vitalizada-16-litros-para-agua-vital-y-estructurada-phipower-kopie\/"]}]},{"@type":"ImageObject","inLanguage":"es","@id":"https:\/\/phipower.org\/es\/product\/productor-de-agua-vitalizada-16-litros-para-agua-vital-y-estructurada-phipower-kopie\/#primaryimage","url":"https:\/\/phipower.org\/wp-content\/uploads\/2026\/01\/Vitaal-water-maker-phipower-met-Analemma-schenktuit-voor-klemmen-Analemma-waterstaaf-uitschenken-in-keuken.webp","contentUrl":"https:\/\/phipower.org\/wp-content\/uploads\/2026\/01\/Vitaal-water-maker-phipower-met-Analemma-schenktuit-voor-klemmen-Analemma-waterstaaf-uitschenken-in-keuken.webp","width":1920,"height":1920},{"@type":"BreadcrumbList","@id":"https:\/\/phipower.org\/es\/product\/productor-de-agua-vitalizada-16-litros-para-agua-vital-y-estructurada-phipower-kopie\/#breadcrumb","itemListElement":[{"@type":"ListItem","position":1,"name":"Home","item":"https:\/\/phipower.org\/es\/"},{"@type":"ListItem","position":2,"name":"Tienda","item":"https:\/\/phipower.org\/es\/tienda\/"},{"@type":"ListItem","position":3,"name":"Vertedor y Soporte de Acero Inoxidable para la Varilla de Agua Analemma en el Preparador de Agua Vitalizada | Phipower"}]},{"@type":"WebSite","@id":"https:\/\/phipower.org\/es\/#website","url":"https:\/\/phipower.org\/es\/","name":"Phipower: innovatieve gezondheidsproducten","description":"innovatieve gezondheidsproducten","publisher":{"@id":"https:\/\/phipower.org\/es\/#organization"},"potentialAction":[{"@type":"SearchAction","target":{"@type":"EntryPoint","urlTemplate":"https:\/\/phipower.org\/es\/?s={search_term_string}"},"query-input":{"@type":"PropertyValueSpecification","valueRequired":true,"valueName":"search_term_string"}}],"inLanguage":"es"},{"@type":"Organization","@id":"https:\/\/phipower.org\/es\/#organization","name":"Phipower","url":"https:\/\/phipower.org\/es\/","logo":{"@type":"ImageObject","inLanguage":"es","@id":"https:\/\/phipower.org\/es\/#\/schema\/logo\/image\/","url":"https:\/\/phipower.org\/wp-content\/uploads\/2019\/06\/z-logo-RGB-wit-power.png","contentUrl":"https:\/\/phipower.org\/wp-content\/uploads\/2019\/06\/z-logo-RGB-wit-power.png","width":3273,"height":1389,"caption":"Phipower"},"image":{"@id":"https:\/\/phipower.org\/es\/#\/schema\/logo\/image\/"},"sameAs":["https:\/\/www.facebook.com\/phipowertools\/","https:\/\/x.com\/phipower1","https:\/\/www.tiktok.com\/@phipowerhealth"]}]},"product_price_amount":"39.00","product_price_currency":"EUR","og_availability":"instock","product_availability":"instock","product_retailer_item_id":"7806140071794","product_condition":"new"},"_links":{"self":[{"href":"https:\/\/phipower.org\/es\/wp-json\/wp\/v2\/product\/10582","targetHints":{"allow":["GET"]}}],"collection":[{"href":"https:\/\/phipower.org\/es\/wp-json\/wp\/v2\/product"}],"about":[{"href":"https:\/\/phipower.org\/es\/wp-json\/wp\/v2\/types\/product"}],"replies":[{"embeddable":true,"href":"https:\/\/phipower.org\/es\/wp-json\/wp\/v2\/comments?post=10582"}],"wp:featuredmedia":[{"embeddable":true,"href":"https:\/\/phipower.org\/es\/wp-json\/wp\/v2\/media\/10729"}],"wp:attachment":[{"href":"https:\/\/phipower.org\/es\/wp-json\/wp\/v2\/media?parent=10582"}],"wp:term":[{"taxonomy":"product_brand","embeddable":true,"href":"https:\/\/phipower.org\/es\/wp-json\/wp\/v2\/product_brand?post=10582"},{"taxonomy":"product_cat","embeddable":true,"href":"https:\/\/phipower.org\/es\/wp-json\/wp\/v2\/product_cat?post=10582"},{"taxonomy":"product_tag","embeddable":true,"href":"https:\/\/phipower.org\/es\/wp-json\/wp\/v2\/product_tag?post=10582"}],"curies":[{"name":"wp","href":"https:\/\/api.w.org\/{rel}","templated":true}]}}