{"id":3251,"date":"2018-09-04T21:48:14","date_gmt":"2018-09-04T21:48:14","guid":{"rendered":"https:\/\/phipower.org\/pongase-en-contacto-con\/"},"modified":"2023-10-26T22:46:46","modified_gmt":"2023-10-26T22:46:46","slug":"pongase-en-contacto-con","status":"publish","type":"page","link":"https:\/\/phipower.org\/es\/pongase-en-contacto-con\/","title":{"rendered":"P\u00f3ngase en contacto con"},"content":{"rendered":"<h2><strong>Datos de contacto de Phipower<\/strong><\/h2>\n<p>En Phipower, siempre buscamos soluciones beneficiosas para los problemas cotidianos. Puede ponerse en contacto con nuestro equipo de atenci\u00f3n al cliente por tel\u00e9fono o correo electr\u00f3nico los d\u00edas laborables. \u00bfTiene alguna pregunta o comentario sobre alguno de nuestros productos? No dude en ponerse en contacto con nosotros.<strong><br \/>\n<\/strong><\/p>\n<p><strong>Direcci\u00f3n de la sucursal:<\/strong><br \/>\nPhipower<br \/>\nMarkenhaven 28<br \/>\n3826 AC Amersfoort<br \/>\nPa\u00edses Bajos<\/p>\n<p><strong>Direcci\u00f3n de devoluci\u00f3n:<\/strong><br \/>\nPhipower<br \/>\nMarkenhaven 28<br \/>\n3826 AC Amersfoort<br \/>\nPa\u00edses Bajos<\/p>\n<p><strong>N\u00famero de tel\u00e9fono:<\/strong><br \/>\n085-3033501 (disponible de lunes a viernes de 8.30 a 17.00)<\/p>\n<p><strong>Correo electr\u00f3nico:<\/strong><br \/>\ninfo@phipower.nl<\/p>\n<p><strong>N\u00famero de la C\u00e1mara de Comercio:<\/strong><br \/>\n68972849<\/p>\n<p><strong>N\u00famero de identificaci\u00f3n a efectos del IVA Pa\u00edses Bajos:<\/strong><br \/>\nNL857669990B01<\/p>\n","protected":false},"excerpt":{"rendered":"<p>Datos de contacto de Phipower En Phipower, siempre buscamos soluciones beneficiosas para los problemas cotidianos. Puede ponerse en contacto con nuestro equipo de atenci\u00f3n al cliente por tel\u00e9fono o correo electr\u00f3nico los d\u00edas laborables. \u00bfTiene alguna pregunta o comentario sobre alguno de nuestros productos? No dude en ponerse en contacto con nosotros. Direcci\u00f3n de la&#8230;<\/p>\n","protected":false},"author":1,"featured_media":0,"parent":0,"menu_order":0,"comment_status":"closed","ping_status":"closed","template":"","meta":{"footnotes":""},"class_list":["post-3251","page","type-page","status-publish","hentry"],"yoast_head":"<!-- This site is optimized with the Yoast SEO Premium plugin v23.6 (Yoast SEO v27.2) - https:\/\/yoast.com\/product\/yoast-seo-premium-wordpress\/ -->\n<title>P\u00f3ngase en contacto con Phipower para obtener ayuda en materia de salud y bienestar<\/title>\n<meta name=\"description\" content=\"P\u00f3ngase en contacto con Phipower si tiene preguntas o desea informaci\u00f3n sobre nuestros productos de salud y bienestar. Nuestro equipo est\u00e1 a su disposici\u00f3n para ayudarle en su camino hacia el bienestar.\" \/>\n<meta name=\"robots\" content=\"index, follow, max-snippet:-1, max-image-preview:large, max-video-preview:-1\" \/>\n<link rel=\"canonical\" href=\"https:\/\/phipower.org\/es\/pongase-en-contacto-con\/\" \/>\n<meta property=\"og:locale\" content=\"es_ES\" \/>\n<meta property=\"og:type\" content=\"article\" \/>\n<meta property=\"og:title\" content=\"P\u00f3ngase en contacto con\" \/>\n<meta property=\"og:description\" content=\"P\u00f3ngase en contacto con Phipower si tiene preguntas o desea informaci\u00f3n sobre nuestros productos de salud y bienestar. Nuestro equipo est\u00e1 a su disposici\u00f3n para ayudarle en su camino hacia el bienestar.\" \/>\n<meta property=\"og:url\" content=\"https:\/\/phipower.org\/es\/pongase-en-contacto-con\/\" \/>\n<meta property=\"og:site_name\" content=\"Phipower\" \/>\n<meta property=\"article:publisher\" content=\"https:\/\/www.facebook.com\/phipowertools\/\" \/>\n<meta property=\"article:modified_time\" content=\"2023-10-26T22:46:46+00:00\" \/>\n<meta property=\"og:image\" content=\"https:\/\/phipower.org\/wp-content\/uploads\/2019\/07\/Stroomschema-Phipower.jpg\" \/>\n\t<meta property=\"og:image:width\" content=\"1920\" \/>\n\t<meta property=\"og:image:height\" content=\"1080\" \/>\n\t<meta property=\"og:image:type\" content=\"image\/jpeg\" \/>\n<meta name=\"twitter:card\" content=\"summary_large_image\" \/>\n<meta name=\"twitter:site\" content=\"@phipower1\" \/>\n<meta name=\"twitter:label1\" content=\"Tiempo de lectura\" \/>\n\t<meta name=\"twitter:data1\" content=\"1 minuto\" \/>\n<script type=\"application\/ld+json\" class=\"yoast-schema-graph\">{\"@context\":\"https:\/\/schema.org\",\"@graph\":[{\"@type\":\"WebPage\",\"@id\":\"https:\/\/phipower.org\/es\/pongase-en-contacto-con\/\",\"url\":\"https:\/\/phipower.org\/es\/pongase-en-contacto-con\/\",\"name\":\"P\u00f3ngase en contacto con Phipower para obtener ayuda en materia de salud y bienestar\",\"isPartOf\":{\"@id\":\"https:\/\/phipower.org\/es\/#website\"},\"datePublished\":\"2018-09-04T21:48:14+00:00\",\"dateModified\":\"2023-10-26T22:46:46+00:00\",\"description\":\"P\u00f3ngase en contacto con Phipower si tiene preguntas o desea informaci\u00f3n sobre nuestros productos de salud y bienestar. Nuestro equipo est\u00e1 a su disposici\u00f3n para ayudarle en su camino hacia el bienestar.\",\"breadcrumb\":{\"@id\":\"https:\/\/phipower.org\/es\/pongase-en-contacto-con\/#breadcrumb\"},\"inLanguage\":\"es\",\"potentialAction\":[{\"@type\":\"ReadAction\",\"target\":[\"https:\/\/phipower.org\/es\/pongase-en-contacto-con\/\"]}]},{\"@type\":\"BreadcrumbList\",\"@id\":\"https:\/\/phipower.org\/es\/pongase-en-contacto-con\/#breadcrumb\",\"itemListElement\":[{\"@type\":\"ListItem\",\"position\":1,\"name\":\"Home\",\"item\":\"https:\/\/phipower.org\/es\/\"},{\"@type\":\"ListItem\",\"position\":2,\"name\":\"P\u00f3ngase en contacto con\"}]},{\"@type\":\"WebSite\",\"@id\":\"https:\/\/phipower.org\/es\/#website\",\"url\":\"https:\/\/phipower.org\/es\/\",\"name\":\"Phipower: innovatieve gezondheidsproducten\",\"description\":\"innovatieve gezondheidsproducten\",\"publisher\":{\"@id\":\"https:\/\/phipower.org\/es\/#organization\"},\"potentialAction\":[{\"@type\":\"SearchAction\",\"target\":{\"@type\":\"EntryPoint\",\"urlTemplate\":\"https:\/\/phipower.org\/es\/?s={search_term_string}\"},\"query-input\":{\"@type\":\"PropertyValueSpecification\",\"valueRequired\":true,\"valueName\":\"search_term_string\"}}],\"inLanguage\":\"es\"},{\"@type\":\"Organization\",\"@id\":\"https:\/\/phipower.org\/es\/#organization\",\"name\":\"Phipower\",\"url\":\"https:\/\/phipower.org\/es\/\",\"logo\":{\"@type\":\"ImageObject\",\"inLanguage\":\"es\",\"@id\":\"https:\/\/phipower.org\/es\/#\/schema\/logo\/image\/\",\"url\":\"https:\/\/phipower.org\/wp-content\/uploads\/2019\/06\/z-logo-RGB-wit-power.png\",\"contentUrl\":\"https:\/\/phipower.org\/wp-content\/uploads\/2019\/06\/z-logo-RGB-wit-power.png\",\"width\":3273,\"height\":1389,\"caption\":\"Phipower\"},\"image\":{\"@id\":\"https:\/\/phipower.org\/es\/#\/schema\/logo\/image\/\"},\"sameAs\":[\"https:\/\/www.facebook.com\/phipowertools\/\",\"https:\/\/x.com\/phipower1\",\"https:\/\/www.tiktok.com\/@phipowerhealth\"]}]}<\/script>\n<!-- \/ Yoast SEO Premium plugin. -->","yoast_head_json":{"title":"P\u00f3ngase en contacto con Phipower para obtener ayuda en materia de salud y bienestar","description":"P\u00f3ngase en contacto con Phipower si tiene preguntas o desea informaci\u00f3n sobre nuestros productos de salud y bienestar. Nuestro equipo est\u00e1 a su disposici\u00f3n para ayudarle en su camino hacia el bienestar.","robots":{"index":"index","follow":"follow","max-snippet":"max-snippet:-1","max-image-preview":"max-image-preview:large","max-video-preview":"max-video-preview:-1"},"canonical":"https:\/\/phipower.org\/es\/pongase-en-contacto-con\/","og_locale":"es_ES","og_type":"article","og_title":"P\u00f3ngase en contacto con","og_description":"P\u00f3ngase en contacto con Phipower si tiene preguntas o desea informaci\u00f3n sobre nuestros productos de salud y bienestar. Nuestro equipo est\u00e1 a su disposici\u00f3n para ayudarle en su camino hacia el bienestar.","og_url":"https:\/\/phipower.org\/es\/pongase-en-contacto-con\/","og_site_name":"Phipower","article_publisher":"https:\/\/www.facebook.com\/phipowertools\/","article_modified_time":"2023-10-26T22:46:46+00:00","og_image":[{"width":1920,"height":1080,"url":"https:\/\/phipower.org\/wp-content\/uploads\/2019\/07\/Stroomschema-Phipower.jpg","type":"image\/jpeg"}],"twitter_card":"summary_large_image","twitter_site":"@phipower1","twitter_misc":{"Tiempo de lectura":"1 minuto"},"schema":{"@context":"https:\/\/schema.org","@graph":[{"@type":"WebPage","@id":"https:\/\/phipower.org\/es\/pongase-en-contacto-con\/","url":"https:\/\/phipower.org\/es\/pongase-en-contacto-con\/","name":"P\u00f3ngase en contacto con Phipower para obtener ayuda en materia de salud y bienestar","isPartOf":{"@id":"https:\/\/phipower.org\/es\/#website"},"datePublished":"2018-09-04T21:48:14+00:00","dateModified":"2023-10-26T22:46:46+00:00","description":"P\u00f3ngase en contacto con Phipower si tiene preguntas o desea informaci\u00f3n sobre nuestros productos de salud y bienestar. Nuestro equipo est\u00e1 a su disposici\u00f3n para ayudarle en su camino hacia el bienestar.","breadcrumb":{"@id":"https:\/\/phipower.org\/es\/pongase-en-contacto-con\/#breadcrumb"},"inLanguage":"es","potentialAction":[{"@type":"ReadAction","target":["https:\/\/phipower.org\/es\/pongase-en-contacto-con\/"]}]},{"@type":"BreadcrumbList","@id":"https:\/\/phipower.org\/es\/pongase-en-contacto-con\/#breadcrumb","itemListElement":[{"@type":"ListItem","position":1,"name":"Home","item":"https:\/\/phipower.org\/es\/"},{"@type":"ListItem","position":2,"name":"P\u00f3ngase en contacto con"}]},{"@type":"WebSite","@id":"https:\/\/phipower.org\/es\/#website","url":"https:\/\/phipower.org\/es\/","name":"Phipower: innovatieve gezondheidsproducten","description":"innovatieve gezondheidsproducten","publisher":{"@id":"https:\/\/phipower.org\/es\/#organization"},"potentialAction":[{"@type":"SearchAction","target":{"@type":"EntryPoint","urlTemplate":"https:\/\/phipower.org\/es\/?s={search_term_string}"},"query-input":{"@type":"PropertyValueSpecification","valueRequired":true,"valueName":"search_term_string"}}],"inLanguage":"es"},{"@type":"Organization","@id":"https:\/\/phipower.org\/es\/#organization","name":"Phipower","url":"https:\/\/phipower.org\/es\/","logo":{"@type":"ImageObject","inLanguage":"es","@id":"https:\/\/phipower.org\/es\/#\/schema\/logo\/image\/","url":"https:\/\/phipower.org\/wp-content\/uploads\/2019\/06\/z-logo-RGB-wit-power.png","contentUrl":"https:\/\/phipower.org\/wp-content\/uploads\/2019\/06\/z-logo-RGB-wit-power.png","width":3273,"height":1389,"caption":"Phipower"},"image":{"@id":"https:\/\/phipower.org\/es\/#\/schema\/logo\/image\/"},"sameAs":["https:\/\/www.facebook.com\/phipowertools\/","https:\/\/x.com\/phipower1","https:\/\/www.tiktok.com\/@phipowerhealth"]}]}},"_links":{"self":[{"href":"https:\/\/phipower.org\/es\/wp-json\/wp\/v2\/pages\/3251","targetHints":{"allow":["GET"]}}],"collection":[{"href":"https:\/\/phipower.org\/es\/wp-json\/wp\/v2\/pages"}],"about":[{"href":"https:\/\/phipower.org\/es\/wp-json\/wp\/v2\/types\/page"}],"author":[{"embeddable":true,"href":"https:\/\/phipower.org\/es\/wp-json\/wp\/v2\/users\/1"}],"replies":[{"embeddable":true,"href":"https:\/\/phipower.org\/es\/wp-json\/wp\/v2\/comments?post=3251"}],"version-history":[{"count":1,"href":"https:\/\/phipower.org\/es\/wp-json\/wp\/v2\/pages\/3251\/revisions"}],"predecessor-version":[{"id":4480,"href":"https:\/\/phipower.org\/es\/wp-json\/wp\/v2\/pages\/3251\/revisions\/4480"}],"wp:attachment":[{"href":"https:\/\/phipower.org\/es\/wp-json\/wp\/v2\/media?parent=3251"}],"curies":[{"name":"wp","href":"https:\/\/api.w.org\/{rel}","templated":true}]}}