{"id":3248,"date":"2018-09-04T21:49:28","date_gmt":"2018-09-04T21:49:28","guid":{"rendered":"https:\/\/phipower.org\/garantia-y-reclamaciones\/"},"modified":"2023-10-26T10:56:17","modified_gmt":"2023-10-26T10:56:17","slug":"garantia-y-reclamaciones","status":"publish","type":"page","link":"https:\/\/phipower.org\/es\/garantia-y-reclamaciones\/","title":{"rendered":"Garant\u00eda y reclamaciones"},"content":{"rendered":"<p><strong>Garant\u00eda<\/strong><\/p>\n<p>Nos preocupamos por nuestros productos y, l\u00f3gicamente, hacemos todo lo posible para entreg\u00e1rselos en las mejores condiciones. Sin embargo, a veces ocurre que un pedido se rompe durante el transporte o sucede algo que le hace reclamar la garant\u00eda. Legalmente, est\u00e1 obligado a comunicarnos el defecto <strong>en el plazo de dos meses desde que<\/strong> lo <strong>descubri\u00f3<\/strong>. Si el defecto se encuentra dentro del periodo de garant\u00eda, procederemos a su reparaci\u00f3n o sustituci\u00f3n de forma gratuita.<\/p>\n<p><strong>Quejas<\/strong><\/p>\n<p>Siempre puede ocurrir que algo no salga como estaba previsto. Le animamos a que primero nos plantee sus quejas por correo electr\u00f3nico a info@mobisun.com. Si esto no conduce a una soluci\u00f3n, es posible presentar su disputa para la mediaci\u00f3n a trav\u00e9s de Stichting Webshop Keurmerk a trav\u00e9s de <a href=\"https:\/\/www.keurmerk.info\/nl\/consumenten\/melden\/\">https:\/\/www.keurmerk.info\/nl\/consumenten\/melden\/.<\/a> A partir del 15 de febrero de 2016, los consumidores de la UE tambi\u00e9n podr\u00e1n presentar reclamaciones a trav\u00e9s de la plataforma ODR de la Comisi\u00f3n Europea. Esta plataforma ODR puede consultarse en <a href=\"http:\/\/ec.europa.eu\/odr\">http:\/\/ec.europa.eu\/odr.<\/a> Si su denuncia no est\u00e1 ya pendiente en otro sitio, puede presentarla a trav\u00e9s de la plataforma de la Uni\u00f3n Europea.<\/p>\n","protected":false},"excerpt":{"rendered":"<p>Garant\u00eda Nos preocupamos por nuestros productos y, l\u00f3gicamente, hacemos todo lo posible para entreg\u00e1rselos en las mejores condiciones. Sin embargo, a veces ocurre que un pedido se rompe durante el transporte o sucede algo que le hace reclamar la garant\u00eda. Legalmente, est\u00e1 obligado a comunicarnos el defecto en el plazo de dos meses desde que&#8230;<\/p>\n","protected":false},"author":3,"featured_media":0,"parent":0,"menu_order":0,"comment_status":"closed","ping_status":"closed","template":"","meta":{"footnotes":""},"class_list":["post-3248","page","type-page","status-publish","hentry"],"yoast_head":"<!-- This site is optimized with the Yoast SEO Premium plugin v23.6 (Yoast SEO v27.2) - https:\/\/yoast.com\/product\/yoast-seo-premium-wordpress\/ -->\n<title>Pol\u00edtica de garant\u00eda y reclamaciones - Phipower<\/title>\n<meta name=\"description\" content=\"M\u00e1s informaci\u00f3n sobre la garant\u00eda y la pol\u00edtica de reclamaciones de Phipower. Su satisfacci\u00f3n es nuestra prioridad y hacemos todo lo posible para atender sus preocupaciones y garantizar su satisfacci\u00f3n con nuestros productos.\" \/>\n<meta name=\"robots\" content=\"index, follow, max-snippet:-1, max-image-preview:large, max-video-preview:-1\" \/>\n<link rel=\"canonical\" href=\"https:\/\/phipower.org\/es\/garantia-y-reclamaciones\/\" \/>\n<meta property=\"og:locale\" content=\"es_ES\" \/>\n<meta property=\"og:type\" content=\"article\" \/>\n<meta property=\"og:title\" content=\"Garant\u00eda y reclamaciones\" \/>\n<meta property=\"og:description\" content=\"M\u00e1s informaci\u00f3n sobre la garant\u00eda y la pol\u00edtica de reclamaciones de Phipower. Su satisfacci\u00f3n es nuestra prioridad y hacemos todo lo posible para atender sus preocupaciones y garantizar su satisfacci\u00f3n con nuestros productos.\" \/>\n<meta property=\"og:url\" content=\"https:\/\/phipower.org\/es\/garantia-y-reclamaciones\/\" \/>\n<meta property=\"og:site_name\" content=\"Phipower\" \/>\n<meta property=\"article:publisher\" content=\"https:\/\/www.facebook.com\/phipowertools\/\" \/>\n<meta property=\"article:modified_time\" content=\"2023-10-26T10:56:17+00:00\" \/>\n<meta property=\"og:image\" content=\"https:\/\/phipower.org\/wp-content\/uploads\/2019\/07\/Stroomschema-Phipower.jpg\" \/>\n\t<meta property=\"og:image:width\" content=\"1920\" \/>\n\t<meta property=\"og:image:height\" content=\"1080\" \/>\n\t<meta property=\"og:image:type\" content=\"image\/jpeg\" \/>\n<meta name=\"twitter:card\" content=\"summary_large_image\" \/>\n<meta name=\"twitter:site\" content=\"@phipower1\" \/>\n<meta name=\"twitter:label1\" content=\"Tiempo de lectura\" \/>\n\t<meta name=\"twitter:data1\" content=\"1 minuto\" \/>\n<script type=\"application\/ld+json\" class=\"yoast-schema-graph\">{\"@context\":\"https:\/\/schema.org\",\"@graph\":[{\"@type\":\"WebPage\",\"@id\":\"https:\/\/phipower.org\/es\/garantia-y-reclamaciones\/\",\"url\":\"https:\/\/phipower.org\/es\/garantia-y-reclamaciones\/\",\"name\":\"Pol\u00edtica de garant\u00eda y reclamaciones - Phipower\",\"isPartOf\":{\"@id\":\"https:\/\/phipower.org\/es\/#website\"},\"datePublished\":\"2018-09-04T21:49:28+00:00\",\"dateModified\":\"2023-10-26T10:56:17+00:00\",\"description\":\"M\u00e1s informaci\u00f3n sobre la garant\u00eda y la pol\u00edtica de reclamaciones de Phipower. Su satisfacci\u00f3n es nuestra prioridad y hacemos todo lo posible para atender sus preocupaciones y garantizar su satisfacci\u00f3n con nuestros productos.\",\"breadcrumb\":{\"@id\":\"https:\/\/phipower.org\/es\/garantia-y-reclamaciones\/#breadcrumb\"},\"inLanguage\":\"es\",\"potentialAction\":[{\"@type\":\"ReadAction\",\"target\":[\"https:\/\/phipower.org\/es\/garantia-y-reclamaciones\/\"]}]},{\"@type\":\"BreadcrumbList\",\"@id\":\"https:\/\/phipower.org\/es\/garantia-y-reclamaciones\/#breadcrumb\",\"itemListElement\":[{\"@type\":\"ListItem\",\"position\":1,\"name\":\"Home\",\"item\":\"https:\/\/phipower.org\/es\/\"},{\"@type\":\"ListItem\",\"position\":2,\"name\":\"Garant\u00eda y reclamaciones\"}]},{\"@type\":\"WebSite\",\"@id\":\"https:\/\/phipower.org\/es\/#website\",\"url\":\"https:\/\/phipower.org\/es\/\",\"name\":\"Phipower: innovatieve gezondheidsproducten\",\"description\":\"innovatieve gezondheidsproducten\",\"publisher\":{\"@id\":\"https:\/\/phipower.org\/es\/#organization\"},\"potentialAction\":[{\"@type\":\"SearchAction\",\"target\":{\"@type\":\"EntryPoint\",\"urlTemplate\":\"https:\/\/phipower.org\/es\/?s={search_term_string}\"},\"query-input\":{\"@type\":\"PropertyValueSpecification\",\"valueRequired\":true,\"valueName\":\"search_term_string\"}}],\"inLanguage\":\"es\"},{\"@type\":\"Organization\",\"@id\":\"https:\/\/phipower.org\/es\/#organization\",\"name\":\"Phipower\",\"url\":\"https:\/\/phipower.org\/es\/\",\"logo\":{\"@type\":\"ImageObject\",\"inLanguage\":\"es\",\"@id\":\"https:\/\/phipower.org\/es\/#\/schema\/logo\/image\/\",\"url\":\"https:\/\/phipower.org\/wp-content\/uploads\/2019\/06\/z-logo-RGB-wit-power.png\",\"contentUrl\":\"https:\/\/phipower.org\/wp-content\/uploads\/2019\/06\/z-logo-RGB-wit-power.png\",\"width\":3273,\"height\":1389,\"caption\":\"Phipower\"},\"image\":{\"@id\":\"https:\/\/phipower.org\/es\/#\/schema\/logo\/image\/\"},\"sameAs\":[\"https:\/\/www.facebook.com\/phipowertools\/\",\"https:\/\/x.com\/phipower1\",\"https:\/\/www.tiktok.com\/@phipowerhealth\"]}]}<\/script>\n<!-- \/ Yoast SEO Premium plugin. -->","yoast_head_json":{"title":"Pol\u00edtica de garant\u00eda y reclamaciones - Phipower","description":"M\u00e1s informaci\u00f3n sobre la garant\u00eda y la pol\u00edtica de reclamaciones de Phipower. Su satisfacci\u00f3n es nuestra prioridad y hacemos todo lo posible para atender sus preocupaciones y garantizar su satisfacci\u00f3n con nuestros productos.","robots":{"index":"index","follow":"follow","max-snippet":"max-snippet:-1","max-image-preview":"max-image-preview:large","max-video-preview":"max-video-preview:-1"},"canonical":"https:\/\/phipower.org\/es\/garantia-y-reclamaciones\/","og_locale":"es_ES","og_type":"article","og_title":"Garant\u00eda y reclamaciones","og_description":"M\u00e1s informaci\u00f3n sobre la garant\u00eda y la pol\u00edtica de reclamaciones de Phipower. Su satisfacci\u00f3n es nuestra prioridad y hacemos todo lo posible para atender sus preocupaciones y garantizar su satisfacci\u00f3n con nuestros productos.","og_url":"https:\/\/phipower.org\/es\/garantia-y-reclamaciones\/","og_site_name":"Phipower","article_publisher":"https:\/\/www.facebook.com\/phipowertools\/","article_modified_time":"2023-10-26T10:56:17+00:00","og_image":[{"width":1920,"height":1080,"url":"https:\/\/phipower.org\/wp-content\/uploads\/2019\/07\/Stroomschema-Phipower.jpg","type":"image\/jpeg"}],"twitter_card":"summary_large_image","twitter_site":"@phipower1","twitter_misc":{"Tiempo de lectura":"1 minuto"},"schema":{"@context":"https:\/\/schema.org","@graph":[{"@type":"WebPage","@id":"https:\/\/phipower.org\/es\/garantia-y-reclamaciones\/","url":"https:\/\/phipower.org\/es\/garantia-y-reclamaciones\/","name":"Pol\u00edtica de garant\u00eda y reclamaciones - Phipower","isPartOf":{"@id":"https:\/\/phipower.org\/es\/#website"},"datePublished":"2018-09-04T21:49:28+00:00","dateModified":"2023-10-26T10:56:17+00:00","description":"M\u00e1s informaci\u00f3n sobre la garant\u00eda y la pol\u00edtica de reclamaciones de Phipower. Su satisfacci\u00f3n es nuestra prioridad y hacemos todo lo posible para atender sus preocupaciones y garantizar su satisfacci\u00f3n con nuestros productos.","breadcrumb":{"@id":"https:\/\/phipower.org\/es\/garantia-y-reclamaciones\/#breadcrumb"},"inLanguage":"es","potentialAction":[{"@type":"ReadAction","target":["https:\/\/phipower.org\/es\/garantia-y-reclamaciones\/"]}]},{"@type":"BreadcrumbList","@id":"https:\/\/phipower.org\/es\/garantia-y-reclamaciones\/#breadcrumb","itemListElement":[{"@type":"ListItem","position":1,"name":"Home","item":"https:\/\/phipower.org\/es\/"},{"@type":"ListItem","position":2,"name":"Garant\u00eda y reclamaciones"}]},{"@type":"WebSite","@id":"https:\/\/phipower.org\/es\/#website","url":"https:\/\/phipower.org\/es\/","name":"Phipower: innovatieve gezondheidsproducten","description":"innovatieve gezondheidsproducten","publisher":{"@id":"https:\/\/phipower.org\/es\/#organization"},"potentialAction":[{"@type":"SearchAction","target":{"@type":"EntryPoint","urlTemplate":"https:\/\/phipower.org\/es\/?s={search_term_string}"},"query-input":{"@type":"PropertyValueSpecification","valueRequired":true,"valueName":"search_term_string"}}],"inLanguage":"es"},{"@type":"Organization","@id":"https:\/\/phipower.org\/es\/#organization","name":"Phipower","url":"https:\/\/phipower.org\/es\/","logo":{"@type":"ImageObject","inLanguage":"es","@id":"https:\/\/phipower.org\/es\/#\/schema\/logo\/image\/","url":"https:\/\/phipower.org\/wp-content\/uploads\/2019\/06\/z-logo-RGB-wit-power.png","contentUrl":"https:\/\/phipower.org\/wp-content\/uploads\/2019\/06\/z-logo-RGB-wit-power.png","width":3273,"height":1389,"caption":"Phipower"},"image":{"@id":"https:\/\/phipower.org\/es\/#\/schema\/logo\/image\/"},"sameAs":["https:\/\/www.facebook.com\/phipowertools\/","https:\/\/x.com\/phipower1","https:\/\/www.tiktok.com\/@phipowerhealth"]}]}},"_links":{"self":[{"href":"https:\/\/phipower.org\/es\/wp-json\/wp\/v2\/pages\/3248","targetHints":{"allow":["GET"]}}],"collection":[{"href":"https:\/\/phipower.org\/es\/wp-json\/wp\/v2\/pages"}],"about":[{"href":"https:\/\/phipower.org\/es\/wp-json\/wp\/v2\/types\/page"}],"author":[{"embeddable":true,"href":"https:\/\/phipower.org\/es\/wp-json\/wp\/v2\/users\/3"}],"replies":[{"embeddable":true,"href":"https:\/\/phipower.org\/es\/wp-json\/wp\/v2\/comments?post=3248"}],"version-history":[{"count":1,"href":"https:\/\/phipower.org\/es\/wp-json\/wp\/v2\/pages\/3248\/revisions"}],"predecessor-version":[{"id":4448,"href":"https:\/\/phipower.org\/es\/wp-json\/wp\/v2\/pages\/3248\/revisions\/4448"}],"wp:attachment":[{"href":"https:\/\/phipower.org\/es\/wp-json\/wp\/v2\/media?parent=3248"}],"curies":[{"name":"wp","href":"https:\/\/api.w.org\/{rel}","templated":true}]}}