{"id":3232,"date":"2018-09-04T21:38:04","date_gmt":"2018-09-04T21:38:04","guid":{"rendered":"https:\/\/phipower.org\/descargo-de-responsabilidad\/"},"modified":"2023-10-26T22:42:56","modified_gmt":"2023-10-26T22:42:56","slug":"descargo-de-responsabilidad","status":"publish","type":"page","link":"https:\/\/phipower.org\/es\/descargo-de-responsabilidad\/","title":{"rendered":"Descargo de responsabilidad"},"content":{"rendered":"<p>Este sitio web es propiedad de Phipower. No est\u00e1 permitido divulgar, copiar o guardar el sitio o partes del mismo sin el permiso expl\u00edcito por escrito de Phipower. Este permiso no es necesario para uso personal y no comercial.<\/p>\n<p>La informaci\u00f3n que aparece en este sitio web ha sido recopilada por Phipower con un cuidado y una atenci\u00f3n constantes. No obstante, la informaci\u00f3n publicada en el sitio puede ser incompleta y\/o incorrecta. Los precios en este sitio web son en euros incl. 21% de IVA, y sujeto a posibles errores y cambios de precio.<\/p>\n<p>La informaci\u00f3n del sitio se completa y\/o actualiza peri\u00f3dicamente. Phipower se reserva el derecho a realizar cambios con efecto inmediato y sin previo aviso.<\/p>\n<p>Toda la informaci\u00f3n, productos y servicios se ofrecen en su estado actual y sin ninguna garant\u00eda (impl\u00edcita) en cuanto a su disponibilidad, solidez, idoneidad para un fin determinado o de otro tipo.<\/p>\n<p>Aunque Phipower hace todo lo posible para evitar abusos, Phipower no se hace responsable de la informaci\u00f3n y\/o mensajes enviados a trav\u00e9s de Internet por los usuarios del sitio web.<\/p>\n<p>Phipower excluye toda responsabilidad por da\u00f1os directos o indirectos, de cualquier naturaleza, resultantes de o relacionados de cualquier modo con el sitio web.<\/p>\n","protected":false},"excerpt":{"rendered":"<p>Este sitio web es propiedad de Phipower. No est\u00e1 permitido divulgar, copiar o guardar el sitio o partes del mismo sin el permiso expl\u00edcito por escrito de Phipower. Este permiso no es necesario para uso personal y no comercial. La informaci\u00f3n que aparece en este sitio web ha sido recopilada por Phipower con un cuidado&#8230;<\/p>\n","protected":false},"author":1,"featured_media":0,"parent":0,"menu_order":0,"comment_status":"closed","ping_status":"closed","template":"","meta":{"footnotes":""},"class_list":["post-3232","page","type-page","status-publish","hentry"],"yoast_head":"<!-- This site is optimized with the Yoast SEO Premium plugin v23.6 (Yoast SEO v27.2) - https:\/\/yoast.com\/product\/yoast-seo-premium-wordpress\/ -->\n<title>Phipower Disclaimer: informaci\u00f3n importante para los usuarios<\/title>\n<meta name=\"description\" content=\"Lea el descargo de responsabilidad de Phipower para conocer las condiciones de uso de nuestro sitio web y nuestros productos. Valoramos la transparencia y queremos asegurarnos de que dispone de toda la informaci\u00f3n que necesita.\" \/>\n<meta name=\"robots\" content=\"index, follow, max-snippet:-1, max-image-preview:large, max-video-preview:-1\" \/>\n<link rel=\"canonical\" href=\"https:\/\/phipower.org\/es\/descargo-de-responsabilidad\/\" \/>\n<meta property=\"og:locale\" content=\"es_ES\" \/>\n<meta property=\"og:type\" content=\"article\" \/>\n<meta property=\"og:title\" content=\"Descargo de responsabilidad\" \/>\n<meta property=\"og:description\" content=\"Lea el descargo de responsabilidad de Phipower para conocer las condiciones de uso de nuestro sitio web y nuestros productos. Valoramos la transparencia y queremos asegurarnos de que dispone de toda la informaci\u00f3n que necesita.\" \/>\n<meta property=\"og:url\" content=\"https:\/\/phipower.org\/es\/descargo-de-responsabilidad\/\" \/>\n<meta property=\"og:site_name\" content=\"Phipower\" \/>\n<meta property=\"article:publisher\" content=\"https:\/\/www.facebook.com\/phipowertools\/\" \/>\n<meta property=\"article:modified_time\" content=\"2023-10-26T22:42:56+00:00\" \/>\n<meta property=\"og:image\" content=\"https:\/\/phipower.org\/wp-content\/uploads\/2019\/07\/Stroomschema-Phipower.jpg\" \/>\n\t<meta property=\"og:image:width\" content=\"1920\" \/>\n\t<meta property=\"og:image:height\" content=\"1080\" \/>\n\t<meta property=\"og:image:type\" content=\"image\/jpeg\" \/>\n<meta name=\"twitter:card\" content=\"summary_large_image\" \/>\n<meta name=\"twitter:site\" content=\"@phipower1\" \/>\n<meta name=\"twitter:label1\" content=\"Tiempo de lectura\" \/>\n\t<meta name=\"twitter:data1\" content=\"1 minuto\" \/>\n<script type=\"application\/ld+json\" class=\"yoast-schema-graph\">{\"@context\":\"https:\/\/schema.org\",\"@graph\":[{\"@type\":\"WebPage\",\"@id\":\"https:\/\/phipower.org\/es\/descargo-de-responsabilidad\/\",\"url\":\"https:\/\/phipower.org\/es\/descargo-de-responsabilidad\/\",\"name\":\"Phipower Disclaimer: informaci\u00f3n importante para los usuarios\",\"isPartOf\":{\"@id\":\"https:\/\/phipower.org\/es\/#website\"},\"datePublished\":\"2018-09-04T21:38:04+00:00\",\"dateModified\":\"2023-10-26T22:42:56+00:00\",\"description\":\"Lea el descargo de responsabilidad de Phipower para conocer las condiciones de uso de nuestro sitio web y nuestros productos. Valoramos la transparencia y queremos asegurarnos de que dispone de toda la informaci\u00f3n que necesita.\",\"breadcrumb\":{\"@id\":\"https:\/\/phipower.org\/es\/descargo-de-responsabilidad\/#breadcrumb\"},\"inLanguage\":\"es\",\"potentialAction\":[{\"@type\":\"ReadAction\",\"target\":[\"https:\/\/phipower.org\/es\/descargo-de-responsabilidad\/\"]}]},{\"@type\":\"BreadcrumbList\",\"@id\":\"https:\/\/phipower.org\/es\/descargo-de-responsabilidad\/#breadcrumb\",\"itemListElement\":[{\"@type\":\"ListItem\",\"position\":1,\"name\":\"Home\",\"item\":\"https:\/\/phipower.org\/es\/\"},{\"@type\":\"ListItem\",\"position\":2,\"name\":\"Descargo de responsabilidad\"}]},{\"@type\":\"WebSite\",\"@id\":\"https:\/\/phipower.org\/es\/#website\",\"url\":\"https:\/\/phipower.org\/es\/\",\"name\":\"Phipower: innovatieve gezondheidsproducten\",\"description\":\"innovatieve gezondheidsproducten\",\"publisher\":{\"@id\":\"https:\/\/phipower.org\/es\/#organization\"},\"potentialAction\":[{\"@type\":\"SearchAction\",\"target\":{\"@type\":\"EntryPoint\",\"urlTemplate\":\"https:\/\/phipower.org\/es\/?s={search_term_string}\"},\"query-input\":{\"@type\":\"PropertyValueSpecification\",\"valueRequired\":true,\"valueName\":\"search_term_string\"}}],\"inLanguage\":\"es\"},{\"@type\":\"Organization\",\"@id\":\"https:\/\/phipower.org\/es\/#organization\",\"name\":\"Phipower\",\"url\":\"https:\/\/phipower.org\/es\/\",\"logo\":{\"@type\":\"ImageObject\",\"inLanguage\":\"es\",\"@id\":\"https:\/\/phipower.org\/es\/#\/schema\/logo\/image\/\",\"url\":\"https:\/\/phipower.org\/wp-content\/uploads\/2019\/06\/z-logo-RGB-wit-power.png\",\"contentUrl\":\"https:\/\/phipower.org\/wp-content\/uploads\/2019\/06\/z-logo-RGB-wit-power.png\",\"width\":3273,\"height\":1389,\"caption\":\"Phipower\"},\"image\":{\"@id\":\"https:\/\/phipower.org\/es\/#\/schema\/logo\/image\/\"},\"sameAs\":[\"https:\/\/www.facebook.com\/phipowertools\/\",\"https:\/\/x.com\/phipower1\",\"https:\/\/www.tiktok.com\/@phipowerhealth\"]}]}<\/script>\n<!-- \/ Yoast SEO Premium plugin. -->","yoast_head_json":{"title":"Phipower Disclaimer: informaci\u00f3n importante para los usuarios","description":"Lea el descargo de responsabilidad de Phipower para conocer las condiciones de uso de nuestro sitio web y nuestros productos. Valoramos la transparencia y queremos asegurarnos de que dispone de toda la informaci\u00f3n que necesita.","robots":{"index":"index","follow":"follow","max-snippet":"max-snippet:-1","max-image-preview":"max-image-preview:large","max-video-preview":"max-video-preview:-1"},"canonical":"https:\/\/phipower.org\/es\/descargo-de-responsabilidad\/","og_locale":"es_ES","og_type":"article","og_title":"Descargo de responsabilidad","og_description":"Lea el descargo de responsabilidad de Phipower para conocer las condiciones de uso de nuestro sitio web y nuestros productos. Valoramos la transparencia y queremos asegurarnos de que dispone de toda la informaci\u00f3n que necesita.","og_url":"https:\/\/phipower.org\/es\/descargo-de-responsabilidad\/","og_site_name":"Phipower","article_publisher":"https:\/\/www.facebook.com\/phipowertools\/","article_modified_time":"2023-10-26T22:42:56+00:00","og_image":[{"width":1920,"height":1080,"url":"https:\/\/phipower.org\/wp-content\/uploads\/2019\/07\/Stroomschema-Phipower.jpg","type":"image\/jpeg"}],"twitter_card":"summary_large_image","twitter_site":"@phipower1","twitter_misc":{"Tiempo de lectura":"1 minuto"},"schema":{"@context":"https:\/\/schema.org","@graph":[{"@type":"WebPage","@id":"https:\/\/phipower.org\/es\/descargo-de-responsabilidad\/","url":"https:\/\/phipower.org\/es\/descargo-de-responsabilidad\/","name":"Phipower Disclaimer: informaci\u00f3n importante para los usuarios","isPartOf":{"@id":"https:\/\/phipower.org\/es\/#website"},"datePublished":"2018-09-04T21:38:04+00:00","dateModified":"2023-10-26T22:42:56+00:00","description":"Lea el descargo de responsabilidad de Phipower para conocer las condiciones de uso de nuestro sitio web y nuestros productos. Valoramos la transparencia y queremos asegurarnos de que dispone de toda la informaci\u00f3n que necesita.","breadcrumb":{"@id":"https:\/\/phipower.org\/es\/descargo-de-responsabilidad\/#breadcrumb"},"inLanguage":"es","potentialAction":[{"@type":"ReadAction","target":["https:\/\/phipower.org\/es\/descargo-de-responsabilidad\/"]}]},{"@type":"BreadcrumbList","@id":"https:\/\/phipower.org\/es\/descargo-de-responsabilidad\/#breadcrumb","itemListElement":[{"@type":"ListItem","position":1,"name":"Home","item":"https:\/\/phipower.org\/es\/"},{"@type":"ListItem","position":2,"name":"Descargo de responsabilidad"}]},{"@type":"WebSite","@id":"https:\/\/phipower.org\/es\/#website","url":"https:\/\/phipower.org\/es\/","name":"Phipower: innovatieve gezondheidsproducten","description":"innovatieve gezondheidsproducten","publisher":{"@id":"https:\/\/phipower.org\/es\/#organization"},"potentialAction":[{"@type":"SearchAction","target":{"@type":"EntryPoint","urlTemplate":"https:\/\/phipower.org\/es\/?s={search_term_string}"},"query-input":{"@type":"PropertyValueSpecification","valueRequired":true,"valueName":"search_term_string"}}],"inLanguage":"es"},{"@type":"Organization","@id":"https:\/\/phipower.org\/es\/#organization","name":"Phipower","url":"https:\/\/phipower.org\/es\/","logo":{"@type":"ImageObject","inLanguage":"es","@id":"https:\/\/phipower.org\/es\/#\/schema\/logo\/image\/","url":"https:\/\/phipower.org\/wp-content\/uploads\/2019\/06\/z-logo-RGB-wit-power.png","contentUrl":"https:\/\/phipower.org\/wp-content\/uploads\/2019\/06\/z-logo-RGB-wit-power.png","width":3273,"height":1389,"caption":"Phipower"},"image":{"@id":"https:\/\/phipower.org\/es\/#\/schema\/logo\/image\/"},"sameAs":["https:\/\/www.facebook.com\/phipowertools\/","https:\/\/x.com\/phipower1","https:\/\/www.tiktok.com\/@phipowerhealth"]}]}},"_links":{"self":[{"href":"https:\/\/phipower.org\/es\/wp-json\/wp\/v2\/pages\/3232","targetHints":{"allow":["GET"]}}],"collection":[{"href":"https:\/\/phipower.org\/es\/wp-json\/wp\/v2\/pages"}],"about":[{"href":"https:\/\/phipower.org\/es\/wp-json\/wp\/v2\/types\/page"}],"author":[{"embeddable":true,"href":"https:\/\/phipower.org\/es\/wp-json\/wp\/v2\/users\/1"}],"replies":[{"embeddable":true,"href":"https:\/\/phipower.org\/es\/wp-json\/wp\/v2\/comments?post=3232"}],"version-history":[{"count":1,"href":"https:\/\/phipower.org\/es\/wp-json\/wp\/v2\/pages\/3232\/revisions"}],"predecessor-version":[{"id":4456,"href":"https:\/\/phipower.org\/es\/wp-json\/wp\/v2\/pages\/3232\/revisions\/4456"}],"wp:attachment":[{"href":"https:\/\/phipower.org\/es\/wp-json\/wp\/v2\/media?parent=3232"}],"curies":[{"name":"wp","href":"https:\/\/api.w.org\/{rel}","templated":true}]}}