{"id":3222,"date":"2018-07-10T07:59:39","date_gmt":"2018-07-10T07:59:39","guid":{"rendered":"https:\/\/phipower.org\/quienes-somos\/"},"modified":"2025-08-21T21:55:17","modified_gmt":"2025-08-21T21:55:17","slug":"quienes-somos","status":"publish","type":"page","link":"https:\/\/phipower.org\/es\/quienes-somos\/","title":{"rendered":"Qui\u00e9nes somos"},"content":{"rendered":"<div class=\"video video-fit mb\" style=\"padding-top:56.25%;\"><p><iframe loading=\"lazy\" title=\"PhiPower | innovatieve oplossingen voor een optimale gezondheid\" width=\"1020\" height=\"574\" src=\"https:\/\/www.youtube.com\/embed\/vy-1prJwmoo?feature=oembed\" frameborder=\"0\" allow=\"accelerometer; autoplay; clipboard-write; encrypted-media; gyroscope; picture-in-picture; web-share\" referrerpolicy=\"strict-origin-when-cross-origin\" allowfullscreen><\/iframe><\/p>\n<\/div>\n\n  <div class=\"banner has-hover is-full-height has-parallax\" id=\"banner-447072702\">\n          <div class=\"banner-inner fill\">\n        <div class=\"banner-bg fill\" data-parallax=\"-10\" data-parallax-container=\".banner\" data-parallax-background>\n            <img loading=\"lazy\" decoding=\"async\" width=\"1400\" height=\"963\" src=\"https:\/\/phipower.org\/wp-content\/uploads\/2018\/09\/Mobisun-portable-solar-power-1a.jpg\" class=\"bg attachment-original size-original\" alt=\"\" \/>                        <div class=\"overlay\"><\/div>            \n                    <\/div>\n\t\t\n        <div class=\"banner-layers container\">\n            <div class=\"fill banner-link\"><\/div>            \n   <div id=\"text-box-473314965\" class=\"text-box banner-layer x50 md-x50 lg-x50 y5 md-y5 lg-y5 res-text\">\n                                <div class=\"text-box-content text dark\">\n              \n              <div class=\"text-inner text-center\">\n                  \n\t<div class=\"img has-hover x md-x lg-x y md-y lg-y\" id=\"image_984486775\">\n\t\t\t\t\t\t<div data-animate=\"fadeInUp\">\t\t<div class=\"img-inner dark\" >\n\t\t\t<img loading=\"lazy\" decoding=\"async\" width=\"1020\" height=\"433\" src=\"https:\/\/phipower.org\/wp-content\/uploads\/2019\/06\/z-logo-RGB-wit-power-1400x594.png\" class=\"attachment-large size-large\" alt=\"\" srcset=\"https:\/\/phipower.org\/wp-content\/uploads\/2019\/06\/z-logo-RGB-wit-power-1400x594.png 1400w, https:\/\/phipower.org\/wp-content\/uploads\/2019\/06\/z-logo-RGB-wit-power-800x340.png 800w, https:\/\/phipower.org\/wp-content\/uploads\/2019\/06\/z-logo-RGB-wit-power-768x326.png 768w, https:\/\/phipower.org\/wp-content\/uploads\/2019\/06\/z-logo-RGB-wit-power-600x255.png 600w\" sizes=\"auto, (max-width: 1020px) 100vw, 1020px\" \/>\t\t\t\t\t\t\n\t\t\t\t\t<\/div>\n\t\t<\/div>\t\t\t\t\t\t\n<style>\n#image_984486775 {\n  width: 100%;\n}\n<\/style>\n\t<\/div>\n\t\n              <\/div>\n           <\/div>\n                            \n<style>\n#text-box-473314965 {\n  width: 49%;\n}\n#text-box-473314965 .text-box-content {\n  font-size: 100%;\n}\n<\/style>\n    <\/div>\n \n   <div id=\"text-box-603429728\" class=\"text-box banner-layer x50 md-x50 lg-x50 y75 md-y75 lg-y75 res-text\">\n                                <div class=\"text-box-content text dark\">\n              \n              <div class=\"text-inner text-center\">\n                  \n<h3 class=\"uppercase\" style=\"text-align: left;\">Qui\u00e9nes somos<\/h3>\n<p style=\"text-align: left;\">Visi\u00f3n: capacitaci\u00f3n personal mediante tecnolog\u00edas innovadoras que mejoran la salud.<\/p>\n<p style=\"text-align: left;\">Misi\u00f3n: proporcionar equipos de alta calidad que mejoren la salud y el bienestar humanos.<\/p>\n<p style=\"text-align: left;\">Logotipo: El logotipo de phipower representa la proporci\u00f3n \u00e1urea o sectio divina, que es una medida perfecta de belleza, salud y bienestar.<\/p>\n<p style=\"text-align: left;\">El logotipo tambi\u00e9n est\u00e1 relacionado con el s\u00edmbolo del Yin y el Yang, que representa las fuerzas opuestas pero interconectadas que componen nuestro universo.<\/p>\n<p style=\"text-align: left;\">En conjunto, el logotipo simboliza el equilibrio perfecto.<\/p>\n<p style=\"text-align: left;\">Esperamos que encuentre este equilibrio utilizando nuestros innovadores productos para la salud<\/p>\n              <\/div>\n           <\/div>\n                            \n<style>\n#text-box-603429728 {\n  width: 49%;\n}\n#text-box-603429728 .text-box-content {\n  font-size: 100%;\n}\n<\/style>\n    <\/div>\n \n        <\/div>\n      <\/div>\n\n            \n<style>\n#banner-447072702 {\n  padding-top: 100%;\n}\n#banner-447072702 .overlay {\n  background-color: rgba(0, 0, 0, 0.17);\n}\n#banner-447072702 .banner-bg img {\n  object-position: 49% 57%;\n}\n<\/style>\n  <\/div>\n\n\n<p><iframe loading=\"lazy\" style=\"border-radius: 12px;\" src=\"https:\/\/open.spotify.com\/embed\/episode\/1aRyBlR4wEFOaWu4WzrQX0?utm_source=generator\" width=\"100%\" height=\"352\" frameborder=\"0\" allowfullscreen=\"allowfullscreen\" data-testid=\"embed-iframe\"><\/iframe><\/p>\n<div class=\"row\"  id=\"row-1972273738\">\n\n\t<div id=\"col-564734634\" class=\"col medium-4 small-12 large-4\"  >\n\t\t\t\t<div class=\"col-inner\"  >\n\t\t\t\n\t\t\t\n    <div class=\"box has-hover has-hover box-text-bottom\" >\n\n                  <div class=\"box-image \" style=\"width:80%;\">\n           <div class=\"box-image-inner image-cover\" style=\"border-radius:100%;padding-top:100%;\">\n              <img loading=\"lazy\" decoding=\"async\" width=\"1400\" height=\"1050\" src=\"https:\/\/phipower.org\/wp-content\/uploads\/2018\/09\/HVP00187-in-pak-c.jpg\" class=\"attachment- size-\" alt=\"\" srcset=\"https:\/\/phipower.org\/wp-content\/uploads\/2018\/09\/HVP00187-in-pak-c.jpg 1400w, https:\/\/phipower.org\/wp-content\/uploads\/2018\/09\/HVP00187-in-pak-c-533x400.jpg 533w, https:\/\/phipower.org\/wp-content\/uploads\/2018\/09\/HVP00187-in-pak-c-768x576.jpg 768w, https:\/\/phipower.org\/wp-content\/uploads\/2018\/09\/HVP00187-in-pak-c-1067x800.jpg 1067w, https:\/\/phipower.org\/wp-content\/uploads\/2018\/09\/HVP00187-in-pak-c-600x450.jpg 600w\" sizes=\"auto, (max-width: 1400px) 100vw, 1400px\" \/>                         <\/div>\n          <\/div>\n         \n          <div class=\"box-text text-center\" >\n                <div class=\"box-text-inner\">\n                  <h4 class=\"uppercase\">\n                    <span class=\"person-name\">Peter Klaren<\/span><br\/>\n                    <span class=\"person-title is-small thin-font op-7\">\n                      Fundador                    <\/span>\n                  <\/h4>\n\t\t\t\t\t<div class=\"social-icons follow-icons\" ><a href=\"https:\/\/www.linkedin.com\/in\/peterklaren\/\" data-label=\"LinkedIn\" target=\"_blank\" class=\"icon button circle is-outline tooltip linkedin\" title=\"S\u00edguenos en LinkedIn\" aria-label=\"S\u00edguenos en LinkedIn\" rel=\"noopener nofollow\"><i class=\"icon-linkedin\" aria-hidden=\"true\"><\/i><\/a><\/div>\n<p>\u00abEl campo de trabajo de Phipower tiene algunas ideas brillantes que promueven una r\u00e1pida recuperaci\u00f3n\u00bb.<\/p>\n                <\/div>\n          <\/div>\n    <\/div>\n\n\t\n    \n\t\t<\/div>\n\t\t\t\t\t<\/div>\n\n\t\n\n\t<div id=\"col-213825788\" class=\"col medium-4 small-12 large-4\"  >\n\t\t\t\t<div class=\"col-inner\"  >\n\t\t\t\n\t\t\t\n    <div class=\"box has-hover has-hover box-text-bottom\" >\n\n                  <div class=\"box-image \" style=\"width:80%;\">\n           <div class=\"box-image-inner image-cover\" style=\"border-radius:100%;padding-top:100%;\">\n              <img loading=\"lazy\" decoding=\"async\" width=\"1400\" height=\"1050\" src=\"https:\/\/phipower.org\/wp-content\/uploads\/2018\/09\/HVP00181-uitgesneden.jpg\" class=\"attachment- size-\" alt=\"\" srcset=\"https:\/\/phipower.org\/wp-content\/uploads\/2018\/09\/HVP00181-uitgesneden.jpg 1400w, https:\/\/phipower.org\/wp-content\/uploads\/2018\/09\/HVP00181-uitgesneden-533x400.jpg 533w, https:\/\/phipower.org\/wp-content\/uploads\/2018\/09\/HVP00181-uitgesneden-768x576.jpg 768w, https:\/\/phipower.org\/wp-content\/uploads\/2018\/09\/HVP00181-uitgesneden-1067x800.jpg 1067w, https:\/\/phipower.org\/wp-content\/uploads\/2018\/09\/HVP00181-uitgesneden-600x450.jpg 600w\" sizes=\"auto, (max-width: 1400px) 100vw, 1400px\" \/>                         <\/div>\n          <\/div>\n         \n          <div class=\"box-text text-center\" >\n                <div class=\"box-text-inner\">\n                  <h4 class=\"uppercase\">\n                    <span class=\"person-name\">Raymundo Hooten<\/span><br\/>\n                    <span class=\"person-title is-small thin-font op-7\">\n                      fundador\/CTO                    <\/span>\n                  <\/h4>\n\t\t\t\t\t<div class=\"social-icons follow-icons\" ><a href=\"https:\/\/www.linkedin.com\/in\/raymundohooten\/\" data-label=\"LinkedIn\" target=\"_blank\" class=\"icon button circle is-outline tooltip linkedin\" title=\"S\u00edguenos en LinkedIn\" aria-label=\"S\u00edguenos en LinkedIn\" rel=\"noopener nofollow\"><i class=\"icon-linkedin\" aria-hidden=\"true\"><\/i><\/a><\/div>\n<p>\u00abA trav\u00e9s de nuestros innovadores productos para la salud, podemos ayudar a las personas a disfrutar m\u00e1s de su vitalidad\u00bb.<\/p>\n                <\/div>\n          <\/div>\n    <\/div>\n\n\t\n    \n\t\t<\/div>\n\t\t\t\t\t<\/div>\n\n\t\n\n\t<div id=\"col-1382536928\" class=\"col medium-4 small-12 large-4\"  >\n\t\t\t\t<div class=\"col-inner\"  >\n\t\t\t\n\t\t\t\n    <div class=\"box has-hover has-hover box-text-bottom\" >\n\n                  <div class=\"box-image \" style=\"width:80%;\">\n           <div class=\"box-image-inner image-cover\" style=\"border-radius:100%;padding-top:100%;\">\n              <img loading=\"lazy\" decoding=\"async\" width=\"1400\" height=\"1050\" src=\"https:\/\/phipower.org\/wp-content\/uploads\/2018\/09\/HVP00174-don.jpg\" class=\"attachment- size-\" alt=\"\" srcset=\"https:\/\/phipower.org\/wp-content\/uploads\/2018\/09\/HVP00174-don.jpg 1400w, https:\/\/phipower.org\/wp-content\/uploads\/2018\/09\/HVP00174-don-533x400.jpg 533w, https:\/\/phipower.org\/wp-content\/uploads\/2018\/09\/HVP00174-don-768x576.jpg 768w, https:\/\/phipower.org\/wp-content\/uploads\/2018\/09\/HVP00174-don-1067x800.jpg 1067w, https:\/\/phipower.org\/wp-content\/uploads\/2018\/09\/HVP00174-don-600x450.jpg 600w\" sizes=\"auto, (max-width: 1400px) 100vw, 1400px\" \/>                         <\/div>\n          <\/div>\n         \n          <div class=\"box-text text-center\" >\n                <div class=\"box-text-inner\">\n                  <h4 class=\"uppercase\">\n                    <span class=\"person-name\">Don van beusekom<\/span><br\/>\n                    <span class=\"person-title is-small thin-font op-7\">\n                      Director creativo                    <\/span>\n                  <\/h4>\n\t\t\t\t\t<div class=\"social-icons follow-icons\" ><a href=\"https:\/\/www.linkedin.com\/in\/don-beusekom-73545250\/\" data-label=\"LinkedIn\" target=\"_blank\" class=\"icon button circle is-outline tooltip linkedin\" title=\"S\u00edguenos en LinkedIn\" aria-label=\"S\u00edguenos en LinkedIn\" rel=\"noopener nofollow\"><i class=\"icon-linkedin\" aria-hidden=\"true\"><\/i><\/a><\/div>\n<p>\u00abPhipower ofrece valiosas oportunidades para un cambio fundamental en la salud\u00bb.<\/p>\n                <\/div>\n          <\/div>\n    <\/div>\n\n\t\n    \n\t\t<\/div>\n\t\t\t\t\t<\/div>\n\n\t\n<\/div>\n","protected":false},"excerpt":{"rendered":"","protected":false},"author":1,"featured_media":0,"parent":0,"menu_order":0,"comment_status":"closed","ping_status":"closed","template":"page-blank.php","meta":{"footnotes":""},"class_list":["post-3222","page","type-page","status-publish","hentry"],"yoast_head":"<!-- This site is optimized with the Yoast SEO Premium plugin v23.6 (Yoast SEO v27.2) - https:\/\/yoast.com\/product\/yoast-seo-premium-wordpress\/ -->\n<title>Acerca de Phipower: soluciones pioneras en salud y bienestar<\/title>\n<meta name=\"description\" content=\"Obtenga m\u00e1s informaci\u00f3n sobre Phipower, su fuente de confianza para soluciones avanzadas de salud y bienestar. Descubra nuestra misi\u00f3n, visi\u00f3n y compromiso con la mejora del bienestar.\" \/>\n<meta name=\"robots\" content=\"index, follow, max-snippet:-1, max-image-preview:large, max-video-preview:-1\" \/>\n<link rel=\"canonical\" href=\"https:\/\/phipower.org\/es\/quienes-somos\/\" \/>\n<meta property=\"og:locale\" content=\"es_ES\" \/>\n<meta property=\"og:type\" content=\"article\" \/>\n<meta property=\"og:title\" content=\"Qui\u00e9nes somos\" \/>\n<meta property=\"og:description\" content=\"Obtenga m\u00e1s informaci\u00f3n sobre Phipower, su fuente de confianza para soluciones avanzadas de salud y bienestar. Descubra nuestra misi\u00f3n, visi\u00f3n y compromiso con la mejora del bienestar.\" \/>\n<meta property=\"og:url\" content=\"https:\/\/phipower.org\/es\/quienes-somos\/\" \/>\n<meta property=\"og:site_name\" content=\"Phipower\" \/>\n<meta property=\"article:publisher\" content=\"https:\/\/www.facebook.com\/phipowertools\/\" \/>\n<meta property=\"article:modified_time\" content=\"2025-08-21T21:55:17+00:00\" \/>\n<meta property=\"og:image\" content=\"https:\/\/phipower.org\/wp-content\/uploads\/2019\/07\/Stroomschema-Phipower.jpg\" \/>\n\t<meta property=\"og:image:width\" content=\"1920\" \/>\n\t<meta property=\"og:image:height\" content=\"1080\" \/>\n\t<meta property=\"og:image:type\" content=\"image\/jpeg\" \/>\n<meta name=\"twitter:card\" content=\"summary_large_image\" \/>\n<meta name=\"twitter:site\" content=\"@phipower1\" \/>\n<meta name=\"twitter:label1\" content=\"Tiempo de lectura\" \/>\n\t<meta name=\"twitter:data1\" content=\"1 minuto\" \/>\n<script type=\"application\/ld+json\" class=\"yoast-schema-graph\">{\"@context\":\"https:\/\/schema.org\",\"@graph\":[{\"@type\":\"WebPage\",\"@id\":\"https:\/\/phipower.org\/es\/quienes-somos\/\",\"url\":\"https:\/\/phipower.org\/es\/quienes-somos\/\",\"name\":\"Acerca de Phipower: soluciones pioneras en salud y bienestar\",\"isPartOf\":{\"@id\":\"https:\/\/phipower.org\/es\/#website\"},\"datePublished\":\"2018-07-10T07:59:39+00:00\",\"dateModified\":\"2025-08-21T21:55:17+00:00\",\"description\":\"Obtenga m\u00e1s informaci\u00f3n sobre Phipower, su fuente de confianza para soluciones avanzadas de salud y bienestar. Descubra nuestra misi\u00f3n, visi\u00f3n y compromiso con la mejora del bienestar.\",\"breadcrumb\":{\"@id\":\"https:\/\/phipower.org\/es\/quienes-somos\/#breadcrumb\"},\"inLanguage\":\"es\",\"potentialAction\":[{\"@type\":\"ReadAction\",\"target\":[\"https:\/\/phipower.org\/es\/quienes-somos\/\"]}]},{\"@type\":\"BreadcrumbList\",\"@id\":\"https:\/\/phipower.org\/es\/quienes-somos\/#breadcrumb\",\"itemListElement\":[{\"@type\":\"ListItem\",\"position\":1,\"name\":\"Home\",\"item\":\"https:\/\/phipower.org\/es\/\"},{\"@type\":\"ListItem\",\"position\":2,\"name\":\"Qui\u00e9nes somos\"}]},{\"@type\":\"WebSite\",\"@id\":\"https:\/\/phipower.org\/es\/#website\",\"url\":\"https:\/\/phipower.org\/es\/\",\"name\":\"Phipower: innovatieve gezondheidsproducten\",\"description\":\"innovatieve gezondheidsproducten\",\"publisher\":{\"@id\":\"https:\/\/phipower.org\/es\/#organization\"},\"potentialAction\":[{\"@type\":\"SearchAction\",\"target\":{\"@type\":\"EntryPoint\",\"urlTemplate\":\"https:\/\/phipower.org\/es\/?s={search_term_string}\"},\"query-input\":{\"@type\":\"PropertyValueSpecification\",\"valueRequired\":true,\"valueName\":\"search_term_string\"}}],\"inLanguage\":\"es\"},{\"@type\":\"Organization\",\"@id\":\"https:\/\/phipower.org\/es\/#organization\",\"name\":\"Phipower\",\"url\":\"https:\/\/phipower.org\/es\/\",\"logo\":{\"@type\":\"ImageObject\",\"inLanguage\":\"es\",\"@id\":\"https:\/\/phipower.org\/es\/#\/schema\/logo\/image\/\",\"url\":\"https:\/\/phipower.org\/wp-content\/uploads\/2019\/06\/z-logo-RGB-wit-power.png\",\"contentUrl\":\"https:\/\/phipower.org\/wp-content\/uploads\/2019\/06\/z-logo-RGB-wit-power.png\",\"width\":3273,\"height\":1389,\"caption\":\"Phipower\"},\"image\":{\"@id\":\"https:\/\/phipower.org\/es\/#\/schema\/logo\/image\/\"},\"sameAs\":[\"https:\/\/www.facebook.com\/phipowertools\/\",\"https:\/\/x.com\/phipower1\",\"https:\/\/www.tiktok.com\/@phipowerhealth\"]}]}<\/script>\n<!-- \/ Yoast SEO Premium plugin. -->","yoast_head_json":{"title":"Acerca de Phipower: soluciones pioneras en salud y bienestar","description":"Obtenga m\u00e1s informaci\u00f3n sobre Phipower, su fuente de confianza para soluciones avanzadas de salud y bienestar. Descubra nuestra misi\u00f3n, visi\u00f3n y compromiso con la mejora del bienestar.","robots":{"index":"index","follow":"follow","max-snippet":"max-snippet:-1","max-image-preview":"max-image-preview:large","max-video-preview":"max-video-preview:-1"},"canonical":"https:\/\/phipower.org\/es\/quienes-somos\/","og_locale":"es_ES","og_type":"article","og_title":"Qui\u00e9nes somos","og_description":"Obtenga m\u00e1s informaci\u00f3n sobre Phipower, su fuente de confianza para soluciones avanzadas de salud y bienestar. Descubra nuestra misi\u00f3n, visi\u00f3n y compromiso con la mejora del bienestar.","og_url":"https:\/\/phipower.org\/es\/quienes-somos\/","og_site_name":"Phipower","article_publisher":"https:\/\/www.facebook.com\/phipowertools\/","article_modified_time":"2025-08-21T21:55:17+00:00","og_image":[{"width":1920,"height":1080,"url":"https:\/\/phipower.org\/wp-content\/uploads\/2019\/07\/Stroomschema-Phipower.jpg","type":"image\/jpeg"}],"twitter_card":"summary_large_image","twitter_site":"@phipower1","twitter_misc":{"Tiempo de lectura":"1 minuto"},"schema":{"@context":"https:\/\/schema.org","@graph":[{"@type":"WebPage","@id":"https:\/\/phipower.org\/es\/quienes-somos\/","url":"https:\/\/phipower.org\/es\/quienes-somos\/","name":"Acerca de Phipower: soluciones pioneras en salud y bienestar","isPartOf":{"@id":"https:\/\/phipower.org\/es\/#website"},"datePublished":"2018-07-10T07:59:39+00:00","dateModified":"2025-08-21T21:55:17+00:00","description":"Obtenga m\u00e1s informaci\u00f3n sobre Phipower, su fuente de confianza para soluciones avanzadas de salud y bienestar. Descubra nuestra misi\u00f3n, visi\u00f3n y compromiso con la mejora del bienestar.","breadcrumb":{"@id":"https:\/\/phipower.org\/es\/quienes-somos\/#breadcrumb"},"inLanguage":"es","potentialAction":[{"@type":"ReadAction","target":["https:\/\/phipower.org\/es\/quienes-somos\/"]}]},{"@type":"BreadcrumbList","@id":"https:\/\/phipower.org\/es\/quienes-somos\/#breadcrumb","itemListElement":[{"@type":"ListItem","position":1,"name":"Home","item":"https:\/\/phipower.org\/es\/"},{"@type":"ListItem","position":2,"name":"Qui\u00e9nes somos"}]},{"@type":"WebSite","@id":"https:\/\/phipower.org\/es\/#website","url":"https:\/\/phipower.org\/es\/","name":"Phipower: innovatieve gezondheidsproducten","description":"innovatieve gezondheidsproducten","publisher":{"@id":"https:\/\/phipower.org\/es\/#organization"},"potentialAction":[{"@type":"SearchAction","target":{"@type":"EntryPoint","urlTemplate":"https:\/\/phipower.org\/es\/?s={search_term_string}"},"query-input":{"@type":"PropertyValueSpecification","valueRequired":true,"valueName":"search_term_string"}}],"inLanguage":"es"},{"@type":"Organization","@id":"https:\/\/phipower.org\/es\/#organization","name":"Phipower","url":"https:\/\/phipower.org\/es\/","logo":{"@type":"ImageObject","inLanguage":"es","@id":"https:\/\/phipower.org\/es\/#\/schema\/logo\/image\/","url":"https:\/\/phipower.org\/wp-content\/uploads\/2019\/06\/z-logo-RGB-wit-power.png","contentUrl":"https:\/\/phipower.org\/wp-content\/uploads\/2019\/06\/z-logo-RGB-wit-power.png","width":3273,"height":1389,"caption":"Phipower"},"image":{"@id":"https:\/\/phipower.org\/es\/#\/schema\/logo\/image\/"},"sameAs":["https:\/\/www.facebook.com\/phipowertools\/","https:\/\/x.com\/phipower1","https:\/\/www.tiktok.com\/@phipowerhealth"]}]}},"_links":{"self":[{"href":"https:\/\/phipower.org\/es\/wp-json\/wp\/v2\/pages\/3222","targetHints":{"allow":["GET"]}}],"collection":[{"href":"https:\/\/phipower.org\/es\/wp-json\/wp\/v2\/pages"}],"about":[{"href":"https:\/\/phipower.org\/es\/wp-json\/wp\/v2\/types\/page"}],"author":[{"embeddable":true,"href":"https:\/\/phipower.org\/es\/wp-json\/wp\/v2\/users\/1"}],"replies":[{"embeddable":true,"href":"https:\/\/phipower.org\/es\/wp-json\/wp\/v2\/comments?post=3222"}],"version-history":[{"count":17,"href":"https:\/\/phipower.org\/es\/wp-json\/wp\/v2\/pages\/3222\/revisions"}],"predecessor-version":[{"id":7668,"href":"https:\/\/phipower.org\/es\/wp-json\/wp\/v2\/pages\/3222\/revisions\/7668"}],"wp:attachment":[{"href":"https:\/\/phipower.org\/es\/wp-json\/wp\/v2\/media?parent=3222"}],"curies":[{"name":"wp","href":"https:\/\/api.w.org\/{rel}","templated":true}]}}