{"id":7191,"date":"2025-06-06T10:40:54","date_gmt":"2025-06-06T10:40:54","guid":{"rendered":"https:\/\/phipower.org\/?post_type=product&#038;p=7191"},"modified":"2026-05-09T10:11:45","modified_gmt":"2026-05-09T10:11:45","slug":"wasserwirbelflasche-zur-belebung-und-strukturierung-von-wasser-phipower-kopie-2","status":"publish","type":"product","link":"https:\/\/phipower.org\/de\/product\/wasserwirbelflasche-zur-belebung-und-strukturierung-von-wasser-phipower-kopie-2\/","title":{"rendered":"Wasservitalisierungsflasche | 2,0 Liter | Zur Vitalisierung und Strukturierung von Wasser | Phipower"},"content":{"rendered":"<h1>Phipower Wasservitalisierungsflasche \u2013 2,0 Liter<\/h1>\n<p><strong>Zur Vitalisierung und Strukturierung von Leitungswasser | Handgefertigte Vortex-Flasche aus Borosilikatglas | Mit Korkverschluss und Analemma-Halterung<\/strong><\/p>\n<h2>Transformieren Sie Leitungswasser in lebendiges und strukturiertes Wasser<\/h2>\n<p>Erleben Sie die Kraft vitalisierten Wassers mit der handgefertigten Phipower Wasserwirbelflasche. Diese hochwertige 2,0-Liter-Flasche wurde speziell f\u00fcr die Strukturierung und Energetisierung von Wasser mittels Vortex-Technologie entwickelt. In Kombination mit einem <a href=\"https:\/\/phipower.org\/product\/magneet-roerder-magnetic-strirrer-voor-vitaliseren-en-structureren-van-water-phipower\/\">Magnetr\u00fchrer<\/a> und <a href=\"https:\/\/phipower.org\/de\/produkt\/goldenes-dreieck-amethyst-bergkristall-rosenquarz-zur-vitalisierung-und-strukturierung-der-wasserkraft\/\">Kristallen<\/a> kreieren Sie zu Hause ganz einfach Trinkwasser mit neuer Vitalit\u00e4t, nat\u00fcrlichem Geschmack und harmonischer Struktur.  <\/p>\n<blockquote>\n<p><strong>\u26a0\ufe0f Bitte beachten Sie:<\/strong> Dieses Produkt umfasst nur die Wasserflasche.<br \/>\ud83d\udc49 F\u00fcr das komplette Set inklusive Magnetr\u00fchrer und Kristallen klicken Sie <a href=\"https:\/\/phipower.org\/product\/vitaal-water-maker-2-0-liter-voor-gevitaliseerd-en-gestructureerd-water-phipower\/\">hier<\/a>.<\/p>\n<\/blockquote>\n<hr>\n<h2>Wichtigste Merkmale<\/h2>\n<ul>\n<li>\u2022 <strong>Handgefertigt aus langlebigem Borosilikatglas (Boro 3.3)<\/strong> \u2013 Hitzebest\u00e4ndig, kratzfest und f\u00fcr den t\u00e4glichen Gebrauch geeignet<\/li>\n<li>\u2022 <strong>Sp\u00fclmaschinenfest<\/strong> \u2013 Leicht zu reinigen (Handw\u00e4sche f\u00fcr l\u00e4ngere Lebensdauer empfohlen)<\/li>\n<li>\u2022 <strong>Inhalt: 2,0 Liter<\/strong> \u2013 Ideal f\u00fcr zu Hause, das B\u00fcro oder unterwegs<\/li>\n<li>\u2022 <strong>Korkverschluss mit Ger\u00e4uschd\u00e4mpfung<\/strong> \u2013 Reduziert Ger\u00e4usche w\u00e4hrend des Wirbelvorgangs<\/li>\n<li>\u2022 <strong data-start=\"1501\" data-end=\"1559\">Korkverschluss mit 10-mm-Loch \u2013 <a href=\"https:\/\/phipower.org\/de\/product\/korkventile-fur-phipower-water-vitaliser-schalldampfung-fixierung-analemma-ruhrstab-kopie\/\">F\u00fcr Analemma-R\u00fchrstab<\/a><\/strong><br data-start=\"1559\" data-end=\"1562\">\u2013 Platzieren Sie Ihren Kristall-R\u00fchrstab stabil im Zentrum des Wirbels<br data-start=\"1630\" data-end=\"1633\">\u2013 Kombinieren Sie Wasserstrukturierung mit der energetischen Wirkung von Quarzglas<\/li>\n<li>\u2022 <a href=\"https:\/\/phipower.org\/de\/produkt\/goldenes-dreieck-amethyst-bergkristall-rosenquarz-zur-vitalisierung-und-strukturierung-der-wasserkraft\/\"><strong>Optional mit Edelsteinen<\/strong><\/a> \u2013 Kombinieren Sie mit Amethyst, Bergkristall und Rosenquarz f\u00fcr zus\u00e4tzliche energetische Wirkung<\/li>\n<\/ul>\n<hr>\n<h2>Wie funktioniert es?<\/h2>\n<p>Indem die Flasche auf einen <a href=\"https:\/\/phipower.org\/product\/magneet-roerder-magnetic-strirrer-voor-vitaliseren-en-structureren-van-water-phipower\/\">Magnetr\u00fchrer<\/a> gestellt wird, entsteht ein rotierender Wirbel im Wasser. Diese Wirbelbewegung restrukturiert die molekulare Ordnung des Wassers, was zu einem nat\u00fcrlicheren, weicheren und vitaleren Trinkprofil beitr\u00e4gt. F\u00fcgen Sie Edelsteine f\u00fcr einen zus\u00e4tzlichen harmonisierenden Effekt hinzu.  <\/p>\n<hr>\n<h2>Anwendung mit <a href=\"https:\/\/phipower.org\/de\/product\/korkventile-fur-phipower-water-vitaliser-schalldampfung-fixierung-analemma-ruhrstab-kopie\/\">Analemma-R\u00fchrstab<\/a><\/h2>\n<p>Die Wasserflasche ist mit einer <strong>speziellen Korkhalterung<\/strong> ausgestattet, in die der <a href=\"https:\/\/phipower.org\/de\/product\/korkventile-fur-phipower-water-vitaliser-schalldampfung-fixierung-analemma-ruhrstab-kopie\/\">Analemma-R\u00fchrstab<\/a> perfekt passt. Dieser R\u00fchrstab verst\u00e4rkt die strukturierenden Eigenschaften des Wassers und tr\u00e4gt zur langfristigen Stabilit\u00e4t der vitalen Struktur bei. <\/p>\n<hr>\n<h2>Reinigung &amp; Gebrauch<\/h2>\n<ul>\n<li>Sp\u00fclen Sie die Flasche vor dem ersten Gebrauch mit warmem Wasser und milder Seifenlauge aus<\/li>\n<li>Sp\u00fclmaschinengeeignet, Handw\u00e4sche wird jedoch empfohlen<\/li>\n<li>F\u00fcgen Sie <a href=\"https:\/\/phipower.org\/de\/produkt\/goldenes-dreieck-amethyst-bergkristall-rosenquarz-zur-vitalisierung-und-strukturierung-der-wasserkraft\/\">Edelsteine<\/a> vorsichtig hinzu, indem Sie die Flasche horizontal halten<\/li>\n<li>Pr\u00fcfen Sie f\u00fcr eine sichere Verwendung, ob der Ausgie\u00dfer fest sitzt<\/li>\n<\/ul>\n<hr>\n<h2>Nachhaltig &amp; \u00e4sthetisch<\/h2>\n<p>Jede Flasche ist ein Unikat, handgefertigt und verbindet Handwerk mit Funktionalit\u00e4t. Das transparente Design l\u00e4sst die Wirbelbewegung visuell lebendig werden \u2013 ein beruhigendes und zugleich kraftvolles Ritual f\u00fcr Ihre t\u00e4gliche Hydratation. <\/p>\n<hr>\n<h2>Bestellen Sie jetzt und erleben Sie die Kraft von strukturiertem Wasser<\/h2>\n<p>Sp\u00fcren Sie den Unterschied von lebendigem, vitalem Wasser. Bestellen Sie noch heute Ihre <strong>Phipower Wasservitalisierungsflasche 2,0 l<\/strong> und werten Sie Ihr Trinkerlebnis auf nat\u00fcrliche Weise auf. <\/p>\n","protected":false},"excerpt":{"rendered":"<p><strong>\u2714 Wasserwirbelflasche zur Erzeugung von vitalem Wasser<\/strong><br \/>\n<strong>\u2714 Erzeugt zusammen mit dem Magnetr\u00fchrer einen nat\u00fcrlichen Wirbel im Wasser<\/strong><br \/>\n<strong>\u2714 Strukturiert und vitalisiert Wasser<\/strong><br \/>\n<strong>\u2714 Bestellen Sie das <a href=\"https:\/\/phipower.org\/product\/vitaal-water-maker-2-0-liter-voor-gevitaliseerd-en-gestructureerd-water-phipower\/\">komplette Produktset hier<\/a><\/strong><\/p>\n","protected":false},"featured_media":7232,"comment_status":"open","ping_status":"closed","template":"","meta":[],"product_brand":[],"product_cat":[926,936],"product_tag":[],"class_list":{"0":"post-7191","1":"product","2":"type-product","3":"status-publish","4":"has-post-thumbnail","6":"product_cat-produkte","7":"product_cat-wasseraufbereitung","9":"first","10":"onbackorder","11":"taxable","12":"shipping-taxable","13":"purchasable","14":"product-type-simple"},"yoast_head":"<!-- This site is optimized with the Yoast SEO Premium plugin v23.6 (Yoast SEO v27.2) - https:\/\/yoast.com\/product\/yoast-seo-premium-wordpress\/ -->\n<title>Phipower Wasservitalisierungsflasche 2,0 l \u2013 F\u00fcr strukturiertes &amp; vitales Wasser<\/title>\n<meta name=\"description\" content=\"Erleben Sie die Kraft lebendigen Wassers mit der 2,0 l Phipower Wasservitalisierungsflasche. Handgefertigt aus Borosilikatglas, mit Korkverschl\u00fcssen.\" \/>\n<meta name=\"robots\" content=\"index, follow, max-snippet:-1, max-image-preview:large, max-video-preview:-1\" \/>\n<link rel=\"canonical\" href=\"https:\/\/phipower.org\/de\/product\/wasserwirbelflasche-zur-belebung-und-strukturierung-von-wasser-phipower-kopie-2\/\" \/>\n<meta property=\"og:locale\" content=\"de_DE\" \/>\n<meta property=\"og:type\" content=\"article\" \/>\n<meta property=\"og:title\" content=\"Wasservitalisierungsflasche | 2,0 Liter | Zur Vitalisierung und Strukturierung von Wasser | Phipower\" \/>\n<meta property=\"og:description\" content=\"Erleben Sie die Kraft lebendigen Wassers mit der 2,0 l Phipower Wasservitalisierungsflasche. Handgefertigt aus Borosilikatglas, mit Korkverschl\u00fcssen.\" \/>\n<meta property=\"og:url\" content=\"https:\/\/phipower.org\/de\/product\/wasserwirbelflasche-zur-belebung-und-strukturierung-von-wasser-phipower-kopie-2\/\" \/>\n<meta property=\"og:site_name\" content=\"Phipower\" \/>\n<meta property=\"article:publisher\" content=\"https:\/\/www.facebook.com\/phipowertools\/\" \/>\n<meta property=\"article:modified_time\" content=\"2026-05-09T10:11:45+00:00\" \/>\n<meta property=\"og:image\" content=\"https:\/\/phipower.org\/wp-content\/uploads\/2018\/09\/photo-1-36-1.jpg\" \/>\n\t<meta property=\"og:image:width\" content=\"750\" \/>\n\t<meta property=\"og:image:height\" content=\"750\" \/>\n\t<meta property=\"og:image:type\" content=\"image\/jpeg\" \/>\n<meta name=\"twitter:card\" content=\"summary_large_image\" \/>\n<meta name=\"twitter:site\" content=\"@phipower1\" \/>\n<meta name=\"twitter:label1\" content=\"Preis\" \/>\n\t<meta name=\"twitter:data1\" content=\"&euro;99,00\" \/>\n\t<meta name=\"twitter:label2\" content=\"Verf\u00fcgbarkeit\" \/>\n\t<meta name=\"twitter:data2\" content=\"bei Nachbestellung\" \/>\n<script type=\"application\/ld+json\" class=\"yoast-schema-graph\">{\"@context\":\"https:\/\/schema.org\",\"@graph\":[{\"@type\":\"WebPage\",\"@id\":\"https:\/\/phipower.org\/de\/product\/wasserwirbelflasche-zur-belebung-und-strukturierung-von-wasser-phipower-kopie-2\/\",\"url\":\"https:\/\/phipower.org\/de\/product\/wasserwirbelflasche-zur-belebung-und-strukturierung-von-wasser-phipower-kopie-2\/\",\"name\":\"Phipower Wasservitalisierungsflasche 2,0 l \u2013 F\u00fcr strukturiertes & vitales Wasser\",\"isPartOf\":{\"@id\":\"https:\/\/phipower.org\/de\/#website\"},\"primaryImageOfPage\":{\"@id\":\"https:\/\/phipower.org\/de\/product\/wasserwirbelflasche-zur-belebung-und-strukturierung-von-wasser-phipower-kopie-2\/#primaryimage\"},\"image\":{\"@id\":\"https:\/\/phipower.org\/de\/product\/wasserwirbelflasche-zur-belebung-und-strukturierung-von-wasser-phipower-kopie-2\/#primaryimage\"},\"thumbnailUrl\":\"https:\/\/phipower.org\/wp-content\/uploads\/2025\/06\/Vortex-Waterfles-2.0L-\u2013-Voor-Vitaliseren-Structureren-van-Water-Phipower-Water-Vitalisatie-Fles-met-kurk.jpg\",\"datePublished\":\"2025-06-06T10:40:54+00:00\",\"dateModified\":\"2026-05-09T10:11:45+00:00\",\"description\":\"Erleben Sie die Kraft lebendigen Wassers mit der 2,0 l Phipower Wasservitalisierungsflasche. Handgefertigt aus Borosilikatglas, mit Korkverschl\u00fcssen.\",\"breadcrumb\":{\"@id\":\"https:\/\/phipower.org\/de\/product\/wasserwirbelflasche-zur-belebung-und-strukturierung-von-wasser-phipower-kopie-2\/#breadcrumb\"},\"inLanguage\":\"de\",\"potentialAction\":[{\"@type\":\"ReadAction\",\"target\":[\"https:\/\/phipower.org\/de\/product\/wasserwirbelflasche-zur-belebung-und-strukturierung-von-wasser-phipower-kopie-2\/\"]}]},{\"@type\":\"ImageObject\",\"inLanguage\":\"de\",\"@id\":\"https:\/\/phipower.org\/de\/product\/wasserwirbelflasche-zur-belebung-und-strukturierung-von-wasser-phipower-kopie-2\/#primaryimage\",\"url\":\"https:\/\/phipower.org\/wp-content\/uploads\/2025\/06\/Vortex-Waterfles-2.0L-\u2013-Voor-Vitaliseren-Structureren-van-Water-Phipower-Water-Vitalisatie-Fles-met-kurk.jpg\",\"contentUrl\":\"https:\/\/phipower.org\/wp-content\/uploads\/2025\/06\/Vortex-Waterfles-2.0L-\u2013-Voor-Vitaliseren-Structureren-van-Water-Phipower-Water-Vitalisatie-Fles-met-kurk.jpg\",\"width\":1200,\"height\":1200},{\"@type\":\"BreadcrumbList\",\"@id\":\"https:\/\/phipower.org\/de\/product\/wasserwirbelflasche-zur-belebung-und-strukturierung-von-wasser-phipower-kopie-2\/#breadcrumb\",\"itemListElement\":[{\"@type\":\"ListItem\",\"position\":1,\"name\":\"Home\",\"item\":\"https:\/\/phipower.org\/de\/\"},{\"@type\":\"ListItem\",\"position\":2,\"name\":\"Shop\",\"item\":\"https:\/\/phipower.org\/shop\/\"},{\"@type\":\"ListItem\",\"position\":3,\"name\":\"Wasservitalisierungsflasche | 2,0 Liter | Zur Vitalisierung und Strukturierung von Wasser | Phipower\"}]},{\"@type\":\"WebSite\",\"@id\":\"https:\/\/phipower.org\/de\/#website\",\"url\":\"https:\/\/phipower.org\/de\/\",\"name\":\"Phipower: innovatieve gezondheidsproducten\",\"description\":\"De kracht van een perfecte gezondheid\",\"publisher\":{\"@id\":\"https:\/\/phipower.org\/de\/#organization\"},\"potentialAction\":[{\"@type\":\"SearchAction\",\"target\":{\"@type\":\"EntryPoint\",\"urlTemplate\":\"https:\/\/phipower.org\/de\/?s={search_term_string}\"},\"query-input\":{\"@type\":\"PropertyValueSpecification\",\"valueRequired\":true,\"valueName\":\"search_term_string\"}}],\"inLanguage\":\"de\"},{\"@type\":\"Organization\",\"@id\":\"https:\/\/phipower.org\/de\/#organization\",\"name\":\"Phipower\",\"url\":\"https:\/\/phipower.org\/de\/\",\"logo\":{\"@type\":\"ImageObject\",\"inLanguage\":\"de\",\"@id\":\"https:\/\/phipower.org\/de\/#\/schema\/logo\/image\/\",\"url\":\"https:\/\/phipower.org\/wp-content\/uploads\/2019\/06\/z-logo-RGB-wit-power.png\",\"contentUrl\":\"https:\/\/phipower.org\/wp-content\/uploads\/2019\/06\/z-logo-RGB-wit-power.png\",\"width\":3273,\"height\":1389,\"caption\":\"Phipower\"},\"image\":{\"@id\":\"https:\/\/phipower.org\/de\/#\/schema\/logo\/image\/\"},\"sameAs\":[\"https:\/\/www.facebook.com\/phipowertools\/\",\"https:\/\/x.com\/phipower1\",\"https:\/\/www.tiktok.com\/@phipowerhealth\"]}]}<\/script>\n<meta property=\"product:price:amount\" content=\"99.00\" \/>\n<meta property=\"product:price:currency\" content=\"EUR\" \/>\n<meta property=\"og:availability\" content=\"backorder\" \/>\n<meta property=\"product:availability\" content=\"available for order\" \/>\n<meta property=\"product:retailer_item_id\" content=\"7806140071633\" \/>\n<meta property=\"product:condition\" content=\"new\" \/>\n<!-- \/ Yoast SEO Premium plugin. -->","yoast_head_json":{"title":"Phipower Wasservitalisierungsflasche 2,0 l \u2013 F\u00fcr strukturiertes & vitales Wasser","description":"Erleben Sie die Kraft lebendigen Wassers mit der 2,0 l Phipower Wasservitalisierungsflasche. Handgefertigt aus Borosilikatglas, mit Korkverschl\u00fcssen.","robots":{"index":"index","follow":"follow","max-snippet":"max-snippet:-1","max-image-preview":"max-image-preview:large","max-video-preview":"max-video-preview:-1"},"canonical":"https:\/\/phipower.org\/de\/product\/wasserwirbelflasche-zur-belebung-und-strukturierung-von-wasser-phipower-kopie-2\/","og_locale":"de_DE","og_type":"article","og_title":"Wasservitalisierungsflasche | 2,0 Liter | Zur Vitalisierung und Strukturierung von Wasser | Phipower","og_description":"Erleben Sie die Kraft lebendigen Wassers mit der 2,0 l Phipower Wasservitalisierungsflasche. Handgefertigt aus Borosilikatglas, mit Korkverschl\u00fcssen.","og_url":"https:\/\/phipower.org\/de\/product\/wasserwirbelflasche-zur-belebung-und-strukturierung-von-wasser-phipower-kopie-2\/","og_site_name":"Phipower","article_publisher":"https:\/\/www.facebook.com\/phipowertools\/","article_modified_time":"2026-05-09T10:11:45+00:00","og_image":[{"width":750,"height":750,"url":"https:\/\/phipower.org\/wp-content\/uploads\/2018\/09\/photo-1-36-1.jpg","type":"image\/jpeg"}],"twitter_card":"summary_large_image","twitter_site":"@phipower1","twitter_misc":{"Preis":"&euro;99,00","Verf\u00fcgbarkeit":"bei Nachbestellung"},"schema":{"@context":"https:\/\/schema.org","@graph":[{"@type":"WebPage","@id":"https:\/\/phipower.org\/de\/product\/wasserwirbelflasche-zur-belebung-und-strukturierung-von-wasser-phipower-kopie-2\/","url":"https:\/\/phipower.org\/de\/product\/wasserwirbelflasche-zur-belebung-und-strukturierung-von-wasser-phipower-kopie-2\/","name":"Phipower Wasservitalisierungsflasche 2,0 l \u2013 F\u00fcr strukturiertes & vitales Wasser","isPartOf":{"@id":"https:\/\/phipower.org\/de\/#website"},"primaryImageOfPage":{"@id":"https:\/\/phipower.org\/de\/product\/wasserwirbelflasche-zur-belebung-und-strukturierung-von-wasser-phipower-kopie-2\/#primaryimage"},"image":{"@id":"https:\/\/phipower.org\/de\/product\/wasserwirbelflasche-zur-belebung-und-strukturierung-von-wasser-phipower-kopie-2\/#primaryimage"},"thumbnailUrl":"https:\/\/phipower.org\/wp-content\/uploads\/2025\/06\/Vortex-Waterfles-2.0L-\u2013-Voor-Vitaliseren-Structureren-van-Water-Phipower-Water-Vitalisatie-Fles-met-kurk.jpg","datePublished":"2025-06-06T10:40:54+00:00","dateModified":"2026-05-09T10:11:45+00:00","description":"Erleben Sie die Kraft lebendigen Wassers mit der 2,0 l Phipower Wasservitalisierungsflasche. Handgefertigt aus Borosilikatglas, mit Korkverschl\u00fcssen.","breadcrumb":{"@id":"https:\/\/phipower.org\/de\/product\/wasserwirbelflasche-zur-belebung-und-strukturierung-von-wasser-phipower-kopie-2\/#breadcrumb"},"inLanguage":"de","potentialAction":[{"@type":"ReadAction","target":["https:\/\/phipower.org\/de\/product\/wasserwirbelflasche-zur-belebung-und-strukturierung-von-wasser-phipower-kopie-2\/"]}]},{"@type":"ImageObject","inLanguage":"de","@id":"https:\/\/phipower.org\/de\/product\/wasserwirbelflasche-zur-belebung-und-strukturierung-von-wasser-phipower-kopie-2\/#primaryimage","url":"https:\/\/phipower.org\/wp-content\/uploads\/2025\/06\/Vortex-Waterfles-2.0L-\u2013-Voor-Vitaliseren-Structureren-van-Water-Phipower-Water-Vitalisatie-Fles-met-kurk.jpg","contentUrl":"https:\/\/phipower.org\/wp-content\/uploads\/2025\/06\/Vortex-Waterfles-2.0L-\u2013-Voor-Vitaliseren-Structureren-van-Water-Phipower-Water-Vitalisatie-Fles-met-kurk.jpg","width":1200,"height":1200},{"@type":"BreadcrumbList","@id":"https:\/\/phipower.org\/de\/product\/wasserwirbelflasche-zur-belebung-und-strukturierung-von-wasser-phipower-kopie-2\/#breadcrumb","itemListElement":[{"@type":"ListItem","position":1,"name":"Home","item":"https:\/\/phipower.org\/de\/"},{"@type":"ListItem","position":2,"name":"Shop","item":"https:\/\/phipower.org\/shop\/"},{"@type":"ListItem","position":3,"name":"Wasservitalisierungsflasche | 2,0 Liter | Zur Vitalisierung und Strukturierung von Wasser | Phipower"}]},{"@type":"WebSite","@id":"https:\/\/phipower.org\/de\/#website","url":"https:\/\/phipower.org\/de\/","name":"Phipower: innovatieve gezondheidsproducten","description":"De kracht van een perfecte gezondheid","publisher":{"@id":"https:\/\/phipower.org\/de\/#organization"},"potentialAction":[{"@type":"SearchAction","target":{"@type":"EntryPoint","urlTemplate":"https:\/\/phipower.org\/de\/?s={search_term_string}"},"query-input":{"@type":"PropertyValueSpecification","valueRequired":true,"valueName":"search_term_string"}}],"inLanguage":"de"},{"@type":"Organization","@id":"https:\/\/phipower.org\/de\/#organization","name":"Phipower","url":"https:\/\/phipower.org\/de\/","logo":{"@type":"ImageObject","inLanguage":"de","@id":"https:\/\/phipower.org\/de\/#\/schema\/logo\/image\/","url":"https:\/\/phipower.org\/wp-content\/uploads\/2019\/06\/z-logo-RGB-wit-power.png","contentUrl":"https:\/\/phipower.org\/wp-content\/uploads\/2019\/06\/z-logo-RGB-wit-power.png","width":3273,"height":1389,"caption":"Phipower"},"image":{"@id":"https:\/\/phipower.org\/de\/#\/schema\/logo\/image\/"},"sameAs":["https:\/\/www.facebook.com\/phipowertools\/","https:\/\/x.com\/phipower1","https:\/\/www.tiktok.com\/@phipowerhealth"]}]},"product_price_amount":"99.00","product_price_currency":"EUR","og_availability":"backorder","product_availability":"available for order","product_retailer_item_id":"7806140071633","product_condition":"new"},"_links":{"self":[{"href":"https:\/\/phipower.org\/de\/wp-json\/wp\/v2\/product\/7191","targetHints":{"allow":["GET"]}}],"collection":[{"href":"https:\/\/phipower.org\/de\/wp-json\/wp\/v2\/product"}],"about":[{"href":"https:\/\/phipower.org\/de\/wp-json\/wp\/v2\/types\/product"}],"replies":[{"embeddable":true,"href":"https:\/\/phipower.org\/de\/wp-json\/wp\/v2\/comments?post=7191"}],"wp:featuredmedia":[{"embeddable":true,"href":"https:\/\/phipower.org\/de\/wp-json\/wp\/v2\/media\/7232"}],"wp:attachment":[{"href":"https:\/\/phipower.org\/de\/wp-json\/wp\/v2\/media?parent=7191"}],"wp:term":[{"taxonomy":"product_brand","embeddable":true,"href":"https:\/\/phipower.org\/de\/wp-json\/wp\/v2\/product_brand?post=7191"},{"taxonomy":"product_cat","embeddable":true,"href":"https:\/\/phipower.org\/de\/wp-json\/wp\/v2\/product_cat?post=7191"},{"taxonomy":"product_tag","embeddable":true,"href":"https:\/\/phipower.org\/de\/wp-json\/wp\/v2\/product_tag?post=7191"}],"curies":[{"name":"wp","href":"https:\/\/api.w.org\/{rel}","templated":true}]}}