{"id":7095,"date":"2025-05-26T10:41:58","date_gmt":"2025-05-26T10:41:58","guid":{"rendered":"https:\/\/phipower.org\/?post_type=product&#038;p=7095"},"modified":"2025-05-30T13:11:54","modified_gmt":"2025-05-30T13:11:54","slug":"korkventile-fur-phipower-water-vitaliser-schalldampfung-fixierung-analemma-ruhrstab-kopie","status":"publish","type":"product","link":"https:\/\/phipower.org\/de\/produkt\/korkventile-fur-phipower-water-vitaliser-schalldampfung-fixierung-analemma-ruhrstab-kopie\/","title":{"rendered":"Analemma Water Rod &#8211; Verwandeln Sie Ihr Trinkwasser in koh\u00e4rentes Wasser"},"content":{"rendered":"<h1>Analemma Water Rod &#8211; Verwandeln Sie Ihr Trinkwasser in koh\u00e4rentes Wasser<\/h1>\n<h4><strong>Ab: \u20ac164.90 \u2714 Auf Lager | \u2714 Lebenslange Wirkung<\/strong><\/h4>\n<h2>\u2705 Was ist koh\u00e4rentes Wasser?<\/h2>\n<p>Der Analemma Wasserstab verwandelt gew\u00f6hnliches Leitungswasser in koh\u00e4rentes Wasser &#8211; strukturiert, energiereich und in nat\u00fcrlicher Harmonie. Dies hat direkte Vorteile f\u00fcr Ihre Gesundheit, Vitalit\u00e4t und Ihr Wohlbefinden. <\/p>\n<h2>???? Wichtigste Vorteile<\/h2>\n<ul>\n<li>???? Mehr zellul\u00e4re Energie (ATP)<\/li>\n<li>????\ufe0f St\u00e4rkt das Immunsystem<\/li>\n<li>\u23f3 Verj\u00fcngung des biologischen Alters<\/li>\n<li>???? Verbesserte Gehirnstr\u00f6me und Konzentration<\/li>\n<li>???? St\u00e4rkt die Darmflora<\/li>\n<li>???? Vitalisiert Pflanzen und Tiere<\/li>\n<\/ul>\n<h2>???? Wissenschaftlich bewiesene Wirkung<\/h2>\n<p>Eine doppelblinde, placebokontrollierte Studie zeigt, dass Analemma-Wasser die Energieproduktion der Zellen signifikant erh\u00f6ht und das Gleichgewicht des Mikrobioms wiederherstellt.<\/p>\n<h2>???? Wie funktioniert das?<\/h2>\n<p>Die Glasquarzkapsel enth\u00e4lt <strong>Mutterwasser<\/strong>, das durch Metalle, Geometrie sowie Sonnen- und Mondlicht energetisch aufgeladen ist. Wenn Sie das Wasser mit dem Stab umr\u00fchren, nimmt Ihr Wasser sofort diese Struktur an. <\/p>\n<h2>???? Integration mit Phipower Vitalised Water Maker<\/h2>\n<p>Der Analemma-Wasserstab kann <strong>in Verbindung mit dem <a href=\"https:\/\/phipower.org\/de\/produkt\/bundle-water-swirl-bottle-magnetischer-ruehrer-goldenes-dreieck-zur-vitalisierung-und-strukturierenden-wasser-phipower\/\">Phipower Vitalised Water Maker<\/a><\/strong> \u00fcber ein <a href=\"https:\/\/phipower.org\/de\/?post_type=product&#038;p=6927\"><strong>Korkventil<\/strong><\/a>. Auf diese Weise reichern Sie vitalisiertes Wasser aus dem Wirbel mit den koh\u00e4renten Informationen des Mutterwassers aus dem Analemma-Wasserstab an. <\/p>\n<ul>\n<li>\u2728 Vortex + Lichtfrequenzen + Kristalle (Phipower)<\/li>\n<li>\u2795 Mutterwasser + Kristall\u00fcbertragung (Analemma)<\/li>\n<li>???? Ultimatives vitales und koh\u00e4rentes Wasser<\/li>\n<\/ul>\n<h2>???? Eigenschaften<\/h2>\n<ul>\n<li>Geeignet f\u00fcr Wasser, Saft, Wein, Kaffee &amp; mehr<\/li>\n<li>Nachhaltig produziert in den Niederlanden<\/li>\n<li>Lebenslange Wirksamkeit &#8211; keine Batterie, kein Filter und keine Wartung erforderlich<\/li>\n<li>Auch f\u00fcr unterwegs &#8211; kompakt &amp; stilvoll<\/li>\n<\/ul>\n<h2>\u2764\ufe0f Was sagen die Kunden?<\/h2>\n<blockquote><p>\u201eUnsere Haut, unser Darm und unser Hund sind ges\u00fcnder als je zuvor.<em>\u201c<\/em><br \/>\n<em>&#8211; Stephanie, NL<\/em><\/p><\/blockquote>\n<blockquote><p>\u201eIch f\u00fchle mich ruhiger, trinke mehr und meine Kinder lieben das Wasser.<em>\u201c<\/em><br \/>\n<em>&#8211; Wieteke, NL<\/em><\/p><\/blockquote>\n<blockquote><p>\u201eEnorme Entspannung und Klarheit innerhalb von 15 Minuten.<em>\u201c<\/em><br \/>\n<em>&#8211; Matthew, AU<\/em><\/p><\/blockquote>\n<h2>???? H\u00e4ufig gestellte Fragen (FAQ)<\/h2>\n<ul>\n<li><strong>Wie lange sollte ich mit dem Stab r\u00fchren?<\/strong><br \/>\n15 Sekunden f\u00fcr ein Glas, 30 Sekunden f\u00fcr einen Krug Wasser.<\/li>\n<li><strong>Ist es sicher f\u00fcr Babys, Haustiere oder Pflanzen?<\/strong><br \/>\nJa, koh\u00e4rentes Wasser ist f\u00fcr jeden sicher und sogar \u00e4u\u00dferst n\u00fctzlich.<\/li>\n<li><strong>Funktioniert das auch mit dem Phipower Vitalised Water Maker?<\/strong><br \/>\nJa! Mit dem passenden Korkventil setzen Sie den Analemma Wasserstab perfekt in die <a href=\"https:\/\/phipower.org\/de\/produkt\/bundle-water-swirl-bottle-magnetischer-ruehrer-goldenes-dreieck-zur-vitalisierung-und-strukturierenden-wasser-phipower\/\">Phipower Wasserwirbelflasche<\/a>. Auf diese Weise verst\u00e4rken Sie die Wirkung beider Systeme.  <\/li>\n<\/ul>\n<h3 data-start=\"2719\" data-end=\"2772\">???? <strong data-start=\"2726\" data-end=\"2770\">Sehen Sie sich das Video \u00fcber Verwendung und Hintergrund an<\/strong><\/h3>\n<p data-start=\"2773\" data-end=\"2800\"><a href=\"https:\/\/analemma-water.plugandpay.nl\/r?id=Yd58K2FE\">Video ansehen<\/a><\/p>\n<h2>???? Downloads<\/h2>\n<ul>\n<li><a href=\"https:\/\/drive.google.com\/file\/d\/12zGyJuRwNIhtY8xwoPeGilOQ2LGzOIty\/view?usp=sharing\">Handbuch Wasserrute (PDF)<\/a><\/li>\n<li><a href=\"https:\/\/drive.google.com\/file\/d\/1MTC-4t77LG0AsQ1FWTpRx7FcemDUYxNX\/view?usp=sharing\">Auswirkungen von Analemma-Wasser auf den menschlichen ATP-Spiegel (PDF)<\/a><\/li>\n<li><a href=\"https:\/\/drive.google.com\/file\/d\/17JzY-72D2BuQ4ZM1xnR6HDxJGSk9AIhQ\/view?usp=sharing\">Auswirkungen von Analemma-Wasser auf das Mikrobiom des Magens (PDF)<\/a><\/li>\n<li><a href=\"https:\/\/drive.google.com\/file\/d\/1flWoBrqx5eXE5dHat6esF-ouYQiMX0Yo\/view?usp=sharing\">Auswirkungen von Analemma-Wasser oder Gehirnwellen (PDF)<\/a><\/li>\n<li><a href=\"https:\/\/drive.google.com\/file\/d\/1Ls30753u8hsTbg-ehDygwBV6Ba8K0v-_\/view?usp=sharing\">Auswirkungen von Analemma-Wasser auf Pflanzen und Boden (PDF)<\/a><\/li>\n<\/ul>\n<h2>???? Bestellung<\/h2>\n<p>???? Bestellen Sie <strong><a href=\"https:\/\/analemma-water.plugandpay.nl\/r?id=XwC7M61e\">hier<\/a> <\/strong>und erleben Sie noch heute den Unterschied von koh\u00e4rentem Wasser.<\/p>\n<p><!-- Bestelknop Analemma Waterstaaf --><br \/>\n<a style=\"display: inline-block; background-color: #4caf50; color: white; padding: 14px 28px; text-align: center; text-decoration: none; font-size: 16px; border-radius: 8px; font-weight: bold; margin-bottom: 10px;\" href=\"https:\/\/analemma-water.plugandpay.nl\/r?id=XwC7M61e\" target=\"_blank\" rel=\"noopener\"><br \/>\n\u2705 Bestellen Sie jetzt Ihren Analemma-Wasserstab<br \/>\n<\/a><\/p>\n<p><!-- Extra integratieknoppen --><a style=\"display: inline-block; background-color: #2196f3; color: white; padding: 12px 24px; text-align: center; text-decoration: none; font-size: 14px; border-radius: 6px; font-weight: bold; margin-right: 8px;\" href=\"https:\/\/phipower.org\/de\/produkt\/bundle-water-swirl-bottle-magnetischer-ruehrer-goldenes-dreieck-zur-vitalisierung-und-strukturierenden-wasser-phipower\/\" target=\"_blank\" rel=\"noopener\"><br \/>\n???? Vitalisierten Wassermacher hinzuf\u00fcgen<br \/>\n<\/a><\/p>\n<p><a style=\"display: inline-block; background-color: #ff9800; color: white; padding: 12px 24px; text-align: center; text-decoration: none; font-size: 14px; border-radius: 6px; font-weight: bold;\" href=\"https:\/\/phipower.org\/de\/?post_type=product&#038;p=6927\" target=\"_blank\" rel=\"noopener\"><br \/>\n\u2795 Korkventil f\u00fcr die Integration hinzuf\u00fcgen<br \/>\n<\/a><\/p>\n","protected":false},"excerpt":{"rendered":"<p data-start=\"108\" data-end=\"521\">\u2714 Erh\u00f6ht die Zellenergie (ATP)<br data-start=\"186\" data-end=\"189\">\u2714 Unterst\u00fctzt das Immunsystem<br data-start=\"216\" data-end=\"219\">\u2714 Verj\u00fcngt das biologische Alter<br data-start=\"250\" data-end=\"253\">\u2714 Bringt geistige Ruhe und Klarheit<br data-start=\"288\" data-end=\"291\">\u2714 Funktioniert ein Leben lang ohne Wartung<br data-start=\"326\" data-end=\"329\">\u2714 Verst\u00e4rkte Wirkung mit der <a href=\"https:\/\/phipower.org\/de\/produkt\/bundle-water-swirl-bottle-magnetischer-ruehrer-goldenes-dreieck-zur-vitalisierung-und-strukturierenden-wasser-phipower\/\">Phipower Water Swirl Flasche <\/a> <\/p>\n<p class=\"\" data-start=\"108\" data-end=\"521\">\n","protected":false},"featured_media":7103,"comment_status":"open","ping_status":"closed","template":"","meta":[],"product_brand":[],"product_cat":[1081,933,926,1072,936],"product_tag":[],"class_list":{"0":"post-7095","1":"product","2":"type-product","3":"status-publish","4":"has-post-thumbnail","6":"product_cat-belebtes-wasser","7":"product_cat-frequenzen","8":"product_cat-produkte","9":"product_cat-strukturiertes-wasser","10":"product_cat-wasseraufbereitung","11":"product_shipping_class-0-2-kg","13":"first","14":"instock","15":"taxable","16":"shipping-taxable","17":"product-type-external"},"yoast_head":"<!-- This site is optimized with the Yoast SEO Premium plugin v23.6 (Yoast SEO v27.2) - https:\/\/yoast.com\/product\/yoast-seo-premium-wordpress\/ -->\n<title>Analemma Wasserstab - koh\u00e4rentes Wasser f\u00fcr mehr Energie und Balance<\/title>\n<meta name=\"description\" content=\"Verwandeln Sie Ihr Trinkwasser in koh\u00e4rentes Wasser mSteigern Sie Ihre Energie, verbessern Sie Ihr Mikrobiom und integrieren Sie sich mit dem Phipower Vital Water Maker.\" \/>\n<meta name=\"robots\" content=\"index, follow, max-snippet:-1, max-image-preview:large, max-video-preview:-1\" \/>\n<link rel=\"canonical\" href=\"https:\/\/phipower.org\/de\/produkt\/korkventile-fur-phipower-water-vitaliser-schalldampfung-fixierung-analemma-ruhrstab-kopie\/\" \/>\n<meta property=\"og:locale\" content=\"de_DE\" \/>\n<meta property=\"og:type\" content=\"article\" \/>\n<meta property=\"og:title\" content=\"Analemma Water Rod - Verwandeln Sie Ihr Trinkwasser in koh\u00e4rentes Wasser\" \/>\n<meta property=\"og:description\" content=\"Verwandeln Sie Ihr Trinkwasser in koh\u00e4rentes Wasser mSteigern Sie Ihre Energie, verbessern Sie Ihr Mikrobiom und integrieren Sie sich mit dem Phipower Vital Water Maker.\" \/>\n<meta property=\"og:url\" content=\"https:\/\/phipower.org\/de\/produkt\/korkventile-fur-phipower-water-vitaliser-schalldampfung-fixierung-analemma-ruhrstab-kopie\/\" \/>\n<meta property=\"og:site_name\" content=\"Phipower\" \/>\n<meta property=\"article:publisher\" content=\"https:\/\/www.facebook.com\/phipowertools\/\" \/>\n<meta property=\"article:modified_time\" content=\"2025-05-30T13:11:54+00:00\" \/>\n<meta property=\"og:image\" content=\"https:\/\/phipower.org\/wp-content\/uploads\/2018\/09\/photo-1-36-1.jpg\" \/>\n\t<meta property=\"og:image:width\" content=\"750\" \/>\n\t<meta property=\"og:image:height\" content=\"750\" \/>\n\t<meta property=\"og:image:type\" content=\"image\/jpeg\" \/>\n<meta name=\"twitter:card\" content=\"summary_large_image\" \/>\n<meta name=\"twitter:site\" content=\"@phipower1\" \/>\n<meta name=\"twitter:label1\" content=\"Preis\" \/>\n\t<meta name=\"twitter:data1\" content=\"&euro;164,90\" \/>\n\t<meta name=\"twitter:label2\" content=\"Verf\u00fcgbarkeit\" \/>\n\t<meta name=\"twitter:data2\" content=\"Auf Lager\" \/>\n<script type=\"application\/ld+json\" class=\"yoast-schema-graph\">{\"@context\":\"https:\/\/schema.org\",\"@graph\":[{\"@type\":\"WebPage\",\"@id\":\"https:\/\/phipower.org\/de\/produkt\/korkventile-fur-phipower-water-vitaliser-schalldampfung-fixierung-analemma-ruhrstab-kopie\/\",\"url\":\"https:\/\/phipower.org\/de\/produkt\/korkventile-fur-phipower-water-vitaliser-schalldampfung-fixierung-analemma-ruhrstab-kopie\/\",\"name\":\"Analemma Wasserstab - koh\u00e4rentes Wasser f\u00fcr mehr Energie und Balance\",\"isPartOf\":{\"@id\":\"https:\/\/phipower.org\/de\/#website\"},\"primaryImageOfPage\":{\"@id\":\"https:\/\/phipower.org\/de\/produkt\/korkventile-fur-phipower-water-vitaliser-schalldampfung-fixierung-analemma-ruhrstab-kopie\/#primaryimage\"},\"image\":{\"@id\":\"https:\/\/phipower.org\/de\/produkt\/korkventile-fur-phipower-water-vitaliser-schalldampfung-fixierung-analemma-ruhrstab-kopie\/#primaryimage\"},\"thumbnailUrl\":\"https:\/\/phipower.org\/wp-content\/uploads\/2025\/05\/analemma-waterstaaf-coherenct-vitaal-water.jpeg\",\"datePublished\":\"2025-05-26T10:41:58+00:00\",\"dateModified\":\"2025-05-30T13:11:54+00:00\",\"description\":\"Verwandeln Sie Ihr Trinkwasser in koh\u00e4rentes Wasser mSteigern Sie Ihre Energie, verbessern Sie Ihr Mikrobiom und integrieren Sie sich mit dem Phipower Vital Water Maker.\",\"breadcrumb\":{\"@id\":\"https:\/\/phipower.org\/de\/produkt\/korkventile-fur-phipower-water-vitaliser-schalldampfung-fixierung-analemma-ruhrstab-kopie\/#breadcrumb\"},\"inLanguage\":\"de\",\"potentialAction\":[{\"@type\":\"ReadAction\",\"target\":[\"https:\/\/phipower.org\/de\/produkt\/korkventile-fur-phipower-water-vitaliser-schalldampfung-fixierung-analemma-ruhrstab-kopie\/\"]}]},{\"@type\":\"ImageObject\",\"inLanguage\":\"de\",\"@id\":\"https:\/\/phipower.org\/de\/produkt\/korkventile-fur-phipower-water-vitaliser-schalldampfung-fixierung-analemma-ruhrstab-kopie\/#primaryimage\",\"url\":\"https:\/\/phipower.org\/wp-content\/uploads\/2025\/05\/analemma-waterstaaf-coherenct-vitaal-water.jpeg\",\"contentUrl\":\"https:\/\/phipower.org\/wp-content\/uploads\/2025\/05\/analemma-waterstaaf-coherenct-vitaal-water.jpeg\",\"width\":1200,\"height\":1178},{\"@type\":\"BreadcrumbList\",\"@id\":\"https:\/\/phipower.org\/de\/produkt\/korkventile-fur-phipower-water-vitaliser-schalldampfung-fixierung-analemma-ruhrstab-kopie\/#breadcrumb\",\"itemListElement\":[{\"@type\":\"ListItem\",\"position\":1,\"name\":\"Home\",\"item\":\"https:\/\/phipower.org\/de\/\"},{\"@type\":\"ListItem\",\"position\":2,\"name\":\"Shop\",\"item\":\"https:\/\/phipower.org\/de\/shop\/\"},{\"@type\":\"ListItem\",\"position\":3,\"name\":\"Analemma Water Rod &#8211; Verwandeln Sie Ihr Trinkwasser in koh\u00e4rentes Wasser\"}]},{\"@type\":\"WebSite\",\"@id\":\"https:\/\/phipower.org\/de\/#website\",\"url\":\"https:\/\/phipower.org\/de\/\",\"name\":\"Phipower: innovatieve gezondheidsproducten\",\"description\":\"De kracht van een perfecte gezondheid\",\"publisher\":{\"@id\":\"https:\/\/phipower.org\/de\/#organization\"},\"potentialAction\":[{\"@type\":\"SearchAction\",\"target\":{\"@type\":\"EntryPoint\",\"urlTemplate\":\"https:\/\/phipower.org\/de\/?s={search_term_string}\"},\"query-input\":{\"@type\":\"PropertyValueSpecification\",\"valueRequired\":true,\"valueName\":\"search_term_string\"}}],\"inLanguage\":\"de\"},{\"@type\":\"Organization\",\"@id\":\"https:\/\/phipower.org\/de\/#organization\",\"name\":\"Phipower\",\"url\":\"https:\/\/phipower.org\/de\/\",\"logo\":{\"@type\":\"ImageObject\",\"inLanguage\":\"de\",\"@id\":\"https:\/\/phipower.org\/de\/#\/schema\/logo\/image\/\",\"url\":\"https:\/\/phipower.org\/wp-content\/uploads\/2019\/06\/z-logo-RGB-wit-power.png\",\"contentUrl\":\"https:\/\/phipower.org\/wp-content\/uploads\/2019\/06\/z-logo-RGB-wit-power.png\",\"width\":3273,\"height\":1389,\"caption\":\"Phipower\"},\"image\":{\"@id\":\"https:\/\/phipower.org\/de\/#\/schema\/logo\/image\/\"},\"sameAs\":[\"https:\/\/www.facebook.com\/phipowertools\/\",\"https:\/\/x.com\/phipower1\",\"https:\/\/www.tiktok.com\/@phipowerhealth\"]}]}<\/script>\n<meta property=\"product:price:amount\" content=\"164.90\" \/>\n<meta property=\"product:price:currency\" content=\"EUR\" \/>\n<meta property=\"og:availability\" content=\"instock\" \/>\n<meta property=\"product:availability\" content=\"instock\" \/>\n<meta property=\"product:retailer_item_id\" content=\"AnalemmaStaafBasic\" \/>\n<meta property=\"product:condition\" content=\"new\" \/>\n<!-- \/ Yoast SEO Premium plugin. -->","yoast_head_json":{"title":"Analemma Wasserstab - koh\u00e4rentes Wasser f\u00fcr mehr Energie und Balance","description":"Verwandeln Sie Ihr Trinkwasser in koh\u00e4rentes Wasser mSteigern Sie Ihre Energie, verbessern Sie Ihr Mikrobiom und integrieren Sie sich mit dem Phipower Vital Water Maker.","robots":{"index":"index","follow":"follow","max-snippet":"max-snippet:-1","max-image-preview":"max-image-preview:large","max-video-preview":"max-video-preview:-1"},"canonical":"https:\/\/phipower.org\/de\/produkt\/korkventile-fur-phipower-water-vitaliser-schalldampfung-fixierung-analemma-ruhrstab-kopie\/","og_locale":"de_DE","og_type":"article","og_title":"Analemma Water Rod - Verwandeln Sie Ihr Trinkwasser in koh\u00e4rentes Wasser","og_description":"Verwandeln Sie Ihr Trinkwasser in koh\u00e4rentes Wasser mSteigern Sie Ihre Energie, verbessern Sie Ihr Mikrobiom und integrieren Sie sich mit dem Phipower Vital Water Maker.","og_url":"https:\/\/phipower.org\/de\/produkt\/korkventile-fur-phipower-water-vitaliser-schalldampfung-fixierung-analemma-ruhrstab-kopie\/","og_site_name":"Phipower","article_publisher":"https:\/\/www.facebook.com\/phipowertools\/","article_modified_time":"2025-05-30T13:11:54+00:00","og_image":[{"width":750,"height":750,"url":"https:\/\/phipower.org\/wp-content\/uploads\/2018\/09\/photo-1-36-1.jpg","type":"image\/jpeg"}],"twitter_card":"summary_large_image","twitter_site":"@phipower1","twitter_misc":{"Preis":"&euro;164,90","Verf\u00fcgbarkeit":"Auf Lager"},"schema":{"@context":"https:\/\/schema.org","@graph":[{"@type":"WebPage","@id":"https:\/\/phipower.org\/de\/produkt\/korkventile-fur-phipower-water-vitaliser-schalldampfung-fixierung-analemma-ruhrstab-kopie\/","url":"https:\/\/phipower.org\/de\/produkt\/korkventile-fur-phipower-water-vitaliser-schalldampfung-fixierung-analemma-ruhrstab-kopie\/","name":"Analemma Wasserstab - koh\u00e4rentes Wasser f\u00fcr mehr Energie und Balance","isPartOf":{"@id":"https:\/\/phipower.org\/de\/#website"},"primaryImageOfPage":{"@id":"https:\/\/phipower.org\/de\/produkt\/korkventile-fur-phipower-water-vitaliser-schalldampfung-fixierung-analemma-ruhrstab-kopie\/#primaryimage"},"image":{"@id":"https:\/\/phipower.org\/de\/produkt\/korkventile-fur-phipower-water-vitaliser-schalldampfung-fixierung-analemma-ruhrstab-kopie\/#primaryimage"},"thumbnailUrl":"https:\/\/phipower.org\/wp-content\/uploads\/2025\/05\/analemma-waterstaaf-coherenct-vitaal-water.jpeg","datePublished":"2025-05-26T10:41:58+00:00","dateModified":"2025-05-30T13:11:54+00:00","description":"Verwandeln Sie Ihr Trinkwasser in koh\u00e4rentes Wasser mSteigern Sie Ihre Energie, verbessern Sie Ihr Mikrobiom und integrieren Sie sich mit dem Phipower Vital Water Maker.","breadcrumb":{"@id":"https:\/\/phipower.org\/de\/produkt\/korkventile-fur-phipower-water-vitaliser-schalldampfung-fixierung-analemma-ruhrstab-kopie\/#breadcrumb"},"inLanguage":"de","potentialAction":[{"@type":"ReadAction","target":["https:\/\/phipower.org\/de\/produkt\/korkventile-fur-phipower-water-vitaliser-schalldampfung-fixierung-analemma-ruhrstab-kopie\/"]}]},{"@type":"ImageObject","inLanguage":"de","@id":"https:\/\/phipower.org\/de\/produkt\/korkventile-fur-phipower-water-vitaliser-schalldampfung-fixierung-analemma-ruhrstab-kopie\/#primaryimage","url":"https:\/\/phipower.org\/wp-content\/uploads\/2025\/05\/analemma-waterstaaf-coherenct-vitaal-water.jpeg","contentUrl":"https:\/\/phipower.org\/wp-content\/uploads\/2025\/05\/analemma-waterstaaf-coherenct-vitaal-water.jpeg","width":1200,"height":1178},{"@type":"BreadcrumbList","@id":"https:\/\/phipower.org\/de\/produkt\/korkventile-fur-phipower-water-vitaliser-schalldampfung-fixierung-analemma-ruhrstab-kopie\/#breadcrumb","itemListElement":[{"@type":"ListItem","position":1,"name":"Home","item":"https:\/\/phipower.org\/de\/"},{"@type":"ListItem","position":2,"name":"Shop","item":"https:\/\/phipower.org\/de\/shop\/"},{"@type":"ListItem","position":3,"name":"Analemma Water Rod &#8211; Verwandeln Sie Ihr Trinkwasser in koh\u00e4rentes Wasser"}]},{"@type":"WebSite","@id":"https:\/\/phipower.org\/de\/#website","url":"https:\/\/phipower.org\/de\/","name":"Phipower: innovatieve gezondheidsproducten","description":"De kracht van een perfecte gezondheid","publisher":{"@id":"https:\/\/phipower.org\/de\/#organization"},"potentialAction":[{"@type":"SearchAction","target":{"@type":"EntryPoint","urlTemplate":"https:\/\/phipower.org\/de\/?s={search_term_string}"},"query-input":{"@type":"PropertyValueSpecification","valueRequired":true,"valueName":"search_term_string"}}],"inLanguage":"de"},{"@type":"Organization","@id":"https:\/\/phipower.org\/de\/#organization","name":"Phipower","url":"https:\/\/phipower.org\/de\/","logo":{"@type":"ImageObject","inLanguage":"de","@id":"https:\/\/phipower.org\/de\/#\/schema\/logo\/image\/","url":"https:\/\/phipower.org\/wp-content\/uploads\/2019\/06\/z-logo-RGB-wit-power.png","contentUrl":"https:\/\/phipower.org\/wp-content\/uploads\/2019\/06\/z-logo-RGB-wit-power.png","width":3273,"height":1389,"caption":"Phipower"},"image":{"@id":"https:\/\/phipower.org\/de\/#\/schema\/logo\/image\/"},"sameAs":["https:\/\/www.facebook.com\/phipowertools\/","https:\/\/x.com\/phipower1","https:\/\/www.tiktok.com\/@phipowerhealth"]}]},"product_price_amount":"164.90","product_price_currency":"EUR","og_availability":"instock","product_availability":"instock","product_retailer_item_id":"AnalemmaStaafBasic","product_condition":"new"},"_links":{"self":[{"href":"https:\/\/phipower.org\/de\/wp-json\/wp\/v2\/product\/7095","targetHints":{"allow":["GET"]}}],"collection":[{"href":"https:\/\/phipower.org\/de\/wp-json\/wp\/v2\/product"}],"about":[{"href":"https:\/\/phipower.org\/de\/wp-json\/wp\/v2\/types\/product"}],"replies":[{"embeddable":true,"href":"https:\/\/phipower.org\/de\/wp-json\/wp\/v2\/comments?post=7095"}],"wp:featuredmedia":[{"embeddable":true,"href":"https:\/\/phipower.org\/de\/wp-json\/wp\/v2\/media\/7103"}],"wp:attachment":[{"href":"https:\/\/phipower.org\/de\/wp-json\/wp\/v2\/media?parent=7095"}],"wp:term":[{"taxonomy":"product_brand","embeddable":true,"href":"https:\/\/phipower.org\/de\/wp-json\/wp\/v2\/product_brand?post=7095"},{"taxonomy":"product_cat","embeddable":true,"href":"https:\/\/phipower.org\/de\/wp-json\/wp\/v2\/product_cat?post=7095"},{"taxonomy":"product_tag","embeddable":true,"href":"https:\/\/phipower.org\/de\/wp-json\/wp\/v2\/product_tag?post=7095"}],"curies":[{"name":"wp","href":"https:\/\/api.w.org\/{rel}","templated":true}]}}