{"id":6596,"date":"2025-03-09T09:42:02","date_gmt":"2025-03-09T09:42:02","guid":{"rendered":"https:\/\/phipower.org\/?post_type=product&#038;p=6596"},"modified":"2025-06-16T21:04:58","modified_gmt":"2025-06-16T21:04:58","slug":"lumisa-blue-earth-energy-egg-zur-vitalisierung-und-harmonisierung-kopie","status":"publish","type":"product","link":"https:\/\/phipower.org\/de\/produkt\/lumisa-blue-earth-energy-egg-zur-vitalisierung-und-harmonisierung-kopie\/","title":{"rendered":"Tort egg | Compact Energy Egg | Zum pers\u00f6nlichen Schutz und zur Vitalisierung|"},"content":{"rendered":"<div class=\"container\">\n<header><span style=\"color: #333333; font-size: 23.04px;\">Beschreibung Blue Earth Schildkr\u00f6tenei<\/span><\/header>\n<section id=\"omschrijving\">Das Blue Earth Schildkr\u00f6ten-Ei ist f\u00fcr den pers\u00f6nlichen Schutz und die St\u00e4rkung Ihres Energiefeldes gedacht. Dank seiner kraftvollen Wirkung in einem Radius von 2 Metern bietet dieses kleine Energie-Ei optimale Unterst\u00fctzung im Umgang mit Reizen, Emotionen und Fremdenergien. Der hohe Bovis-Wert von ca. 384.000 Bovis sorgt f\u00fcr eine sp\u00fcrbare St\u00e4rkung Ihrer pers\u00f6nlichen Kraft und Ihres Wohlbefindens.  <\/section>\n<section id=\"eigenschappen\">\n<h2>Merkmale des Blue Earth Tort Ei<\/h2>\n<ul>\n<li><strong>Material:<\/strong> Wachtelei gef\u00fcllt mit Elixier der Blauen Erde<\/li>\n<li><strong>Ma\u00dfe:<\/strong> 3 cm (Breite) x 4 cm (H\u00f6he)<\/li>\n<li><strong>Gewicht:<\/strong> 37 Gramm<\/li>\n<li><strong>Schutz:<\/strong> Festharzbeschichtung (wasserdicht und sto\u00dffest)<\/li>\n<li><strong>Verwendung:<\/strong> Kompakt und tragbar, ideal f\u00fcr Hosentasche, Jackentasche, neben Ihrem PC oder unter dem Kopfkissen<\/li>\n<\/ul>\n<\/section>\n<section id=\"geschikt-voor\">\n<h2>F\u00fcr wen ist das Blue Earth Tort Ei geeignet?<\/h2>\n<p>Das Schildkr\u00f6tenei ist perfekt f\u00fcr alle, die empfindlich auf Reize und Energien anderer reagieren.<\/p>\n<h3>Geeignet f\u00fcr:<\/h3>\n<ul>\n<li>Menschen, die leicht \u00fcberstimuliert sind<\/li>\n<li>Personen, die die Emotionen anderer intensiv sp\u00fcren<\/li>\n<li>Jeder, der mehr energetischen Schutz sucht<\/li>\n<li>Kinder, die sich nur schwer konzentrieren k\u00f6nnen oder leicht ablenkbar sind<\/li>\n<\/ul>\n<p>Es hilft Ihnen, sich sicherer und ruhiger zu f\u00fchlen, so dass Sie besser bei sich bleiben k\u00f6nnen.<\/p>\n<\/section>\n<section id=\"voordelen\">\n<h2>Warum sollten Sie das Blue Earth Tort Ei w\u00e4hlen?<\/h2>\n<ul>\n<li>St\u00e4rkt Ihre pers\u00f6nliche Energie und sch\u00fctzt Ihr Energiefeld<\/li>\n<li>F\u00f6rdert die innere St\u00e4rke und das emotionale Gleichgewicht<\/li>\n<li>Tragbar, kompakt und langlebig<\/li>\n<li>Geeignet f\u00fcr Erwachsene und Kinder<\/li>\n<\/ul>\n<\/section>\n<section id=\"productreeks\">\n<h2>Lernen Sie die Blue Earth Produktpalette kennen<\/h2>\n<p>Das Schildkr\u00f6ten-Ei geh\u00f6rt zu dem speziellen Blue Earth Energy Eggs Sortiment. Neben diesem tragbaren Ei bieten wir auch gr\u00f6\u00dfere Energie-Eier an, die f\u00fcr die Verwendung im Haus geeignet sind. Das Lumi&#8217;Sa geh\u00f6rt ebenfalls zu unserem Sortiment und ist dank einer speziellen Schutzschicht vielseitig einsetzbar, z.B. zur Energetisierung von Wasser.  <\/p>\n<p>Sehen Sie sich auch unser informatives Video an, in dem die Funktionsweise und die Vorteile unserer Blue Earth Produkte ausf\u00fchrlich erkl\u00e4rt werden.<\/p>\n<\/section>\n<section id=\"klantbeoordelingen\">\n<h2>Kundenerfahrungen<\/h2>\n<p>Wir w\u00fcrden gerne von Ihren Erfahrungen mit dem Blue Earth Schildkr\u00f6tenei h\u00f6ren. Teilen Sie uns Ihre Meinung mit und helfen Sie anderen, eine Entscheidung zu treffen! <\/p>\n<\/section>\n<footer><strong>Bestellen Sie jetzt Ihr pers\u00f6nliches Blue Earth Tort Ei und erleben Sie die positive Energie sofort!<\/strong><\/footer>\n<\/div>\n<p>&nbsp;<\/p>\n","protected":false},"excerpt":{"rendered":"<p>\u2714 St\u00e4rkt Ihr pers\u00f6nliches Energiefeld<br \/>\n\u2714 Sch\u00fctzt vor negativen Einfl\u00fcssen und Strahlungen<br \/>\n\u2714 F\u00f6rdert die innere Balance und Klarheit<br \/>\n\u2714 Kompakt, langlebig und immer griffbereit<\/p>\n","protected":false},"featured_media":6611,"comment_status":"open","ping_status":"closed","template":"","meta":[],"product_brand":[],"product_cat":[933,926],"product_tag":[],"class_list":{"0":"post-6596","1":"product","2":"type-product","3":"status-publish","4":"has-post-thumbnail","6":"product_cat-frequenzen","7":"product_cat-produkte","8":"product_shipping_class-2-5-kg","10":"first","11":"outofstock","12":"taxable","13":"shipping-taxable","14":"purchasable","15":"product-type-simple"},"yoast_head":"<!-- This site is optimized with the Yoast SEO Premium plugin v23.6 (Yoast SEO v27.2) - https:\/\/yoast.com\/product\/yoast-seo-premium-wordpress\/ -->\n<title>Blaue Erde Schildkr\u00f6tenei - Pers\u00f6nlicher Schutz und Energiest\u00e4rkung<\/title>\n<meta name=\"description\" content=\"Entdecken Sie das Blue Earth Tort Ei: tragbare Energieverst\u00e4rkung und Schutz vor Reizen und externen Energien. Ideal f\u00fcr Erwachsene und Kinder!\" \/>\n<meta name=\"robots\" content=\"index, follow, max-snippet:-1, max-image-preview:large, max-video-preview:-1\" \/>\n<link rel=\"canonical\" href=\"https:\/\/phipower.org\/de\/produkt\/lumisa-blue-earth-energy-egg-zur-vitalisierung-und-harmonisierung-kopie\/\" \/>\n<meta property=\"og:locale\" content=\"de_DE\" \/>\n<meta property=\"og:type\" content=\"article\" \/>\n<meta property=\"og:title\" content=\"Tort egg | Compact Energy Egg | Zum pers\u00f6nlichen Schutz und zur Vitalisierung|\" \/>\n<meta property=\"og:description\" content=\"Entdecken Sie das Blue Earth Tort Ei: tragbare Energieverst\u00e4rkung und Schutz vor Reizen und externen Energien. Ideal f\u00fcr Erwachsene und Kinder!\" \/>\n<meta property=\"og:url\" content=\"https:\/\/phipower.org\/de\/produkt\/lumisa-blue-earth-energy-egg-zur-vitalisierung-und-harmonisierung-kopie\/\" \/>\n<meta property=\"og:site_name\" content=\"Phipower\" \/>\n<meta property=\"article:publisher\" content=\"https:\/\/www.facebook.com\/phipowertools\/\" \/>\n<meta property=\"article:modified_time\" content=\"2025-06-16T21:04:58+00:00\" \/>\n<meta property=\"og:image\" content=\"https:\/\/phipower.org\/wp-content\/uploads\/2018\/09\/photo-1-36-1.jpg\" \/>\n\t<meta property=\"og:image:width\" content=\"750\" \/>\n\t<meta property=\"og:image:height\" content=\"750\" \/>\n\t<meta property=\"og:image:type\" content=\"image\/jpeg\" \/>\n<meta name=\"twitter:card\" content=\"summary_large_image\" \/>\n<meta name=\"twitter:site\" content=\"@phipower1\" \/>\n<meta name=\"twitter:label1\" content=\"Preis\" \/>\n\t<meta name=\"twitter:data1\" content=\"&euro;48,00\" \/>\n\t<meta name=\"twitter:label2\" content=\"Verf\u00fcgbarkeit\" \/>\n\t<meta name=\"twitter:data2\" content=\"ausverkauft\" \/>\n<script type=\"application\/ld+json\" class=\"yoast-schema-graph\">{\"@context\":\"https:\/\/schema.org\",\"@graph\":[{\"@type\":\"WebPage\",\"@id\":\"https:\/\/phipower.org\/de\/produkt\/lumisa-blue-earth-energy-egg-zur-vitalisierung-und-harmonisierung-kopie\/\",\"url\":\"https:\/\/phipower.org\/de\/produkt\/lumisa-blue-earth-energy-egg-zur-vitalisierung-und-harmonisierung-kopie\/\",\"name\":\"Blaue Erde Schildkr\u00f6tenei - Pers\u00f6nlicher Schutz und Energiest\u00e4rkung\",\"isPartOf\":{\"@id\":\"https:\/\/phipower.org\/de\/#website\"},\"primaryImageOfPage\":{\"@id\":\"https:\/\/phipower.org\/de\/produkt\/lumisa-blue-earth-energy-egg-zur-vitalisierung-und-harmonisierung-kopie\/#primaryimage\"},\"image\":{\"@id\":\"https:\/\/phipower.org\/de\/produkt\/lumisa-blue-earth-energy-egg-zur-vitalisierung-und-harmonisierung-kopie\/#primaryimage\"},\"thumbnailUrl\":\"https:\/\/phipower.org\/wp-content\/uploads\/2025\/03\/Tortelei-energie-ei-blue-earth-phipower.jpg\",\"datePublished\":\"2025-03-09T09:42:02+00:00\",\"dateModified\":\"2025-06-16T21:04:58+00:00\",\"description\":\"Entdecken Sie das Blue Earth Tort Ei: tragbare Energieverst\u00e4rkung und Schutz vor Reizen und externen Energien. Ideal f\u00fcr Erwachsene und Kinder!\",\"breadcrumb\":{\"@id\":\"https:\/\/phipower.org\/de\/produkt\/lumisa-blue-earth-energy-egg-zur-vitalisierung-und-harmonisierung-kopie\/#breadcrumb\"},\"inLanguage\":\"de\",\"potentialAction\":[{\"@type\":\"ReadAction\",\"target\":[\"https:\/\/phipower.org\/de\/produkt\/lumisa-blue-earth-energy-egg-zur-vitalisierung-und-harmonisierung-kopie\/\"]}]},{\"@type\":\"ImageObject\",\"inLanguage\":\"de\",\"@id\":\"https:\/\/phipower.org\/de\/produkt\/lumisa-blue-earth-energy-egg-zur-vitalisierung-und-harmonisierung-kopie\/#primaryimage\",\"url\":\"https:\/\/phipower.org\/wp-content\/uploads\/2025\/03\/Tortelei-energie-ei-blue-earth-phipower.jpg\",\"contentUrl\":\"https:\/\/phipower.org\/wp-content\/uploads\/2025\/03\/Tortelei-energie-ei-blue-earth-phipower.jpg\",\"width\":600,\"height\":400},{\"@type\":\"BreadcrumbList\",\"@id\":\"https:\/\/phipower.org\/de\/produkt\/lumisa-blue-earth-energy-egg-zur-vitalisierung-und-harmonisierung-kopie\/#breadcrumb\",\"itemListElement\":[{\"@type\":\"ListItem\",\"position\":1,\"name\":\"Home\",\"item\":\"https:\/\/phipower.org\/de\/\"},{\"@type\":\"ListItem\",\"position\":2,\"name\":\"Shop\",\"item\":\"https:\/\/phipower.org\/de\/shop\/\"},{\"@type\":\"ListItem\",\"position\":3,\"name\":\"Tort egg | Compact Energy Egg | Zum pers\u00f6nlichen Schutz und zur Vitalisierung|\"}]},{\"@type\":\"WebSite\",\"@id\":\"https:\/\/phipower.org\/de\/#website\",\"url\":\"https:\/\/phipower.org\/de\/\",\"name\":\"Phipower: innovatieve gezondheidsproducten\",\"description\":\"De kracht van een perfecte gezondheid\",\"publisher\":{\"@id\":\"https:\/\/phipower.org\/de\/#organization\"},\"potentialAction\":[{\"@type\":\"SearchAction\",\"target\":{\"@type\":\"EntryPoint\",\"urlTemplate\":\"https:\/\/phipower.org\/de\/?s={search_term_string}\"},\"query-input\":{\"@type\":\"PropertyValueSpecification\",\"valueRequired\":true,\"valueName\":\"search_term_string\"}}],\"inLanguage\":\"de\"},{\"@type\":\"Organization\",\"@id\":\"https:\/\/phipower.org\/de\/#organization\",\"name\":\"Phipower\",\"url\":\"https:\/\/phipower.org\/de\/\",\"logo\":{\"@type\":\"ImageObject\",\"inLanguage\":\"de\",\"@id\":\"https:\/\/phipower.org\/de\/#\/schema\/logo\/image\/\",\"url\":\"https:\/\/phipower.org\/wp-content\/uploads\/2019\/06\/z-logo-RGB-wit-power.png\",\"contentUrl\":\"https:\/\/phipower.org\/wp-content\/uploads\/2019\/06\/z-logo-RGB-wit-power.png\",\"width\":3273,\"height\":1389,\"caption\":\"Phipower\"},\"image\":{\"@id\":\"https:\/\/phipower.org\/de\/#\/schema\/logo\/image\/\"},\"sameAs\":[\"https:\/\/www.facebook.com\/phipowertools\/\",\"https:\/\/x.com\/phipower1\",\"https:\/\/www.tiktok.com\/@phipowerhealth\"]}]}<\/script>\n<meta property=\"product:price:amount\" content=\"48.00\" \/>\n<meta property=\"product:price:currency\" content=\"EUR\" \/>\n<meta property=\"og:availability\" content=\"out of stock\" \/>\n<meta property=\"product:availability\" content=\"out of stock\" \/>\n<meta property=\"product:retailer_item_id\" content=\"7806140071657\" \/>\n<meta property=\"product:condition\" content=\"new\" \/>\n<!-- \/ Yoast SEO Premium plugin. -->","yoast_head_json":{"title":"Blaue Erde Schildkr\u00f6tenei - Pers\u00f6nlicher Schutz und Energiest\u00e4rkung","description":"Entdecken Sie das Blue Earth Tort Ei: tragbare Energieverst\u00e4rkung und Schutz vor Reizen und externen Energien. Ideal f\u00fcr Erwachsene und Kinder!","robots":{"index":"index","follow":"follow","max-snippet":"max-snippet:-1","max-image-preview":"max-image-preview:large","max-video-preview":"max-video-preview:-1"},"canonical":"https:\/\/phipower.org\/de\/produkt\/lumisa-blue-earth-energy-egg-zur-vitalisierung-und-harmonisierung-kopie\/","og_locale":"de_DE","og_type":"article","og_title":"Tort egg | Compact Energy Egg | Zum pers\u00f6nlichen Schutz und zur Vitalisierung|","og_description":"Entdecken Sie das Blue Earth Tort Ei: tragbare Energieverst\u00e4rkung und Schutz vor Reizen und externen Energien. Ideal f\u00fcr Erwachsene und Kinder!","og_url":"https:\/\/phipower.org\/de\/produkt\/lumisa-blue-earth-energy-egg-zur-vitalisierung-und-harmonisierung-kopie\/","og_site_name":"Phipower","article_publisher":"https:\/\/www.facebook.com\/phipowertools\/","article_modified_time":"2025-06-16T21:04:58+00:00","og_image":[{"width":750,"height":750,"url":"https:\/\/phipower.org\/wp-content\/uploads\/2018\/09\/photo-1-36-1.jpg","type":"image\/jpeg"}],"twitter_card":"summary_large_image","twitter_site":"@phipower1","twitter_misc":{"Preis":"&euro;48,00","Verf\u00fcgbarkeit":"ausverkauft"},"schema":{"@context":"https:\/\/schema.org","@graph":[{"@type":"WebPage","@id":"https:\/\/phipower.org\/de\/produkt\/lumisa-blue-earth-energy-egg-zur-vitalisierung-und-harmonisierung-kopie\/","url":"https:\/\/phipower.org\/de\/produkt\/lumisa-blue-earth-energy-egg-zur-vitalisierung-und-harmonisierung-kopie\/","name":"Blaue Erde Schildkr\u00f6tenei - Pers\u00f6nlicher Schutz und Energiest\u00e4rkung","isPartOf":{"@id":"https:\/\/phipower.org\/de\/#website"},"primaryImageOfPage":{"@id":"https:\/\/phipower.org\/de\/produkt\/lumisa-blue-earth-energy-egg-zur-vitalisierung-und-harmonisierung-kopie\/#primaryimage"},"image":{"@id":"https:\/\/phipower.org\/de\/produkt\/lumisa-blue-earth-energy-egg-zur-vitalisierung-und-harmonisierung-kopie\/#primaryimage"},"thumbnailUrl":"https:\/\/phipower.org\/wp-content\/uploads\/2025\/03\/Tortelei-energie-ei-blue-earth-phipower.jpg","datePublished":"2025-03-09T09:42:02+00:00","dateModified":"2025-06-16T21:04:58+00:00","description":"Entdecken Sie das Blue Earth Tort Ei: tragbare Energieverst\u00e4rkung und Schutz vor Reizen und externen Energien. Ideal f\u00fcr Erwachsene und Kinder!","breadcrumb":{"@id":"https:\/\/phipower.org\/de\/produkt\/lumisa-blue-earth-energy-egg-zur-vitalisierung-und-harmonisierung-kopie\/#breadcrumb"},"inLanguage":"de","potentialAction":[{"@type":"ReadAction","target":["https:\/\/phipower.org\/de\/produkt\/lumisa-blue-earth-energy-egg-zur-vitalisierung-und-harmonisierung-kopie\/"]}]},{"@type":"ImageObject","inLanguage":"de","@id":"https:\/\/phipower.org\/de\/produkt\/lumisa-blue-earth-energy-egg-zur-vitalisierung-und-harmonisierung-kopie\/#primaryimage","url":"https:\/\/phipower.org\/wp-content\/uploads\/2025\/03\/Tortelei-energie-ei-blue-earth-phipower.jpg","contentUrl":"https:\/\/phipower.org\/wp-content\/uploads\/2025\/03\/Tortelei-energie-ei-blue-earth-phipower.jpg","width":600,"height":400},{"@type":"BreadcrumbList","@id":"https:\/\/phipower.org\/de\/produkt\/lumisa-blue-earth-energy-egg-zur-vitalisierung-und-harmonisierung-kopie\/#breadcrumb","itemListElement":[{"@type":"ListItem","position":1,"name":"Home","item":"https:\/\/phipower.org\/de\/"},{"@type":"ListItem","position":2,"name":"Shop","item":"https:\/\/phipower.org\/de\/shop\/"},{"@type":"ListItem","position":3,"name":"Tort egg | Compact Energy Egg | Zum pers\u00f6nlichen Schutz und zur Vitalisierung|"}]},{"@type":"WebSite","@id":"https:\/\/phipower.org\/de\/#website","url":"https:\/\/phipower.org\/de\/","name":"Phipower: innovatieve gezondheidsproducten","description":"De kracht van een perfecte gezondheid","publisher":{"@id":"https:\/\/phipower.org\/de\/#organization"},"potentialAction":[{"@type":"SearchAction","target":{"@type":"EntryPoint","urlTemplate":"https:\/\/phipower.org\/de\/?s={search_term_string}"},"query-input":{"@type":"PropertyValueSpecification","valueRequired":true,"valueName":"search_term_string"}}],"inLanguage":"de"},{"@type":"Organization","@id":"https:\/\/phipower.org\/de\/#organization","name":"Phipower","url":"https:\/\/phipower.org\/de\/","logo":{"@type":"ImageObject","inLanguage":"de","@id":"https:\/\/phipower.org\/de\/#\/schema\/logo\/image\/","url":"https:\/\/phipower.org\/wp-content\/uploads\/2019\/06\/z-logo-RGB-wit-power.png","contentUrl":"https:\/\/phipower.org\/wp-content\/uploads\/2019\/06\/z-logo-RGB-wit-power.png","width":3273,"height":1389,"caption":"Phipower"},"image":{"@id":"https:\/\/phipower.org\/de\/#\/schema\/logo\/image\/"},"sameAs":["https:\/\/www.facebook.com\/phipowertools\/","https:\/\/x.com\/phipower1","https:\/\/www.tiktok.com\/@phipowerhealth"]}]},"product_price_amount":"48.00","product_price_currency":"EUR","og_availability":"out of stock","product_availability":"out of stock","product_retailer_item_id":"7806140071657","product_condition":"new"},"_links":{"self":[{"href":"https:\/\/phipower.org\/de\/wp-json\/wp\/v2\/product\/6596","targetHints":{"allow":["GET"]}}],"collection":[{"href":"https:\/\/phipower.org\/de\/wp-json\/wp\/v2\/product"}],"about":[{"href":"https:\/\/phipower.org\/de\/wp-json\/wp\/v2\/types\/product"}],"replies":[{"embeddable":true,"href":"https:\/\/phipower.org\/de\/wp-json\/wp\/v2\/comments?post=6596"}],"wp:featuredmedia":[{"embeddable":true,"href":"https:\/\/phipower.org\/de\/wp-json\/wp\/v2\/media\/6611"}],"wp:attachment":[{"href":"https:\/\/phipower.org\/de\/wp-json\/wp\/v2\/media?parent=6596"}],"wp:term":[{"taxonomy":"product_brand","embeddable":true,"href":"https:\/\/phipower.org\/de\/wp-json\/wp\/v2\/product_brand?post=6596"},{"taxonomy":"product_cat","embeddable":true,"href":"https:\/\/phipower.org\/de\/wp-json\/wp\/v2\/product_cat?post=6596"},{"taxonomy":"product_tag","embeddable":true,"href":"https:\/\/phipower.org\/de\/wp-json\/wp\/v2\/product_tag?post=6596"}],"curies":[{"name":"wp","href":"https:\/\/api.w.org\/{rel}","templated":true}]}}