{"id":6470,"date":"2025-03-06T12:33:22","date_gmt":"2025-03-06T12:33:22","guid":{"rendered":"https:\/\/phipower.org\/?post_type=product&#038;p=6470"},"modified":"2026-04-16T14:18:28","modified_gmt":"2026-04-16T14:18:28","slug":"wasserwirbelflasche-zur-belebung-und-strukturierung-von-wasser-phipower-kopie","status":"publish","type":"product","link":"https:\/\/phipower.org\/de\/produkt\/wasserwirbelflasche-zur-belebung-und-strukturierung-von-wasser-phipower-kopie\/","title":{"rendered":"Lumi&#8217;Sa | Blue Earth Energy Egg | Zur Vitalisierung und Harmonisierung"},"content":{"rendered":"<p>&nbsp;<\/p>\n<header>\n<h1>Lumi&#8217;Sa Energy Egg &#8211; Steigern Sie Ihre Energie und Ihr Wohlbefinden<\/h1>\n<\/header>\n<p>&nbsp;<\/p>\n<article>\n<section>\n<h2>Was ist das Lumi&#8217;Sa Energie-Ei?<\/h2>\n<p>Das Lumi&#8217;Sa Energie-Ei ist ein kraftvolles und liebevolles Werkzeug, das sorgf\u00e4ltig entwickelt wurde, um Ihre urspr\u00fcngliche Energie zu verst\u00e4rken und Sie daran zu erinnern, wer Sie wirklich sind. Dieses einzigartige Energie-Ei enth\u00e4lt das Wasser des Blaue-Erde-Elixiers in einer nat\u00fcrlichen Form, umh\u00fcllt von sch\u00fctzendem Harz. <\/p>\n<p>Das Ei ist etwa 10 cm hoch und basiert auf der heiligen Geometrie &#8211; dem universellen kreativen Archetyp, der Schutz und Vitalit\u00e4t bietet. Die Energie des Eies strahlt Liebe und Dankbarkeit aus, was positive Auswirkungen auf K\u00f6rper, Geist und Umwelt hat. <\/p>\n<\/section>\n<section>\n<h2>Vorteile und Verwendung des Lumi&#8217;Sa Egg<\/h2>\n<article>\n<h3>Selbstheilung und Meditation<\/h3>\n<p>Verwenden Sie das Lumi&#8217;Sa Ei w\u00e4hrend der Meditation oder Heilung, um Ihr eigenes Energiefeld zu st\u00e4rken und widerstandsf\u00e4higer gegen \u00e4u\u00dfere Reize zu werden. Dies hilft Ihnen, n\u00e4her bei sich selbst und besser im Gleichgewicht zu bleiben. <\/p>\n<\/article>\n<article>\n<h3>Schutz vor Strahlung<\/h3>\n<p>Wenn Ihr eigenes Energiefeld st\u00e4rker und vollst\u00e4ndiger wird, hilft das Lumi&#8217;Sa Ei dabei, Ihren Widerstand gegen Strahlung und negative Energie zu erh\u00f6hen.<\/p>\n<\/article>\n<article>\n<h3>Harmonie in Haus und B\u00fcro<\/h3>\n<p>Stellen Sie das Energie-Ei in Ihrem Zuhause oder B\u00fcro auf, um R\u00e4ume zu energetisieren. Das Lumi&#8217;Sa Ei wirkt effektiv in einem Radius von etwa 20 Metern, f\u00f6rdert Harmonie, Klarheit und liebevolle Kommunikation. <\/p>\n<\/article>\n<article>\n<h3>Vitalisierende Lebensmittel und Wasser<\/h3>\n<p>Legen Sie das Lumi&#8217;Sa Ei zu Ihren Speisen, Getr\u00e4nken, Kr\u00e4utern und Medikamenten, um diese zu vitalisieren. Auch ideal zum Aufladen und Reinigen von Edelsteinen und Kristallen. <\/p>\n<\/article>\n<article>\n<h3>Leicht zu tragen<\/h3>\n<p>Das Lumi&#8217;Sa Egg kann sicher in einem Wasserkrug platziert werden, um Ihr Trinkwasser auf subtile Weise zu beleben, und kann dank seiner robusten Au\u00dfenh\u00fclle leicht mit Ihnen reisen.<\/p>\n<\/article>\n<\/section>\n<section>\n<h2>Wartung und Vorsichtsma\u00dfnahmen<\/h2>\n<ul>\n<li>Setzen Sie das Ei nicht \u00fcber einen l\u00e4ngeren Zeitraum extremen Temperaturen (K\u00e4lte oder Hitze) aus.<\/li>\n<li>Vermeiden Sie es, das Produkt l\u00e4ngere Zeit direkter Sonneneinstrahlung auszusetzen, um Risse zu vermeiden.<\/li>\n<li>Legen Sie das Ei nicht an die R\u00fcckwand des K\u00fchlschranks, damit es nicht gefriert.<\/li>\n<li>Legen Sie das Ei niemals in hei\u00dfes oder kochendes Wasser.<\/li>\n<\/ul>\n<\/section>\n<section>\n<h2>Technische Details und Haltbarkeit<\/h2>\n<ul>\n<li><strong>Gr\u00f6\u00dfe:<\/strong> ca. 10 cm hoch<\/li>\n<li><strong>Material:<\/strong> Nat\u00fcrliches Entenei, gef\u00fcllt mit versiegeltem Blue Earth Elixir Wasser, umh\u00fcllt von sch\u00fctzendem Harz.<\/li>\n<li>Die Versiegelung garantiert, dass die energetischen Informationen \u00fcber Jahre hinweg erhalten bleiben (bis zu 8 Jahre oder mehr).<\/li>\n<li>Das Harz wurde aufgrund seiner neutralen Eigenschaften ausgew\u00e4hlt, die den Energiefluss optimal aufrechterhalten.<\/li>\n<\/ul>\n<\/section>\n<section>Bestellen Sie jetzt das Lumi&#8217;Sa Energie-Ei und erleben Sie die kraftvolle, liebevolle Energie, die Sie in Ihrem Wohlbefinden, Ihrer Vitalit\u00e4t und Ihrem pers\u00f6nlichen Wachstum unterst\u00fctzt.<\/section>\n<\/article>\n<p>&nbsp;<\/p>\n<footer>\u00a9 2025 Lumi&#8217;Sa Energy. Alle Rechte vorbehalten. <\/footer>\n<p>&nbsp;<\/p>\n","protected":false},"excerpt":{"rendered":"<p>\u2714 Hilft Ihnen, sich selbst n\u00e4her zu sein<br \/>\n\u2714 St\u00e4rkt Ihr pers\u00f6nliches Energiefeld<br \/>\n\u2714 Sch\u00fctzt vor negativen Einfl\u00fcssen und Strahlungen<br \/>\n\u2714 Bringt Harmonie und Klarheit in die Kommunikation<br \/>\n\u2714 Vitalisiert Nahrung, Wasser und Medikamente<\/p>\n","protected":false},"featured_media":6541,"comment_status":"open","ping_status":"closed","template":"","meta":[],"product_brand":[],"product_cat":[933,926],"product_tag":[],"class_list":{"0":"post-6470","1":"product","2":"type-product","3":"status-publish","4":"has-post-thumbnail","6":"product_cat-frequenzen","7":"product_cat-produkte","8":"product_shipping_class-0-2-kg","10":"first","11":"instock","12":"taxable","13":"shipping-taxable","14":"purchasable","15":"product-type-simple"},"yoast_head":"<!-- This site is optimized with the Yoast SEO Premium plugin v23.6 (Yoast SEO v27.2) - https:\/\/yoast.com\/product\/yoast-seo-premium-wordpress\/ -->\n<title>Lumi&#039;Sa Energy Egg - Vitalisieren und sch\u00fctzen Sie sich mit dem Blue Earth&#039;Sa Energy Egg<\/title>\n<meta name=\"description\" content=\"Die Wasserwirbelflasche erzeugt zusammen mit dem magnetischen R\u00fchrer einen Wirbel, der vitales und strukturiertes Wasser erzeugt.St\u00e4rken Sie Ihre Energie und Ihr Wohlbefinden mit dem einzigartigen Lumi&#039;Sa Energie-Ei. Ideal f\u00fcr Meditation, Selbstheilung, Strahlenschutz und die Schaffung einer harmonischen Umgebung. Bestellen Sie jetzt und erleben Sie die kraftvolle Energie!\" \/>\n<meta name=\"robots\" content=\"index, follow, max-snippet:-1, max-image-preview:large, max-video-preview:-1\" \/>\n<link rel=\"canonical\" href=\"https:\/\/phipower.org\/de\/produkt\/wasserwirbelflasche-zur-belebung-und-strukturierung-von-wasser-phipower-kopie\/\" \/>\n<meta property=\"og:locale\" content=\"de_DE\" \/>\n<meta property=\"og:type\" content=\"article\" \/>\n<meta property=\"og:title\" content=\"Lumi&#039;Sa | Blue Earth Energy Egg | Zur Vitalisierung und Harmonisierung\" \/>\n<meta property=\"og:description\" content=\"Die Wasserwirbelflasche erzeugt zusammen mit dem magnetischen R\u00fchrer einen Wirbel, der vitales und strukturiertes Wasser erzeugt.St\u00e4rken Sie Ihre Energie und Ihr Wohlbefinden mit dem einzigartigen Lumi&#039;Sa Energie-Ei. Ideal f\u00fcr Meditation, Selbstheilung, Strahlenschutz und die Schaffung einer harmonischen Umgebung. Bestellen Sie jetzt und erleben Sie die kraftvolle Energie!\" \/>\n<meta property=\"og:url\" content=\"https:\/\/phipower.org\/de\/produkt\/wasserwirbelflasche-zur-belebung-und-strukturierung-von-wasser-phipower-kopie\/\" \/>\n<meta property=\"og:site_name\" content=\"Phipower\" \/>\n<meta property=\"article:publisher\" content=\"https:\/\/www.facebook.com\/phipowertools\/\" \/>\n<meta property=\"article:modified_time\" content=\"2026-04-16T14:18:28+00:00\" \/>\n<meta property=\"og:image\" content=\"https:\/\/phipower.org\/wp-content\/uploads\/2018\/09\/photo-1-36-1.jpg\" \/>\n\t<meta property=\"og:image:width\" content=\"750\" \/>\n\t<meta property=\"og:image:height\" content=\"750\" \/>\n\t<meta property=\"og:image:type\" content=\"image\/jpeg\" \/>\n<meta name=\"twitter:card\" content=\"summary_large_image\" \/>\n<meta name=\"twitter:site\" content=\"@phipower1\" \/>\n<meta name=\"twitter:label1\" content=\"Preis\" \/>\n\t<meta name=\"twitter:data1\" content=\"&euro;179,00\" \/>\n\t<meta name=\"twitter:label2\" content=\"Verf\u00fcgbarkeit\" \/>\n\t<meta name=\"twitter:data2\" content=\"Auf Lager\" \/>\n<script type=\"application\/ld+json\" class=\"yoast-schema-graph\">{\"@context\":\"https:\/\/schema.org\",\"@graph\":[{\"@type\":\"WebPage\",\"@id\":\"https:\/\/phipower.org\/de\/produkt\/wasserwirbelflasche-zur-belebung-und-strukturierung-von-wasser-phipower-kopie\/\",\"url\":\"https:\/\/phipower.org\/de\/produkt\/wasserwirbelflasche-zur-belebung-und-strukturierung-von-wasser-phipower-kopie\/\",\"name\":\"Lumi'Sa Energy Egg - Vitalisieren und sch\u00fctzen Sie sich mit dem Blue Earth'Sa Energy Egg\",\"isPartOf\":{\"@id\":\"https:\/\/phipower.org\/de\/#website\"},\"primaryImageOfPage\":{\"@id\":\"https:\/\/phipower.org\/de\/produkt\/wasserwirbelflasche-zur-belebung-und-strukturierung-von-wasser-phipower-kopie\/#primaryimage\"},\"image\":{\"@id\":\"https:\/\/phipower.org\/de\/produkt\/wasserwirbelflasche-zur-belebung-und-strukturierung-von-wasser-phipower-kopie\/#primaryimage\"},\"thumbnailUrl\":\"https:\/\/phipower.org\/wp-content\/uploads\/2025\/03\/energie-ei-blue-earth-lumisa-zijaanzicht-vierkant-600x600-1.jpg\",\"datePublished\":\"2025-03-06T12:33:22+00:00\",\"dateModified\":\"2026-04-16T14:18:28+00:00\",\"description\":\"Die Wasserwirbelflasche erzeugt zusammen mit dem magnetischen R\u00fchrer einen Wirbel, der vitales und strukturiertes Wasser erzeugt.St\u00e4rken Sie Ihre Energie und Ihr Wohlbefinden mit dem einzigartigen Lumi'Sa Energie-Ei. Ideal f\u00fcr Meditation, Selbstheilung, Strahlenschutz und die Schaffung einer harmonischen Umgebung. Bestellen Sie jetzt und erleben Sie die kraftvolle Energie!\",\"breadcrumb\":{\"@id\":\"https:\/\/phipower.org\/de\/produkt\/wasserwirbelflasche-zur-belebung-und-strukturierung-von-wasser-phipower-kopie\/#breadcrumb\"},\"inLanguage\":\"de\",\"potentialAction\":[{\"@type\":\"ReadAction\",\"target\":[\"https:\/\/phipower.org\/de\/produkt\/wasserwirbelflasche-zur-belebung-und-strukturierung-von-wasser-phipower-kopie\/\"]}]},{\"@type\":\"ImageObject\",\"inLanguage\":\"de\",\"@id\":\"https:\/\/phipower.org\/de\/produkt\/wasserwirbelflasche-zur-belebung-und-strukturierung-von-wasser-phipower-kopie\/#primaryimage\",\"url\":\"https:\/\/phipower.org\/wp-content\/uploads\/2025\/03\/energie-ei-blue-earth-lumisa-zijaanzicht-vierkant-600x600-1.jpg\",\"contentUrl\":\"https:\/\/phipower.org\/wp-content\/uploads\/2025\/03\/energie-ei-blue-earth-lumisa-zijaanzicht-vierkant-600x600-1.jpg\",\"width\":600,\"height\":600},{\"@type\":\"BreadcrumbList\",\"@id\":\"https:\/\/phipower.org\/de\/produkt\/wasserwirbelflasche-zur-belebung-und-strukturierung-von-wasser-phipower-kopie\/#breadcrumb\",\"itemListElement\":[{\"@type\":\"ListItem\",\"position\":1,\"name\":\"Home\",\"item\":\"https:\/\/phipower.org\/de\/\"},{\"@type\":\"ListItem\",\"position\":2,\"name\":\"Shop\",\"item\":\"https:\/\/phipower.org\/de\/shop\/\"},{\"@type\":\"ListItem\",\"position\":3,\"name\":\"Lumi&#8217;Sa | Blue Earth Energy Egg | Zur Vitalisierung und Harmonisierung\"}]},{\"@type\":\"WebSite\",\"@id\":\"https:\/\/phipower.org\/de\/#website\",\"url\":\"https:\/\/phipower.org\/de\/\",\"name\":\"Phipower: innovatieve gezondheidsproducten\",\"description\":\"De kracht van een perfecte gezondheid\",\"publisher\":{\"@id\":\"https:\/\/phipower.org\/de\/#organization\"},\"potentialAction\":[{\"@type\":\"SearchAction\",\"target\":{\"@type\":\"EntryPoint\",\"urlTemplate\":\"https:\/\/phipower.org\/de\/?s={search_term_string}\"},\"query-input\":{\"@type\":\"PropertyValueSpecification\",\"valueRequired\":true,\"valueName\":\"search_term_string\"}}],\"inLanguage\":\"de\"},{\"@type\":\"Organization\",\"@id\":\"https:\/\/phipower.org\/de\/#organization\",\"name\":\"Phipower\",\"url\":\"https:\/\/phipower.org\/de\/\",\"logo\":{\"@type\":\"ImageObject\",\"inLanguage\":\"de\",\"@id\":\"https:\/\/phipower.org\/de\/#\/schema\/logo\/image\/\",\"url\":\"https:\/\/phipower.org\/wp-content\/uploads\/2019\/06\/z-logo-RGB-wit-power.png\",\"contentUrl\":\"https:\/\/phipower.org\/wp-content\/uploads\/2019\/06\/z-logo-RGB-wit-power.png\",\"width\":3273,\"height\":1389,\"caption\":\"Phipower\"},\"image\":{\"@id\":\"https:\/\/phipower.org\/de\/#\/schema\/logo\/image\/\"},\"sameAs\":[\"https:\/\/www.facebook.com\/phipowertools\/\",\"https:\/\/x.com\/phipower1\",\"https:\/\/www.tiktok.com\/@phipowerhealth\"]}]}<\/script>\n<meta property=\"product:price:amount\" content=\"179.00\" \/>\n<meta property=\"product:price:currency\" content=\"EUR\" \/>\n<meta property=\"og:availability\" content=\"instock\" \/>\n<meta property=\"product:availability\" content=\"instock\" \/>\n<meta property=\"product:retailer_item_id\" content=\"7806140071640\" \/>\n<meta property=\"product:condition\" content=\"new\" \/>\n<!-- \/ Yoast SEO Premium plugin. -->","yoast_head_json":{"title":"Lumi'Sa Energy Egg - Vitalisieren und sch\u00fctzen Sie sich mit dem Blue Earth'Sa Energy Egg","description":"Die Wasserwirbelflasche erzeugt zusammen mit dem magnetischen R\u00fchrer einen Wirbel, der vitales und strukturiertes Wasser erzeugt.St\u00e4rken Sie Ihre Energie und Ihr Wohlbefinden mit dem einzigartigen Lumi'Sa Energie-Ei. Ideal f\u00fcr Meditation, Selbstheilung, Strahlenschutz und die Schaffung einer harmonischen Umgebung. Bestellen Sie jetzt und erleben Sie die kraftvolle Energie!","robots":{"index":"index","follow":"follow","max-snippet":"max-snippet:-1","max-image-preview":"max-image-preview:large","max-video-preview":"max-video-preview:-1"},"canonical":"https:\/\/phipower.org\/de\/produkt\/wasserwirbelflasche-zur-belebung-und-strukturierung-von-wasser-phipower-kopie\/","og_locale":"de_DE","og_type":"article","og_title":"Lumi'Sa | Blue Earth Energy Egg | Zur Vitalisierung und Harmonisierung","og_description":"Die Wasserwirbelflasche erzeugt zusammen mit dem magnetischen R\u00fchrer einen Wirbel, der vitales und strukturiertes Wasser erzeugt.St\u00e4rken Sie Ihre Energie und Ihr Wohlbefinden mit dem einzigartigen Lumi'Sa Energie-Ei. Ideal f\u00fcr Meditation, Selbstheilung, Strahlenschutz und die Schaffung einer harmonischen Umgebung. Bestellen Sie jetzt und erleben Sie die kraftvolle Energie!","og_url":"https:\/\/phipower.org\/de\/produkt\/wasserwirbelflasche-zur-belebung-und-strukturierung-von-wasser-phipower-kopie\/","og_site_name":"Phipower","article_publisher":"https:\/\/www.facebook.com\/phipowertools\/","article_modified_time":"2026-04-16T14:18:28+00:00","og_image":[{"width":750,"height":750,"url":"https:\/\/phipower.org\/wp-content\/uploads\/2018\/09\/photo-1-36-1.jpg","type":"image\/jpeg"}],"twitter_card":"summary_large_image","twitter_site":"@phipower1","twitter_misc":{"Preis":"&euro;179,00","Verf\u00fcgbarkeit":"Auf Lager"},"schema":{"@context":"https:\/\/schema.org","@graph":[{"@type":"WebPage","@id":"https:\/\/phipower.org\/de\/produkt\/wasserwirbelflasche-zur-belebung-und-strukturierung-von-wasser-phipower-kopie\/","url":"https:\/\/phipower.org\/de\/produkt\/wasserwirbelflasche-zur-belebung-und-strukturierung-von-wasser-phipower-kopie\/","name":"Lumi'Sa Energy Egg - Vitalisieren und sch\u00fctzen Sie sich mit dem Blue Earth'Sa Energy Egg","isPartOf":{"@id":"https:\/\/phipower.org\/de\/#website"},"primaryImageOfPage":{"@id":"https:\/\/phipower.org\/de\/produkt\/wasserwirbelflasche-zur-belebung-und-strukturierung-von-wasser-phipower-kopie\/#primaryimage"},"image":{"@id":"https:\/\/phipower.org\/de\/produkt\/wasserwirbelflasche-zur-belebung-und-strukturierung-von-wasser-phipower-kopie\/#primaryimage"},"thumbnailUrl":"https:\/\/phipower.org\/wp-content\/uploads\/2025\/03\/energie-ei-blue-earth-lumisa-zijaanzicht-vierkant-600x600-1.jpg","datePublished":"2025-03-06T12:33:22+00:00","dateModified":"2026-04-16T14:18:28+00:00","description":"Die Wasserwirbelflasche erzeugt zusammen mit dem magnetischen R\u00fchrer einen Wirbel, der vitales und strukturiertes Wasser erzeugt.St\u00e4rken Sie Ihre Energie und Ihr Wohlbefinden mit dem einzigartigen Lumi'Sa Energie-Ei. Ideal f\u00fcr Meditation, Selbstheilung, Strahlenschutz und die Schaffung einer harmonischen Umgebung. Bestellen Sie jetzt und erleben Sie die kraftvolle Energie!","breadcrumb":{"@id":"https:\/\/phipower.org\/de\/produkt\/wasserwirbelflasche-zur-belebung-und-strukturierung-von-wasser-phipower-kopie\/#breadcrumb"},"inLanguage":"de","potentialAction":[{"@type":"ReadAction","target":["https:\/\/phipower.org\/de\/produkt\/wasserwirbelflasche-zur-belebung-und-strukturierung-von-wasser-phipower-kopie\/"]}]},{"@type":"ImageObject","inLanguage":"de","@id":"https:\/\/phipower.org\/de\/produkt\/wasserwirbelflasche-zur-belebung-und-strukturierung-von-wasser-phipower-kopie\/#primaryimage","url":"https:\/\/phipower.org\/wp-content\/uploads\/2025\/03\/energie-ei-blue-earth-lumisa-zijaanzicht-vierkant-600x600-1.jpg","contentUrl":"https:\/\/phipower.org\/wp-content\/uploads\/2025\/03\/energie-ei-blue-earth-lumisa-zijaanzicht-vierkant-600x600-1.jpg","width":600,"height":600},{"@type":"BreadcrumbList","@id":"https:\/\/phipower.org\/de\/produkt\/wasserwirbelflasche-zur-belebung-und-strukturierung-von-wasser-phipower-kopie\/#breadcrumb","itemListElement":[{"@type":"ListItem","position":1,"name":"Home","item":"https:\/\/phipower.org\/de\/"},{"@type":"ListItem","position":2,"name":"Shop","item":"https:\/\/phipower.org\/de\/shop\/"},{"@type":"ListItem","position":3,"name":"Lumi&#8217;Sa | Blue Earth Energy Egg | Zur Vitalisierung und Harmonisierung"}]},{"@type":"WebSite","@id":"https:\/\/phipower.org\/de\/#website","url":"https:\/\/phipower.org\/de\/","name":"Phipower: innovatieve gezondheidsproducten","description":"De kracht van een perfecte gezondheid","publisher":{"@id":"https:\/\/phipower.org\/de\/#organization"},"potentialAction":[{"@type":"SearchAction","target":{"@type":"EntryPoint","urlTemplate":"https:\/\/phipower.org\/de\/?s={search_term_string}"},"query-input":{"@type":"PropertyValueSpecification","valueRequired":true,"valueName":"search_term_string"}}],"inLanguage":"de"},{"@type":"Organization","@id":"https:\/\/phipower.org\/de\/#organization","name":"Phipower","url":"https:\/\/phipower.org\/de\/","logo":{"@type":"ImageObject","inLanguage":"de","@id":"https:\/\/phipower.org\/de\/#\/schema\/logo\/image\/","url":"https:\/\/phipower.org\/wp-content\/uploads\/2019\/06\/z-logo-RGB-wit-power.png","contentUrl":"https:\/\/phipower.org\/wp-content\/uploads\/2019\/06\/z-logo-RGB-wit-power.png","width":3273,"height":1389,"caption":"Phipower"},"image":{"@id":"https:\/\/phipower.org\/de\/#\/schema\/logo\/image\/"},"sameAs":["https:\/\/www.facebook.com\/phipowertools\/","https:\/\/x.com\/phipower1","https:\/\/www.tiktok.com\/@phipowerhealth"]}]},"product_price_amount":"179.00","product_price_currency":"EUR","og_availability":"instock","product_availability":"instock","product_retailer_item_id":"7806140071640","product_condition":"new"},"_links":{"self":[{"href":"https:\/\/phipower.org\/de\/wp-json\/wp\/v2\/product\/6470","targetHints":{"allow":["GET"]}}],"collection":[{"href":"https:\/\/phipower.org\/de\/wp-json\/wp\/v2\/product"}],"about":[{"href":"https:\/\/phipower.org\/de\/wp-json\/wp\/v2\/types\/product"}],"replies":[{"embeddable":true,"href":"https:\/\/phipower.org\/de\/wp-json\/wp\/v2\/comments?post=6470"}],"wp:featuredmedia":[{"embeddable":true,"href":"https:\/\/phipower.org\/de\/wp-json\/wp\/v2\/media\/6541"}],"wp:attachment":[{"href":"https:\/\/phipower.org\/de\/wp-json\/wp\/v2\/media?parent=6470"}],"wp:term":[{"taxonomy":"product_brand","embeddable":true,"href":"https:\/\/phipower.org\/de\/wp-json\/wp\/v2\/product_brand?post=6470"},{"taxonomy":"product_cat","embeddable":true,"href":"https:\/\/phipower.org\/de\/wp-json\/wp\/v2\/product_cat?post=6470"},{"taxonomy":"product_tag","embeddable":true,"href":"https:\/\/phipower.org\/de\/wp-json\/wp\/v2\/product_tag?post=6470"}],"curies":[{"name":"wp","href":"https:\/\/api.w.org\/{rel}","templated":true}]}}