{"id":4426,"date":"2023-10-20T13:51:59","date_gmt":"2023-10-20T13:51:59","guid":{"rendered":"https:\/\/phipower.org\/?post_type=product&#038;p=4426"},"modified":"2026-04-21T12:33:31","modified_gmt":"2026-04-21T12:33:31","slug":"meditationspyramide","status":"publish","type":"product","link":"https:\/\/phipower.org\/de\/produkt\/meditationspyramide\/","title":{"rendered":"Meditationspyramide | Steigern Sie Ihr Wohlbefinden und Ihre Energie | Phipower"},"content":{"rendered":"<div class=\"video video-fit mb\" style=\"padding-top:56.25%;\"><p><iframe title=\"Phipower meditation pyramid installation instruction\" width=\"1020\" height=\"574\" src=\"https:\/\/www.youtube.com\/embed\/Hmy-DXmY0-w?feature=oembed&#038;enablejsapi=1&#038;origin=https:\/\/phipower.org\" frameborder=\"0\" allow=\"accelerometer; autoplay; clipboard-write; encrypted-media; gyroscope; picture-in-picture; web-share\" referrerpolicy=\"strict-origin-when-cross-origin\" allowfullscreen><\/iframe><\/p>\n<\/div>\n<div class=\"video video-fit mb\" style=\"padding-top:56.25%;\"><p><iframe title=\"Meditation Pyramid Phipower\" width=\"1020\" height=\"574\" src=\"https:\/\/www.youtube.com\/embed\/jDYovFC892k?feature=oembed\" frameborder=\"0\" allow=\"accelerometer; autoplay; clipboard-write; encrypted-media; gyroscope; picture-in-picture; web-share\" referrerpolicy=\"strict-origin-when-cross-origin\" allowfullscreen><\/iframe><\/p>\n<\/div>\n<div class=\"video video-fit mb\" style=\"padding-top:56.25%;\"><p><iframe title=\"????Phipower Medium Pyramid for charging water, fruits and for pets????\" width=\"1020\" height=\"574\" src=\"https:\/\/www.youtube.com\/embed\/OZnXoE81lYY?feature=oembed\" frameborder=\"0\" allow=\"accelerometer; autoplay; clipboard-write; encrypted-media; gyroscope; picture-in-picture; web-share\" referrerpolicy=\"strict-origin-when-cross-origin\" allowfullscreen><\/iframe><\/p>\n<\/div>\n<h1>Meditationspyramide | 140 cm hoch | F\u00fcr mehr Energie und Wohlbefinden<\/h1>\n<p><strong>\u2714 f\u00f6rdert tiefere Meditationen<\/strong><br \/>\n<strong>\u2714 st\u00e4rkt das Magnetfeld der Erde<\/strong><br \/>\n<strong>\u2714 wahrgenommene Wirkungen: Entspannung, Ausgeglichenheit, Gelassenheit, Schutz und Wohlbefinden<\/strong><br \/>\n<strong>\u2714 andere Empfindungen: leichtes Kribbeln, W\u00e4rme, Abwesenheit von \u00e4u\u00dferen Reizen und h\u00f6heres Energieniveau<\/strong><br \/>\n<strong>\u2714 gestaltet nach Cheops-Ma\u00dfen (Resonanzeffekt)<\/strong><br \/>\n<strong>\u2714 komplett mit Schl\u00e4uchen, Verbindungsst\u00fccken und Montagewerkzeug<\/strong><br \/>\n<strong>\u2714 leicht zu montieren<\/strong><br \/>\n<strong>\u2714 einschlie\u00dflich kompakter Spitzenpyramide<\/strong><br \/>\n<strong>\u2714 leichte (tragbare) Version<\/strong><br \/>\n<strong>\u2714 kann in 2 Gr\u00f6\u00dfen zusammengestellt werden: mittel (77 cm hoch, Bodenfl\u00e4che 121 x 121 cm) und gro\u00df (140 cm hoch, Bodenfl\u00e4che 220 x 220 cm)<\/strong><br \/>\n<strong>\u2714 Orgonkugel mit eingeschlossenen Amethystkristallen<\/strong><br \/>\n<strong>\u2714 komplett handgefertigt<\/strong><br \/>\n<strong>\u2714 Basismaterial: Aluminium mit Messingverbindern<\/strong><br \/>\n<strong>\u2714 witterungsbest\u00e4ndig: verf\u00e4rbt sich im Freien nicht wie bei Kupfer<\/strong><br \/>\n<strong>\u2714 kompakter Versandkarton<\/strong><br \/>\n<strong>\u2714 weltweiter Versand m\u00f6glich<\/strong><\/p>\n<h2>Beschreibung:<\/h2>\n<p>Pyramiden strahlen eine harmonisierende und ordnende Kraft aus. Die Pyramidenform unterst\u00fctzt die Meditation, indem sie diese harmonische Energie b\u00fcndelt.<\/p>\n<p>Pyramide bedeutet w\u00f6rtlich &#8222;Feuer&#8220; in der &#8222;Mitte&#8220;, was bedeutet, dass die Energie in der Mitte der Pyramide am st\u00e4rksten ist.<\/p>\n<p>Da die Pyramidenform mit der Gro\u00dfen Cheops-Pyramide \u00fcbereinstimmt, konvergieren die magischen Zahlen pi, phi und die Lichtgeschwindigkeit in der Meditationspyramide.<\/p>\n<p>F\u00fcr eine optimale Leistung ist es wichtig, die Pyramide so auszurichten, dass die Pyramidenseite mit dem magnetischen Norden \u00fcbereinstimmt.<\/p>\n<p>Wenn man unter der Pyramide meditiert, kann man folgende Gef\u00fchle erleben: Schutz, W\u00e4rme, Ruhe und Entspannung, leichtes Kribbeln, Abwesenheit von \u00e4u\u00dferen Reizen, tiefere Meditationen, h\u00f6heres Energieniveau. Weitere Hintergrundinformationen finden Sie in diesem <a href=\"https:\/\/www.wanttoknow.nl\/hoofdartikelen\/mysterieuze-krachten-van-piramide-structuren\/\">Artikel<\/a>.<\/p>\n<p>Von der Form her ist die Meditationspyramide eine exakte Nachbildung der Gro\u00dfen Pyramide von Gizeh mit einer Neigung von 51,83\u00b0.<\/p>\n<p><a href=\"https:\/\/phipower.org\/de\/produkt\/amethyst-gefullte-orgon-kugel-phipower\/\">Die mitgelieferte Orgonitkugel<\/a> zur Befestigung im Deckel besteht aus organischem Material, Harz, Metallstaub, einer Kupferspirale und Amethyst-Halbedelsteinen f\u00fcr eine zus\u00e4tzliche harmonisierende Wirkung.<\/p>\n<p>Durch die Symbiose von energetischer Resonanz und kosmischer Verbindung verst\u00e4rkt diese <a href=\"https:\/\/phipower.org\/de\/produkt\/amethyst-gefullte-orgon-kugel-phipower\/\">Orgonitkugel<\/a> die Heilkraft der Pyramide.<\/p>\n<p>Die Pyramide ist tragbar und kann zur Entspannung und Meditation im Innen- oder Au\u00dfenbereich aufgestellt werden.<\/p>\n<p>Die Pyramide ist aus leichten Materialien gefertigt, die nicht rosten, und f\u00fcgt sich harmonisch in jeden Raum ein.<\/p>\n<h2>Abmessungen und Konstruktion<\/h2>\n<p>Die Phipower Meditationspyramide erstreckt sich \u00fcber eine Bodenfl\u00e4che von 220 cm x 220 cm und eine H\u00f6he von 140 cm.<\/p>\n<p>Der Bausatz kann auch zu einer kleineren Pyramide mit einer Grundfl\u00e4che von 121 x 121 cm und einer H\u00f6he von 77 cm umgebaut werden.<\/p>\n<p>Der Zusammenbau ist ein eigenes Ritual, ein Tanz der Verbindungsrohre und -st\u00fccke.<\/p>\n<p><a href=\"https:\/\/drive.google.com\/file\/d\/1YpC2HFKyWBXUvzjVJUbfqLCL-ZvlfqI4\/view?usp=sharing\">Das Handbuch<\/a> f\u00fchrt Sie durch diesen Prozess der Erstellung und Verbindung.<\/p>\n<h2>Position, Energie und Wirkung<\/h2>\n<p>Richten Sie die Meditationspyramide sorgf\u00e4ltig auf den magnetischen Norden aus, um eine optimale Wirkung zu erzielen.<\/p>\n<p>Hier beginnt das Zusammenspiel von Form und Energie.<\/p>\n<p>Unter der Meditationspyramide entfaltet sich eine Palette von Empfindungen &#8211; Schutz, W\u00e4rme, Ruhe, Kribbeln.<\/p>\n<p>Eine Oase der Stille, in der \u00e4u\u00dfere Reize verblassen und die Meditation tiefer eintaucht, verankert in h\u00f6heren Energieniveaus.<\/p>\n<p>Lassen Sie sich in die sch\u00fctzende Umarmung fallen und sp\u00fcren Sie, wie die subtile Energie in sanften Wellen Ruhe und Entspannung ausstrahlt.<\/p>\n<h2>Das Paket besteht aus:<\/h2>\n<ul>\n<li>8 x Basis-Verbindungsrohre (lang)<\/li>\n<li>8 x schr\u00e4ge\/diagonale Verbindungsrohre (k\u00fcrzer)<\/li>\n<li>4 x Grundverbinder (Eckst\u00fccke)<\/li>\n<li>1 x oberer Anschluss<\/li>\n<li>1 x Orgonkugel mit Amethyst-Edelsteinen<\/li>\n<li>24 x Rohrverbinder<\/li>\n<li>2 x Schraubenschl\u00fcssel f\u00fcr die Montage<\/li>\n<li>1 x Handbuch<\/li>\n<\/ul>\n<h2>Spezifikationen:<\/h2>\n<ul>\n<li>Grundfl\u00e4che Meditationspyramide: 220 cm x 220 cm, H\u00f6he: 140 cm<\/li>\n<li>Grundfl\u00e4che kleine Pyramide: 121 cm x 121 cm, H\u00f6he: 77 cm<\/li>\n<li>Abmessungen des Versandkartons: 135 x 22 x 15 cm (L x B x H), Gewicht: 10 kg.<\/li>\n<\/ul>\n<p><span style=\"font-size: 23.04px; color: #333333;\">Montageanleitung f\u00fcr die gro\u00dfe Meditationspyramide:<\/span><\/p>\n<ol>\n<li>Lege die 8 l\u00e4ngsten Verbindungsrohre so auf den Boden, dass eine quadratische Fl\u00e4che entsteht (Achtung: verwende nur die l\u00e4ngsten Verbindungsrohre)<\/li>\n<li>die 8 l\u00e4ngsten Verbindungsrohre \u00fcber die Rohrverbinder mit den 2 Schraubenschl\u00fcsseln fest miteinander verbinden<\/li>\n<li>Dadurch entstehen 4 grundlegende Verbindungsrohre<\/li>\n<li>Verbinden Sie die 4 Grundverbindungsrohre mit den 4 Eckst\u00fccken \u00fcber die Rohrverbinder mit den 2 Schraubenschl\u00fcsseln<\/li>\n<li>Jeweils 2 kurze Schl\u00e4uche \u00fcber die Schlauchverbinder mit den 2 Schraubenschl\u00fcsseln verbinden<\/li>\n<li>Dadurch entstehen 4 diagonale Verbindungsrohre<\/li>\n<li>Verbinden Sie die 4 diagonalen Verbindungsrohre \u00fcber die Rohrverbinder mit Hilfe der 2 Schraubenschl\u00fcssel mit dem oberen Anschluss.<\/li>\n<li>Legen Sie die geformte Pyramide auf den Boden und befestigen Sie sie mit den 4 Basisverbindern \u00fcber die Rohrverbinder mit den 2 Schraubenschl\u00fcsseln<\/li>\n<li>Befestigen Sie die Orgonkugel am unteren Ende des oberen Hakens.<\/li>\n<li>den oberen Deckel auf die Pyramide legen<\/li>\n<\/ol>\n<h2>Handbuch<\/h2>\n<p>Laden Sie <a href=\"https:\/\/drive.google.com\/file\/d\/1YpC2HFKyWBXUvzjVJUbfqLCL-ZvlfqI4\/view?usp=sharing\">das Handbuch hier<\/a> herunter.<\/p>\n<h2>Handgefertigt<\/h2>\n<p>Die Meditationspyramide ist handgefertigt, daher sind geringe Gr\u00f6\u00dfenabweichungen m\u00f6glich. Dies kann dazu f\u00fchren, dass die Verbindungsrohre nicht so leicht in die Anschl\u00fcsse gleiten. In diesem Fall ist es ratsam, die Rohre mit einer Drehbewegung so tief wie m\u00f6glich in die Verbinder zu dr\u00fccken. Die Pyramide ist so konstruiert, dass alle Verbindungsrohre nahtlos auf die Eckst\u00fccke und das Oberteil aufgesetzt werden k\u00f6nnen.<\/p>\n","protected":false},"excerpt":{"rendered":"<p><strong>\u2714 komplette Meditationspyramide 140 cm hoch<\/strong><br \/>\n<strong>\u2714 f\u00f6rdert tiefere Meditationen<\/strong><br \/>\n<strong>\u2714 st\u00e4rkt das Magnetfeld der Erde<\/strong><br \/>\n<strong>\u2714 wahrgenommene Wirkungen: Entspannung, Ausgeglichenheit, Gelassenheit, Schutz und Wohlbefinden<\/strong><br \/>\n<strong>\u2714 andere Empfindungen: leichtes Kribbeln, W\u00e4rme, Abwesenheit von \u00e4u\u00dferen Reizen und h\u00f6heres Energieniveau<\/strong><br \/>\n<strong>\u2714 gestaltet nach Cheops-Ma\u00dfen (Resonanzeffekt)<\/strong><br \/>\n<strong>\u2714 komplett mit Schl\u00e4uchen, Verbindungsst\u00fccken und Montagewerkzeug<\/strong><br \/>\n<strong>\u2714 kann in 2 Gr\u00f6\u00dfen zusammengestellt werden: mittel (77 cm hoch, Bodenfl\u00e4che 121 x 121 cm) und gro\u00df (140 cm hoch, Bodenfl\u00e4che 220 x 220 cm)<\/strong><br \/>\n<strong>\u2714 leicht zu montieren<\/strong><br \/>\n<strong>\u2714 mit kompakter Spitzenpyramide und Orgonkugel<\/strong><\/p>\n","protected":false},"featured_media":5743,"comment_status":"open","ping_status":"closed","template":"","meta":[],"product_brand":[],"product_cat":[933,1040,926],"product_tag":[],"class_list":{"0":"post-4426","1":"product","2":"type-product","3":"status-publish","4":"has-post-thumbnail","6":"product_cat-frequenzen","7":"product_cat-meditationspyramide","8":"product_cat-produkte","9":"product_shipping_class-10-20-kg","11":"first","12":"instock","13":"taxable","14":"shipping-taxable","15":"purchasable","16":"product-type-simple"},"yoast_head":"<!-- This site is optimized with the Yoast SEO Premium plugin v23.6 (Yoast SEO v27.2) - https:\/\/yoast.com\/product\/yoast-seo-premium-wordpress\/ -->\n<title>Meditationspyramide | Steigern Sie Ihr Wohlbefinden und Ihre Energie | Phipower - Phipower<\/title>\n<meta name=\"description\" content=\"\u2714 komplette Meditationspyramide \u2714 f\u00f6rdert tiefere Meditationen \u2714 st\u00e4rkt das Erdmagnetfeld \u2714 erzeugt Entspannung, Ausgeglichenheit, Ruhe und Wohlbefinden\" \/>\n<meta name=\"robots\" content=\"index, follow, max-snippet:-1, max-image-preview:large, max-video-preview:-1\" \/>\n<link rel=\"canonical\" href=\"https:\/\/phipower.org\/de\/produkt\/meditationspyramide\/\" \/>\n<meta property=\"og:locale\" content=\"de_DE\" \/>\n<meta property=\"og:type\" content=\"article\" \/>\n<meta property=\"og:title\" content=\"Meditationspyramide | Steigern Sie Ihr Wohlbefinden und Ihre Energie | Phipower\" \/>\n<meta property=\"og:description\" content=\"\u2714 komplette Meditationspyramide \u2714 f\u00f6rdert tiefere Meditationen \u2714 st\u00e4rkt das Erdmagnetfeld \u2714 erzeugt Entspannung, Ausgeglichenheit, Ruhe und Wohlbefinden\" \/>\n<meta property=\"og:url\" content=\"https:\/\/phipower.org\/de\/produkt\/meditationspyramide\/\" \/>\n<meta property=\"og:site_name\" content=\"Phipower\" \/>\n<meta property=\"article:publisher\" content=\"https:\/\/www.facebook.com\/phipowertools\/\" \/>\n<meta property=\"article:modified_time\" content=\"2026-04-21T12:33:31+00:00\" \/>\n<meta property=\"og:image\" content=\"https:\/\/phipower.org\/wp-content\/uploads\/2018\/09\/photo-1-36-1.jpg\" \/>\n\t<meta property=\"og:image:width\" content=\"750\" \/>\n\t<meta property=\"og:image:height\" content=\"750\" \/>\n\t<meta property=\"og:image:type\" content=\"image\/jpeg\" \/>\n<meta name=\"twitter:card\" content=\"summary_large_image\" \/>\n<meta name=\"twitter:site\" content=\"@phipower1\" \/>\n<meta name=\"twitter:label1\" content=\"Preis\" \/>\n\t<meta name=\"twitter:data1\" content=\"&euro;299,00\" \/>\n\t<meta name=\"twitter:label2\" content=\"Verf\u00fcgbarkeit\" \/>\n\t<meta name=\"twitter:data2\" content=\"Auf Lager\" \/>\n<script type=\"application\/ld+json\" class=\"yoast-schema-graph\">{\"@context\":\"https:\/\/schema.org\",\"@graph\":[{\"@type\":\"WebPage\",\"@id\":\"https:\/\/phipower.org\/de\/produkt\/meditationspyramide\/\",\"url\":\"https:\/\/phipower.org\/de\/produkt\/meditationspyramide\/\",\"name\":\"Meditationspyramide | Steigern Sie Ihr Wohlbefinden und Ihre Energie | Phipower - Phipower\",\"isPartOf\":{\"@id\":\"https:\/\/phipower.org\/de\/#website\"},\"primaryImageOfPage\":{\"@id\":\"https:\/\/phipower.org\/de\/produkt\/meditationspyramide\/#primaryimage\"},\"image\":{\"@id\":\"https:\/\/phipower.org\/de\/produkt\/meditationspyramide\/#primaryimage\"},\"thumbnailUrl\":\"https:\/\/phipower.org\/wp-content\/uploads\/2023\/10\/tijn-touber-onder-meditatie-piramide-phipower-2.jpg\",\"datePublished\":\"2023-10-20T13:51:59+00:00\",\"dateModified\":\"2026-04-21T12:33:31+00:00\",\"description\":\"\u2714 komplette Meditationspyramide \u2714 f\u00f6rdert tiefere Meditationen \u2714 st\u00e4rkt das Erdmagnetfeld \u2714 erzeugt Entspannung, Ausgeglichenheit, Ruhe und Wohlbefinden\",\"breadcrumb\":{\"@id\":\"https:\/\/phipower.org\/de\/produkt\/meditationspyramide\/#breadcrumb\"},\"inLanguage\":\"de\",\"potentialAction\":[{\"@type\":\"ReadAction\",\"target\":[\"https:\/\/phipower.org\/de\/produkt\/meditationspyramide\/\"]}]},{\"@type\":\"ImageObject\",\"inLanguage\":\"de\",\"@id\":\"https:\/\/phipower.org\/de\/produkt\/meditationspyramide\/#primaryimage\",\"url\":\"https:\/\/phipower.org\/wp-content\/uploads\/2023\/10\/tijn-touber-onder-meditatie-piramide-phipower-2.jpg\",\"contentUrl\":\"https:\/\/phipower.org\/wp-content\/uploads\/2023\/10\/tijn-touber-onder-meditatie-piramide-phipower-2.jpg\",\"width\":1200,\"height\":1600},{\"@type\":\"BreadcrumbList\",\"@id\":\"https:\/\/phipower.org\/de\/produkt\/meditationspyramide\/#breadcrumb\",\"itemListElement\":[{\"@type\":\"ListItem\",\"position\":1,\"name\":\"Home\",\"item\":\"https:\/\/phipower.org\/de\/\"},{\"@type\":\"ListItem\",\"position\":2,\"name\":\"Shop\",\"item\":\"https:\/\/phipower.org\/de\/shop\/\"},{\"@type\":\"ListItem\",\"position\":3,\"name\":\"Meditationspyramide | Steigern Sie Ihr Wohlbefinden und Ihre Energie | Phipower\"}]},{\"@type\":\"WebSite\",\"@id\":\"https:\/\/phipower.org\/de\/#website\",\"url\":\"https:\/\/phipower.org\/de\/\",\"name\":\"Phipower: innovatieve gezondheidsproducten\",\"description\":\"De kracht van een perfecte gezondheid\",\"publisher\":{\"@id\":\"https:\/\/phipower.org\/de\/#organization\"},\"potentialAction\":[{\"@type\":\"SearchAction\",\"target\":{\"@type\":\"EntryPoint\",\"urlTemplate\":\"https:\/\/phipower.org\/de\/?s={search_term_string}\"},\"query-input\":{\"@type\":\"PropertyValueSpecification\",\"valueRequired\":true,\"valueName\":\"search_term_string\"}}],\"inLanguage\":\"de\"},{\"@type\":\"Organization\",\"@id\":\"https:\/\/phipower.org\/de\/#organization\",\"name\":\"Phipower\",\"url\":\"https:\/\/phipower.org\/de\/\",\"logo\":{\"@type\":\"ImageObject\",\"inLanguage\":\"de\",\"@id\":\"https:\/\/phipower.org\/de\/#\/schema\/logo\/image\/\",\"url\":\"https:\/\/phipower.org\/wp-content\/uploads\/2019\/06\/z-logo-RGB-wit-power.png\",\"contentUrl\":\"https:\/\/phipower.org\/wp-content\/uploads\/2019\/06\/z-logo-RGB-wit-power.png\",\"width\":3273,\"height\":1389,\"caption\":\"Phipower\"},\"image\":{\"@id\":\"https:\/\/phipower.org\/de\/#\/schema\/logo\/image\/\"},\"sameAs\":[\"https:\/\/www.facebook.com\/phipowertools\/\",\"https:\/\/x.com\/phipower1\",\"https:\/\/www.tiktok.com\/@phipowerhealth\"]}]}<\/script>\n<meta property=\"product:price:amount\" content=\"299.00\" \/>\n<meta property=\"product:price:currency\" content=\"EUR\" \/>\n<meta property=\"og:availability\" content=\"instock\" \/>\n<meta property=\"product:availability\" content=\"instock\" \/>\n<meta property=\"product:retailer_item_id\" content=\"7806140071381\" \/>\n<meta property=\"product:condition\" content=\"new\" \/>\n<!-- \/ Yoast SEO Premium plugin. -->","yoast_head_json":{"title":"Meditationspyramide | Steigern Sie Ihr Wohlbefinden und Ihre Energie | Phipower - Phipower","description":"\u2714 komplette Meditationspyramide \u2714 f\u00f6rdert tiefere Meditationen \u2714 st\u00e4rkt das Erdmagnetfeld \u2714 erzeugt Entspannung, Ausgeglichenheit, Ruhe und Wohlbefinden","robots":{"index":"index","follow":"follow","max-snippet":"max-snippet:-1","max-image-preview":"max-image-preview:large","max-video-preview":"max-video-preview:-1"},"canonical":"https:\/\/phipower.org\/de\/produkt\/meditationspyramide\/","og_locale":"de_DE","og_type":"article","og_title":"Meditationspyramide | Steigern Sie Ihr Wohlbefinden und Ihre Energie | Phipower","og_description":"\u2714 komplette Meditationspyramide \u2714 f\u00f6rdert tiefere Meditationen \u2714 st\u00e4rkt das Erdmagnetfeld \u2714 erzeugt Entspannung, Ausgeglichenheit, Ruhe und Wohlbefinden","og_url":"https:\/\/phipower.org\/de\/produkt\/meditationspyramide\/","og_site_name":"Phipower","article_publisher":"https:\/\/www.facebook.com\/phipowertools\/","article_modified_time":"2026-04-21T12:33:31+00:00","og_image":[{"width":750,"height":750,"url":"https:\/\/phipower.org\/wp-content\/uploads\/2018\/09\/photo-1-36-1.jpg","type":"image\/jpeg"}],"twitter_card":"summary_large_image","twitter_site":"@phipower1","twitter_misc":{"Preis":"&euro;299,00","Verf\u00fcgbarkeit":"Auf Lager"},"schema":{"@context":"https:\/\/schema.org","@graph":[{"@type":"WebPage","@id":"https:\/\/phipower.org\/de\/produkt\/meditationspyramide\/","url":"https:\/\/phipower.org\/de\/produkt\/meditationspyramide\/","name":"Meditationspyramide | Steigern Sie Ihr Wohlbefinden und Ihre Energie | Phipower - Phipower","isPartOf":{"@id":"https:\/\/phipower.org\/de\/#website"},"primaryImageOfPage":{"@id":"https:\/\/phipower.org\/de\/produkt\/meditationspyramide\/#primaryimage"},"image":{"@id":"https:\/\/phipower.org\/de\/produkt\/meditationspyramide\/#primaryimage"},"thumbnailUrl":"https:\/\/phipower.org\/wp-content\/uploads\/2023\/10\/tijn-touber-onder-meditatie-piramide-phipower-2.jpg","datePublished":"2023-10-20T13:51:59+00:00","dateModified":"2026-04-21T12:33:31+00:00","description":"\u2714 komplette Meditationspyramide \u2714 f\u00f6rdert tiefere Meditationen \u2714 st\u00e4rkt das Erdmagnetfeld \u2714 erzeugt Entspannung, Ausgeglichenheit, Ruhe und Wohlbefinden","breadcrumb":{"@id":"https:\/\/phipower.org\/de\/produkt\/meditationspyramide\/#breadcrumb"},"inLanguage":"de","potentialAction":[{"@type":"ReadAction","target":["https:\/\/phipower.org\/de\/produkt\/meditationspyramide\/"]}]},{"@type":"ImageObject","inLanguage":"de","@id":"https:\/\/phipower.org\/de\/produkt\/meditationspyramide\/#primaryimage","url":"https:\/\/phipower.org\/wp-content\/uploads\/2023\/10\/tijn-touber-onder-meditatie-piramide-phipower-2.jpg","contentUrl":"https:\/\/phipower.org\/wp-content\/uploads\/2023\/10\/tijn-touber-onder-meditatie-piramide-phipower-2.jpg","width":1200,"height":1600},{"@type":"BreadcrumbList","@id":"https:\/\/phipower.org\/de\/produkt\/meditationspyramide\/#breadcrumb","itemListElement":[{"@type":"ListItem","position":1,"name":"Home","item":"https:\/\/phipower.org\/de\/"},{"@type":"ListItem","position":2,"name":"Shop","item":"https:\/\/phipower.org\/de\/shop\/"},{"@type":"ListItem","position":3,"name":"Meditationspyramide | Steigern Sie Ihr Wohlbefinden und Ihre Energie | Phipower"}]},{"@type":"WebSite","@id":"https:\/\/phipower.org\/de\/#website","url":"https:\/\/phipower.org\/de\/","name":"Phipower: innovatieve gezondheidsproducten","description":"De kracht van een perfecte gezondheid","publisher":{"@id":"https:\/\/phipower.org\/de\/#organization"},"potentialAction":[{"@type":"SearchAction","target":{"@type":"EntryPoint","urlTemplate":"https:\/\/phipower.org\/de\/?s={search_term_string}"},"query-input":{"@type":"PropertyValueSpecification","valueRequired":true,"valueName":"search_term_string"}}],"inLanguage":"de"},{"@type":"Organization","@id":"https:\/\/phipower.org\/de\/#organization","name":"Phipower","url":"https:\/\/phipower.org\/de\/","logo":{"@type":"ImageObject","inLanguage":"de","@id":"https:\/\/phipower.org\/de\/#\/schema\/logo\/image\/","url":"https:\/\/phipower.org\/wp-content\/uploads\/2019\/06\/z-logo-RGB-wit-power.png","contentUrl":"https:\/\/phipower.org\/wp-content\/uploads\/2019\/06\/z-logo-RGB-wit-power.png","width":3273,"height":1389,"caption":"Phipower"},"image":{"@id":"https:\/\/phipower.org\/de\/#\/schema\/logo\/image\/"},"sameAs":["https:\/\/www.facebook.com\/phipowertools\/","https:\/\/x.com\/phipower1","https:\/\/www.tiktok.com\/@phipowerhealth"]}]},"product_price_amount":"299.00","product_price_currency":"EUR","og_availability":"instock","product_availability":"instock","product_retailer_item_id":"7806140071381","product_condition":"new"},"_links":{"self":[{"href":"https:\/\/phipower.org\/de\/wp-json\/wp\/v2\/product\/4426","targetHints":{"allow":["GET"]}}],"collection":[{"href":"https:\/\/phipower.org\/de\/wp-json\/wp\/v2\/product"}],"about":[{"href":"https:\/\/phipower.org\/de\/wp-json\/wp\/v2\/types\/product"}],"replies":[{"embeddable":true,"href":"https:\/\/phipower.org\/de\/wp-json\/wp\/v2\/comments?post=4426"}],"wp:featuredmedia":[{"embeddable":true,"href":"https:\/\/phipower.org\/de\/wp-json\/wp\/v2\/media\/5743"}],"wp:attachment":[{"href":"https:\/\/phipower.org\/de\/wp-json\/wp\/v2\/media?parent=4426"}],"wp:term":[{"taxonomy":"product_brand","embeddable":true,"href":"https:\/\/phipower.org\/de\/wp-json\/wp\/v2\/product_brand?post=4426"},{"taxonomy":"product_cat","embeddable":true,"href":"https:\/\/phipower.org\/de\/wp-json\/wp\/v2\/product_cat?post=4426"},{"taxonomy":"product_tag","embeddable":true,"href":"https:\/\/phipower.org\/de\/wp-json\/wp\/v2\/product_tag?post=4426"}],"curies":[{"name":"wp","href":"https:\/\/api.w.org\/{rel}","templated":true}]}}