{"id":3076,"date":"2022-07-14T09:43:45","date_gmt":"2022-07-14T09:43:45","guid":{"rendered":"https:\/\/phipower.org\/product\/alkalischer-wassergenerator-wasserionisierer-und-reinigung-aktivkohlefilter-phipower\/"},"modified":"2026-05-11T08:06:13","modified_gmt":"2026-05-11T08:06:13","slug":"alkalischer-wassergenerator-wasserionisierer-und-reinigung-aktivkohlefilter-phipower","status":"publish","type":"product","link":"https:\/\/phipower.org\/de\/produkt\/alkalischer-wassergenerator-wasserionisierer-und-reinigung-aktivkohlefilter-phipower\/","title":{"rendered":"Alkalischer Wassergenerator | Wasserionisierer und -reinigung | Aktivkohlefilter | Phipower"},"content":{"rendered":"<div class=\"video video-fit mb\" style=\"padding-top:56.25%\">\n<\/div>\n<h1>Alkalischer Wassergenerator | Wasserionisierer und -reinigung | Aktivkohlefilter | Phipower<\/h1>\n<p><strong>\u2022 wandelt Leitungswasser in gereinigtes alkalisches Wasser um<\/strong><br \/><strong>\u2022 einfach zu verbinden<\/strong><br \/><strong>\u2022 verschiedene Positionen m\u00f6glich<\/strong><br \/><strong>\u2022 gereinigtes Wasser (pH 7,0)<\/strong><br \/><strong>\u2022 Trinkwasser (pH 7,5 &#8211; 8,5)<\/strong><br \/><strong>\u2022 Kochwasser (pH 8,0 &#8211; 9,0)<\/strong><br \/><strong>\u2022 Reinigungswasser (pH 9,0 &#8211; 10,5)<\/strong><br \/><strong>\u2022 Hautwasser (leicht sauer: pH 5,0 &#8211; 6,5)<\/strong><br \/><strong>\u2022 saures Wasser zur Desinfektion (pH 3,5 &#8211; 5,5)<\/strong><br \/><strong>\u2022 mit Aktivkohlefilter f\u00fcr 6.000 Liter Wasser<\/strong><\/p>\n<p><strong>Beschreibung<\/strong><br \/>Mit diesem Generator\/Ionisator f\u00fcr alkalisches Wasser wird Leitungswasser gefiltert und dann durch Elektrolyse auf den gew\u00fcnschten pH-Wert gebracht.<\/p>\n<p>Hier wird der Wasserstrom in eine saure und eine basische\/alkalische Komponente getrennt.<br \/>Hier sind bis zu 7 Wasserqualit\u00e4ten m\u00f6glich.<\/p>\n<p>Diese werden einfach \u00fcber die Ber\u00fchrungstasten auf der Vorderseite des Ger\u00e4ts ausgew\u00e4hlt.<\/p>\n<p>Das Display zeigt den gew\u00e4hlten pH-Wert, die Durchflussmenge, den ORP-Wert und die verbleibende Lebensdauer des Filters (in Litern) an.<\/p>\n<p>Die gew\u00fcnschte Wasserqualit\u00e4t wird durch den flexiblen Auslauf nach au\u00dfen geleitet.<\/p>\n<p>Der andere Teil des Wassers (= Abwasser) wird \u00fcber den Hahnadapter abgeleitet.<\/p>\n<p>Die Elektrolyse erfolgt \u00fcber 5 hochwertige platinbeschichtete Titanplatten.<\/p>\n<p>Wenn der Wasserionisierer an den Wasserhahn angeschlossen ist, wird normales alkalisches Wasser der Stufe 2 erzeugt (pH 8,0 ~ 9,0).<\/p>\n<p>Es k\u00f6nnen dann verschiedene Modi mit unterschiedlichen Wasserqualit\u00e4ten ausgew\u00e4hlt werden.<\/p>\n<p>Jeder Modus wird durch eine Hintergrundmusik und eine Stimme unterst\u00fctzt, die anzeigt, welche Wasserqualit\u00e4t gew\u00e4hlt wurde.<\/p>\n<p>Der Wasserionisierer kann die folgenden Wasserqualit\u00e4ten erzeugen:<\/p>\n<p><strong>Basisches Wasser Stufe 1 (pH 7,5 ~ 8,5)<\/strong><br \/>F\u00fcr Menschen, die mit dem Trinken von basischem Wasser beginnen<br \/>Gleicht den inneren pH-Wert aus und verbessert die Mineralstoffaufnahme<\/p>\n<p><strong>Basisches Wasser Stufe 2 (pH 8,0 ~ 9,0)<\/strong><br \/>Zum Kochen von Reis und Nudeln, bewahrt den nat\u00fcrlichen Geschmack l\u00e4nger<br \/>Zum t\u00e4glichen Trinken nach dem ersten Gebrauch Stufe 1<br \/>Zur Zubereitung von Tee oder Kaffee (reduziert Bitterkeit und verbessert den Geschmack)<\/p>\n<p><strong>Basisches Wasser Stufe 3 (pH 8,5 ~ 10,0)<\/strong><br \/>F\u00fcr fortgeschrittenes t\u00e4gliches Trinken<\/p>\n<p><strong>Basisches Wasser Stufe 4 (pH 9,0 ~ 10,5)<\/strong><br \/>Zum Einweichen\/Sp\u00fclen von Gem\u00fcse\/Obst, Fleisch und Fisch<br \/>Zur Reduzierung von Pestiziden auf Gem\u00fcse und Obst<br \/>Zur Reduzierung von Geruch und Fehlgeschmack auf Fleisch und Fisch<br \/>Zur Erhaltung von N\u00e4hrstoffen und Geschmack beim Kochen von Gem\u00fcse<\/p>\n<p><strong>Gereinigtes Wasser (pH 7,0)<\/strong><br \/>Gereinigt durch hochwertigen Kohlefilter<br \/>Geeignet als Wasser f\u00fcr die Flaschennahrung<\/p>\n<p><strong>Saures Wasser Stufe 1 (pH 5,0 ~ 6,5)<\/strong><br \/><em>Hinweis: Kein Trinkwasser<\/em><br \/>Zur Reinigung von Gesicht und Haut<br \/>Das Wasser n\u00e4hert sich dem pH-Wert der Haut an<br \/>Ideal zum Waschen empfindlicher Haut<br \/>Reinigt die Hautporen<br \/>Sorgt f\u00fcr gl\u00e4nzendes Haar<br \/>Geeignet als nat\u00fcrliches Aftershave<\/p>\n<p><strong>Saures Wasser Stufe 2 (pH 3,5 ~ 5,5)<\/strong><br \/><em>Hinweis: Kein Trinkwasser<\/em><br \/>Geeignet zur Reinigung von Geschirr und B\u00f6den<br \/>Entfernt Chemikalienr\u00fcckst\u00e4nde auf Obst und Gem\u00fcse<\/p>\n<p><strong>Das Paket besteht aus:<\/strong><br \/>1 x Generator\/Ionisator f\u00fcr alkalisches Wasser<br \/>1 x D\u00fcse<br \/>1 x Wasserschlauch<br \/>1 x Wasserhahnadapter<br \/>1 x Wandhalterung<br \/>1 x Gummiringe und Verbindungsst\u00fcck<br \/>1 x Stromkabel<br \/>1 x Handbuch<\/p>\n<p><strong>Spezifikationen:<\/strong><\/p>\n<ul>\n<li>5 x Titanelektroden mit Platinbeschichtung<\/li>\n<li>Leistungsaufnahme: 5 &#8211; 90W<\/li>\n<li>Standby-Verbrauch: 1W<\/li>\n<li>Durchflussmenge: 0,8 &#8211; 3,5 Liter\/Minute<\/li>\n<li>Optimale Durchflussmenge: 2 &#8211; 3 Liter\/Minute<\/li>\n<li>Filterkapazit\u00e4t: ca. 6000 Liter<\/li>\n<li>pH-Bereich: 3,5 &#8211; 10,5<\/li>\n<li>ORP-Bereich: +60 ~ 500mV<\/li>\n<li>Wassereintrittstemperatur: weniger als 45 \u00b0C<\/li>\n<li>Produktgr\u00f6\u00dfe: 25,8 x 17 x 11 cm<\/li>\n<li>Nettogewicht: 1,5 kg<\/li>\n<\/ul>\n<p><strong>Handbuch:<\/strong><br \/><a href=\"https:\/\/drive.google.com\/file\/d\/1LgJxYq90kNtR8mVIcBDpfvjp4uzo5-n2\/view?usp=sharing\">Hier das Handbuch herunterladen<\/a><\/p>\n<div class=\"video video-fit mb\" style=\"padding-top:56.25%\">\n<\/div>\n","protected":false},"excerpt":{"rendered":"<p><strong>\u2022 wandelt Leitungswasser in gereinigtes alkalisches Wasser um<\/strong><br \/><strong>\u2022 einfach zu verbinden<\/strong><br \/><strong>\u2022 gereinigtes Wasser (pH 7,0)<\/strong><br \/><strong>\u2022 Trinkwasser (pH 7,5 \u2013 8,5)<\/strong><br \/><strong>\u2022 Kochwasser (pH 8,0 \u2013 9,0)<\/strong><br \/><strong>\u2022 Reinigungswasser (pH 9,0 \u2013 10,5)<\/strong><br \/><strong>\u2022 Hautwasser (leicht sauer: pH 5,0 \u2013 6,5)<\/strong><br \/><strong>\u2022 saures Wasser zur Desinfektion (pH 3,5 \u2013 5,5)<\/strong><br \/><strong>\u2022 mit Aktivkohlefilter f\u00fcr 6.000 Liter Wasser<\/strong><\/p>\n","protected":false},"featured_media":10424,"comment_status":"open","ping_status":"closed","template":"","meta":[],"product_brand":[],"product_cat":[938,926,936],"product_tag":[],"class_list":{"0":"post-3076","1":"product","2":"type-product","3":"status-publish","4":"has-post-thumbnail","6":"product_cat-generator-fur-alkalisches-wasser","7":"product_cat-produkte","8":"product_cat-wasseraufbereitung","10":"first","11":"instock","12":"taxable","13":"shipping-taxable","14":"purchasable","15":"product-type-simple"},"yoast_head":"<!-- This site is optimized with the Yoast SEO Premium plugin v23.6 (Yoast SEO v27.2) - https:\/\/yoast.com\/product\/yoast-seo-premium-wordpress\/ -->\n<title>Alkalischer Wassergenerator | f\u00fcr pH-ausgeglichene Hydratation | Phipower<\/title>\n<meta name=\"description\" content=\"\u2714 wandelt Leitungswasser in gereinigtes alkalisches Wasser um \u2714 einfach anzuschlie\u00dfen \u2714 verschiedene Einstellungen m\u00f6glich \u2714 gereinigtes Wasser (pH 7,0) \u2714 Trinkwasser (pH 7,5 - 8,5)\" \/>\n<meta name=\"robots\" content=\"index, follow, max-snippet:-1, max-image-preview:large, max-video-preview:-1\" \/>\n<link rel=\"canonical\" href=\"https:\/\/phipower.org\/de\/produkt\/alkalischer-wassergenerator-wasserionisierer-und-reinigung-aktivkohlefilter-phipower\/\" \/>\n<meta property=\"og:locale\" content=\"de_DE\" \/>\n<meta property=\"og:type\" content=\"article\" \/>\n<meta property=\"og:title\" content=\"Alkalischer Wassergenerator | Wasserionisierer und -reinigung | Aktivkohlefilter | Phipower\" \/>\n<meta property=\"og:description\" content=\"\u2714 wandelt Leitungswasser in gereinigtes alkalisches Wasser um \u2714 einfach anzuschlie\u00dfen \u2714 verschiedene Einstellungen m\u00f6glich \u2714 gereinigtes Wasser (pH 7,0) \u2714 Trinkwasser (pH 7,5 - 8,5)\" \/>\n<meta property=\"og:url\" content=\"https:\/\/phipower.org\/de\/produkt\/alkalischer-wassergenerator-wasserionisierer-und-reinigung-aktivkohlefilter-phipower\/\" \/>\n<meta property=\"og:site_name\" content=\"Phipower\" \/>\n<meta property=\"article:publisher\" content=\"https:\/\/www.facebook.com\/phipowertools\/\" \/>\n<meta property=\"article:modified_time\" content=\"2026-05-11T08:06:13+00:00\" \/>\n<meta property=\"og:image\" content=\"https:\/\/phipower.org\/wp-content\/uploads\/2021\/09\/waterstofgas-inhaler-inhalator-H2-O2-300ml-H2-generator-medisch-apparaat-phipower-zijkant-1.jpg\" \/>\n\t<meta property=\"og:image:width\" content=\"1200\" \/>\n\t<meta property=\"og:image:height\" content=\"1200\" \/>\n\t<meta property=\"og:image:type\" content=\"image\/jpeg\" \/>\n<meta name=\"twitter:card\" content=\"summary_large_image\" \/>\n<meta name=\"twitter:site\" content=\"@phipower1\" \/>\n<meta name=\"twitter:label1\" content=\"Preis\" \/>\n\t<meta name=\"twitter:data1\" content=\"&euro;499,00\" \/>\n\t<meta name=\"twitter:label2\" content=\"Verf\u00fcgbarkeit\" \/>\n\t<meta name=\"twitter:data2\" content=\"Auf Lager\" \/>\n<script type=\"application\/ld+json\" class=\"yoast-schema-graph\">{\"@context\":\"https:\/\/schema.org\",\"@graph\":[{\"@type\":\"WebPage\",\"@id\":\"https:\/\/phipower.org\/de\/produkt\/alkalischer-wassergenerator-wasserionisierer-und-reinigung-aktivkohlefilter-phipower\/\",\"url\":\"https:\/\/phipower.org\/de\/produkt\/alkalischer-wassergenerator-wasserionisierer-und-reinigung-aktivkohlefilter-phipower\/\",\"name\":\"Alkalischer Wassergenerator | f\u00fcr pH-ausgeglichene Hydratation | Phipower\",\"isPartOf\":{\"@id\":\"https:\/\/phipower.org\/de\/#website\"},\"primaryImageOfPage\":{\"@id\":\"https:\/\/phipower.org\/de\/produkt\/alkalischer-wassergenerator-wasserionisierer-und-reinigung-aktivkohlefilter-phipower\/#primaryimage\"},\"image\":{\"@id\":\"https:\/\/phipower.org\/de\/produkt\/alkalischer-wassergenerator-wasserionisierer-und-reinigung-aktivkohlefilter-phipower\/#primaryimage\"},\"thumbnailUrl\":\"https:\/\/phipower.org\/wp-content\/uploads\/2022\/07\/Basisch-water-generator-Water-ionisator-en-zuivering-Actief-koolstoffilter-Phipower.webp\",\"datePublished\":\"2022-07-14T09:43:45+00:00\",\"dateModified\":\"2026-05-11T08:06:13+00:00\",\"description\":\"\u2714 wandelt Leitungswasser in gereinigtes alkalisches Wasser um \u2714 einfach anzuschlie\u00dfen \u2714 verschiedene Einstellungen m\u00f6glich \u2714 gereinigtes Wasser (pH 7,0) \u2714 Trinkwasser (pH 7,5 - 8,5)\",\"breadcrumb\":{\"@id\":\"https:\/\/phipower.org\/de\/produkt\/alkalischer-wassergenerator-wasserionisierer-und-reinigung-aktivkohlefilter-phipower\/#breadcrumb\"},\"inLanguage\":\"de\",\"potentialAction\":[{\"@type\":\"ReadAction\",\"target\":[\"https:\/\/phipower.org\/de\/produkt\/alkalischer-wassergenerator-wasserionisierer-und-reinigung-aktivkohlefilter-phipower\/\"]}]},{\"@type\":\"ImageObject\",\"inLanguage\":\"de\",\"@id\":\"https:\/\/phipower.org\/de\/produkt\/alkalischer-wassergenerator-wasserionisierer-und-reinigung-aktivkohlefilter-phipower\/#primaryimage\",\"url\":\"https:\/\/phipower.org\/wp-content\/uploads\/2022\/07\/Basisch-water-generator-Water-ionisator-en-zuivering-Actief-koolstoffilter-Phipower.webp\",\"contentUrl\":\"https:\/\/phipower.org\/wp-content\/uploads\/2022\/07\/Basisch-water-generator-Water-ionisator-en-zuivering-Actief-koolstoffilter-Phipower.webp\",\"width\":1920,\"height\":1920},{\"@type\":\"BreadcrumbList\",\"@id\":\"https:\/\/phipower.org\/de\/produkt\/alkalischer-wassergenerator-wasserionisierer-und-reinigung-aktivkohlefilter-phipower\/#breadcrumb\",\"itemListElement\":[{\"@type\":\"ListItem\",\"position\":1,\"name\":\"Home\",\"item\":\"https:\/\/phipower.org\/de\/\"},{\"@type\":\"ListItem\",\"position\":2,\"name\":\"Shop\",\"item\":\"https:\/\/phipower.org\/shop\/\"},{\"@type\":\"ListItem\",\"position\":3,\"name\":\"Alkalischer Wassergenerator | Wasserionisierer und -reinigung | Aktivkohlefilter | Phipower\"}]},{\"@type\":\"WebSite\",\"@id\":\"https:\/\/phipower.org\/de\/#website\",\"url\":\"https:\/\/phipower.org\/de\/\",\"name\":\"Phipower: innovatieve gezondheidsproducten\",\"description\":\"De kracht van een perfecte gezondheid\",\"publisher\":{\"@id\":\"https:\/\/phipower.org\/de\/#organization\"},\"potentialAction\":[{\"@type\":\"SearchAction\",\"target\":{\"@type\":\"EntryPoint\",\"urlTemplate\":\"https:\/\/phipower.org\/de\/?s={search_term_string}\"},\"query-input\":{\"@type\":\"PropertyValueSpecification\",\"valueRequired\":true,\"valueName\":\"search_term_string\"}}],\"inLanguage\":\"de\"},{\"@type\":\"Organization\",\"@id\":\"https:\/\/phipower.org\/de\/#organization\",\"name\":\"Phipower\",\"url\":\"https:\/\/phipower.org\/de\/\",\"logo\":{\"@type\":\"ImageObject\",\"inLanguage\":\"de\",\"@id\":\"https:\/\/phipower.org\/de\/#\/schema\/logo\/image\/\",\"url\":\"https:\/\/phipower.org\/wp-content\/uploads\/2019\/06\/z-logo-RGB-wit-power.png\",\"contentUrl\":\"https:\/\/phipower.org\/wp-content\/uploads\/2019\/06\/z-logo-RGB-wit-power.png\",\"width\":3273,\"height\":1389,\"caption\":\"Phipower\"},\"image\":{\"@id\":\"https:\/\/phipower.org\/de\/#\/schema\/logo\/image\/\"},\"sameAs\":[\"https:\/\/www.facebook.com\/phipowertools\/\",\"https:\/\/x.com\/phipower1\",\"https:\/\/www.tiktok.com\/@phipowerhealth\"]}]}<\/script>\n<meta property=\"product:price:amount\" content=\"499.00\" \/>\n<meta property=\"product:price:currency\" content=\"EUR\" \/>\n<meta property=\"og:availability\" content=\"instock\" \/>\n<meta property=\"product:availability\" content=\"instock\" \/>\n<meta property=\"product:retailer_item_id\" content=\"8719324436915\" \/>\n<meta property=\"product:condition\" content=\"new\" \/>\n<!-- \/ Yoast SEO Premium plugin. -->","yoast_head_json":{"title":"Alkalischer Wassergenerator | f\u00fcr pH-ausgeglichene Hydratation | Phipower","description":"\u2714 wandelt Leitungswasser in gereinigtes alkalisches Wasser um \u2714 einfach anzuschlie\u00dfen \u2714 verschiedene Einstellungen m\u00f6glich \u2714 gereinigtes Wasser (pH 7,0) \u2714 Trinkwasser (pH 7,5 - 8,5)","robots":{"index":"index","follow":"follow","max-snippet":"max-snippet:-1","max-image-preview":"max-image-preview:large","max-video-preview":"max-video-preview:-1"},"canonical":"https:\/\/phipower.org\/de\/produkt\/alkalischer-wassergenerator-wasserionisierer-und-reinigung-aktivkohlefilter-phipower\/","og_locale":"de_DE","og_type":"article","og_title":"Alkalischer Wassergenerator | Wasserionisierer und -reinigung | Aktivkohlefilter | Phipower","og_description":"\u2714 wandelt Leitungswasser in gereinigtes alkalisches Wasser um \u2714 einfach anzuschlie\u00dfen \u2714 verschiedene Einstellungen m\u00f6glich \u2714 gereinigtes Wasser (pH 7,0) \u2714 Trinkwasser (pH 7,5 - 8,5)","og_url":"https:\/\/phipower.org\/de\/produkt\/alkalischer-wassergenerator-wasserionisierer-und-reinigung-aktivkohlefilter-phipower\/","og_site_name":"Phipower","article_publisher":"https:\/\/www.facebook.com\/phipowertools\/","article_modified_time":"2026-05-11T08:06:13+00:00","og_image":[{"width":1200,"height":1200,"url":"https:\/\/phipower.org\/wp-content\/uploads\/2021\/09\/waterstofgas-inhaler-inhalator-H2-O2-300ml-H2-generator-medisch-apparaat-phipower-zijkant-1.jpg","type":"image\/jpeg"}],"twitter_card":"summary_large_image","twitter_site":"@phipower1","twitter_misc":{"Preis":"&euro;499,00","Verf\u00fcgbarkeit":"Auf Lager"},"schema":{"@context":"https:\/\/schema.org","@graph":[{"@type":"WebPage","@id":"https:\/\/phipower.org\/de\/produkt\/alkalischer-wassergenerator-wasserionisierer-und-reinigung-aktivkohlefilter-phipower\/","url":"https:\/\/phipower.org\/de\/produkt\/alkalischer-wassergenerator-wasserionisierer-und-reinigung-aktivkohlefilter-phipower\/","name":"Alkalischer Wassergenerator | f\u00fcr pH-ausgeglichene Hydratation | Phipower","isPartOf":{"@id":"https:\/\/phipower.org\/de\/#website"},"primaryImageOfPage":{"@id":"https:\/\/phipower.org\/de\/produkt\/alkalischer-wassergenerator-wasserionisierer-und-reinigung-aktivkohlefilter-phipower\/#primaryimage"},"image":{"@id":"https:\/\/phipower.org\/de\/produkt\/alkalischer-wassergenerator-wasserionisierer-und-reinigung-aktivkohlefilter-phipower\/#primaryimage"},"thumbnailUrl":"https:\/\/phipower.org\/wp-content\/uploads\/2022\/07\/Basisch-water-generator-Water-ionisator-en-zuivering-Actief-koolstoffilter-Phipower.webp","datePublished":"2022-07-14T09:43:45+00:00","dateModified":"2026-05-11T08:06:13+00:00","description":"\u2714 wandelt Leitungswasser in gereinigtes alkalisches Wasser um \u2714 einfach anzuschlie\u00dfen \u2714 verschiedene Einstellungen m\u00f6glich \u2714 gereinigtes Wasser (pH 7,0) \u2714 Trinkwasser (pH 7,5 - 8,5)","breadcrumb":{"@id":"https:\/\/phipower.org\/de\/produkt\/alkalischer-wassergenerator-wasserionisierer-und-reinigung-aktivkohlefilter-phipower\/#breadcrumb"},"inLanguage":"de","potentialAction":[{"@type":"ReadAction","target":["https:\/\/phipower.org\/de\/produkt\/alkalischer-wassergenerator-wasserionisierer-und-reinigung-aktivkohlefilter-phipower\/"]}]},{"@type":"ImageObject","inLanguage":"de","@id":"https:\/\/phipower.org\/de\/produkt\/alkalischer-wassergenerator-wasserionisierer-und-reinigung-aktivkohlefilter-phipower\/#primaryimage","url":"https:\/\/phipower.org\/wp-content\/uploads\/2022\/07\/Basisch-water-generator-Water-ionisator-en-zuivering-Actief-koolstoffilter-Phipower.webp","contentUrl":"https:\/\/phipower.org\/wp-content\/uploads\/2022\/07\/Basisch-water-generator-Water-ionisator-en-zuivering-Actief-koolstoffilter-Phipower.webp","width":1920,"height":1920},{"@type":"BreadcrumbList","@id":"https:\/\/phipower.org\/de\/produkt\/alkalischer-wassergenerator-wasserionisierer-und-reinigung-aktivkohlefilter-phipower\/#breadcrumb","itemListElement":[{"@type":"ListItem","position":1,"name":"Home","item":"https:\/\/phipower.org\/de\/"},{"@type":"ListItem","position":2,"name":"Shop","item":"https:\/\/phipower.org\/shop\/"},{"@type":"ListItem","position":3,"name":"Alkalischer Wassergenerator | Wasserionisierer und -reinigung | Aktivkohlefilter | Phipower"}]},{"@type":"WebSite","@id":"https:\/\/phipower.org\/de\/#website","url":"https:\/\/phipower.org\/de\/","name":"Phipower: innovatieve gezondheidsproducten","description":"De kracht van een perfecte gezondheid","publisher":{"@id":"https:\/\/phipower.org\/de\/#organization"},"potentialAction":[{"@type":"SearchAction","target":{"@type":"EntryPoint","urlTemplate":"https:\/\/phipower.org\/de\/?s={search_term_string}"},"query-input":{"@type":"PropertyValueSpecification","valueRequired":true,"valueName":"search_term_string"}}],"inLanguage":"de"},{"@type":"Organization","@id":"https:\/\/phipower.org\/de\/#organization","name":"Phipower","url":"https:\/\/phipower.org\/de\/","logo":{"@type":"ImageObject","inLanguage":"de","@id":"https:\/\/phipower.org\/de\/#\/schema\/logo\/image\/","url":"https:\/\/phipower.org\/wp-content\/uploads\/2019\/06\/z-logo-RGB-wit-power.png","contentUrl":"https:\/\/phipower.org\/wp-content\/uploads\/2019\/06\/z-logo-RGB-wit-power.png","width":3273,"height":1389,"caption":"Phipower"},"image":{"@id":"https:\/\/phipower.org\/de\/#\/schema\/logo\/image\/"},"sameAs":["https:\/\/www.facebook.com\/phipowertools\/","https:\/\/x.com\/phipower1","https:\/\/www.tiktok.com\/@phipowerhealth"]}]},"product_price_amount":"499.00","product_price_currency":"EUR","og_availability":"instock","product_availability":"instock","product_retailer_item_id":"8719324436915","product_condition":"new"},"_links":{"self":[{"href":"https:\/\/phipower.org\/de\/wp-json\/wp\/v2\/product\/3076","targetHints":{"allow":["GET"]}}],"collection":[{"href":"https:\/\/phipower.org\/de\/wp-json\/wp\/v2\/product"}],"about":[{"href":"https:\/\/phipower.org\/de\/wp-json\/wp\/v2\/types\/product"}],"replies":[{"embeddable":true,"href":"https:\/\/phipower.org\/de\/wp-json\/wp\/v2\/comments?post=3076"}],"wp:featuredmedia":[{"embeddable":true,"href":"https:\/\/phipower.org\/de\/wp-json\/wp\/v2\/media\/10424"}],"wp:attachment":[{"href":"https:\/\/phipower.org\/de\/wp-json\/wp\/v2\/media?parent=3076"}],"wp:term":[{"taxonomy":"product_brand","embeddable":true,"href":"https:\/\/phipower.org\/de\/wp-json\/wp\/v2\/product_brand?post=3076"},{"taxonomy":"product_cat","embeddable":true,"href":"https:\/\/phipower.org\/de\/wp-json\/wp\/v2\/product_cat?post=3076"},{"taxonomy":"product_tag","embeddable":true,"href":"https:\/\/phipower.org\/de\/wp-json\/wp\/v2\/product_tag?post=3076"}],"curies":[{"name":"wp","href":"https:\/\/api.w.org\/{rel}","templated":true}]}}