{"id":3061,"date":"2023-02-21T17:46:49","date_gmt":"2023-02-21T17:46:49","guid":{"rendered":"https:\/\/phipower.org\/product\/nasenkanuele-fuer-h2-wasserstoffgas-inhalator-300-ml-min-phipower\/"},"modified":"2026-04-15T15:45:27","modified_gmt":"2026-04-15T15:45:27","slug":"nasenkanule-fur-h2-wasserstoff-gas-inhalator-300-ml-min-power","status":"publish","type":"product","link":"https:\/\/phipower.org\/de\/product\/nasenkanule-fur-h2-wasserstoff-gas-inhalator-300-ml-min-power\/","title":{"rendered":"Nasenkan\u00fcle f\u00fcr H2-Wasserstoffgas-Inhalator oder Generator | Phipower"},"content":{"rendered":"<h1>Nasenkan\u00fcle f\u00fcr H2-Wasserstoffgas-Inhalator oder Generator<\/h1>\n<p><strong>\u2714 Wasserstoff (H2 ) Gas-Nasenbrille mit Wassersammler<\/strong><br \/>\n<strong>\u2714 einfach an einen der beiden H2-Ausg\u00e4nge oder an den O2-Ausgang des <a href=\"https:\/\/phipower.org\/de\/?post_type=product&#038;p=3063\">Phipower Hydrogen Gas Inhalers<\/a> anzuschlie\u00dfen<\/strong><br \/>\n<strong>\u2714 kann auch als Inhalationsmodul f\u00fcr den<a href=\"https:\/\/phipower.org\/product\/h2-waterstofgas-generator-inclusief-inhaleer-module-phipower\/\"> Phipower Wasserstoffgasgenerator<\/a> verwendet werden<\/strong><\/p>\n<p><strong>Beschreibung:<\/strong><br \/>\nMolekularer Wasserstoff ist das st\u00e4rkste Antioxidans der Welt.<\/p>\n<p>Wasserstoffgas wird leicht vom K\u00f6rper aufgenommen, regt den Stoffwechsel an und verbessert die Mikrozirkulation des K\u00f6rpers.<\/p>\n<p><a href=\"https:\/\/phipower.org\/h2-waterstofgas-inhalator-phipower\/\">Der Phipower H2 Wasserstoffgasinhalator<\/a> verf\u00fcgt \u00fcber 2 Wasserstoffgasausl\u00e4sse\/Kan\u00e4le, die jeweils bis zu 150 ml reines H2 (Wasserstoffgas) pro Minute abgeben.<\/p>\n<p>So k\u00f6nnen 2 Personen gleichzeitig das Wasserstoffgasinhalationsger\u00e4t benutzen.<\/p>\n<p>\u00dcber das mitgelieferte Y-St\u00fcck und die Kupplungsschl\u00e4uche ist es auch m\u00f6glich, die beiden Wasserstoffgasausg\u00e4nge zu einem Kanal zu verbinden. Damit kann die Wasserstoffgasabgabe f\u00fcr eine einzelne Person auf 300 ml pro Minute erh\u00f6ht werden.<\/p>\n<p>Dar\u00fcber hinaus gibt es einen separaten Ausgang\/Kanal f\u00fcr reinen Sauerstoff (O2) bis zu 150 ml pro Minute.<\/p>\n<p>Die Wasserstoff (H2 )-Gas-Nasenbrille mit Wassersammler wird einfach an einen der beiden H2 (Wasserstoff)-Ausg\u00e4nge oder an den O2 (Sauerstoff)-Ausgang des <a href=\"https:\/\/phipower.org\/h2-waterstofgas-inhalator-phipower\/\">Phipower Wasserstoffgas-Inhalators<\/a> angeschlossen.<\/p>\n<p>Dar\u00fcber hinaus kann die Nasenkan\u00fcle auch an den <a href=\"https:\/\/phipower.org\/product\/h2-waterstofgas-generator-inclusief-inhaleer-module-phipower\/\">Phipower-Wasserstoffgasgenerator<\/a> angeschlossen werden, der ebenfalls inhalationsf\u00e4hig ist.<\/p>\n<p><strong>Wartung:<\/strong><br \/>\nNasenkan\u00fcle nach ca. 6-12 Monaten Gebrauch ersetzen<\/p>\n<p><strong>Handbuch:<\/strong><\/p>\n<p>Herunterladen <strong><a href=\"https:\/\/drive.google.com\/file\/d\/1SrhM46BOpZAWFCvnT3g3A_dRkqHLPqLf\/view?usp=sharing\">hier<\/a> <\/strong>das Handbuch.<\/p>\n<p>Weitere Informationen \u00fcber das Potenzial von molekularem Wasserstoff finden Sie auf <a href=\"https:\/\/www.ncbi.nlm.nih.gov\/pmc\/articles\/PMC3257754\/\">dieser Website<\/a>.<\/p>\n","protected":false},"excerpt":{"rendered":"<p><strong>\u2714 Wasserstoff (H2)-Nasenkan\u00fcle mit Wasserabscheider<\/strong><br \/>\n<strong>\u2714 Einfach an einen der beiden H2-Ausg\u00e4nge des Wasserstoff-Inhalators anzuschlie\u00dfen<\/strong><\/p>\n","protected":false},"featured_media":3067,"comment_status":"open","ping_status":"closed","template":"","meta":[],"product_brand":[],"product_cat":[926,936,928,927],"product_tag":[],"class_list":{"0":"post-3061","1":"product","2":"type-product","3":"status-publish","4":"has-post-thumbnail","6":"product_cat-produkte","7":"product_cat-wasseraufbereitung","8":"product_cat-wasserstoff-gas-generator","9":"product_cat-wasserstoffgas-inhalator","10":"product_shipping_class-0-2-kg","12":"first","13":"instock","14":"taxable","15":"shipping-taxable","16":"purchasable","17":"product-type-simple"},"yoast_head":"<!-- This site is optimized with the Yoast SEO Premium plugin v23.6 (Yoast SEO v27.2) - https:\/\/yoast.com\/product\/yoast-seo-premium-wordpress\/ -->\n<title>Nasenkan\u00fcle f\u00fcr H2-Wasserstoffgas-Inhalator oder Generator | Phipower - Phipower<\/title>\n<meta name=\"description\" content=\"\u2714 Nasenkan\u00fcle f\u00fcr H2-Wasserstoff-Inhalator von Phipower \u2714 Wasserstoff ist ein starkes Antioxidans \u2714 n\u00e4hrt den K\u00f6rper auf zellul\u00e4rer Ebene \u2714 gibt mehr Energie\" \/>\n<meta name=\"robots\" content=\"index, follow, max-snippet:-1, max-image-preview:large, max-video-preview:-1\" \/>\n<link rel=\"canonical\" href=\"https:\/\/phipower.org\/de\/product\/nasenkanule-fur-h2-wasserstoff-gas-inhalator-300-ml-min-power\/\" \/>\n<meta property=\"og:locale\" content=\"de_DE\" \/>\n<meta property=\"og:type\" content=\"article\" \/>\n<meta property=\"og:title\" content=\"Nasenkan\u00fcle f\u00fcr H2-Wasserstoffgas-Inhalator oder Generator | Phipower\" \/>\n<meta property=\"og:description\" content=\"\u2714 Nasenkan\u00fcle f\u00fcr H2-Wasserstoff-Inhalator von Phipower \u2714 Wasserstoff ist ein starkes Antioxidans \u2714 n\u00e4hrt den K\u00f6rper auf zellul\u00e4rer Ebene \u2714 gibt mehr Energie\" \/>\n<meta property=\"og:url\" content=\"https:\/\/phipower.org\/de\/product\/nasenkanule-fur-h2-wasserstoff-gas-inhalator-300-ml-min-power\/\" \/>\n<meta property=\"og:site_name\" content=\"Phipower\" \/>\n<meta property=\"article:publisher\" content=\"https:\/\/www.facebook.com\/phipowertools\/\" \/>\n<meta property=\"article:modified_time\" content=\"2026-04-15T15:45:27+00:00\" \/>\n<meta property=\"og:image\" content=\"https:\/\/phipower.org\/wp-content\/uploads\/2021\/09\/waterstofgas-inhaler-inhalator-H2-O2-300ml-H2-generator-medisch-apparaat-phipower-zijkant-1.jpg\" \/>\n\t<meta property=\"og:image:width\" content=\"1200\" \/>\n\t<meta property=\"og:image:height\" content=\"1200\" \/>\n\t<meta property=\"og:image:type\" content=\"image\/jpeg\" \/>\n<meta name=\"twitter:card\" content=\"summary_large_image\" \/>\n<meta name=\"twitter:site\" content=\"@phipower1\" \/>\n<meta name=\"twitter:label1\" content=\"Preis\" \/>\n\t<meta name=\"twitter:data1\" content=\"&euro;29,00\" \/>\n\t<meta name=\"twitter:label2\" content=\"Verf\u00fcgbarkeit\" \/>\n\t<meta name=\"twitter:data2\" content=\"Auf Lager\" \/>\n<script type=\"application\/ld+json\" class=\"yoast-schema-graph\">{\"@context\":\"https:\/\/schema.org\",\"@graph\":[{\"@type\":\"WebPage\",\"@id\":\"https:\/\/phipower.org\/de\/product\/nasenkanule-fur-h2-wasserstoff-gas-inhalator-300-ml-min-power\/\",\"url\":\"https:\/\/phipower.org\/de\/product\/nasenkanule-fur-h2-wasserstoff-gas-inhalator-300-ml-min-power\/\",\"name\":\"Nasenkan\u00fcle f\u00fcr H2-Wasserstoffgas-Inhalator oder Generator | Phipower - Phipower\",\"isPartOf\":{\"@id\":\"https:\/\/phipower.org\/de\/#website\"},\"primaryImageOfPage\":{\"@id\":\"https:\/\/phipower.org\/de\/product\/nasenkanule-fur-h2-wasserstoff-gas-inhalator-300-ml-min-power\/#primaryimage\"},\"image\":{\"@id\":\"https:\/\/phipower.org\/de\/product\/nasenkanule-fur-h2-wasserstoff-gas-inhalator-300-ml-min-power\/#primaryimage\"},\"thumbnailUrl\":\"https:\/\/phipower.org\/wp-content\/uploads\/2023\/02\/Neus-canule-waterstof-gas-inhalator-inhaleren-slang-neus.jpg\",\"datePublished\":\"2023-02-21T17:46:49+00:00\",\"dateModified\":\"2026-04-15T15:45:27+00:00\",\"description\":\"\u2714 Nasenkan\u00fcle f\u00fcr H2-Wasserstoff-Inhalator von Phipower \u2714 Wasserstoff ist ein starkes Antioxidans \u2714 n\u00e4hrt den K\u00f6rper auf zellul\u00e4rer Ebene \u2714 gibt mehr Energie\",\"breadcrumb\":{\"@id\":\"https:\/\/phipower.org\/de\/product\/nasenkanule-fur-h2-wasserstoff-gas-inhalator-300-ml-min-power\/#breadcrumb\"},\"inLanguage\":\"de\",\"potentialAction\":[{\"@type\":\"ReadAction\",\"target\":[\"https:\/\/phipower.org\/de\/product\/nasenkanule-fur-h2-wasserstoff-gas-inhalator-300-ml-min-power\/\"]}]},{\"@type\":\"ImageObject\",\"inLanguage\":\"de\",\"@id\":\"https:\/\/phipower.org\/de\/product\/nasenkanule-fur-h2-wasserstoff-gas-inhalator-300-ml-min-power\/#primaryimage\",\"url\":\"https:\/\/phipower.org\/wp-content\/uploads\/2023\/02\/Neus-canule-waterstof-gas-inhalator-inhaleren-slang-neus.jpg\",\"contentUrl\":\"https:\/\/phipower.org\/wp-content\/uploads\/2023\/02\/Neus-canule-waterstof-gas-inhalator-inhaleren-slang-neus.jpg\",\"width\":1200,\"height\":1200},{\"@type\":\"BreadcrumbList\",\"@id\":\"https:\/\/phipower.org\/de\/product\/nasenkanule-fur-h2-wasserstoff-gas-inhalator-300-ml-min-power\/#breadcrumb\",\"itemListElement\":[{\"@type\":\"ListItem\",\"position\":1,\"name\":\"Home\",\"item\":\"https:\/\/phipower.org\/de\/\"},{\"@type\":\"ListItem\",\"position\":2,\"name\":\"Shop\",\"item\":\"https:\/\/phipower.org\/de\/shop\/\"},{\"@type\":\"ListItem\",\"position\":3,\"name\":\"Nasenkan\u00fcle f\u00fcr H2-Wasserstoffgas-Inhalator oder Generator | Phipower\"}]},{\"@type\":\"WebSite\",\"@id\":\"https:\/\/phipower.org\/de\/#website\",\"url\":\"https:\/\/phipower.org\/de\/\",\"name\":\"Phipower: innovatieve gezondheidsproducten\",\"description\":\"De kracht van een perfecte gezondheid\",\"publisher\":{\"@id\":\"https:\/\/phipower.org\/de\/#organization\"},\"potentialAction\":[{\"@type\":\"SearchAction\",\"target\":{\"@type\":\"EntryPoint\",\"urlTemplate\":\"https:\/\/phipower.org\/de\/?s={search_term_string}\"},\"query-input\":{\"@type\":\"PropertyValueSpecification\",\"valueRequired\":true,\"valueName\":\"search_term_string\"}}],\"inLanguage\":\"de\"},{\"@type\":\"Organization\",\"@id\":\"https:\/\/phipower.org\/de\/#organization\",\"name\":\"Phipower\",\"url\":\"https:\/\/phipower.org\/de\/\",\"logo\":{\"@type\":\"ImageObject\",\"inLanguage\":\"de\",\"@id\":\"https:\/\/phipower.org\/de\/#\/schema\/logo\/image\/\",\"url\":\"https:\/\/phipower.org\/wp-content\/uploads\/2019\/06\/z-logo-RGB-wit-power.png\",\"contentUrl\":\"https:\/\/phipower.org\/wp-content\/uploads\/2019\/06\/z-logo-RGB-wit-power.png\",\"width\":3273,\"height\":1389,\"caption\":\"Phipower\"},\"image\":{\"@id\":\"https:\/\/phipower.org\/de\/#\/schema\/logo\/image\/\"},\"sameAs\":[\"https:\/\/www.facebook.com\/phipowertools\/\",\"https:\/\/x.com\/phipower1\",\"https:\/\/www.tiktok.com\/@phipowerhealth\"]}]}<\/script>\n<meta property=\"product:price:amount\" content=\"29.00\" \/>\n<meta property=\"product:price:currency\" content=\"EUR\" \/>\n<meta property=\"og:availability\" content=\"instock\" \/>\n<meta property=\"product:availability\" content=\"instock\" \/>\n<meta property=\"product:retailer_item_id\" content=\"8719324436854\" \/>\n<meta property=\"product:condition\" content=\"new\" \/>\n<!-- \/ Yoast SEO Premium plugin. -->","yoast_head_json":{"title":"Nasenkan\u00fcle f\u00fcr H2-Wasserstoffgas-Inhalator oder Generator | Phipower - Phipower","description":"\u2714 Nasenkan\u00fcle f\u00fcr H2-Wasserstoff-Inhalator von Phipower \u2714 Wasserstoff ist ein starkes Antioxidans \u2714 n\u00e4hrt den K\u00f6rper auf zellul\u00e4rer Ebene \u2714 gibt mehr Energie","robots":{"index":"index","follow":"follow","max-snippet":"max-snippet:-1","max-image-preview":"max-image-preview:large","max-video-preview":"max-video-preview:-1"},"canonical":"https:\/\/phipower.org\/de\/product\/nasenkanule-fur-h2-wasserstoff-gas-inhalator-300-ml-min-power\/","og_locale":"de_DE","og_type":"article","og_title":"Nasenkan\u00fcle f\u00fcr H2-Wasserstoffgas-Inhalator oder Generator | Phipower","og_description":"\u2714 Nasenkan\u00fcle f\u00fcr H2-Wasserstoff-Inhalator von Phipower \u2714 Wasserstoff ist ein starkes Antioxidans \u2714 n\u00e4hrt den K\u00f6rper auf zellul\u00e4rer Ebene \u2714 gibt mehr Energie","og_url":"https:\/\/phipower.org\/de\/product\/nasenkanule-fur-h2-wasserstoff-gas-inhalator-300-ml-min-power\/","og_site_name":"Phipower","article_publisher":"https:\/\/www.facebook.com\/phipowertools\/","article_modified_time":"2026-04-15T15:45:27+00:00","og_image":[{"width":1200,"height":1200,"url":"https:\/\/phipower.org\/wp-content\/uploads\/2021\/09\/waterstofgas-inhaler-inhalator-H2-O2-300ml-H2-generator-medisch-apparaat-phipower-zijkant-1.jpg","type":"image\/jpeg"}],"twitter_card":"summary_large_image","twitter_site":"@phipower1","twitter_misc":{"Preis":"&euro;29,00","Verf\u00fcgbarkeit":"Auf Lager"},"schema":{"@context":"https:\/\/schema.org","@graph":[{"@type":"WebPage","@id":"https:\/\/phipower.org\/de\/product\/nasenkanule-fur-h2-wasserstoff-gas-inhalator-300-ml-min-power\/","url":"https:\/\/phipower.org\/de\/product\/nasenkanule-fur-h2-wasserstoff-gas-inhalator-300-ml-min-power\/","name":"Nasenkan\u00fcle f\u00fcr H2-Wasserstoffgas-Inhalator oder Generator | Phipower - Phipower","isPartOf":{"@id":"https:\/\/phipower.org\/de\/#website"},"primaryImageOfPage":{"@id":"https:\/\/phipower.org\/de\/product\/nasenkanule-fur-h2-wasserstoff-gas-inhalator-300-ml-min-power\/#primaryimage"},"image":{"@id":"https:\/\/phipower.org\/de\/product\/nasenkanule-fur-h2-wasserstoff-gas-inhalator-300-ml-min-power\/#primaryimage"},"thumbnailUrl":"https:\/\/phipower.org\/wp-content\/uploads\/2023\/02\/Neus-canule-waterstof-gas-inhalator-inhaleren-slang-neus.jpg","datePublished":"2023-02-21T17:46:49+00:00","dateModified":"2026-04-15T15:45:27+00:00","description":"\u2714 Nasenkan\u00fcle f\u00fcr H2-Wasserstoff-Inhalator von Phipower \u2714 Wasserstoff ist ein starkes Antioxidans \u2714 n\u00e4hrt den K\u00f6rper auf zellul\u00e4rer Ebene \u2714 gibt mehr Energie","breadcrumb":{"@id":"https:\/\/phipower.org\/de\/product\/nasenkanule-fur-h2-wasserstoff-gas-inhalator-300-ml-min-power\/#breadcrumb"},"inLanguage":"de","potentialAction":[{"@type":"ReadAction","target":["https:\/\/phipower.org\/de\/product\/nasenkanule-fur-h2-wasserstoff-gas-inhalator-300-ml-min-power\/"]}]},{"@type":"ImageObject","inLanguage":"de","@id":"https:\/\/phipower.org\/de\/product\/nasenkanule-fur-h2-wasserstoff-gas-inhalator-300-ml-min-power\/#primaryimage","url":"https:\/\/phipower.org\/wp-content\/uploads\/2023\/02\/Neus-canule-waterstof-gas-inhalator-inhaleren-slang-neus.jpg","contentUrl":"https:\/\/phipower.org\/wp-content\/uploads\/2023\/02\/Neus-canule-waterstof-gas-inhalator-inhaleren-slang-neus.jpg","width":1200,"height":1200},{"@type":"BreadcrumbList","@id":"https:\/\/phipower.org\/de\/product\/nasenkanule-fur-h2-wasserstoff-gas-inhalator-300-ml-min-power\/#breadcrumb","itemListElement":[{"@type":"ListItem","position":1,"name":"Home","item":"https:\/\/phipower.org\/de\/"},{"@type":"ListItem","position":2,"name":"Shop","item":"https:\/\/phipower.org\/de\/shop\/"},{"@type":"ListItem","position":3,"name":"Nasenkan\u00fcle f\u00fcr H2-Wasserstoffgas-Inhalator oder Generator | Phipower"}]},{"@type":"WebSite","@id":"https:\/\/phipower.org\/de\/#website","url":"https:\/\/phipower.org\/de\/","name":"Phipower: innovatieve gezondheidsproducten","description":"De kracht van een perfecte gezondheid","publisher":{"@id":"https:\/\/phipower.org\/de\/#organization"},"potentialAction":[{"@type":"SearchAction","target":{"@type":"EntryPoint","urlTemplate":"https:\/\/phipower.org\/de\/?s={search_term_string}"},"query-input":{"@type":"PropertyValueSpecification","valueRequired":true,"valueName":"search_term_string"}}],"inLanguage":"de"},{"@type":"Organization","@id":"https:\/\/phipower.org\/de\/#organization","name":"Phipower","url":"https:\/\/phipower.org\/de\/","logo":{"@type":"ImageObject","inLanguage":"de","@id":"https:\/\/phipower.org\/de\/#\/schema\/logo\/image\/","url":"https:\/\/phipower.org\/wp-content\/uploads\/2019\/06\/z-logo-RGB-wit-power.png","contentUrl":"https:\/\/phipower.org\/wp-content\/uploads\/2019\/06\/z-logo-RGB-wit-power.png","width":3273,"height":1389,"caption":"Phipower"},"image":{"@id":"https:\/\/phipower.org\/de\/#\/schema\/logo\/image\/"},"sameAs":["https:\/\/www.facebook.com\/phipowertools\/","https:\/\/x.com\/phipower1","https:\/\/www.tiktok.com\/@phipowerhealth"]}]},"product_price_amount":"29.00","product_price_currency":"EUR","og_availability":"instock","product_availability":"instock","product_retailer_item_id":"8719324436854","product_condition":"new"},"_links":{"self":[{"href":"https:\/\/phipower.org\/de\/wp-json\/wp\/v2\/product\/3061","targetHints":{"allow":["GET"]}}],"collection":[{"href":"https:\/\/phipower.org\/de\/wp-json\/wp\/v2\/product"}],"about":[{"href":"https:\/\/phipower.org\/de\/wp-json\/wp\/v2\/types\/product"}],"replies":[{"embeddable":true,"href":"https:\/\/phipower.org\/de\/wp-json\/wp\/v2\/comments?post=3061"}],"wp:featuredmedia":[{"embeddable":true,"href":"https:\/\/phipower.org\/de\/wp-json\/wp\/v2\/media\/3067"}],"wp:attachment":[{"href":"https:\/\/phipower.org\/de\/wp-json\/wp\/v2\/media?parent=3061"}],"wp:term":[{"taxonomy":"product_brand","embeddable":true,"href":"https:\/\/phipower.org\/de\/wp-json\/wp\/v2\/product_brand?post=3061"},{"taxonomy":"product_cat","embeddable":true,"href":"https:\/\/phipower.org\/de\/wp-json\/wp\/v2\/product_cat?post=3061"},{"taxonomy":"product_tag","embeddable":true,"href":"https:\/\/phipower.org\/de\/wp-json\/wp\/v2\/product_tag?post=3061"}],"curies":[{"name":"wp","href":"https:\/\/api.w.org\/{rel}","templated":true}]}}