{"id":2979,"date":"2023-02-21T09:46:34","date_gmt":"2023-02-21T09:46:34","guid":{"rendered":"https:\/\/phipower.org\/product\/filter-fuer-h2-wasserstoffgas-inhalator-300-ml-min-phipower\/"},"modified":"2026-04-15T15:45:32","modified_gmt":"2026-04-15T15:45:32","slug":"filter-fur-h2-wasserstoff-gas-inhalator-300-ml-min-phipower","status":"publish","type":"product","link":"https:\/\/phipower.org\/de\/product\/filter-fur-h2-wasserstoff-gas-inhalator-300-ml-min-phipower\/","title":{"rendered":"Filter f\u00fcr H2-Wasserstoffgas-Inhalator 300 ml\/min | Phipower"},"content":{"rendered":"<h1>Filter f\u00fcr H2-Wasserstoffgas-Inhalator | Phipower<\/h1>\n<p>\u2714 Wasserfilter f\u00fcr den  <a href=\"https:\/\/phipower.org\/h2-waterstofgas-inhalator-phipower\/\">H2-Wasserstoff-Inhalator von Phipower<\/a><br \/>\n\u2714 Wasserfilter muss nach ca. 6-12 Monaten Gebrauch ersetzt werden<\/p>\n<p><strong>Handbuch:<\/strong><\/p>\n<p>Herunterladen <strong><a href=\"https:\/\/drive.google.com\/file\/d\/1SrhM46BOpZAWFCvnT3g3A_dRkqHLPqLf\/view?usp=sharing\">hier<\/a> <\/strong>das Handbuch des H2-Wasserstoffgas-Inhalators.<\/p>\n<p>Weitere Informationen \u00fcber das Potenzial von molekularem Wasserstoff finden Sie auf <a href=\"https:\/\/www.ncbi.nlm.nih.gov\/pmc\/articles\/PMC3257754\/\">dieser Website<\/a>.<\/p>\n","protected":false},"excerpt":{"rendered":"<p><strong>\u2714 Wasserfilter f\u00fcr H2-Wasserstoff-Inhalator<\/strong><br \/>\n<strong>\u2714 Wasserfilter nach ca. 6-12 Monaten Gebrauch ersetzen<\/strong><\/p>\n","protected":false},"featured_media":2980,"comment_status":"open","ping_status":"closed","template":"","meta":[],"product_brand":[],"product_cat":[926,936,927],"product_tag":[],"class_list":{"0":"post-2979","1":"product","2":"type-product","3":"status-publish","4":"has-post-thumbnail","6":"product_cat-produkte","7":"product_cat-wasseraufbereitung","8":"product_cat-wasserstoffgas-inhalator","9":"product_shipping_class-0-2-kg","11":"first","12":"instock","13":"taxable","14":"shipping-taxable","15":"purchasable","16":"product-type-simple"},"yoast_head":"<!-- This site is optimized with the Yoast SEO Premium plugin v23.6 (Yoast SEO v27.2) - https:\/\/yoast.com\/product\/yoast-seo-premium-wordpress\/ -->\n<title>Filter f\u00fcr H2-Wasserstoffgas-Inhalator 300 ml\/min | Phipower - Phipower<\/title>\n<meta name=\"description\" content=\"\u2714 Wasserfilter f\u00fcr H2-Wasserstoffgas-Inhalator \u2714 erzeugt bis zu 300 ml reinen Wasserstoff (H2) pro Minute \u2714 n\u00e4hrt den K\u00f6rper auf zellul\u00e4rer Ebene \u2714 gibt mehr Energie\" \/>\n<meta name=\"robots\" content=\"index, follow, max-snippet:-1, max-image-preview:large, max-video-preview:-1\" \/>\n<link rel=\"canonical\" href=\"https:\/\/phipower.org\/de\/product\/filter-fur-h2-wasserstoff-gas-inhalator-300-ml-min-phipower\/\" \/>\n<meta property=\"og:locale\" content=\"de_DE\" \/>\n<meta property=\"og:type\" content=\"article\" \/>\n<meta property=\"og:title\" content=\"Filter f\u00fcr H2-Wasserstoffgas-Inhalator 300 ml\/min | Phipower\" \/>\n<meta property=\"og:description\" content=\"\u2714 Wasserfilter f\u00fcr H2-Wasserstoffgas-Inhalator \u2714 erzeugt bis zu 300 ml reinen Wasserstoff (H2) pro Minute \u2714 n\u00e4hrt den K\u00f6rper auf zellul\u00e4rer Ebene \u2714 gibt mehr Energie\" \/>\n<meta property=\"og:url\" content=\"https:\/\/phipower.org\/de\/product\/filter-fur-h2-wasserstoff-gas-inhalator-300-ml-min-phipower\/\" \/>\n<meta property=\"og:site_name\" content=\"Phipower\" \/>\n<meta property=\"article:publisher\" content=\"https:\/\/www.facebook.com\/phipowertools\/\" \/>\n<meta property=\"article:modified_time\" content=\"2026-04-15T15:45:32+00:00\" \/>\n<meta property=\"og:image\" content=\"https:\/\/phipower.org\/wp-content\/uploads\/2021\/09\/waterstofgas-inhaler-inhalator-H2-O2-300ml-H2-generator-medisch-apparaat-phipower-zijkant-1.jpg\" \/>\n\t<meta property=\"og:image:width\" content=\"1200\" \/>\n\t<meta property=\"og:image:height\" content=\"1200\" \/>\n\t<meta property=\"og:image:type\" content=\"image\/jpeg\" \/>\n<meta name=\"twitter:card\" content=\"summary_large_image\" \/>\n<meta name=\"twitter:site\" content=\"@phipower1\" \/>\n<meta name=\"twitter:label1\" content=\"Preis\" \/>\n\t<meta name=\"twitter:data1\" content=\"&euro;49,00\" \/>\n\t<meta name=\"twitter:label2\" content=\"Verf\u00fcgbarkeit\" \/>\n\t<meta name=\"twitter:data2\" content=\"Auf Lager\" \/>\n<script type=\"application\/ld+json\" class=\"yoast-schema-graph\">{\"@context\":\"https:\/\/schema.org\",\"@graph\":[{\"@type\":\"WebPage\",\"@id\":\"https:\/\/phipower.org\/de\/product\/filter-fur-h2-wasserstoff-gas-inhalator-300-ml-min-phipower\/\",\"url\":\"https:\/\/phipower.org\/de\/product\/filter-fur-h2-wasserstoff-gas-inhalator-300-ml-min-phipower\/\",\"name\":\"Filter f\u00fcr H2-Wasserstoffgas-Inhalator 300 ml\/min | Phipower - Phipower\",\"isPartOf\":{\"@id\":\"https:\/\/phipower.org\/de\/#website\"},\"primaryImageOfPage\":{\"@id\":\"https:\/\/phipower.org\/de\/product\/filter-fur-h2-wasserstoff-gas-inhalator-300-ml-min-phipower\/#primaryimage\"},\"image\":{\"@id\":\"https:\/\/phipower.org\/de\/product\/filter-fur-h2-wasserstoff-gas-inhalator-300-ml-min-phipower\/#primaryimage\"},\"thumbnailUrl\":\"https:\/\/phipower.org\/wp-content\/uploads\/2023\/02\/Filter-H2-waterstof-gas-inhalator-waterfilter-zijkant.jpg\",\"datePublished\":\"2023-02-21T09:46:34+00:00\",\"dateModified\":\"2026-04-15T15:45:32+00:00\",\"description\":\"\u2714 Wasserfilter f\u00fcr H2-Wasserstoffgas-Inhalator \u2714 erzeugt bis zu 300 ml reinen Wasserstoff (H2) pro Minute \u2714 n\u00e4hrt den K\u00f6rper auf zellul\u00e4rer Ebene \u2714 gibt mehr Energie\",\"breadcrumb\":{\"@id\":\"https:\/\/phipower.org\/de\/product\/filter-fur-h2-wasserstoff-gas-inhalator-300-ml-min-phipower\/#breadcrumb\"},\"inLanguage\":\"de\",\"potentialAction\":[{\"@type\":\"ReadAction\",\"target\":[\"https:\/\/phipower.org\/de\/product\/filter-fur-h2-wasserstoff-gas-inhalator-300-ml-min-phipower\/\"]}]},{\"@type\":\"ImageObject\",\"inLanguage\":\"de\",\"@id\":\"https:\/\/phipower.org\/de\/product\/filter-fur-h2-wasserstoff-gas-inhalator-300-ml-min-phipower\/#primaryimage\",\"url\":\"https:\/\/phipower.org\/wp-content\/uploads\/2023\/02\/Filter-H2-waterstof-gas-inhalator-waterfilter-zijkant.jpg\",\"contentUrl\":\"https:\/\/phipower.org\/wp-content\/uploads\/2023\/02\/Filter-H2-waterstof-gas-inhalator-waterfilter-zijkant.jpg\",\"width\":1200,\"height\":1200},{\"@type\":\"BreadcrumbList\",\"@id\":\"https:\/\/phipower.org\/de\/product\/filter-fur-h2-wasserstoff-gas-inhalator-300-ml-min-phipower\/#breadcrumb\",\"itemListElement\":[{\"@type\":\"ListItem\",\"position\":1,\"name\":\"Home\",\"item\":\"https:\/\/phipower.org\/de\/\"},{\"@type\":\"ListItem\",\"position\":2,\"name\":\"Shop\",\"item\":\"https:\/\/phipower.org\/de\/shop\/\"},{\"@type\":\"ListItem\",\"position\":3,\"name\":\"Filter f\u00fcr H2-Wasserstoffgas-Inhalator 300 ml\/min | Phipower\"}]},{\"@type\":\"WebSite\",\"@id\":\"https:\/\/phipower.org\/de\/#website\",\"url\":\"https:\/\/phipower.org\/de\/\",\"name\":\"Phipower: innovatieve gezondheidsproducten\",\"description\":\"De kracht van een perfecte gezondheid\",\"publisher\":{\"@id\":\"https:\/\/phipower.org\/de\/#organization\"},\"potentialAction\":[{\"@type\":\"SearchAction\",\"target\":{\"@type\":\"EntryPoint\",\"urlTemplate\":\"https:\/\/phipower.org\/de\/?s={search_term_string}\"},\"query-input\":{\"@type\":\"PropertyValueSpecification\",\"valueRequired\":true,\"valueName\":\"search_term_string\"}}],\"inLanguage\":\"de\"},{\"@type\":\"Organization\",\"@id\":\"https:\/\/phipower.org\/de\/#organization\",\"name\":\"Phipower\",\"url\":\"https:\/\/phipower.org\/de\/\",\"logo\":{\"@type\":\"ImageObject\",\"inLanguage\":\"de\",\"@id\":\"https:\/\/phipower.org\/de\/#\/schema\/logo\/image\/\",\"url\":\"https:\/\/phipower.org\/wp-content\/uploads\/2019\/06\/z-logo-RGB-wit-power.png\",\"contentUrl\":\"https:\/\/phipower.org\/wp-content\/uploads\/2019\/06\/z-logo-RGB-wit-power.png\",\"width\":3273,\"height\":1389,\"caption\":\"Phipower\"},\"image\":{\"@id\":\"https:\/\/phipower.org\/de\/#\/schema\/logo\/image\/\"},\"sameAs\":[\"https:\/\/www.facebook.com\/phipowertools\/\",\"https:\/\/x.com\/phipower1\",\"https:\/\/www.tiktok.com\/@phipowerhealth\"]}]}<\/script>\n<meta property=\"product:price:amount\" content=\"49.00\" \/>\n<meta property=\"product:price:currency\" content=\"EUR\" \/>\n<meta property=\"og:availability\" content=\"instock\" \/>\n<meta property=\"product:availability\" content=\"instock\" \/>\n<meta property=\"product:retailer_item_id\" content=\"7806140071404\" \/>\n<meta property=\"product:condition\" content=\"new\" \/>\n<!-- \/ Yoast SEO Premium plugin. -->","yoast_head_json":{"title":"Filter f\u00fcr H2-Wasserstoffgas-Inhalator 300 ml\/min | Phipower - Phipower","description":"\u2714 Wasserfilter f\u00fcr H2-Wasserstoffgas-Inhalator \u2714 erzeugt bis zu 300 ml reinen Wasserstoff (H2) pro Minute \u2714 n\u00e4hrt den K\u00f6rper auf zellul\u00e4rer Ebene \u2714 gibt mehr Energie","robots":{"index":"index","follow":"follow","max-snippet":"max-snippet:-1","max-image-preview":"max-image-preview:large","max-video-preview":"max-video-preview:-1"},"canonical":"https:\/\/phipower.org\/de\/product\/filter-fur-h2-wasserstoff-gas-inhalator-300-ml-min-phipower\/","og_locale":"de_DE","og_type":"article","og_title":"Filter f\u00fcr H2-Wasserstoffgas-Inhalator 300 ml\/min | Phipower","og_description":"\u2714 Wasserfilter f\u00fcr H2-Wasserstoffgas-Inhalator \u2714 erzeugt bis zu 300 ml reinen Wasserstoff (H2) pro Minute \u2714 n\u00e4hrt den K\u00f6rper auf zellul\u00e4rer Ebene \u2714 gibt mehr Energie","og_url":"https:\/\/phipower.org\/de\/product\/filter-fur-h2-wasserstoff-gas-inhalator-300-ml-min-phipower\/","og_site_name":"Phipower","article_publisher":"https:\/\/www.facebook.com\/phipowertools\/","article_modified_time":"2026-04-15T15:45:32+00:00","og_image":[{"width":1200,"height":1200,"url":"https:\/\/phipower.org\/wp-content\/uploads\/2021\/09\/waterstofgas-inhaler-inhalator-H2-O2-300ml-H2-generator-medisch-apparaat-phipower-zijkant-1.jpg","type":"image\/jpeg"}],"twitter_card":"summary_large_image","twitter_site":"@phipower1","twitter_misc":{"Preis":"&euro;49,00","Verf\u00fcgbarkeit":"Auf Lager"},"schema":{"@context":"https:\/\/schema.org","@graph":[{"@type":"WebPage","@id":"https:\/\/phipower.org\/de\/product\/filter-fur-h2-wasserstoff-gas-inhalator-300-ml-min-phipower\/","url":"https:\/\/phipower.org\/de\/product\/filter-fur-h2-wasserstoff-gas-inhalator-300-ml-min-phipower\/","name":"Filter f\u00fcr H2-Wasserstoffgas-Inhalator 300 ml\/min | Phipower - Phipower","isPartOf":{"@id":"https:\/\/phipower.org\/de\/#website"},"primaryImageOfPage":{"@id":"https:\/\/phipower.org\/de\/product\/filter-fur-h2-wasserstoff-gas-inhalator-300-ml-min-phipower\/#primaryimage"},"image":{"@id":"https:\/\/phipower.org\/de\/product\/filter-fur-h2-wasserstoff-gas-inhalator-300-ml-min-phipower\/#primaryimage"},"thumbnailUrl":"https:\/\/phipower.org\/wp-content\/uploads\/2023\/02\/Filter-H2-waterstof-gas-inhalator-waterfilter-zijkant.jpg","datePublished":"2023-02-21T09:46:34+00:00","dateModified":"2026-04-15T15:45:32+00:00","description":"\u2714 Wasserfilter f\u00fcr H2-Wasserstoffgas-Inhalator \u2714 erzeugt bis zu 300 ml reinen Wasserstoff (H2) pro Minute \u2714 n\u00e4hrt den K\u00f6rper auf zellul\u00e4rer Ebene \u2714 gibt mehr Energie","breadcrumb":{"@id":"https:\/\/phipower.org\/de\/product\/filter-fur-h2-wasserstoff-gas-inhalator-300-ml-min-phipower\/#breadcrumb"},"inLanguage":"de","potentialAction":[{"@type":"ReadAction","target":["https:\/\/phipower.org\/de\/product\/filter-fur-h2-wasserstoff-gas-inhalator-300-ml-min-phipower\/"]}]},{"@type":"ImageObject","inLanguage":"de","@id":"https:\/\/phipower.org\/de\/product\/filter-fur-h2-wasserstoff-gas-inhalator-300-ml-min-phipower\/#primaryimage","url":"https:\/\/phipower.org\/wp-content\/uploads\/2023\/02\/Filter-H2-waterstof-gas-inhalator-waterfilter-zijkant.jpg","contentUrl":"https:\/\/phipower.org\/wp-content\/uploads\/2023\/02\/Filter-H2-waterstof-gas-inhalator-waterfilter-zijkant.jpg","width":1200,"height":1200},{"@type":"BreadcrumbList","@id":"https:\/\/phipower.org\/de\/product\/filter-fur-h2-wasserstoff-gas-inhalator-300-ml-min-phipower\/#breadcrumb","itemListElement":[{"@type":"ListItem","position":1,"name":"Home","item":"https:\/\/phipower.org\/de\/"},{"@type":"ListItem","position":2,"name":"Shop","item":"https:\/\/phipower.org\/de\/shop\/"},{"@type":"ListItem","position":3,"name":"Filter f\u00fcr H2-Wasserstoffgas-Inhalator 300 ml\/min | Phipower"}]},{"@type":"WebSite","@id":"https:\/\/phipower.org\/de\/#website","url":"https:\/\/phipower.org\/de\/","name":"Phipower: innovatieve gezondheidsproducten","description":"De kracht van een perfecte gezondheid","publisher":{"@id":"https:\/\/phipower.org\/de\/#organization"},"potentialAction":[{"@type":"SearchAction","target":{"@type":"EntryPoint","urlTemplate":"https:\/\/phipower.org\/de\/?s={search_term_string}"},"query-input":{"@type":"PropertyValueSpecification","valueRequired":true,"valueName":"search_term_string"}}],"inLanguage":"de"},{"@type":"Organization","@id":"https:\/\/phipower.org\/de\/#organization","name":"Phipower","url":"https:\/\/phipower.org\/de\/","logo":{"@type":"ImageObject","inLanguage":"de","@id":"https:\/\/phipower.org\/de\/#\/schema\/logo\/image\/","url":"https:\/\/phipower.org\/wp-content\/uploads\/2019\/06\/z-logo-RGB-wit-power.png","contentUrl":"https:\/\/phipower.org\/wp-content\/uploads\/2019\/06\/z-logo-RGB-wit-power.png","width":3273,"height":1389,"caption":"Phipower"},"image":{"@id":"https:\/\/phipower.org\/de\/#\/schema\/logo\/image\/"},"sameAs":["https:\/\/www.facebook.com\/phipowertools\/","https:\/\/x.com\/phipower1","https:\/\/www.tiktok.com\/@phipowerhealth"]}]},"product_price_amount":"49.00","product_price_currency":"EUR","og_availability":"instock","product_availability":"instock","product_retailer_item_id":"7806140071404","product_condition":"new"},"_links":{"self":[{"href":"https:\/\/phipower.org\/de\/wp-json\/wp\/v2\/product\/2979","targetHints":{"allow":["GET"]}}],"collection":[{"href":"https:\/\/phipower.org\/de\/wp-json\/wp\/v2\/product"}],"about":[{"href":"https:\/\/phipower.org\/de\/wp-json\/wp\/v2\/types\/product"}],"replies":[{"embeddable":true,"href":"https:\/\/phipower.org\/de\/wp-json\/wp\/v2\/comments?post=2979"}],"wp:featuredmedia":[{"embeddable":true,"href":"https:\/\/phipower.org\/de\/wp-json\/wp\/v2\/media\/2980"}],"wp:attachment":[{"href":"https:\/\/phipower.org\/de\/wp-json\/wp\/v2\/media?parent=2979"}],"wp:term":[{"taxonomy":"product_brand","embeddable":true,"href":"https:\/\/phipower.org\/de\/wp-json\/wp\/v2\/product_brand?post=2979"},{"taxonomy":"product_cat","embeddable":true,"href":"https:\/\/phipower.org\/de\/wp-json\/wp\/v2\/product_cat?post=2979"},{"taxonomy":"product_tag","embeddable":true,"href":"https:\/\/phipower.org\/de\/wp-json\/wp\/v2\/product_tag?post=2979"}],"curies":[{"name":"wp","href":"https:\/\/api.w.org\/{rel}","templated":true}]}}