{"id":11847,"date":"2026-05-11T21:52:34","date_gmt":"2026-05-11T21:52:34","guid":{"rendered":"https:\/\/phipower.org\/product\/rephiro-bioharmonisierer-integrierte-rife-maschine-phipower-2\/"},"modified":"2026-05-11T21:52:34","modified_gmt":"2026-05-11T21:52:34","slug":"rephiro-bioharmonisierer-integrierte-rife-maschine-phipower-2","status":"publish","type":"product","link":"https:\/\/phipower.org\/de\/product\/rephiro-bioharmonisierer-integrierte-rife-maschine-phipower-2\/","title":{"rendered":"Rephiro Bioharmonisierer | Integrierte Rife-Maschine | Phipower"},"content":{"rendered":"<h1>Rephiro Bioharmonisierer \u2013 Wenn Zellen wieder lernen zu singen<\/h1>\n<p>Stellen Sie die nat\u00fcrliche Harmonie Ihres K\u00f6rpers wieder her<\/p>\n<p>Ihr K\u00f6rper wei\u00df, wie er sich selbst heilen kann. Alles, was er braucht, ist die richtige Frequenz, um sein nat\u00fcrliches Gleichgewicht wiederzufinden. <\/p>\n<p>Der Rephiro Bioharmonisierer (Rife-Maschine) ist ein kompaktes Ger\u00e4t, das Ihre Gesundheit f\u00f6rdert, die Vitalit\u00e4t steigert und das allgemeine Wohlbefinden durch Frequenzresonanz verbessert.<\/p>\n<h3>Was ist die Rife-Maschine?<\/h3>\n<p>Basierend auf den bahnbrechenden Entdeckungen von Dr. Royal Rife in den 1930er-Jahren nutzt die Rife-Technologie spezifische Frequenzen, um Zellschwingungen gezielt zu harmonisieren.<\/p>\n<h3>Warum der Rephiro?<\/h3>\n<ul>\n<li><strong>Integrierte Technologie:<\/strong> Kombiniert Rife-Therapie mit Bioharmonisierung<\/li>\n<li><strong>Einfache Anwendung:<\/strong> Einfach einschalten und in Ihrer N\u00e4he platzieren<\/li>\n<li><strong>Tragbar:<\/strong> \u00dcberall einsetzbar \u2013 zu Hause, im B\u00fcro, auf Reisen<\/li>\n<li><strong>Nat\u00fcrlich:<\/strong> Keine sch\u00e4dliche Strahlung, nur harmonische Frequenzen<\/li>\n<\/ul>\n","protected":false},"excerpt":{"rendered":"<p>Rephiro Bioharmonisierer \u2013 Wenn Zellen wieder lernen zu singen Stellen Sie die nat\u00fcrliche Harmonie Ihres K\u00f6rpers wieder her Ihr K\u00f6rper wei\u00df, wie er sich selbst heilen kann. Alles, was er braucht, ist die richtige Frequenz, um sein nat\u00fcrliches Gleichgewicht wiederzufinden. Der Rephiro Bioharmonisierer (Rife-Maschine) ist ein kompaktes Ger\u00e4t, das Ihre Gesundheit f\u00f6rdert, die Vitalit\u00e4t steigert&#8230;<\/p>\n","protected":false},"featured_media":0,"comment_status":"open","ping_status":"closed","template":"","meta":[],"product_brand":[],"product_cat":[943],"product_tag":[],"class_list":{"0":"post-11847","1":"product","2":"type-product","3":"status-publish","5":"product_cat-andere","7":"first","8":"instock","9":"taxable","10":"shipping-taxable","11":"product-type-simple"},"yoast_head":"<!-- This site is optimized with the Yoast SEO Premium plugin v23.6 (Yoast SEO v27.2) - https:\/\/yoast.com\/product\/yoast-seo-premium-wordpress\/ -->\n<title>Rephiro Bioharmonisierer | Integrierte Rife-Maschine | Phipower - Phipower<\/title>\n<meta name=\"robots\" content=\"index, follow, max-snippet:-1, max-image-preview:large, max-video-preview:-1\" \/>\n<link rel=\"canonical\" href=\"https:\/\/phipower.org\/de\/product\/rephiro-bioharmonisierer-integrierte-rife-maschine-phipower-2\/\" \/>\n<meta property=\"og:locale\" content=\"de_DE\" \/>\n<meta property=\"og:type\" content=\"article\" \/>\n<meta property=\"og:title\" content=\"Rephiro Bioharmonisierer | Integrierte Rife-Maschine | Phipower\" \/>\n<meta property=\"og:description\" content=\"Rephiro Bioharmonisierer \u2013 Wenn Zellen wieder lernen zu singen Stellen Sie die nat\u00fcrliche Harmonie Ihres K\u00f6rpers wieder her Ihr K\u00f6rper wei\u00df, wie er sich selbst heilen kann. Alles, was er braucht, ist die richtige Frequenz, um sein nat\u00fcrliches Gleichgewicht wiederzufinden. Der Rephiro Bioharmonisierer (Rife-Maschine) ist ein kompaktes Ger\u00e4t, das Ihre Gesundheit f\u00f6rdert, die Vitalit\u00e4t steigert...\" \/>\n<meta property=\"og:url\" content=\"https:\/\/phipower.org\/de\/product\/rephiro-bioharmonisierer-integrierte-rife-maschine-phipower-2\/\" \/>\n<meta property=\"og:site_name\" content=\"Phipower\" \/>\n<meta property=\"article:publisher\" content=\"https:\/\/www.facebook.com\/phipowertools\/\" \/>\n<meta property=\"og:image\" content=\"https:\/\/phipower.org\/wp-content\/uploads\/2019\/07\/Stroomschema-Phipower.jpg\" \/>\n\t<meta property=\"og:image:width\" content=\"1920\" \/>\n\t<meta property=\"og:image:height\" content=\"1080\" \/>\n\t<meta property=\"og:image:type\" content=\"image\/jpeg\" \/>\n<meta name=\"twitter:card\" content=\"summary_large_image\" \/>\n<meta name=\"twitter:site\" content=\"@phipower1\" \/>\n<meta name=\"twitter:label1\" content=\"Preis\" \/>\n\t<meta name=\"twitter:data1\" content=\"\" \/>\n\t<meta name=\"twitter:label2\" content=\"Verf\u00fcgbarkeit\" \/>\n\t<meta name=\"twitter:data2\" content=\"Auf Lager\" \/>\n<script type=\"application\/ld+json\" class=\"yoast-schema-graph\">{\"@context\":\"https:\/\/schema.org\",\"@graph\":[{\"@type\":\"WebPage\",\"@id\":\"https:\/\/phipower.org\/de\/product\/rephiro-bioharmonisierer-integrierte-rife-maschine-phipower-2\/\",\"url\":\"https:\/\/phipower.org\/de\/product\/rephiro-bioharmonisierer-integrierte-rife-maschine-phipower-2\/\",\"name\":\"Rephiro Bioharmonisierer | Integrierte Rife-Maschine | Phipower - Phipower\",\"isPartOf\":{\"@id\":\"https:\/\/phipower.org\/de\/#website\"},\"datePublished\":\"2026-05-11T21:52:34+00:00\",\"breadcrumb\":{\"@id\":\"https:\/\/phipower.org\/de\/product\/rephiro-bioharmonisierer-integrierte-rife-maschine-phipower-2\/#breadcrumb\"},\"inLanguage\":\"de\",\"potentialAction\":[{\"@type\":\"ReadAction\",\"target\":[\"https:\/\/phipower.org\/de\/product\/rephiro-bioharmonisierer-integrierte-rife-maschine-phipower-2\/\"]}]},{\"@type\":\"BreadcrumbList\",\"@id\":\"https:\/\/phipower.org\/de\/product\/rephiro-bioharmonisierer-integrierte-rife-maschine-phipower-2\/#breadcrumb\",\"itemListElement\":[{\"@type\":\"ListItem\",\"position\":1,\"name\":\"Home\",\"item\":\"https:\/\/phipower.org\/de\/\"},{\"@type\":\"ListItem\",\"position\":2,\"name\":\"Shop\",\"item\":\"https:\/\/phipower.org\/shop\/\"},{\"@type\":\"ListItem\",\"position\":3,\"name\":\"Rephiro Bioharmonisierer | Integrierte Rife-Maschine | Phipower\"}]},{\"@type\":\"WebSite\",\"@id\":\"https:\/\/phipower.org\/de\/#website\",\"url\":\"https:\/\/phipower.org\/de\/\",\"name\":\"Phipower: innovatieve gezondheidsproducten\",\"description\":\"De kracht van een perfecte gezondheid\",\"publisher\":{\"@id\":\"https:\/\/phipower.org\/de\/#organization\"},\"potentialAction\":[{\"@type\":\"SearchAction\",\"target\":{\"@type\":\"EntryPoint\",\"urlTemplate\":\"https:\/\/phipower.org\/de\/?s={search_term_string}\"},\"query-input\":{\"@type\":\"PropertyValueSpecification\",\"valueRequired\":true,\"valueName\":\"search_term_string\"}}],\"inLanguage\":\"de\"},{\"@type\":\"Organization\",\"@id\":\"https:\/\/phipower.org\/de\/#organization\",\"name\":\"Phipower\",\"url\":\"https:\/\/phipower.org\/de\/\",\"logo\":{\"@type\":\"ImageObject\",\"inLanguage\":\"de\",\"@id\":\"https:\/\/phipower.org\/de\/#\/schema\/logo\/image\/\",\"url\":\"https:\/\/phipower.org\/wp-content\/uploads\/2019\/06\/z-logo-RGB-wit-power.png\",\"contentUrl\":\"https:\/\/phipower.org\/wp-content\/uploads\/2019\/06\/z-logo-RGB-wit-power.png\",\"width\":3273,\"height\":1389,\"caption\":\"Phipower\"},\"image\":{\"@id\":\"https:\/\/phipower.org\/de\/#\/schema\/logo\/image\/\"},\"sameAs\":[\"https:\/\/www.facebook.com\/phipowertools\/\",\"https:\/\/x.com\/phipower1\",\"https:\/\/www.tiktok.com\/@phipowerhealth\"]}]}<\/script>\n<meta property=\"product:price:currency\" content=\"EUR\" \/>\n<meta property=\"og:availability\" content=\"instock\" \/>\n<meta property=\"product:availability\" content=\"instock\" \/>\n<meta property=\"product:condition\" content=\"new\" \/>\n<!-- \/ Yoast SEO Premium plugin. -->","yoast_head_json":{"title":"Rephiro Bioharmonisierer | Integrierte Rife-Maschine | Phipower - Phipower","robots":{"index":"index","follow":"follow","max-snippet":"max-snippet:-1","max-image-preview":"max-image-preview:large","max-video-preview":"max-video-preview:-1"},"canonical":"https:\/\/phipower.org\/de\/product\/rephiro-bioharmonisierer-integrierte-rife-maschine-phipower-2\/","og_locale":"de_DE","og_type":"article","og_title":"Rephiro Bioharmonisierer | Integrierte Rife-Maschine | Phipower","og_description":"Rephiro Bioharmonisierer \u2013 Wenn Zellen wieder lernen zu singen Stellen Sie die nat\u00fcrliche Harmonie Ihres K\u00f6rpers wieder her Ihr K\u00f6rper wei\u00df, wie er sich selbst heilen kann. Alles, was er braucht, ist die richtige Frequenz, um sein nat\u00fcrliches Gleichgewicht wiederzufinden. Der Rephiro Bioharmonisierer (Rife-Maschine) ist ein kompaktes Ger\u00e4t, das Ihre Gesundheit f\u00f6rdert, die Vitalit\u00e4t steigert...","og_url":"https:\/\/phipower.org\/de\/product\/rephiro-bioharmonisierer-integrierte-rife-maschine-phipower-2\/","og_site_name":"Phipower","article_publisher":"https:\/\/www.facebook.com\/phipowertools\/","og_image":[{"width":1920,"height":1080,"url":"https:\/\/phipower.org\/wp-content\/uploads\/2019\/07\/Stroomschema-Phipower.jpg","type":"image\/jpeg"}],"twitter_card":"summary_large_image","twitter_site":"@phipower1","twitter_misc":{"Preis":"","Verf\u00fcgbarkeit":"Auf Lager"},"schema":{"@context":"https:\/\/schema.org","@graph":[{"@type":"WebPage","@id":"https:\/\/phipower.org\/de\/product\/rephiro-bioharmonisierer-integrierte-rife-maschine-phipower-2\/","url":"https:\/\/phipower.org\/de\/product\/rephiro-bioharmonisierer-integrierte-rife-maschine-phipower-2\/","name":"Rephiro Bioharmonisierer | Integrierte Rife-Maschine | Phipower - Phipower","isPartOf":{"@id":"https:\/\/phipower.org\/de\/#website"},"datePublished":"2026-05-11T21:52:34+00:00","breadcrumb":{"@id":"https:\/\/phipower.org\/de\/product\/rephiro-bioharmonisierer-integrierte-rife-maschine-phipower-2\/#breadcrumb"},"inLanguage":"de","potentialAction":[{"@type":"ReadAction","target":["https:\/\/phipower.org\/de\/product\/rephiro-bioharmonisierer-integrierte-rife-maschine-phipower-2\/"]}]},{"@type":"BreadcrumbList","@id":"https:\/\/phipower.org\/de\/product\/rephiro-bioharmonisierer-integrierte-rife-maschine-phipower-2\/#breadcrumb","itemListElement":[{"@type":"ListItem","position":1,"name":"Home","item":"https:\/\/phipower.org\/de\/"},{"@type":"ListItem","position":2,"name":"Shop","item":"https:\/\/phipower.org\/shop\/"},{"@type":"ListItem","position":3,"name":"Rephiro Bioharmonisierer | Integrierte Rife-Maschine | Phipower"}]},{"@type":"WebSite","@id":"https:\/\/phipower.org\/de\/#website","url":"https:\/\/phipower.org\/de\/","name":"Phipower: innovatieve gezondheidsproducten","description":"De kracht van een perfecte gezondheid","publisher":{"@id":"https:\/\/phipower.org\/de\/#organization"},"potentialAction":[{"@type":"SearchAction","target":{"@type":"EntryPoint","urlTemplate":"https:\/\/phipower.org\/de\/?s={search_term_string}"},"query-input":{"@type":"PropertyValueSpecification","valueRequired":true,"valueName":"search_term_string"}}],"inLanguage":"de"},{"@type":"Organization","@id":"https:\/\/phipower.org\/de\/#organization","name":"Phipower","url":"https:\/\/phipower.org\/de\/","logo":{"@type":"ImageObject","inLanguage":"de","@id":"https:\/\/phipower.org\/de\/#\/schema\/logo\/image\/","url":"https:\/\/phipower.org\/wp-content\/uploads\/2019\/06\/z-logo-RGB-wit-power.png","contentUrl":"https:\/\/phipower.org\/wp-content\/uploads\/2019\/06\/z-logo-RGB-wit-power.png","width":3273,"height":1389,"caption":"Phipower"},"image":{"@id":"https:\/\/phipower.org\/de\/#\/schema\/logo\/image\/"},"sameAs":["https:\/\/www.facebook.com\/phipowertools\/","https:\/\/x.com\/phipower1","https:\/\/www.tiktok.com\/@phipowerhealth"]}]},"product_price_currency":"EUR","og_availability":"instock","product_availability":"instock","product_condition":"new"},"_links":{"self":[{"href":"https:\/\/phipower.org\/de\/wp-json\/wp\/v2\/product\/11847","targetHints":{"allow":["GET"]}}],"collection":[{"href":"https:\/\/phipower.org\/de\/wp-json\/wp\/v2\/product"}],"about":[{"href":"https:\/\/phipower.org\/de\/wp-json\/wp\/v2\/types\/product"}],"replies":[{"embeddable":true,"href":"https:\/\/phipower.org\/de\/wp-json\/wp\/v2\/comments?post=11847"}],"wp:attachment":[{"href":"https:\/\/phipower.org\/de\/wp-json\/wp\/v2\/media?parent=11847"}],"wp:term":[{"taxonomy":"product_brand","embeddable":true,"href":"https:\/\/phipower.org\/de\/wp-json\/wp\/v2\/product_brand?post=11847"},{"taxonomy":"product_cat","embeddable":true,"href":"https:\/\/phipower.org\/de\/wp-json\/wp\/v2\/product_cat?post=11847"},{"taxonomy":"product_tag","embeddable":true,"href":"https:\/\/phipower.org\/de\/wp-json\/wp\/v2\/product_tag?post=11847"}],"curies":[{"name":"wp","href":"https:\/\/api.w.org\/{rel}","templated":true}]}}