{"id":2951,"date":"2018-09-04T21:41:50","date_gmt":"2018-09-04T21:41:50","guid":{"rendered":"https:\/\/phipower.org\/zahlungsmoeglichkeiten\/"},"modified":"2023-08-16T16:02:14","modified_gmt":"2023-08-16T16:02:14","slug":"zahlungsmoeglichkeiten","status":"publish","type":"page","link":"https:\/\/phipower.org\/de\/zahlungsmoeglichkeiten\/","title":{"rendered":"Zahlungsm\u00f6glichkeiten"},"content":{"rendered":"\n  <div class=\"banner has-hover is-full-height has-parallax\" id=\"banner-572262039\">\n          <div class=\"banner-inner fill\">\n        <div class=\"banner-bg fill\" data-parallax=\"-10\" data-parallax-container=\".banner\" data-parallax-background>\n            <img decoding=\"async\" width=\"1020\" height=\"682\" src=\"https:\/\/phipower.org\/wp-content\/uploads\/2018\/09\/andre-francois-557694-unsplash-1197x800.jpg\" class=\"bg attachment-large size-large\" alt=\"\" \/>                        <div class=\"overlay\"><\/div>            \n                    <\/div>\n\t\t\n        <div class=\"banner-layers container\">\n            <div class=\"fill banner-link\"><\/div>            \n   <div id=\"text-box-79034634\" class=\"text-box banner-layer x50 md-x50 lg-x50 y50 md-y50 lg-y50 res-text\">\n                                <div class=\"text-box-content text dark\">\n              \n              <div class=\"text-inner text-center\">\n                  \n<h3 class=\"uppercase\" style=\"text-align: left;\">Zahlungsm\u00f6glichkeiten<\/h3>\n<p style=\"text-align: left;\">\u00dcber Phipower ist es m\u00f6glich, mit bekannten Zahlungsmethoden wie iDeal, Paypal, Bitcoin, verschiedenen Kreditkarten und Afterpay zu bezahlen.<\/p>\n<p style=\"text-align: left;\">Diese Zahlungsarten k\u00f6nnen w\u00e4hrend des Bestellvorgangs im Dropdown-Men\u00fc ausgew\u00e4hlt werden.<\/p>\n<p style=\"text-align: left;\">Dar\u00fcber hinaus ist die Zahlung in 50+ <a href=\"https:\/\/nl.wikipedia.org\/wiki\/Cryptogeld\">Kryptow\u00e4hrungen<\/a> m\u00f6glich.<\/p>\n<p style=\"text-align: left;\">In der Tat gibt es neben Bitcoin eine gro\u00dfe Anzahl von Kryptow\u00e4hrungen (wie NEO, LiteCoin, DigiByte, Verge, Dash und Monero), die eine schnelle und sichere Zahlungsm\u00f6glichkeit bieten.<\/p>\n<p style=\"text-align: left;\">Phipower unterst\u00fctzt Zahlungen in ausgew\u00e4hlten Kryptow\u00e4hrungen, da es sich um von der Gemeinschaft entwickelte Tauschmittel handelt.<\/p>\n<p style=\"text-align: left;\">Die Kryptow\u00e4hrungen basieren auf der Blockchain-Technologie, die es erm\u00f6glicht, Transaktionen weltweit, kosteng\u00fcnstig, \u00e4u\u00dferst zuverl\u00e4ssig und mit einem hohen Ma\u00df an Privatsph\u00e4re durchzuf\u00fchren.<\/p>\n<p style=\"text-align: left;\">Weitere Informationen \u00fcber Bitcoin und Kryptow\u00e4hrungen finden Sie im<strong><br \/>\n  <a href=\"http:\/\/www.watisbitcoin.nl\/wat_is_bitcoin.php\"> folgenden Artikel<\/a><br \/>\n<\/strong>.<\/p>\n<p style=\"text-align: left;\">Klicken Sie auf die Schaltfl\u00e4che unten, um eine Liste der Kryptom\u00fcnzen anzuzeigen, mit denen Sie bei Phipower bezahlen k\u00f6nnen.<\/p>\n<a href=\"https:\/\/www.coinpayments.net\/supported-coins\" class=\"button secondary\" >\n\t\t<span>Unterst\u00fctzte Kryptow\u00e4hrungen<\/span>\n\t<\/a>\n\n              <\/div>\n           <\/div>\n                            \n<style>\n#text-box-79034634 {\n  width: 60%;\n}\n#text-box-79034634 .text-box-content {\n  font-size: 100%;\n}\n<\/style>\n    <\/div>\n \n        <\/div>\n      <\/div>\n\n            \n<style>\n#banner-572262039 {\n  padding-top: 100%;\n}\n#banner-572262039 .overlay {\n  background-color: rgba(0, 0, 0, 0.17);\n}\n<\/style>\n  <\/div>\n\n\n","protected":false},"excerpt":{"rendered":"","protected":false},"author":19,"featured_media":0,"parent":0,"menu_order":0,"comment_status":"closed","ping_status":"closed","template":"page-blank.php","meta":{"footnotes":""},"class_list":["post-2951","page","type-page","status-publish","hentry"],"yoast_head":"<!-- This site is optimized with the Yoast SEO Premium plugin v23.6 (Yoast SEO v27.2) - https:\/\/yoast.com\/product\/yoast-seo-premium-wordpress\/ -->\n<title>Zahlungsm\u00f6glichkeiten - Phipower<\/title>\n<meta name=\"robots\" content=\"index, follow, max-snippet:-1, max-image-preview:large, max-video-preview:-1\" \/>\n<link rel=\"canonical\" href=\"https:\/\/phipower.org\/de\/zahlungsmoeglichkeiten\/\" \/>\n<meta property=\"og:locale\" content=\"de_DE\" \/>\n<meta property=\"og:type\" content=\"article\" \/>\n<meta property=\"og:title\" content=\"Zahlungsm\u00f6glichkeiten\" \/>\n<meta property=\"og:url\" content=\"https:\/\/phipower.org\/de\/zahlungsmoeglichkeiten\/\" \/>\n<meta property=\"og:site_name\" content=\"Phipower\" \/>\n<meta property=\"article:publisher\" content=\"https:\/\/www.facebook.com\/phipowertools\/\" \/>\n<meta property=\"article:modified_time\" content=\"2023-08-16T16:02:14+00:00\" \/>\n<meta property=\"og:image\" content=\"https:\/\/phipower.org\/wp-content\/uploads\/2019\/07\/Stroomschema-Phipower.jpg\" \/>\n\t<meta property=\"og:image:width\" content=\"1920\" \/>\n\t<meta property=\"og:image:height\" content=\"1080\" \/>\n\t<meta property=\"og:image:type\" content=\"image\/jpeg\" \/>\n<meta name=\"twitter:card\" content=\"summary_large_image\" \/>\n<meta name=\"twitter:site\" content=\"@phipower1\" \/>\n<meta name=\"twitter:label1\" content=\"Gesch\u00e4tzte Lesezeit\" \/>\n\t<meta name=\"twitter:data1\" content=\"1\u00a0Minute\" \/>\n<script type=\"application\/ld+json\" class=\"yoast-schema-graph\">{\"@context\":\"https:\/\/schema.org\",\"@graph\":[{\"@type\":\"WebPage\",\"@id\":\"https:\/\/phipower.org\/de\/zahlungsmoeglichkeiten\/\",\"url\":\"https:\/\/phipower.org\/de\/zahlungsmoeglichkeiten\/\",\"name\":\"Zahlungsm\u00f6glichkeiten - Phipower\",\"isPartOf\":{\"@id\":\"https:\/\/phipower.org\/de\/#website\"},\"datePublished\":\"2018-09-04T21:41:50+00:00\",\"dateModified\":\"2023-08-16T16:02:14+00:00\",\"breadcrumb\":{\"@id\":\"https:\/\/phipower.org\/de\/zahlungsmoeglichkeiten\/#breadcrumb\"},\"inLanguage\":\"de\",\"potentialAction\":[{\"@type\":\"ReadAction\",\"target\":[\"https:\/\/phipower.org\/de\/zahlungsmoeglichkeiten\/\"]}]},{\"@type\":\"BreadcrumbList\",\"@id\":\"https:\/\/phipower.org\/de\/zahlungsmoeglichkeiten\/#breadcrumb\",\"itemListElement\":[{\"@type\":\"ListItem\",\"position\":1,\"name\":\"Home\",\"item\":\"https:\/\/phipower.org\/de\/\"},{\"@type\":\"ListItem\",\"position\":2,\"name\":\"Zahlungsm\u00f6glichkeiten\"}]},{\"@type\":\"WebSite\",\"@id\":\"https:\/\/phipower.org\/de\/#website\",\"url\":\"https:\/\/phipower.org\/de\/\",\"name\":\"Phipower: innovatieve gezondheidsproducten\",\"description\":\"De kracht van een perfecte gezondheid\",\"publisher\":{\"@id\":\"https:\/\/phipower.org\/de\/#organization\"},\"potentialAction\":[{\"@type\":\"SearchAction\",\"target\":{\"@type\":\"EntryPoint\",\"urlTemplate\":\"https:\/\/phipower.org\/de\/?s={search_term_string}\"},\"query-input\":{\"@type\":\"PropertyValueSpecification\",\"valueRequired\":true,\"valueName\":\"search_term_string\"}}],\"inLanguage\":\"de\"},{\"@type\":\"Organization\",\"@id\":\"https:\/\/phipower.org\/de\/#organization\",\"name\":\"Phipower\",\"url\":\"https:\/\/phipower.org\/de\/\",\"logo\":{\"@type\":\"ImageObject\",\"inLanguage\":\"de\",\"@id\":\"https:\/\/phipower.org\/de\/#\/schema\/logo\/image\/\",\"url\":\"https:\/\/phipower.org\/wp-content\/uploads\/2019\/06\/z-logo-RGB-wit-power.png\",\"contentUrl\":\"https:\/\/phipower.org\/wp-content\/uploads\/2019\/06\/z-logo-RGB-wit-power.png\",\"width\":3273,\"height\":1389,\"caption\":\"Phipower\"},\"image\":{\"@id\":\"https:\/\/phipower.org\/de\/#\/schema\/logo\/image\/\"},\"sameAs\":[\"https:\/\/www.facebook.com\/phipowertools\/\",\"https:\/\/x.com\/phipower1\",\"https:\/\/www.tiktok.com\/@phipowerhealth\"]}]}<\/script>\n<!-- \/ Yoast SEO Premium plugin. -->","yoast_head_json":{"title":"Zahlungsm\u00f6glichkeiten - Phipower","robots":{"index":"index","follow":"follow","max-snippet":"max-snippet:-1","max-image-preview":"max-image-preview:large","max-video-preview":"max-video-preview:-1"},"canonical":"https:\/\/phipower.org\/de\/zahlungsmoeglichkeiten\/","og_locale":"de_DE","og_type":"article","og_title":"Zahlungsm\u00f6glichkeiten","og_url":"https:\/\/phipower.org\/de\/zahlungsmoeglichkeiten\/","og_site_name":"Phipower","article_publisher":"https:\/\/www.facebook.com\/phipowertools\/","article_modified_time":"2023-08-16T16:02:14+00:00","og_image":[{"width":1920,"height":1080,"url":"https:\/\/phipower.org\/wp-content\/uploads\/2019\/07\/Stroomschema-Phipower.jpg","type":"image\/jpeg"}],"twitter_card":"summary_large_image","twitter_site":"@phipower1","twitter_misc":{"Gesch\u00e4tzte Lesezeit":"1\u00a0Minute"},"schema":{"@context":"https:\/\/schema.org","@graph":[{"@type":"WebPage","@id":"https:\/\/phipower.org\/de\/zahlungsmoeglichkeiten\/","url":"https:\/\/phipower.org\/de\/zahlungsmoeglichkeiten\/","name":"Zahlungsm\u00f6glichkeiten - Phipower","isPartOf":{"@id":"https:\/\/phipower.org\/de\/#website"},"datePublished":"2018-09-04T21:41:50+00:00","dateModified":"2023-08-16T16:02:14+00:00","breadcrumb":{"@id":"https:\/\/phipower.org\/de\/zahlungsmoeglichkeiten\/#breadcrumb"},"inLanguage":"de","potentialAction":[{"@type":"ReadAction","target":["https:\/\/phipower.org\/de\/zahlungsmoeglichkeiten\/"]}]},{"@type":"BreadcrumbList","@id":"https:\/\/phipower.org\/de\/zahlungsmoeglichkeiten\/#breadcrumb","itemListElement":[{"@type":"ListItem","position":1,"name":"Home","item":"https:\/\/phipower.org\/de\/"},{"@type":"ListItem","position":2,"name":"Zahlungsm\u00f6glichkeiten"}]},{"@type":"WebSite","@id":"https:\/\/phipower.org\/de\/#website","url":"https:\/\/phipower.org\/de\/","name":"Phipower: innovatieve gezondheidsproducten","description":"De kracht van een perfecte gezondheid","publisher":{"@id":"https:\/\/phipower.org\/de\/#organization"},"potentialAction":[{"@type":"SearchAction","target":{"@type":"EntryPoint","urlTemplate":"https:\/\/phipower.org\/de\/?s={search_term_string}"},"query-input":{"@type":"PropertyValueSpecification","valueRequired":true,"valueName":"search_term_string"}}],"inLanguage":"de"},{"@type":"Organization","@id":"https:\/\/phipower.org\/de\/#organization","name":"Phipower","url":"https:\/\/phipower.org\/de\/","logo":{"@type":"ImageObject","inLanguage":"de","@id":"https:\/\/phipower.org\/de\/#\/schema\/logo\/image\/","url":"https:\/\/phipower.org\/wp-content\/uploads\/2019\/06\/z-logo-RGB-wit-power.png","contentUrl":"https:\/\/phipower.org\/wp-content\/uploads\/2019\/06\/z-logo-RGB-wit-power.png","width":3273,"height":1389,"caption":"Phipower"},"image":{"@id":"https:\/\/phipower.org\/de\/#\/schema\/logo\/image\/"},"sameAs":["https:\/\/www.facebook.com\/phipowertools\/","https:\/\/x.com\/phipower1","https:\/\/www.tiktok.com\/@phipowerhealth"]}]}},"_links":{"self":[{"href":"https:\/\/phipower.org\/de\/wp-json\/wp\/v2\/pages\/2951","targetHints":{"allow":["GET"]}}],"collection":[{"href":"https:\/\/phipower.org\/de\/wp-json\/wp\/v2\/pages"}],"about":[{"href":"https:\/\/phipower.org\/de\/wp-json\/wp\/v2\/types\/page"}],"author":[{"embeddable":true,"href":"https:\/\/phipower.org\/de\/wp-json\/wp\/v2\/users\/19"}],"replies":[{"embeddable":true,"href":"https:\/\/phipower.org\/de\/wp-json\/wp\/v2\/comments?post=2951"}],"version-history":[{"count":3,"href":"https:\/\/phipower.org\/de\/wp-json\/wp\/v2\/pages\/2951\/revisions"}],"predecessor-version":[{"id":2954,"href":"https:\/\/phipower.org\/de\/wp-json\/wp\/v2\/pages\/2951\/revisions\/2954"}],"wp:attachment":[{"href":"https:\/\/phipower.org\/de\/wp-json\/wp\/v2\/media?parent=2951"}],"curies":[{"name":"wp","href":"https:\/\/api.w.org\/{rel}","templated":true}]}}