{"id":2945,"date":"2018-09-04T21:45:44","date_gmt":"2018-09-04T21:45:44","guid":{"rendered":"https:\/\/phipower.org\/kundenbetreuung\/"},"modified":"2023-10-26T10:55:04","modified_gmt":"2023-10-26T10:55:04","slug":"kundenbetreuung","status":"publish","type":"page","link":"https:\/\/phipower.org\/de\/kundenbetreuung\/","title":{"rendered":"Kundenbetreuung"},"content":{"rendered":"<h1>Kundendienst Phipower<\/h1>\n<div>\n<p>Haben Sie eine Frage zu einem Produkt oder Ihrer Bestellung? Wenden Sie sich an unser Kundendienstteam, das Ihnen gerne weiterhilft. Wir sind montags bis freitags von 8.30 Uhr bis 17.00 Uhr f\u00fcr Sie da. F\u00fcllen Sie das Formular auf der rechten Seite aus oder rufen Sie an unter 085 &#8211; 303 35 01.<\/p>\n<p><strong>Versand und R\u00fcckgabe<\/strong><br \/>\nHaben Sie Fragen zu einer aufgegebenen Bestellung oder R\u00fccksendung? Wenn ja, kontaktieren Sie uns bitte und halten Sie Ihre Bestellnummer bereit. Sie k\u00f6nnen uns \u00fcber unsere Telefonnummer oder E-Mail-Adresse erreichen. Bitte lesen Sie vorher unsere <a href=\"https:\/\/phipower.org\/service\/shipping-returns\/?_ga=1.120840715.2001467923.1461223340\">Liefer- und R\u00fcckgabebedingungen<\/a>.<\/p>\n<p><strong>Bearbeitung von Beschwerden<br \/>\n<\/strong>Es ist nat\u00fcrlich \u00e4rgerlich, wenn Sie sich \u00fcber den Service beschweren, wie Sie ihn erlebt haben. Wir bitten Sie jedoch, Ihre Beschwerde per E-Mail an die Abteilung Kundenkontakt zu \u00fcbermitteln. Dies kann per E-Mail, auf dem Postweg und\/oder telefonisch geschehen. Unsere Kundenbetreuer werden die Beschwerde pr\u00fcfen und versuchen, sie zur Zufriedenheit aller Beteiligten zu l\u00f6sen.<\/p>\n<p>Unsere Details:<br \/>\nMobisun\/Phipower<br \/>\nMarkenhaven 28<br \/>\n3826 AC Amersfoort<br \/>\nE-Mail: info[at]phipower[.]nl<br \/>\n085-3033501 (erreichbar von Montag bis Freitag von 8.30 Uhr bis 17.00 Uhr)<\/p>\n<p>Nach Eingang Ihrer Beschwerde erhalten Sie von uns eine Empfangsbest\u00e4tigung. Wir werden Ihre Beschwerde innerhalb von 14 Tagen nach Erhalt beantworten, sollte es l\u00e4nger dauern, werden wir Sie benachrichtigen.<\/p>\n<p>Sollten Sie damit nicht einverstanden sein, k\u00f6nnen Sie sich auch jederzeit an die Schlichtungsstelle der Stichting Webshop Keurmerk wenden, zu der Mobisun.com geh\u00f6rt. Sollte der Schlichtungsversuch aus irgendeinem Grund nicht zu einer zufriedenstellenden L\u00f6sung f\u00fchren, besteht die M\u00f6glichkeit, den Streitfall dem Schlichtungsausschuss (SGC) vorzulegen.<\/p>\n<\/div>\n","protected":false},"excerpt":{"rendered":"<p>Kundendienst Phipower Haben Sie eine Frage zu einem Produkt oder Ihrer Bestellung? Wenden Sie sich an unser Kundendienstteam, das Ihnen gerne weiterhilft. Wir sind montags bis freitags von 8.30 Uhr bis 17.00 Uhr f\u00fcr Sie da. F\u00fcllen Sie das Formular auf der rechten Seite aus oder rufen Sie an unter 085 &#8211; 303 35 01&#8230;.<\/p>\n","protected":false},"author":1,"featured_media":0,"parent":0,"menu_order":0,"comment_status":"closed","ping_status":"closed","template":"","meta":{"footnotes":""},"class_list":["post-2945","page","type-page","status-publish","hentry"],"yoast_head":"<!-- This site is optimized with the Yoast SEO Premium plugin v23.6 (Yoast SEO v27.2) - https:\/\/yoast.com\/product\/yoast-seo-premium-wordpress\/ -->\n<title>Erstklassige Kundenbetreuung bei Phipower<\/title>\n<meta name=\"description\" content=\"und entdecken Sie den au\u00dfergew\u00f6hnlichen Kundenservice bei Phipower. Unser Team ist bereit, Ihnen bei allen Fragen zu helfen und Sie auf Ihrer Wellness-Reise zu unterst\u00fctzen.\" \/>\n<meta name=\"robots\" content=\"index, follow, max-snippet:-1, max-image-preview:large, max-video-preview:-1\" \/>\n<link rel=\"canonical\" href=\"https:\/\/phipower.org\/de\/kundenbetreuung\/\" \/>\n<meta property=\"og:locale\" content=\"de_DE\" \/>\n<meta property=\"og:type\" content=\"article\" \/>\n<meta property=\"og:title\" content=\"Kundenbetreuung\" \/>\n<meta property=\"og:description\" content=\"und entdecken Sie den au\u00dfergew\u00f6hnlichen Kundenservice bei Phipower. Unser Team ist bereit, Ihnen bei allen Fragen zu helfen und Sie auf Ihrer Wellness-Reise zu unterst\u00fctzen.\" \/>\n<meta property=\"og:url\" content=\"https:\/\/phipower.org\/de\/kundenbetreuung\/\" \/>\n<meta property=\"og:site_name\" content=\"Phipower\" \/>\n<meta property=\"article:publisher\" content=\"https:\/\/www.facebook.com\/phipowertools\/\" \/>\n<meta property=\"article:modified_time\" content=\"2023-10-26T10:55:04+00:00\" \/>\n<meta property=\"og:image\" content=\"https:\/\/phipower.org\/wp-content\/uploads\/2019\/07\/Stroomschema-Phipower.jpg\" \/>\n\t<meta property=\"og:image:width\" content=\"1920\" \/>\n\t<meta property=\"og:image:height\" content=\"1080\" \/>\n\t<meta property=\"og:image:type\" content=\"image\/jpeg\" \/>\n<meta name=\"twitter:card\" content=\"summary_large_image\" \/>\n<meta name=\"twitter:site\" content=\"@phipower1\" \/>\n<meta name=\"twitter:label1\" content=\"Gesch\u00e4tzte Lesezeit\" \/>\n\t<meta name=\"twitter:data1\" content=\"1\u00a0Minute\" \/>\n<script type=\"application\/ld+json\" class=\"yoast-schema-graph\">{\"@context\":\"https:\/\/schema.org\",\"@graph\":[{\"@type\":\"WebPage\",\"@id\":\"https:\/\/phipower.org\/de\/kundenbetreuung\/\",\"url\":\"https:\/\/phipower.org\/de\/kundenbetreuung\/\",\"name\":\"Erstklassige Kundenbetreuung bei Phipower\",\"isPartOf\":{\"@id\":\"https:\/\/phipower.org\/de\/#website\"},\"datePublished\":\"2018-09-04T21:45:44+00:00\",\"dateModified\":\"2023-10-26T10:55:04+00:00\",\"description\":\"und entdecken Sie den au\u00dfergew\u00f6hnlichen Kundenservice bei Phipower. Unser Team ist bereit, Ihnen bei allen Fragen zu helfen und Sie auf Ihrer Wellness-Reise zu unterst\u00fctzen.\",\"breadcrumb\":{\"@id\":\"https:\/\/phipower.org\/de\/kundenbetreuung\/#breadcrumb\"},\"inLanguage\":\"de\",\"potentialAction\":[{\"@type\":\"ReadAction\",\"target\":[\"https:\/\/phipower.org\/de\/kundenbetreuung\/\"]}]},{\"@type\":\"BreadcrumbList\",\"@id\":\"https:\/\/phipower.org\/de\/kundenbetreuung\/#breadcrumb\",\"itemListElement\":[{\"@type\":\"ListItem\",\"position\":1,\"name\":\"Home\",\"item\":\"https:\/\/phipower.org\/de\/\"},{\"@type\":\"ListItem\",\"position\":2,\"name\":\"Kundenbetreuung\"}]},{\"@type\":\"WebSite\",\"@id\":\"https:\/\/phipower.org\/de\/#website\",\"url\":\"https:\/\/phipower.org\/de\/\",\"name\":\"Phipower: innovatieve gezondheidsproducten\",\"description\":\"De kracht van een perfecte gezondheid\",\"publisher\":{\"@id\":\"https:\/\/phipower.org\/de\/#organization\"},\"potentialAction\":[{\"@type\":\"SearchAction\",\"target\":{\"@type\":\"EntryPoint\",\"urlTemplate\":\"https:\/\/phipower.org\/de\/?s={search_term_string}\"},\"query-input\":{\"@type\":\"PropertyValueSpecification\",\"valueRequired\":true,\"valueName\":\"search_term_string\"}}],\"inLanguage\":\"de\"},{\"@type\":\"Organization\",\"@id\":\"https:\/\/phipower.org\/de\/#organization\",\"name\":\"Phipower\",\"url\":\"https:\/\/phipower.org\/de\/\",\"logo\":{\"@type\":\"ImageObject\",\"inLanguage\":\"de\",\"@id\":\"https:\/\/phipower.org\/de\/#\/schema\/logo\/image\/\",\"url\":\"https:\/\/phipower.org\/wp-content\/uploads\/2019\/06\/z-logo-RGB-wit-power.png\",\"contentUrl\":\"https:\/\/phipower.org\/wp-content\/uploads\/2019\/06\/z-logo-RGB-wit-power.png\",\"width\":3273,\"height\":1389,\"caption\":\"Phipower\"},\"image\":{\"@id\":\"https:\/\/phipower.org\/de\/#\/schema\/logo\/image\/\"},\"sameAs\":[\"https:\/\/www.facebook.com\/phipowertools\/\",\"https:\/\/x.com\/phipower1\",\"https:\/\/www.tiktok.com\/@phipowerhealth\"]}]}<\/script>\n<!-- \/ Yoast SEO Premium plugin. -->","yoast_head_json":{"title":"Erstklassige Kundenbetreuung bei Phipower","description":"und entdecken Sie den au\u00dfergew\u00f6hnlichen Kundenservice bei Phipower. Unser Team ist bereit, Ihnen bei allen Fragen zu helfen und Sie auf Ihrer Wellness-Reise zu unterst\u00fctzen.","robots":{"index":"index","follow":"follow","max-snippet":"max-snippet:-1","max-image-preview":"max-image-preview:large","max-video-preview":"max-video-preview:-1"},"canonical":"https:\/\/phipower.org\/de\/kundenbetreuung\/","og_locale":"de_DE","og_type":"article","og_title":"Kundenbetreuung","og_description":"und entdecken Sie den au\u00dfergew\u00f6hnlichen Kundenservice bei Phipower. Unser Team ist bereit, Ihnen bei allen Fragen zu helfen und Sie auf Ihrer Wellness-Reise zu unterst\u00fctzen.","og_url":"https:\/\/phipower.org\/de\/kundenbetreuung\/","og_site_name":"Phipower","article_publisher":"https:\/\/www.facebook.com\/phipowertools\/","article_modified_time":"2023-10-26T10:55:04+00:00","og_image":[{"width":1920,"height":1080,"url":"https:\/\/phipower.org\/wp-content\/uploads\/2019\/07\/Stroomschema-Phipower.jpg","type":"image\/jpeg"}],"twitter_card":"summary_large_image","twitter_site":"@phipower1","twitter_misc":{"Gesch\u00e4tzte Lesezeit":"1\u00a0Minute"},"schema":{"@context":"https:\/\/schema.org","@graph":[{"@type":"WebPage","@id":"https:\/\/phipower.org\/de\/kundenbetreuung\/","url":"https:\/\/phipower.org\/de\/kundenbetreuung\/","name":"Erstklassige Kundenbetreuung bei Phipower","isPartOf":{"@id":"https:\/\/phipower.org\/de\/#website"},"datePublished":"2018-09-04T21:45:44+00:00","dateModified":"2023-10-26T10:55:04+00:00","description":"und entdecken Sie den au\u00dfergew\u00f6hnlichen Kundenservice bei Phipower. Unser Team ist bereit, Ihnen bei allen Fragen zu helfen und Sie auf Ihrer Wellness-Reise zu unterst\u00fctzen.","breadcrumb":{"@id":"https:\/\/phipower.org\/de\/kundenbetreuung\/#breadcrumb"},"inLanguage":"de","potentialAction":[{"@type":"ReadAction","target":["https:\/\/phipower.org\/de\/kundenbetreuung\/"]}]},{"@type":"BreadcrumbList","@id":"https:\/\/phipower.org\/de\/kundenbetreuung\/#breadcrumb","itemListElement":[{"@type":"ListItem","position":1,"name":"Home","item":"https:\/\/phipower.org\/de\/"},{"@type":"ListItem","position":2,"name":"Kundenbetreuung"}]},{"@type":"WebSite","@id":"https:\/\/phipower.org\/de\/#website","url":"https:\/\/phipower.org\/de\/","name":"Phipower: innovatieve gezondheidsproducten","description":"De kracht van een perfecte gezondheid","publisher":{"@id":"https:\/\/phipower.org\/de\/#organization"},"potentialAction":[{"@type":"SearchAction","target":{"@type":"EntryPoint","urlTemplate":"https:\/\/phipower.org\/de\/?s={search_term_string}"},"query-input":{"@type":"PropertyValueSpecification","valueRequired":true,"valueName":"search_term_string"}}],"inLanguage":"de"},{"@type":"Organization","@id":"https:\/\/phipower.org\/de\/#organization","name":"Phipower","url":"https:\/\/phipower.org\/de\/","logo":{"@type":"ImageObject","inLanguage":"de","@id":"https:\/\/phipower.org\/de\/#\/schema\/logo\/image\/","url":"https:\/\/phipower.org\/wp-content\/uploads\/2019\/06\/z-logo-RGB-wit-power.png","contentUrl":"https:\/\/phipower.org\/wp-content\/uploads\/2019\/06\/z-logo-RGB-wit-power.png","width":3273,"height":1389,"caption":"Phipower"},"image":{"@id":"https:\/\/phipower.org\/de\/#\/schema\/logo\/image\/"},"sameAs":["https:\/\/www.facebook.com\/phipowertools\/","https:\/\/x.com\/phipower1","https:\/\/www.tiktok.com\/@phipowerhealth"]}]}},"_links":{"self":[{"href":"https:\/\/phipower.org\/de\/wp-json\/wp\/v2\/pages\/2945","targetHints":{"allow":["GET"]}}],"collection":[{"href":"https:\/\/phipower.org\/de\/wp-json\/wp\/v2\/pages"}],"about":[{"href":"https:\/\/phipower.org\/de\/wp-json\/wp\/v2\/types\/page"}],"author":[{"embeddable":true,"href":"https:\/\/phipower.org\/de\/wp-json\/wp\/v2\/users\/1"}],"replies":[{"embeddable":true,"href":"https:\/\/phipower.org\/de\/wp-json\/wp\/v2\/comments?post=2945"}],"version-history":[{"count":1,"href":"https:\/\/phipower.org\/de\/wp-json\/wp\/v2\/pages\/2945\/revisions"}],"predecessor-version":[{"id":2948,"href":"https:\/\/phipower.org\/de\/wp-json\/wp\/v2\/pages\/2945\/revisions\/2948"}],"wp:attachment":[{"href":"https:\/\/phipower.org\/de\/wp-json\/wp\/v2\/media?parent=2945"}],"curies":[{"name":"wp","href":"https:\/\/api.w.org\/{rel}","templated":true}]}}