{"id":2941,"date":"2018-09-04T21:49:28","date_gmt":"2018-09-04T21:49:28","guid":{"rendered":"https:\/\/phipower.org\/garantie-und-reklamationen\/"},"modified":"2023-10-26T10:56:16","modified_gmt":"2023-10-26T10:56:16","slug":"garantie-und-reklamationen","status":"publish","type":"page","link":"https:\/\/phipower.org\/de\/garantie-und-reklamationen\/","title":{"rendered":"Garantie und Reklamationen"},"content":{"rendered":"<p><strong>Garantie<\/strong><\/p>\n<p>Wir k\u00fcmmern uns um unsere Produkte und tun logischerweise unser Bestes, um sie in bestem Zustand an Sie zu liefern. Dennoch kann es vorkommen, dass eine Bestellung w\u00e4hrend des Transports kaputt geht oder etwas anderes passiert, das Sie zur Inanspruchnahme der Garantie zwingt. Gesetzlich sind Sie verpflichtet, uns den Mangel <strong>innerhalb von zwei Monaten nach seiner Entdeckung<\/strong> zu melden. Wenn der Defekt innerhalb der Garantiezeit liegt, sorgen wir f\u00fcr eine kostenlose Reparatur oder einen kostenlosen Ersatz.<\/p>\n<p><strong>Beanstandungen<\/strong><\/p>\n<p>Es kann immer passieren, dass etwas nicht ganz so l\u00e4uft wie geplant. Wir ermutigen Sie, Beschwerden zun\u00e4chst per E-Mail an info@mobisun.com zu richten. Sollte dies nicht zu einer L\u00f6sung f\u00fchren, besteht die M\u00f6glichkeit, Ihren Streitfall \u00fcber die Stichting Webshop Keurmerk via <a href=\"https:\/\/www.keurmerk.info\/nl\/consumenten\/melden\/\">https:\/\/www.keurmerk.info\/nl\/consumenten\/melden\/<\/a> zur Schlichtung einzureichen <a href=\"https:\/\/www.keurmerk.info\/nl\/consumenten\/melden\/\">.<\/a> Ab dem 15. Februar 2016 k\u00f6nnen die Verbraucher in der EU auch \u00fcber die OS-Plattform der Europ\u00e4ischen Kommission Beschwerden einreichen. Diese ODR-Plattform finden Sie unter <a href=\"http:\/\/ec.europa.eu\/odr\">http:\/\/ec.europa.eu\/odr.<\/a> Wenn Ihre Beschwerde nicht bereits an anderer Stelle anh\u00e4ngig ist, k\u00f6nnen Sie Ihre Beschwerde \u00fcber die Plattform der Europ\u00e4ischen Union einreichen.<\/p>\n","protected":false},"excerpt":{"rendered":"<p>Garantie Wir k\u00fcmmern uns um unsere Produkte und tun logischerweise unser Bestes, um sie in bestem Zustand an Sie zu liefern. Dennoch kann es vorkommen, dass eine Bestellung w\u00e4hrend des Transports kaputt geht oder etwas anderes passiert, das Sie zur Inanspruchnahme der Garantie zwingt. Gesetzlich sind Sie verpflichtet, uns den Mangel innerhalb von zwei Monaten&#8230;<\/p>\n","protected":false},"author":3,"featured_media":0,"parent":0,"menu_order":0,"comment_status":"closed","ping_status":"closed","template":"","meta":{"footnotes":""},"class_list":["post-2941","page","type-page","status-publish","hentry"],"yoast_head":"<!-- This site is optimized with the Yoast SEO Premium plugin v23.6 (Yoast SEO v27.2) - https:\/\/yoast.com\/product\/yoast-seo-premium-wordpress\/ -->\n<title>Garantie- und Beschwerdepolitik - Phipower<\/title>\n<meta name=\"description\" content=\"Lesen Sie mehr \u00fcber die Garantie- und Beschwerdepolitik von Phipower. Ihre Zufriedenheit ist unsere Priorit\u00e4t, und wir tun alles, um auf Ihre Bedenken einzugehen und Ihre Zufriedenheit mit unseren Produkten zu gew\u00e4hrleisten.\" \/>\n<meta name=\"robots\" content=\"index, follow, max-snippet:-1, max-image-preview:large, max-video-preview:-1\" \/>\n<link rel=\"canonical\" href=\"https:\/\/phipower.org\/de\/garantie-und-reklamationen\/\" \/>\n<meta property=\"og:locale\" content=\"de_DE\" \/>\n<meta property=\"og:type\" content=\"article\" \/>\n<meta property=\"og:title\" content=\"Garantie und Reklamationen\" \/>\n<meta property=\"og:description\" content=\"Lesen Sie mehr \u00fcber die Garantie- und Beschwerdepolitik von Phipower. Ihre Zufriedenheit ist unsere Priorit\u00e4t, und wir tun alles, um auf Ihre Bedenken einzugehen und Ihre Zufriedenheit mit unseren Produkten zu gew\u00e4hrleisten.\" \/>\n<meta property=\"og:url\" content=\"https:\/\/phipower.org\/de\/garantie-und-reklamationen\/\" \/>\n<meta property=\"og:site_name\" content=\"Phipower\" \/>\n<meta property=\"article:publisher\" content=\"https:\/\/www.facebook.com\/phipowertools\/\" \/>\n<meta property=\"article:modified_time\" content=\"2023-10-26T10:56:16+00:00\" \/>\n<meta property=\"og:image\" content=\"https:\/\/phipower.org\/wp-content\/uploads\/2019\/07\/Stroomschema-Phipower.jpg\" \/>\n\t<meta property=\"og:image:width\" content=\"1920\" \/>\n\t<meta property=\"og:image:height\" content=\"1080\" \/>\n\t<meta property=\"og:image:type\" content=\"image\/jpeg\" \/>\n<meta name=\"twitter:card\" content=\"summary_large_image\" \/>\n<meta name=\"twitter:site\" content=\"@phipower1\" \/>\n<meta name=\"twitter:label1\" content=\"Gesch\u00e4tzte Lesezeit\" \/>\n\t<meta name=\"twitter:data1\" content=\"1\u00a0Minute\" \/>\n<script type=\"application\/ld+json\" class=\"yoast-schema-graph\">{\"@context\":\"https:\/\/schema.org\",\"@graph\":[{\"@type\":\"WebPage\",\"@id\":\"https:\/\/phipower.org\/de\/garantie-und-reklamationen\/\",\"url\":\"https:\/\/phipower.org\/de\/garantie-und-reklamationen\/\",\"name\":\"Garantie- und Beschwerdepolitik - Phipower\",\"isPartOf\":{\"@id\":\"https:\/\/phipower.org\/de\/#website\"},\"datePublished\":\"2018-09-04T21:49:28+00:00\",\"dateModified\":\"2023-10-26T10:56:16+00:00\",\"description\":\"Lesen Sie mehr \u00fcber die Garantie- und Beschwerdepolitik von Phipower. Ihre Zufriedenheit ist unsere Priorit\u00e4t, und wir tun alles, um auf Ihre Bedenken einzugehen und Ihre Zufriedenheit mit unseren Produkten zu gew\u00e4hrleisten.\",\"breadcrumb\":{\"@id\":\"https:\/\/phipower.org\/de\/garantie-und-reklamationen\/#breadcrumb\"},\"inLanguage\":\"de\",\"potentialAction\":[{\"@type\":\"ReadAction\",\"target\":[\"https:\/\/phipower.org\/de\/garantie-und-reklamationen\/\"]}]},{\"@type\":\"BreadcrumbList\",\"@id\":\"https:\/\/phipower.org\/de\/garantie-und-reklamationen\/#breadcrumb\",\"itemListElement\":[{\"@type\":\"ListItem\",\"position\":1,\"name\":\"Home\",\"item\":\"https:\/\/phipower.org\/de\/\"},{\"@type\":\"ListItem\",\"position\":2,\"name\":\"Garantie und Reklamationen\"}]},{\"@type\":\"WebSite\",\"@id\":\"https:\/\/phipower.org\/de\/#website\",\"url\":\"https:\/\/phipower.org\/de\/\",\"name\":\"Phipower: innovatieve gezondheidsproducten\",\"description\":\"De kracht van een perfecte gezondheid\",\"publisher\":{\"@id\":\"https:\/\/phipower.org\/de\/#organization\"},\"potentialAction\":[{\"@type\":\"SearchAction\",\"target\":{\"@type\":\"EntryPoint\",\"urlTemplate\":\"https:\/\/phipower.org\/de\/?s={search_term_string}\"},\"query-input\":{\"@type\":\"PropertyValueSpecification\",\"valueRequired\":true,\"valueName\":\"search_term_string\"}}],\"inLanguage\":\"de\"},{\"@type\":\"Organization\",\"@id\":\"https:\/\/phipower.org\/de\/#organization\",\"name\":\"Phipower\",\"url\":\"https:\/\/phipower.org\/de\/\",\"logo\":{\"@type\":\"ImageObject\",\"inLanguage\":\"de\",\"@id\":\"https:\/\/phipower.org\/de\/#\/schema\/logo\/image\/\",\"url\":\"https:\/\/phipower.org\/wp-content\/uploads\/2019\/06\/z-logo-RGB-wit-power.png\",\"contentUrl\":\"https:\/\/phipower.org\/wp-content\/uploads\/2019\/06\/z-logo-RGB-wit-power.png\",\"width\":3273,\"height\":1389,\"caption\":\"Phipower\"},\"image\":{\"@id\":\"https:\/\/phipower.org\/de\/#\/schema\/logo\/image\/\"},\"sameAs\":[\"https:\/\/www.facebook.com\/phipowertools\/\",\"https:\/\/x.com\/phipower1\",\"https:\/\/www.tiktok.com\/@phipowerhealth\"]}]}<\/script>\n<!-- \/ Yoast SEO Premium plugin. -->","yoast_head_json":{"title":"Garantie- und Beschwerdepolitik - Phipower","description":"Lesen Sie mehr \u00fcber die Garantie- und Beschwerdepolitik von Phipower. Ihre Zufriedenheit ist unsere Priorit\u00e4t, und wir tun alles, um auf Ihre Bedenken einzugehen und Ihre Zufriedenheit mit unseren Produkten zu gew\u00e4hrleisten.","robots":{"index":"index","follow":"follow","max-snippet":"max-snippet:-1","max-image-preview":"max-image-preview:large","max-video-preview":"max-video-preview:-1"},"canonical":"https:\/\/phipower.org\/de\/garantie-und-reklamationen\/","og_locale":"de_DE","og_type":"article","og_title":"Garantie und Reklamationen","og_description":"Lesen Sie mehr \u00fcber die Garantie- und Beschwerdepolitik von Phipower. Ihre Zufriedenheit ist unsere Priorit\u00e4t, und wir tun alles, um auf Ihre Bedenken einzugehen und Ihre Zufriedenheit mit unseren Produkten zu gew\u00e4hrleisten.","og_url":"https:\/\/phipower.org\/de\/garantie-und-reklamationen\/","og_site_name":"Phipower","article_publisher":"https:\/\/www.facebook.com\/phipowertools\/","article_modified_time":"2023-10-26T10:56:16+00:00","og_image":[{"width":1920,"height":1080,"url":"https:\/\/phipower.org\/wp-content\/uploads\/2019\/07\/Stroomschema-Phipower.jpg","type":"image\/jpeg"}],"twitter_card":"summary_large_image","twitter_site":"@phipower1","twitter_misc":{"Gesch\u00e4tzte Lesezeit":"1\u00a0Minute"},"schema":{"@context":"https:\/\/schema.org","@graph":[{"@type":"WebPage","@id":"https:\/\/phipower.org\/de\/garantie-und-reklamationen\/","url":"https:\/\/phipower.org\/de\/garantie-und-reklamationen\/","name":"Garantie- und Beschwerdepolitik - Phipower","isPartOf":{"@id":"https:\/\/phipower.org\/de\/#website"},"datePublished":"2018-09-04T21:49:28+00:00","dateModified":"2023-10-26T10:56:16+00:00","description":"Lesen Sie mehr \u00fcber die Garantie- und Beschwerdepolitik von Phipower. Ihre Zufriedenheit ist unsere Priorit\u00e4t, und wir tun alles, um auf Ihre Bedenken einzugehen und Ihre Zufriedenheit mit unseren Produkten zu gew\u00e4hrleisten.","breadcrumb":{"@id":"https:\/\/phipower.org\/de\/garantie-und-reklamationen\/#breadcrumb"},"inLanguage":"de","potentialAction":[{"@type":"ReadAction","target":["https:\/\/phipower.org\/de\/garantie-und-reklamationen\/"]}]},{"@type":"BreadcrumbList","@id":"https:\/\/phipower.org\/de\/garantie-und-reklamationen\/#breadcrumb","itemListElement":[{"@type":"ListItem","position":1,"name":"Home","item":"https:\/\/phipower.org\/de\/"},{"@type":"ListItem","position":2,"name":"Garantie und Reklamationen"}]},{"@type":"WebSite","@id":"https:\/\/phipower.org\/de\/#website","url":"https:\/\/phipower.org\/de\/","name":"Phipower: innovatieve gezondheidsproducten","description":"De kracht van een perfecte gezondheid","publisher":{"@id":"https:\/\/phipower.org\/de\/#organization"},"potentialAction":[{"@type":"SearchAction","target":{"@type":"EntryPoint","urlTemplate":"https:\/\/phipower.org\/de\/?s={search_term_string}"},"query-input":{"@type":"PropertyValueSpecification","valueRequired":true,"valueName":"search_term_string"}}],"inLanguage":"de"},{"@type":"Organization","@id":"https:\/\/phipower.org\/de\/#organization","name":"Phipower","url":"https:\/\/phipower.org\/de\/","logo":{"@type":"ImageObject","inLanguage":"de","@id":"https:\/\/phipower.org\/de\/#\/schema\/logo\/image\/","url":"https:\/\/phipower.org\/wp-content\/uploads\/2019\/06\/z-logo-RGB-wit-power.png","contentUrl":"https:\/\/phipower.org\/wp-content\/uploads\/2019\/06\/z-logo-RGB-wit-power.png","width":3273,"height":1389,"caption":"Phipower"},"image":{"@id":"https:\/\/phipower.org\/de\/#\/schema\/logo\/image\/"},"sameAs":["https:\/\/www.facebook.com\/phipowertools\/","https:\/\/x.com\/phipower1","https:\/\/www.tiktok.com\/@phipowerhealth"]}]}},"_links":{"self":[{"href":"https:\/\/phipower.org\/de\/wp-json\/wp\/v2\/pages\/2941","targetHints":{"allow":["GET"]}}],"collection":[{"href":"https:\/\/phipower.org\/de\/wp-json\/wp\/v2\/pages"}],"about":[{"href":"https:\/\/phipower.org\/de\/wp-json\/wp\/v2\/types\/page"}],"author":[{"embeddable":true,"href":"https:\/\/phipower.org\/de\/wp-json\/wp\/v2\/users\/3"}],"replies":[{"embeddable":true,"href":"https:\/\/phipower.org\/de\/wp-json\/wp\/v2\/comments?post=2941"}],"version-history":[{"count":1,"href":"https:\/\/phipower.org\/de\/wp-json\/wp\/v2\/pages\/2941\/revisions"}],"predecessor-version":[{"id":2942,"href":"https:\/\/phipower.org\/de\/wp-json\/wp\/v2\/pages\/2941\/revisions\/2942"}],"wp:attachment":[{"href":"https:\/\/phipower.org\/de\/wp-json\/wp\/v2\/media?parent=2941"}],"curies":[{"name":"wp","href":"https:\/\/api.w.org\/{rel}","templated":true}]}}