{"id":2939,"date":"2018-09-04T21:48:14","date_gmt":"2018-09-04T21:48:14","guid":{"rendered":"https:\/\/phipower.org\/kontakt\/"},"modified":"2023-10-26T22:46:45","modified_gmt":"2023-10-26T22:46:45","slug":"kontakt","status":"publish","type":"page","link":"https:\/\/phipower.org\/de\/kontakt\/","title":{"rendered":"Kontakt"},"content":{"rendered":"<h2><strong>Phipower Kontaktinformationen<\/strong><\/h2>\n<p>Bei Phipower sind wir immer auf der Suche nach n\u00fctzlichen L\u00f6sungen f\u00fcr allt\u00e4gliche Probleme. Unser Kundendienst ist werktags per Telefon oder E-Mail erreichbar. Haben Sie eine Frage oder einen Kommentar zu einem unserer Produkte? Sie k\u00f6nnen uns gerne kontaktieren.<strong><br \/>\n<\/strong><\/p>\n<p><strong>Adresse der Niederlassung:<\/strong><br \/>\nPhipower<br \/>\nMarkenhaven 28<br \/>\n3826 AC Amersfoort<br \/>\nNiederlande<\/p>\n<p><strong>R\u00fccksendeadresse:<\/strong><br \/>\nPhipower<br \/>\nMarkenhaven 28<br \/>\n3826 AC Amersfoort<br \/>\nNiederlande<\/p>\n<p><strong>Rufnummer:<\/strong><br \/>\n085-3033501 (erreichbar von Montag bis Freitag von 8.30 Uhr bis 17.00 Uhr)<\/p>\n<p><strong>E-Mail:<\/strong><br \/>\ninfo@phipower.nl<\/p>\n<p><strong>Nummer der Handelskammer:<\/strong><br \/>\n68972849<\/p>\n<p><strong>Umsatzsteuer-Identifikationsnummer Niederlande:<\/strong><br \/>\nNL857669990B01<\/p>\n","protected":false},"excerpt":{"rendered":"<p>Phipower Kontaktinformationen Bei Phipower sind wir immer auf der Suche nach n\u00fctzlichen L\u00f6sungen f\u00fcr allt\u00e4gliche Probleme. Unser Kundendienst ist werktags per Telefon oder E-Mail erreichbar. Haben Sie eine Frage oder einen Kommentar zu einem unserer Produkte? Sie k\u00f6nnen uns gerne kontaktieren. Adresse der Niederlassung: Phipower Markenhaven 28 3826 AC Amersfoort Niederlande R\u00fccksendeadresse: Phipower Markenhaven 28&#8230;<\/p>\n","protected":false},"author":1,"featured_media":0,"parent":0,"menu_order":0,"comment_status":"closed","ping_status":"closed","template":"","meta":{"footnotes":""},"class_list":["post-2939","page","type-page","status-publish","hentry"],"yoast_head":"<!-- This site is optimized with the Yoast SEO Premium plugin v23.6 (Yoast SEO v27.2) - https:\/\/yoast.com\/product\/yoast-seo-premium-wordpress\/ -->\n<title>Kontaktieren Sie Phipower f\u00fcr Gesundheits- und Wellness-Unterst\u00fctzung - Kontakt<\/title>\n<meta name=\"description\" content=\"Wenden Sie sich an Phipower, wenn Sie Fragen haben oder Informationen \u00fcber unsere Gesundheits- und Wellnessprodukte w\u00fcnschen. Unser engagiertes Team ist bereit, Sie auf Ihrem Weg zum Wohlbefinden zu unterst\u00fctzen.\" \/>\n<meta name=\"robots\" content=\"index, follow, max-snippet:-1, max-image-preview:large, max-video-preview:-1\" \/>\n<link rel=\"canonical\" href=\"https:\/\/phipower.org\/de\/kontakt\/\" \/>\n<meta property=\"og:locale\" content=\"de_DE\" \/>\n<meta property=\"og:type\" content=\"article\" \/>\n<meta property=\"og:title\" content=\"Kontakt\" \/>\n<meta property=\"og:description\" content=\"Wenden Sie sich an Phipower, wenn Sie Fragen haben oder Informationen \u00fcber unsere Gesundheits- und Wellnessprodukte w\u00fcnschen. Unser engagiertes Team ist bereit, Sie auf Ihrem Weg zum Wohlbefinden zu unterst\u00fctzen.\" \/>\n<meta property=\"og:url\" content=\"https:\/\/phipower.org\/de\/kontakt\/\" \/>\n<meta property=\"og:site_name\" content=\"Phipower\" \/>\n<meta property=\"article:publisher\" content=\"https:\/\/www.facebook.com\/phipowertools\/\" \/>\n<meta property=\"article:modified_time\" content=\"2023-10-26T22:46:45+00:00\" \/>\n<meta property=\"og:image\" content=\"https:\/\/phipower.org\/wp-content\/uploads\/2019\/07\/Stroomschema-Phipower.jpg\" \/>\n\t<meta property=\"og:image:width\" content=\"1920\" \/>\n\t<meta property=\"og:image:height\" content=\"1080\" \/>\n\t<meta property=\"og:image:type\" content=\"image\/jpeg\" \/>\n<meta name=\"twitter:card\" content=\"summary_large_image\" \/>\n<meta name=\"twitter:site\" content=\"@phipower1\" \/>\n<script type=\"application\/ld+json\" class=\"yoast-schema-graph\">{\"@context\":\"https:\/\/schema.org\",\"@graph\":[{\"@type\":\"WebPage\",\"@id\":\"https:\/\/phipower.org\/de\/kontakt\/\",\"url\":\"https:\/\/phipower.org\/de\/kontakt\/\",\"name\":\"Kontaktieren Sie Phipower f\u00fcr Gesundheits- und Wellness-Unterst\u00fctzung - Kontakt\",\"isPartOf\":{\"@id\":\"https:\/\/phipower.org\/de\/#website\"},\"datePublished\":\"2018-09-04T21:48:14+00:00\",\"dateModified\":\"2023-10-26T22:46:45+00:00\",\"description\":\"Wenden Sie sich an Phipower, wenn Sie Fragen haben oder Informationen \u00fcber unsere Gesundheits- und Wellnessprodukte w\u00fcnschen. Unser engagiertes Team ist bereit, Sie auf Ihrem Weg zum Wohlbefinden zu unterst\u00fctzen.\",\"breadcrumb\":{\"@id\":\"https:\/\/phipower.org\/de\/kontakt\/#breadcrumb\"},\"inLanguage\":\"de\",\"potentialAction\":[{\"@type\":\"ReadAction\",\"target\":[\"https:\/\/phipower.org\/de\/kontakt\/\"]}]},{\"@type\":\"BreadcrumbList\",\"@id\":\"https:\/\/phipower.org\/de\/kontakt\/#breadcrumb\",\"itemListElement\":[{\"@type\":\"ListItem\",\"position\":1,\"name\":\"Home\",\"item\":\"https:\/\/phipower.org\/de\/\"},{\"@type\":\"ListItem\",\"position\":2,\"name\":\"Kontakt\"}]},{\"@type\":\"WebSite\",\"@id\":\"https:\/\/phipower.org\/de\/#website\",\"url\":\"https:\/\/phipower.org\/de\/\",\"name\":\"Phipower: innovatieve gezondheidsproducten\",\"description\":\"De kracht van een perfecte gezondheid\",\"publisher\":{\"@id\":\"https:\/\/phipower.org\/de\/#organization\"},\"potentialAction\":[{\"@type\":\"SearchAction\",\"target\":{\"@type\":\"EntryPoint\",\"urlTemplate\":\"https:\/\/phipower.org\/de\/?s={search_term_string}\"},\"query-input\":{\"@type\":\"PropertyValueSpecification\",\"valueRequired\":true,\"valueName\":\"search_term_string\"}}],\"inLanguage\":\"de\"},{\"@type\":\"Organization\",\"@id\":\"https:\/\/phipower.org\/de\/#organization\",\"name\":\"Phipower\",\"url\":\"https:\/\/phipower.org\/de\/\",\"logo\":{\"@type\":\"ImageObject\",\"inLanguage\":\"de\",\"@id\":\"https:\/\/phipower.org\/de\/#\/schema\/logo\/image\/\",\"url\":\"https:\/\/phipower.org\/wp-content\/uploads\/2019\/06\/z-logo-RGB-wit-power.png\",\"contentUrl\":\"https:\/\/phipower.org\/wp-content\/uploads\/2019\/06\/z-logo-RGB-wit-power.png\",\"width\":3273,\"height\":1389,\"caption\":\"Phipower\"},\"image\":{\"@id\":\"https:\/\/phipower.org\/de\/#\/schema\/logo\/image\/\"},\"sameAs\":[\"https:\/\/www.facebook.com\/phipowertools\/\",\"https:\/\/x.com\/phipower1\",\"https:\/\/www.tiktok.com\/@phipowerhealth\"]}]}<\/script>\n<!-- \/ Yoast SEO Premium plugin. -->","yoast_head_json":{"title":"Kontaktieren Sie Phipower f\u00fcr Gesundheits- und Wellness-Unterst\u00fctzung - Kontakt","description":"Wenden Sie sich an Phipower, wenn Sie Fragen haben oder Informationen \u00fcber unsere Gesundheits- und Wellnessprodukte w\u00fcnschen. Unser engagiertes Team ist bereit, Sie auf Ihrem Weg zum Wohlbefinden zu unterst\u00fctzen.","robots":{"index":"index","follow":"follow","max-snippet":"max-snippet:-1","max-image-preview":"max-image-preview:large","max-video-preview":"max-video-preview:-1"},"canonical":"https:\/\/phipower.org\/de\/kontakt\/","og_locale":"de_DE","og_type":"article","og_title":"Kontakt","og_description":"Wenden Sie sich an Phipower, wenn Sie Fragen haben oder Informationen \u00fcber unsere Gesundheits- und Wellnessprodukte w\u00fcnschen. Unser engagiertes Team ist bereit, Sie auf Ihrem Weg zum Wohlbefinden zu unterst\u00fctzen.","og_url":"https:\/\/phipower.org\/de\/kontakt\/","og_site_name":"Phipower","article_publisher":"https:\/\/www.facebook.com\/phipowertools\/","article_modified_time":"2023-10-26T22:46:45+00:00","og_image":[{"width":1920,"height":1080,"url":"https:\/\/phipower.org\/wp-content\/uploads\/2019\/07\/Stroomschema-Phipower.jpg","type":"image\/jpeg"}],"twitter_card":"summary_large_image","twitter_site":"@phipower1","schema":{"@context":"https:\/\/schema.org","@graph":[{"@type":"WebPage","@id":"https:\/\/phipower.org\/de\/kontakt\/","url":"https:\/\/phipower.org\/de\/kontakt\/","name":"Kontaktieren Sie Phipower f\u00fcr Gesundheits- und Wellness-Unterst\u00fctzung - Kontakt","isPartOf":{"@id":"https:\/\/phipower.org\/de\/#website"},"datePublished":"2018-09-04T21:48:14+00:00","dateModified":"2023-10-26T22:46:45+00:00","description":"Wenden Sie sich an Phipower, wenn Sie Fragen haben oder Informationen \u00fcber unsere Gesundheits- und Wellnessprodukte w\u00fcnschen. Unser engagiertes Team ist bereit, Sie auf Ihrem Weg zum Wohlbefinden zu unterst\u00fctzen.","breadcrumb":{"@id":"https:\/\/phipower.org\/de\/kontakt\/#breadcrumb"},"inLanguage":"de","potentialAction":[{"@type":"ReadAction","target":["https:\/\/phipower.org\/de\/kontakt\/"]}]},{"@type":"BreadcrumbList","@id":"https:\/\/phipower.org\/de\/kontakt\/#breadcrumb","itemListElement":[{"@type":"ListItem","position":1,"name":"Home","item":"https:\/\/phipower.org\/de\/"},{"@type":"ListItem","position":2,"name":"Kontakt"}]},{"@type":"WebSite","@id":"https:\/\/phipower.org\/de\/#website","url":"https:\/\/phipower.org\/de\/","name":"Phipower: innovatieve gezondheidsproducten","description":"De kracht van een perfecte gezondheid","publisher":{"@id":"https:\/\/phipower.org\/de\/#organization"},"potentialAction":[{"@type":"SearchAction","target":{"@type":"EntryPoint","urlTemplate":"https:\/\/phipower.org\/de\/?s={search_term_string}"},"query-input":{"@type":"PropertyValueSpecification","valueRequired":true,"valueName":"search_term_string"}}],"inLanguage":"de"},{"@type":"Organization","@id":"https:\/\/phipower.org\/de\/#organization","name":"Phipower","url":"https:\/\/phipower.org\/de\/","logo":{"@type":"ImageObject","inLanguage":"de","@id":"https:\/\/phipower.org\/de\/#\/schema\/logo\/image\/","url":"https:\/\/phipower.org\/wp-content\/uploads\/2019\/06\/z-logo-RGB-wit-power.png","contentUrl":"https:\/\/phipower.org\/wp-content\/uploads\/2019\/06\/z-logo-RGB-wit-power.png","width":3273,"height":1389,"caption":"Phipower"},"image":{"@id":"https:\/\/phipower.org\/de\/#\/schema\/logo\/image\/"},"sameAs":["https:\/\/www.facebook.com\/phipowertools\/","https:\/\/x.com\/phipower1","https:\/\/www.tiktok.com\/@phipowerhealth"]}]}},"_links":{"self":[{"href":"https:\/\/phipower.org\/de\/wp-json\/wp\/v2\/pages\/2939","targetHints":{"allow":["GET"]}}],"collection":[{"href":"https:\/\/phipower.org\/de\/wp-json\/wp\/v2\/pages"}],"about":[{"href":"https:\/\/phipower.org\/de\/wp-json\/wp\/v2\/types\/page"}],"author":[{"embeddable":true,"href":"https:\/\/phipower.org\/de\/wp-json\/wp\/v2\/users\/1"}],"replies":[{"embeddable":true,"href":"https:\/\/phipower.org\/de\/wp-json\/wp\/v2\/comments?post=2939"}],"version-history":[{"count":2,"href":"https:\/\/phipower.org\/de\/wp-json\/wp\/v2\/pages\/2939\/revisions"}],"predecessor-version":[{"id":3199,"href":"https:\/\/phipower.org\/de\/wp-json\/wp\/v2\/pages\/2939\/revisions\/3199"}],"wp:attachment":[{"href":"https:\/\/phipower.org\/de\/wp-json\/wp\/v2\/media?parent=2939"}],"curies":[{"name":"wp","href":"https:\/\/api.w.org\/{rel}","templated":true}]}}