{"id":2928,"date":"2018-09-04T21:38:04","date_gmt":"2018-09-04T21:38:04","guid":{"rendered":"https:\/\/phipower.org\/haftungsausschluss\/"},"modified":"2023-10-26T22:42:54","modified_gmt":"2023-10-26T22:42:54","slug":"haftungsausschluss","status":"publish","type":"page","link":"https:\/\/phipower.org\/de\/haftungsausschluss\/","title":{"rendered":"Haftungsausschluss"},"content":{"rendered":"<p>Diese Website ist das Eigentum von Phipower. Es ist nicht gestattet, die Seite oder Teile davon ohne ausdr\u00fcckliche schriftliche Genehmigung von Phipower zu ver\u00f6ffentlichen, zu kopieren oder zu speichern. F\u00fcr den pers\u00f6nlichen, nicht kommerziellen Gebrauch ist diese Genehmigung nicht erforderlich.<\/p>\n<p>Die auf dieser Website angezeigten Informationen werden von Phipower mit st\u00e4ndiger Sorgfalt und Aufmerksamkeit zusammengestellt. Dennoch k\u00f6nnen die auf der Website ver\u00f6ffentlichten Informationen unvollst\u00e4ndig und\/oder falsch sein. Die Preise auf dieser Website sind in Euro angegeben. 21% MwSt., Irrt\u00fcmer und Preis\u00e4nderungen vorbehalten.<\/p>\n<p>Die Informationen auf dieser Website werden regelm\u00e4\u00dfig erg\u00e4nzt und\/oder aktualisiert. Phipower beh\u00e4lt sich das Recht vor, \u00c4nderungen mit sofortiger Wirkung und ohne Vorank\u00fcndigung vorzunehmen.<\/p>\n<p>Alle Informationen, Produkte und Dienstleistungen werden in ihrem aktuellen Zustand und ohne jegliche (implizite) Garantie oder Gew\u00e4hrleistung in Bezug auf ihre Verf\u00fcgbarkeit, Tauglichkeit, Eignung f\u00fcr einen bestimmten Zweck oder sonstiges angeboten.<\/p>\n<p>Obwohl Phipower alle Anstrengungen unternimmt, um Missbrauch zu verhindern, ist Phipower nicht verantwortlich f\u00fcr Informationen und\/oder Nachrichten, die von Nutzern der Website \u00fcber das Internet gesendet werden.<\/p>\n<p>Phipower schlie\u00dft jegliche Haftung f\u00fcr direkte oder indirekte Sch\u00e4den jeglicher Art aus, die sich aus der Website ergeben oder in irgendeiner Weise mit ihr zusammenh\u00e4ngen.<\/p>\n","protected":false},"excerpt":{"rendered":"<p>Diese Website ist das Eigentum von Phipower. Es ist nicht gestattet, die Seite oder Teile davon ohne ausdr\u00fcckliche schriftliche Genehmigung von Phipower zu ver\u00f6ffentlichen, zu kopieren oder zu speichern. F\u00fcr den pers\u00f6nlichen, nicht kommerziellen Gebrauch ist diese Genehmigung nicht erforderlich. Die auf dieser Website angezeigten Informationen werden von Phipower mit st\u00e4ndiger Sorgfalt und Aufmerksamkeit zusammengestellt&#8230;.<\/p>\n","protected":false},"author":1,"featured_media":0,"parent":0,"menu_order":0,"comment_status":"closed","ping_status":"closed","template":"","meta":{"footnotes":""},"class_list":["post-2928","page","type-page","status-publish","hentry"],"yoast_head":"<!-- This site is optimized with the Yoast SEO Premium plugin v23.6 (Yoast SEO v27.2) - https:\/\/yoast.com\/product\/yoast-seo-premium-wordpress\/ -->\n<title>Phipower Disclaimer: wichtige Informationen f\u00fcr Benutzer<\/title>\n<meta name=\"description\" content=\"Bitte lesen Sie den Haftungsausschluss von Phipower, um die Bedingungen f\u00fcr die Nutzung unserer Website und Produkte zu verstehen. Wir legen Wert auf Transparenz und m\u00f6chten sicherstellen, dass Sie alle Informationen erhalten, die Sie ben\u00f6tigen.\" \/>\n<meta name=\"robots\" content=\"index, follow, max-snippet:-1, max-image-preview:large, max-video-preview:-1\" \/>\n<link rel=\"canonical\" href=\"https:\/\/phipower.org\/de\/haftungsausschluss\/\" \/>\n<meta property=\"og:locale\" content=\"de_DE\" \/>\n<meta property=\"og:type\" content=\"article\" \/>\n<meta property=\"og:title\" content=\"Haftungsausschluss\" \/>\n<meta property=\"og:description\" content=\"Bitte lesen Sie den Haftungsausschluss von Phipower, um die Bedingungen f\u00fcr die Nutzung unserer Website und Produkte zu verstehen. Wir legen Wert auf Transparenz und m\u00f6chten sicherstellen, dass Sie alle Informationen erhalten, die Sie ben\u00f6tigen.\" \/>\n<meta property=\"og:url\" content=\"https:\/\/phipower.org\/de\/haftungsausschluss\/\" \/>\n<meta property=\"og:site_name\" content=\"Phipower\" \/>\n<meta property=\"article:publisher\" content=\"https:\/\/www.facebook.com\/phipowertools\/\" \/>\n<meta property=\"article:modified_time\" content=\"2023-10-26T22:42:54+00:00\" \/>\n<meta property=\"og:image\" content=\"https:\/\/phipower.org\/wp-content\/uploads\/2019\/07\/Stroomschema-Phipower.jpg\" \/>\n\t<meta property=\"og:image:width\" content=\"1920\" \/>\n\t<meta property=\"og:image:height\" content=\"1080\" \/>\n\t<meta property=\"og:image:type\" content=\"image\/jpeg\" \/>\n<meta name=\"twitter:card\" content=\"summary_large_image\" \/>\n<meta name=\"twitter:site\" content=\"@phipower1\" \/>\n<meta name=\"twitter:label1\" content=\"Gesch\u00e4tzte Lesezeit\" \/>\n\t<meta name=\"twitter:data1\" content=\"1\u00a0Minute\" \/>\n<script type=\"application\/ld+json\" class=\"yoast-schema-graph\">{\"@context\":\"https:\/\/schema.org\",\"@graph\":[{\"@type\":\"WebPage\",\"@id\":\"https:\/\/phipower.org\/de\/haftungsausschluss\/\",\"url\":\"https:\/\/phipower.org\/de\/haftungsausschluss\/\",\"name\":\"Phipower Disclaimer: wichtige Informationen f\u00fcr Benutzer\",\"isPartOf\":{\"@id\":\"https:\/\/phipower.org\/de\/#website\"},\"datePublished\":\"2018-09-04T21:38:04+00:00\",\"dateModified\":\"2023-10-26T22:42:54+00:00\",\"description\":\"Bitte lesen Sie den Haftungsausschluss von Phipower, um die Bedingungen f\u00fcr die Nutzung unserer Website und Produkte zu verstehen. Wir legen Wert auf Transparenz und m\u00f6chten sicherstellen, dass Sie alle Informationen erhalten, die Sie ben\u00f6tigen.\",\"breadcrumb\":{\"@id\":\"https:\/\/phipower.org\/de\/haftungsausschluss\/#breadcrumb\"},\"inLanguage\":\"de\",\"potentialAction\":[{\"@type\":\"ReadAction\",\"target\":[\"https:\/\/phipower.org\/de\/haftungsausschluss\/\"]}]},{\"@type\":\"BreadcrumbList\",\"@id\":\"https:\/\/phipower.org\/de\/haftungsausschluss\/#breadcrumb\",\"itemListElement\":[{\"@type\":\"ListItem\",\"position\":1,\"name\":\"Home\",\"item\":\"https:\/\/phipower.org\/de\/\"},{\"@type\":\"ListItem\",\"position\":2,\"name\":\"Haftungsausschluss\"}]},{\"@type\":\"WebSite\",\"@id\":\"https:\/\/phipower.org\/de\/#website\",\"url\":\"https:\/\/phipower.org\/de\/\",\"name\":\"Phipower: innovatieve gezondheidsproducten\",\"description\":\"De kracht van een perfecte gezondheid\",\"publisher\":{\"@id\":\"https:\/\/phipower.org\/de\/#organization\"},\"potentialAction\":[{\"@type\":\"SearchAction\",\"target\":{\"@type\":\"EntryPoint\",\"urlTemplate\":\"https:\/\/phipower.org\/de\/?s={search_term_string}\"},\"query-input\":{\"@type\":\"PropertyValueSpecification\",\"valueRequired\":true,\"valueName\":\"search_term_string\"}}],\"inLanguage\":\"de\"},{\"@type\":\"Organization\",\"@id\":\"https:\/\/phipower.org\/de\/#organization\",\"name\":\"Phipower\",\"url\":\"https:\/\/phipower.org\/de\/\",\"logo\":{\"@type\":\"ImageObject\",\"inLanguage\":\"de\",\"@id\":\"https:\/\/phipower.org\/de\/#\/schema\/logo\/image\/\",\"url\":\"https:\/\/phipower.org\/wp-content\/uploads\/2019\/06\/z-logo-RGB-wit-power.png\",\"contentUrl\":\"https:\/\/phipower.org\/wp-content\/uploads\/2019\/06\/z-logo-RGB-wit-power.png\",\"width\":3273,\"height\":1389,\"caption\":\"Phipower\"},\"image\":{\"@id\":\"https:\/\/phipower.org\/de\/#\/schema\/logo\/image\/\"},\"sameAs\":[\"https:\/\/www.facebook.com\/phipowertools\/\",\"https:\/\/x.com\/phipower1\",\"https:\/\/www.tiktok.com\/@phipowerhealth\"]}]}<\/script>\n<!-- \/ Yoast SEO Premium plugin. -->","yoast_head_json":{"title":"Phipower Disclaimer: wichtige Informationen f\u00fcr Benutzer","description":"Bitte lesen Sie den Haftungsausschluss von Phipower, um die Bedingungen f\u00fcr die Nutzung unserer Website und Produkte zu verstehen. Wir legen Wert auf Transparenz und m\u00f6chten sicherstellen, dass Sie alle Informationen erhalten, die Sie ben\u00f6tigen.","robots":{"index":"index","follow":"follow","max-snippet":"max-snippet:-1","max-image-preview":"max-image-preview:large","max-video-preview":"max-video-preview:-1"},"canonical":"https:\/\/phipower.org\/de\/haftungsausschluss\/","og_locale":"de_DE","og_type":"article","og_title":"Haftungsausschluss","og_description":"Bitte lesen Sie den Haftungsausschluss von Phipower, um die Bedingungen f\u00fcr die Nutzung unserer Website und Produkte zu verstehen. Wir legen Wert auf Transparenz und m\u00f6chten sicherstellen, dass Sie alle Informationen erhalten, die Sie ben\u00f6tigen.","og_url":"https:\/\/phipower.org\/de\/haftungsausschluss\/","og_site_name":"Phipower","article_publisher":"https:\/\/www.facebook.com\/phipowertools\/","article_modified_time":"2023-10-26T22:42:54+00:00","og_image":[{"width":1920,"height":1080,"url":"https:\/\/phipower.org\/wp-content\/uploads\/2019\/07\/Stroomschema-Phipower.jpg","type":"image\/jpeg"}],"twitter_card":"summary_large_image","twitter_site":"@phipower1","twitter_misc":{"Gesch\u00e4tzte Lesezeit":"1\u00a0Minute"},"schema":{"@context":"https:\/\/schema.org","@graph":[{"@type":"WebPage","@id":"https:\/\/phipower.org\/de\/haftungsausschluss\/","url":"https:\/\/phipower.org\/de\/haftungsausschluss\/","name":"Phipower Disclaimer: wichtige Informationen f\u00fcr Benutzer","isPartOf":{"@id":"https:\/\/phipower.org\/de\/#website"},"datePublished":"2018-09-04T21:38:04+00:00","dateModified":"2023-10-26T22:42:54+00:00","description":"Bitte lesen Sie den Haftungsausschluss von Phipower, um die Bedingungen f\u00fcr die Nutzung unserer Website und Produkte zu verstehen. Wir legen Wert auf Transparenz und m\u00f6chten sicherstellen, dass Sie alle Informationen erhalten, die Sie ben\u00f6tigen.","breadcrumb":{"@id":"https:\/\/phipower.org\/de\/haftungsausschluss\/#breadcrumb"},"inLanguage":"de","potentialAction":[{"@type":"ReadAction","target":["https:\/\/phipower.org\/de\/haftungsausschluss\/"]}]},{"@type":"BreadcrumbList","@id":"https:\/\/phipower.org\/de\/haftungsausschluss\/#breadcrumb","itemListElement":[{"@type":"ListItem","position":1,"name":"Home","item":"https:\/\/phipower.org\/de\/"},{"@type":"ListItem","position":2,"name":"Haftungsausschluss"}]},{"@type":"WebSite","@id":"https:\/\/phipower.org\/de\/#website","url":"https:\/\/phipower.org\/de\/","name":"Phipower: innovatieve gezondheidsproducten","description":"De kracht van een perfecte gezondheid","publisher":{"@id":"https:\/\/phipower.org\/de\/#organization"},"potentialAction":[{"@type":"SearchAction","target":{"@type":"EntryPoint","urlTemplate":"https:\/\/phipower.org\/de\/?s={search_term_string}"},"query-input":{"@type":"PropertyValueSpecification","valueRequired":true,"valueName":"search_term_string"}}],"inLanguage":"de"},{"@type":"Organization","@id":"https:\/\/phipower.org\/de\/#organization","name":"Phipower","url":"https:\/\/phipower.org\/de\/","logo":{"@type":"ImageObject","inLanguage":"de","@id":"https:\/\/phipower.org\/de\/#\/schema\/logo\/image\/","url":"https:\/\/phipower.org\/wp-content\/uploads\/2019\/06\/z-logo-RGB-wit-power.png","contentUrl":"https:\/\/phipower.org\/wp-content\/uploads\/2019\/06\/z-logo-RGB-wit-power.png","width":3273,"height":1389,"caption":"Phipower"},"image":{"@id":"https:\/\/phipower.org\/de\/#\/schema\/logo\/image\/"},"sameAs":["https:\/\/www.facebook.com\/phipowertools\/","https:\/\/x.com\/phipower1","https:\/\/www.tiktok.com\/@phipowerhealth"]}]}},"_links":{"self":[{"href":"https:\/\/phipower.org\/de\/wp-json\/wp\/v2\/pages\/2928","targetHints":{"allow":["GET"]}}],"collection":[{"href":"https:\/\/phipower.org\/de\/wp-json\/wp\/v2\/pages"}],"about":[{"href":"https:\/\/phipower.org\/de\/wp-json\/wp\/v2\/types\/page"}],"author":[{"embeddable":true,"href":"https:\/\/phipower.org\/de\/wp-json\/wp\/v2\/users\/1"}],"replies":[{"embeddable":true,"href":"https:\/\/phipower.org\/de\/wp-json\/wp\/v2\/comments?post=2928"}],"version-history":[{"count":2,"href":"https:\/\/phipower.org\/de\/wp-json\/wp\/v2\/pages\/2928\/revisions"}],"predecessor-version":[{"id":4453,"href":"https:\/\/phipower.org\/de\/wp-json\/wp\/v2\/pages\/2928\/revisions\/4453"}],"wp:attachment":[{"href":"https:\/\/phipower.org\/de\/wp-json\/wp\/v2\/media?parent=2928"}],"curies":[{"name":"wp","href":"https:\/\/api.w.org\/{rel}","templated":true}]}}